{"id":13229,"date":"2025-10-11T10:25:30","date_gmt":"2025-10-11T02:25:30","guid":{"rendered":"https:\/\/green-grasshopper-921422.hostingersite.com\/?post_type=product&#038;p=13229"},"modified":"2026-02-14T17:17:29","modified_gmt":"2026-02-14T16:17:29","slug":"uzy-tornado-20000-puffs-reincarcabila-vape","status":"publish","type":"product","link":"https:\/\/agoravape.com\/ro\/product\/uzy-tornado-20000-puffs-rechargeable-vape\/","title":{"rendered":"UZY Tornado 20000 Puffs Vape re\u00eenc\u0103rcabil\u0103 de unic\u0103 folosin\u021b\u0103 | Num\u0103r mare de pufuri, re\u00eenc\u0103rcare simpl\u0103"},"content":{"rendered":"<h2 data-v-md-heading=\"what-are-the-advantages-of-the-uzy-tornado-20000-port-rechargeable-disposable-vape\" data-v-md-line=\"3\"><img loading=\"lazy\" decoding=\"async\" class=\"size-full wp-image-13246 alignright\" src=\"https:\/\/agoravape.com\/wp-content\/uploads\/2025\/10\/UZY-Tornado-20000-Puffs-Rechargeable-Disposable-Vape_Agora_vape-6.webp\" alt=\"\" width=\"1280\" height=\"1280\" srcset=\"https:\/\/agoravape.com\/wp-content\/uploads\/2025\/10\/UZY-Tornado-20000-Puffs-Rechargeable-Disposable-Vape_Agora_vape-6.webp 1280w, https:\/\/agoravape.com\/wp-content\/uploads\/2025\/10\/UZY-Tornado-20000-Puffs-Rechargeable-Disposable-Vape_Agora_vape-6-600x600.webp 600w, https:\/\/agoravape.com\/wp-content\/uploads\/2025\/10\/UZY-Tornado-20000-Puffs-Rechargeable-Disposable-Vape_Agora_vape-6-1200x1200.webp 1200w, https:\/\/agoravape.com\/wp-content\/uploads\/2025\/10\/UZY-Tornado-20000-Puffs-Rechargeable-Disposable-Vape_Agora_vape-6-300x300.webp 300w, https:\/\/agoravape.com\/wp-content\/uploads\/2025\/10\/UZY-Tornado-20000-Puffs-Rechargeable-Disposable-Vape_Agora_vape-6-1024x1024.webp 1024w, https:\/\/agoravape.com\/wp-content\/uploads\/2025\/10\/UZY-Tornado-20000-Puffs-Rechargeable-Disposable-Vape_Agora_vape-6-150x150.webp 150w, https:\/\/agoravape.com\/wp-content\/uploads\/2025\/10\/UZY-Tornado-20000-Puffs-Rechargeable-Disposable-Vape_Agora_vape-6-768x768.webp 768w\" sizes=\"auto, (max-width: 1280px) 100vw, 1280px\" \/><\/h2>\n<h2 data-v-md-heading=\"what-are-the-advantages-of-the-uzy-tornado-20000-port-rechargeable-disposable-vape\" data-v-md-line=\"3\">Care sunt avantajele \u021big\u0103rii electronice de unic\u0103 folosin\u021b\u0103 UZY Tornado 20000 port?<\/h2>\n<p data-v-md-line=\"4\">Dac\u0103 te-ai s\u0103turat de \u021big\u0103rile electronice de unic\u0103 folosin\u021b\u0103 care r\u0103m\u00e2n brusc f\u0103r\u0103 baterie la jum\u0103tatea zilei de lucru, atunci acest produs \u00ee\u021bi poate satisface cu siguran\u021b\u0103 nevoile. UZY Tornado este echipat cu o baterie re\u00eenc\u0103rcabil\u0103 de 850mAh care poate suporta p\u00e2n\u0103 la 20000 de porturi, permi\u021b\u00e2ndu-\u021bi s\u0103 te bucuri cu u\u0219urin\u021b\u0103 de durata de via\u021b\u0103 a bateriei fiec\u0103rui dispozitiv.<\/p>\n<p data-v-md-line=\"6\">Dac\u0103 \u00ee\u021bi dore\u0219ti un vape fiabil, delicios \u0219i portabil, atunci acest produs este alegerea ideal\u0103. Nu este nevoie de butoane, nu este nevoie de meniuri. Pre\u00eenc\u0103rcat cu 28 de mililitri de vapori, oferind o textur\u0103 fin\u0103 ce \u00ee\u021bi permite s\u0103 faci fa\u021b\u0103 cu u\u0219urin\u021b\u0103 zilelor aglomerate \u0219i nop\u021bilor lungi.<\/p>\n<h2 data-v-md-heading=\"excellent-performance-easy-and-convenient\" data-v-md-line=\"8\">Performan\u021b\u0103 excelent\u0103, u\u0219or \u0219i convenabil<\/h2>\n<p data-v-md-line=\"9\">Iei o \u00eenghi\u021bitur\u0103 \u0219i va arde, cu un gust consistent de la prima p\u00e2n\u0103 la ultima \u00eenghi\u021bitur\u0103. Rezistenta a fost reglat\u0103 pentru a oferi o experien\u021b\u0103 de aspirare lin\u0103 \u0219i un gust consistent. C\u00e2nd bateria este desc\u0103rcat\u0103, po\u021bi utiliza cablul de date USB standard existent pentru \u00eenc\u0103rcare. Simplu \u0219i convenabil.<\/p>\n<h2 data-v-md-heading=\"specification-introduction\" data-v-md-line=\"11\">Introducere \u00een specifica\u021bii<\/h2>\n<ul data-v-md-line=\"12\">\n<li>Frecven\u021ba de aspirare: p\u00e2n\u0103 la 20000 de ori<\/li>\n<li>Con\u021binut de nicotin\u0103: 0%\/2%\/3%\/5%<\/li>\n<li>Principiu de func\u021bionare: Se activeaz\u0103 cu o singur\u0103 pufnire<\/li>\n<li>Metod\u0103 de \u00eenc\u0103rcare: \u00eenc\u0103rcare prin interfa\u021ba USB<\/li>\n<li>Capacitatea bateriei: 850 mAh<\/li>\n<li>Capacitate e-lichid: 28 ml preinstalat<\/li>\n<li>Stare: Gata de utilizare dup\u0103 despachetare<\/li>\n<\/ul>\n<h2 data-v-md-heading=\"full-range-of-flavors\" data-v-md-line=\"20\">Gam\u0103 complet\u0103 de arome<\/h2>\n<ul data-v-md-line=\"21\">\n<li>Strawberry and watermelon flavor<\/li>\n<li>Blueberry smoothie flavor<\/li>\n<li>Piersic\u0103, Mango, Ananas<\/li>\n<li>Grape smoothie flavor<\/li>\n<li>Watermelon smoothie flavor<\/li>\n<li>Arom\u0103 de smoothie de piersici<\/li>\n<li>Strawberry Strange Fruit Flavor<\/li>\n<li>Blueberry and raspberry flavor<\/li>\n<li>Arom\u0103 de fructul pasiunii de kiwi<\/li>\n<li>Arom\u0103 Domnul Albastru<\/li>\n<li>Smoothie cu arom\u0103 tripl\u0103 de mango<\/li>\n<li>Arom\u0103 de smoothie Red Bull<\/li>\n<\/ul>\n<h2 data-v-md-heading=\"for-you-for-your-business\" data-v-md-line=\"34\">Pentru tine, pentru afacerea ta<\/h2>\n<p data-v-md-line=\"35\">Pute\u021bi alege unul pentru uz personal sau pentru a v\u0103 suplimenta rafturile. Oferim servicii de livrare en-gros DDP f\u0103r\u0103 taxe \u00een Europa prin UPS, DPD \u0219i DHL, permi\u021b\u00e2ndu-v\u0103 s\u0103 ob\u021bine\u021bi pre\u021buri clare \u0219i s\u0103 evita\u021bi accidentele vamale.<\/p>\n<p data-v-md-line=\"37\">\u00cen ceea ce prive\u0219te conformitatea, permite\u021bi-mi s\u0103 o prezint pe scurt. O concentra\u021bie de nicotin\u0103 de 2% respect\u0103 restric\u021biile TPD din multe \u021b\u0103ri ale UE. Concentra\u021biile de 3% \u0219i 5%, precum \u0219i 28 de mililitri de lichid preambalat pentru \u021big\u0103ri electronice, nu respect\u0103 reglement\u0103rile TPD atunci c\u00e2nd sunt v\u00e2ndute cu am\u0103nuntul pe majoritatea pie\u021belor din UE. Reglement\u0103rile privind zero nicotin\u0103 variaz\u0103 \u00een func\u021bie de \u021bar\u0103\/regiune. V\u0103 rug\u0103m s\u0103 verifica\u021bi reglement\u0103rile locale \u00eenainte de a cump\u0103ra. Dac\u0103 achizi\u021biona\u021bi \u00een scopuri comerciale, v\u0103 rug\u0103m s\u0103 contacta\u021bi echipa noastr\u0103 \u0219i v\u0103 vom \u00eendruma \u00een selectarea versiunilor conforme \u0219i a destina\u021biilor care \u00eendeplinesc criteriile.<\/p>\n<h2 data-v-md-heading=\"why-do-you-like-it\" data-v-md-line=\"39\">De ce \u00ee\u021bi place?<\/h2>\n<ul data-v-md-line=\"40\">\n<li>Aspira\u021bie masiv\u0103: timp de utilizare mai lung, deci nu este nevoie s\u0103 cump\u0103ra\u021bi frecvent altele noi.<\/li>\n<li>Selec\u021bia nicotinei: Alege\u021bi concentra\u021bia care se potrive\u0219te gustului dumneavoastr\u0103 \u0219i reglement\u0103rilor locale.<\/li>\n<li>Re\u00eenc\u0103rcabil\u0103: Folose\u0219ti e-lichidul pentru care ai pl\u0103tit \u00een loc de cantitatea permis\u0103 de prima baterie.<\/li>\n<li>Experien\u021b\u0103 de aspirare continu\u0103 \u0219i lin\u0103: Nu este nevoie s\u0103 ajusta\u021bi set\u0103rile, aspirare lin\u0103 de fiecare dat\u0103.<\/li>\n<\/ul>\n<h2 data-v-md-heading=\"why-choose-to-collaborate-with-agoravape\" data-v-md-line=\"45\">De ce s\u0103 alegi s\u0103 colaborezi cu AgoraVape?<\/h2>\n<p data-v-md-line=\"46\">Vindem doar echipamente 100% originale, provenite de la canale de \u00eencredere. Clien\u021bii no\u0219tri business se pot bucura de pre\u021buri en-gros extrem de competitive, asisten\u021b\u0103 prompt\u0103 \u0219i servicii rapide de livrare DDP cu urm\u0103rire complet\u0103. Folosim o poart\u0103 de plat\u0103 securizat\u0103 \u0219i garant\u0103m c\u0103 produsele pe care le vindem trec printr-un proces de returnare corect. Dori\u021bi s\u0103 achizi\u021biona\u021bi o \u021bigar\u0103 electronic\u0103 re\u00eenc\u0103rcabil\u0103 de unic\u0103 folosin\u021b\u0103 UZY Tornado cu 20000 porturi? V\u0103 rug\u0103m s\u0103 ne contacta\u021bi \u0219i vom adapta dimensiunile de ambalare \u0219i op\u021biunile de conformitate potrivite \u00een func\u021bie de nevoile pie\u021bei dumneavoastr\u0103.<\/p>\n<p><script src=\"chrome-extension:\/\/fpelahbljekknahkcaegamhcndkfpfnc\/iFrame.js\" type=\"text\/javascript\"><\/script><\/p>","protected":false},"excerpt":{"rendered":"<p>&nbsp;<\/p>\n<p><script src=\"chrome-extension:\/\/fpelahbljekknahkcaegamhcndkfpfnc\/iFrame.js\" type=\"text\/javascript\"><\/script><\/p>\n<p><script src=\"chrome-extension:\/\/fpelahbljekknahkcaegamhcndkfpfnc\/iFrame.js\" type=\"text\/javascript\"><\/script><\/p>\n<p><script src=\"chrome-extension:\/\/fpelahbljekknahkcaegamhcndkfpfnc\/iFrame.js\" type=\"text\/javascript\"><\/script><\/p>","protected":false},"featured_media":13241,"comment_status":"open","ping_status":"closed","template":"","meta":[],"product_brand":[207],"product_cat":[124,187,185,1636,189,176,1674,174,175,191,134,173,186,180,190],"product_tag":[],"class_list":{"0":"post-13229","1":"product","2":"type-product","3":"status-publish","4":"has-post-thumbnail","6":"product_brand-uzy","7":"product_cat-vape-by-brand","8":"product_cat-0mg-nicotine-free-vapes","9":"product_cat-10000-puffs-high-capacity","10":"product_cat-20000-puffs","11":"product_cat-20mg-standard-nicotine-vapes","12":"product_cat-beverage","13":"product_cat-eu-warehouse","14":"product_cat-fruit-flavors","15":"product_cat-icy-mint","16":"product_cat-rechargeable-disposables","17":"product_cat-uzy","18":"product_cat-vape-by-flavor-profile","19":"product_cat-vape-by-nicotine-strength","20":"product_cat-vape-by-puff-count","21":"product_cat-vape-by-feature-or-type","23":"first","24":"instock","25":"shipping-taxable","26":"purchasable","27":"product-type-variable","28":"has-default-attributes"},"tiered_pricing_type":"percentage","tiered_pricing_fixed_rules":[],"tiered_pricing_product_settings":{"layout":"default","base_unit_name":{"singular":null,"plural":null},"default_variation":null},"tiered_pricing_minimum_quantity":10,"tiered_pricing_roles_data":[],"tiered_pricing_percentage_rules":{"30":"29","50":"35","100":"40","200":"44","500":"47","1000":"49"},"tiered_pricing_maximum_quantity":null,"tiered_pricing_quantity_step":"10","_links":{"self":[{"href":"https:\/\/agoravape.com\/ro\/wp-json\/wp\/v2\/product\/13229","targetHints":{"allow":["GET"]}}],"collection":[{"href":"https:\/\/agoravape.com\/ro\/wp-json\/wp\/v2\/product"}],"about":[{"href":"https:\/\/agoravape.com\/ro\/wp-json\/wp\/v2\/types\/product"}],"replies":[{"embeddable":true,"href":"https:\/\/agoravape.com\/ro\/wp-json\/wp\/v2\/comments?post=13229"}],"version-history":[{"count":0,"href":"https:\/\/agoravape.com\/ro\/wp-json\/wp\/v2\/product\/13229\/revisions"}],"wp:featuredmedia":[{"embeddable":true,"href":"https:\/\/agoravape.com\/ro\/wp-json\/wp\/v2\/media\/13241"}],"wp:attachment":[{"href":"https:\/\/agoravape.com\/ro\/wp-json\/wp\/v2\/media?parent=13229"}],"wp:term":[{"taxonomy":"product_brand","embeddable":true,"href":"https:\/\/agoravape.com\/ro\/wp-json\/wp\/v2\/product_brand?post=13229"},{"taxonomy":"product_cat","embeddable":true,"href":"https:\/\/agoravape.com\/ro\/wp-json\/wp\/v2\/product_cat?post=13229"},{"taxonomy":"product_tag","embeddable":true,"href":"https:\/\/agoravape.com\/ro\/wp-json\/wp\/v2\/product_tag?post=13229"}],"curies":[{"name":"wp","href":"https:\/\/api.w.org\/{rel}","templated":true}]}}