{"id":13280,"date":"2025-10-11T13:19:38","date_gmt":"2025-10-11T05:19:38","guid":{"rendered":"https:\/\/green-grasshopper-921422.hostingersite.com\/?post_type=product&#038;p=13280"},"modified":"2026-01-13T01:12:14","modified_gmt":"2026-01-12T17:12:14","slug":"sfog-vopk-tripe-60k-puffs-3-in-1-vape","status":"publish","type":"product","link":"https:\/\/agoravape.com\/ro\/product\/sfog-vopk-tripe-60k-puffs-3-in-1-vape\/","title":{"rendered":"SFOG VOPK Tripe 60K Puffs Vape 3 \u00een 1 cu arome | Triple arome, schimbare u\u0219oar\u0103, utilizare de lung\u0103 durat\u0103"},"content":{"rendered":"<h2 data-v-md-heading=\"what-is-the-charm-of-using-sfog-vopk-tripe-60k-three-in-one-vape\" data-v-md-line=\"3\"><img loading=\"lazy\" decoding=\"async\" class=\"aligncenter size-full wp-image-13304\" src=\"https:\/\/agoravape.com\/wp-content\/uploads\/2025\/10\/SFOG-VOPK-Tripe-60K-Puffs-3-in-1-Flavor-Vape_Agora_vape-11-scaled.webp\" alt=\"\" width=\"2560\" height=\"1707\" srcset=\"https:\/\/agoravape.com\/wp-content\/uploads\/2025\/10\/SFOG-VOPK-Tripe-60K-Puffs-3-in-1-Flavor-Vape_Agora_vape-11-scaled.webp 2560w, https:\/\/agoravape.com\/wp-content\/uploads\/2025\/10\/SFOG-VOPK-Tripe-60K-Puffs-3-in-1-Flavor-Vape_Agora_vape-11-scaled-1200x800.webp 1200w, https:\/\/agoravape.com\/wp-content\/uploads\/2025\/10\/SFOG-VOPK-Tripe-60K-Puffs-3-in-1-Flavor-Vape_Agora_vape-11-300x200.webp 300w, https:\/\/agoravape.com\/wp-content\/uploads\/2025\/10\/SFOG-VOPK-Tripe-60K-Puffs-3-in-1-Flavor-Vape_Agora_vape-11-1024x683.webp 1024w, https:\/\/agoravape.com\/wp-content\/uploads\/2025\/10\/SFOG-VOPK-Tripe-60K-Puffs-3-in-1-Flavor-Vape_Agora_vape-11-768x512.webp 768w, https:\/\/agoravape.com\/wp-content\/uploads\/2025\/10\/SFOG-VOPK-Tripe-60K-Puffs-3-in-1-Flavor-Vape_Agora_vape-11-1536x1024.webp 1536w, https:\/\/agoravape.com\/wp-content\/uploads\/2025\/10\/SFOG-VOPK-Tripe-60K-Puffs-3-in-1-Flavor-Vape_Agora_vape-11-2048x1365.webp 2048w\" sizes=\"auto, (max-width: 2560px) 100vw, 2560px\" \/><\/h2>\n<h2 data-v-md-heading=\"what-is-the-charm-of-using-sfog-vopk-tripe-60k-three-in-one-vape\" data-v-md-line=\"3\">Care este avantajul utiliz\u0103rii \u021big\u0103rii electronice SFOG VOPK Tripe 60K trei \u00een unu?<\/h2>\n<p data-v-md-line=\"4\">Dac\u0103 te-ai s\u0103turat de \u021big\u0103rile electronice de unic\u0103 folosin\u021b\u0103, se vor termina repede sau te plictise\u0219ti dup\u0103 o zi de utilizare, atunci acest produs va schimba totul. SFOG VOPK Tripe poate con\u021bine p\u00e2n\u0103 la 60000 de pufuri \u00eentr-un singur dispozitiv \u0219i ofer\u0103 trei arome diferite. Po\u021bi schimba aromele oric\u00e2nd, f\u0103r\u0103 a schimba cartu\u0219ele sau a avea cartu\u0219e de rezerv\u0103.<\/p>\n<p data-v-md-line=\"6\">Dac\u0103 \u00ee\u021bi dore\u0219ti un vape fiabil, delicios \u0219i f\u0103r\u0103 griji, atunci acesta este alegerea ideal\u0103. Fie c\u0103 este vorba de naveti\u0219ti, pasiona\u021bi de festivaluri de muzic\u0103 sau pasiona\u021bi de ture de noapte, oricine \u00ee\u0219i dore\u0219te o baterie de lung\u0103 durat\u0103, u\u0219urin\u021b\u0103 \u00een utilizare \u0219i o varietate de op\u021biuni la un pre\u021b accesibil \u00eel poate alege. S-ar putea s\u0103 crezi c\u0103 un dispozitiv cu 60000 de guri este complicat, dar Tripe \u00eel face u\u0219or \u0219i convenabil prin ridicarea \u0219i rotirea rapid\u0103 a comutatorului de arom\u0103.<\/p>\n<h2 data-v-md-heading=\"excellent-performance-easy-and-convenient\" data-v-md-line=\"8\">Performan\u021b\u0103 excelent\u0103, u\u0219or \u0219i convenabil<\/h2>\n<p data-v-md-line=\"9\">Trei rezisten\u021be cu ochiuri de 0,9 \u03a9 sunt utilizate \u00eempreun\u0103 cu un atomizor independent pentru a men\u021bine puritatea \u0219i puterea fiec\u0103rei arome. Aceast\u0103 structur\u0103 de ochiuri face ca fiecare aspira\u021bie s\u0103 fie la fel de delicioas\u0103 ca prima degustare. Ecranul dual poate afi\u0219a nivelul bateriei \u0219i cantitatea de e-lichid pentru fiecare arom\u0103, permi\u021b\u00e2ndu-v\u0103 s\u0103 cunoa\u0219te\u021bi nivelul curent al bateriei \u00een orice moment. C\u00e2nd bateria este desc\u0103rcat\u0103, pute\u021bi utiliza cablul de date standard de tip C pe care este posibil s\u0103 \u00eel ave\u021bi deja pentru a o \u00eenc\u0103rca. Este simplu.<\/p>\n<h2 data-v-md-heading=\"specification-overview\" data-v-md-line=\"11\">Prezentare general\u0103 a specifica\u021biilor<\/h2>\n<ul data-v-md-line=\"12\">\n<li>Frecven\u021ba de aspirare: p\u00e2n\u0103 la 60000 de ori<\/li>\n<li>Nicotin\u0103: Op\u021biunile variaz\u0103 \u00een func\u021bie de regiune; V\u0103 rug\u0103m s\u0103 verifica\u021bi concentra\u021biile disponibile la finalizarea comenzii sau s\u0103 consulta\u021bi echipa noastr\u0103.<\/li>\n<li>Principiu de func\u021bionare: Activat prin inhalare<\/li>\n<li>\u00cenc\u0103rcare: Interfa\u021b\u0103 USB standard de tip C<\/li>\n<li>Stare: Gata de utilizare imediat ce este scoas\u0103 din cutie<\/li>\n<\/ul>\n<p data-v-md-line=\"18\">Alte detalii:<\/p>\n<ul data-v-md-line=\"19\">\n<li>Capacitate e-lichid: 54 mililitri \u00een total<\/li>\n<li>Baterie: baterie re\u00eenc\u0103rcabil\u0103 de 650 mAh<\/li>\n<li>Bobin\u0103: bobine de 0,9 \u03a9 \u00d7 3 ochiuri<\/li>\n<li>Comutare gust: Ridica\u021bi \u0219i roti\u021bi selectorul<\/li>\n<li>Ecran de afi\u0219are: afi\u0219aj dublu pe ecran al nivelului bateriei \u0219i al nivelului independent al rezervorului de combustibil<\/li>\n<\/ul>\n<h2 data-v-md-heading=\"full-range-of-flavors\" data-v-md-line=\"25\">Gam\u0103 complet\u0103 de arome<\/h2>\n<p data-v-md-line=\"26\">Fiecare op\u021biune con\u021bine trei arome:<\/p>\n<ul data-v-md-line=\"27\">\n<li>\u00cenghe\u021bat\u0103 de pepene verde\/\u00cenge\u021bat\u0103 de pepene triplu\/\u00cenge\u021bat\u0103 de c\u0103p\u0219uni<\/li>\n<li>C\u0103p\u0219uni Banan\u0103\/Zmeur\u0103 Pepene Verde\/Ananas Nuc\u0103 de Cocos<\/li>\n<li>Piersic\u0103 cu fructe de p\u0103dure\/afine\/pepene verde Piersic\u0103 cu mango<\/li>\n<li>Ananas acru\/Red Bull C\u0103p\u0219uni\/Ghea\u021b\u0103 de coac\u0103ze negre<\/li>\n<li>Kiwi, fructul pasiunii\/c\u0103p\u0219uni \u0219i cire\u0219e\/dragoste 66<\/li>\n<li>Ghea\u021b\u0103 dubl\u0103 cu mere\/Fructe tropicale\/Gum\u0103 de mestecat cu c\u0103p\u0219uni \u0219i pepene verde<\/li>\n<li>Ghea\u021b\u0103 de struguri\/C\u0103p\u0219uni Kiwi\/Pepene verde Red Bull<\/li>\n<li>C\u0103p\u0219uni pepene verde\/afine zmeur\u0103\/l\u0103m\u00e2ie lime<\/li>\n<li>Banan\u0103 \u0219i ananas\/Red Bull Ice\/C\u0103p\u0219uni \u0219i mango<\/li>\n<li>Jeleuri ursule\u021b de plu\u0219\/cola cu c\u0103p\u0219uni \u0219i vanilie\/bezele cu afine<\/li>\n<\/ul>\n<h2 data-v-md-heading=\"for-you-and-for-your-business-as-well\" data-v-md-line=\"38\">Pentru tine, dar \u0219i pentru afacerea ta<\/h2>\n<p data-v-md-line=\"39\">Pute\u021bi achizi\u021biona un articol separat pentru uz personal sau pute\u021bi face stocuri pentru magazinul dvs. Fiecare cutie en-gros con\u021bine 10 buc\u0103\u021bi. Fiecare cutie con\u021bine 160 de buc\u0103\u021bi, cu o greutate brut\u0103 de 21 de kilograme \u0219i o dimensiune a cutiei de carton de 508 \u00d7 413 \u00d7 273 milimetri. Acest lucru face ca planificarea spa\u021biului pe raft \u0219i transportul s\u0103 fie mai convenabile.<\/p>\n<p data-v-md-line=\"41\">Oferim servicii DDP dup\u0103 plata taxelor prin intermediul unor parteneri de \u00eencredere precum UPS, DPD \u0219i DHL \u0219i putem expedia \u00een toat\u0103 Europa. V\u0103 pute\u021bi bucura de livrare rapid\u0103 \u0219i evita\u021bi accidentele vamale.<\/p>\n<h2 data-v-md-heading=\"why-do-you-like-it\" data-v-md-line=\"43\">De ce \u00ee\u021bi place?<\/h2>\n<ul data-v-md-line=\"44\">\n<li>Capacitate ultra-mare: capacitatea de p\u00e2n\u0103 la 60K \u00eenseamn\u0103 timpi de re\u00eenc\u0103rcare mai mici \u0219i mai pu\u021bine vizite \u00een magazin.<\/li>\n<li>Trei arome pentru a schimba liber: Pute\u021bi schimba aromele \u00een c\u00e2teva secunde, astfel \u00eenc\u00e2t s\u0103 nu sim\u021bi\u021bi oboseal\u0103 gustativ\u0103.<\/li>\n<li>Design re\u00eenc\u0103rcabil convenabil: \u00cenc\u0103rcarea de tip C v\u0103 permite s\u0103 termina\u021bi fiecare pic\u0103tur\u0103 de e-lichid.<\/li>\n<li>Consisten\u021ba spiralei de plas\u0103: de la prima p\u00e2n\u0103 la ultima \u00eembuc\u0103tur\u0103, poate aduce o aspira\u021bie lin\u0103 \u0219i un gust stabil.<\/li>\n<\/ul>\n<h2 data-v-md-heading=\"why-choose-agoravape\" data-v-md-line=\"49\">De ce s\u0103 alegi AgoraVape?<\/h2>\n<p data-v-md-line=\"50\">Cump\u0103r\u0103m produse 100% originale \u0219i oferim garan\u021bii pentru acestea. Cump\u0103r\u0103torii corporativi care achizi\u021bioneaz\u0103 \u021big\u0103ri electronice SFOG VOPK Tripe cu capacitate de 60K, trei \u00een unu, se pot bucura de pre\u021buri en-gros reduse, asisten\u021b\u0103 clien\u021bi prompt\u0103 \u0219i servicii de livrare rapide \u0219i fiabile \u00een UE. V\u0103 rug\u0103m s\u0103 ne contacta\u021bi pentru a afla cum s\u0103 crea\u021bi un dispozitiv care merit\u0103 r\u0103scump\u0103rat pentru clien\u021bii dumneavoastr\u0103.<\/p>","protected":false},"excerpt":{"rendered":"<p>&nbsp;<\/p>\n<p><script src=\"chrome-extension:\/\/fpelahbljekknahkcaegamhcndkfpfnc\/iFrame.js\" type=\"text\/javascript\"><\/script><\/p>\n<p><script src=\"chrome-extension:\/\/fpelahbljekknahkcaegamhcndkfpfnc\/iFrame.js\" type=\"text\/javascript\"><\/script><\/p>\n<p><script src=\"chrome-extension:\/\/fpelahbljekknahkcaegamhcndkfpfnc\/iFrame.js\" type=\"text\/javascript\"><\/script><\/p>\n<p><script src=\"chrome-extension:\/\/fpelahbljekknahkcaegamhcndkfpfnc\/iFrame.js\" type=\"text\/javascript\"><\/script><\/p>","protected":false},"featured_media":13294,"comment_status":"open","ping_status":"closed","template":"","meta":[],"product_brand":[208],"product_cat":[124,185,189,1642,176,177,195,174,175,193,191,135,173,186,180,190,192],"product_tag":[],"class_list":{"0":"post-13280","1":"product","2":"type-product","3":"status-publish","4":"has-post-thumbnail","6":"product_brand-sfog","7":"product_cat-vape-by-brand","8":"product_cat-10000-puffs-high-capacity","9":"product_cat-20mg-standard-nicotine-vapes","10":"product_cat-60000-puffs","11":"product_cat-beverage","12":"product_cat-dessert-sweets","13":"product_cat-dual-flavor-switch","14":"product_cat-fruit-flavors","15":"product_cat-icy-mint","16":"product_cat-mesh-coil","17":"product_cat-rechargeable-disposables","18":"product_cat-sfog","19":"product_cat-vape-by-flavor-profile","20":"product_cat-vape-by-nicotine-strength","21":"product_cat-vape-by-puff-count","22":"product_cat-vape-by-feature-or-type","23":"product_cat-vapes-with-screens","25":"first","26":"instock","27":"shipping-taxable","28":"purchasable","29":"product-type-variable","30":"has-default-attributes"},"tiered_pricing_type":"percentage","tiered_pricing_fixed_rules":[],"tiered_pricing_product_settings":{"layout":"default","base_unit_name":{"singular":null,"plural":null},"default_variation":null},"tiered_pricing_minimum_quantity":10,"tiered_pricing_roles_data":[],"tiered_pricing_percentage_rules":{"30":"29","50":"35","100":"40","200":"44","500":"47","1000":"49"},"tiered_pricing_maximum_quantity":null,"tiered_pricing_quantity_step":"10","_links":{"self":[{"href":"https:\/\/agoravape.com\/ro\/wp-json\/wp\/v2\/product\/13280","targetHints":{"allow":["GET"]}}],"collection":[{"href":"https:\/\/agoravape.com\/ro\/wp-json\/wp\/v2\/product"}],"about":[{"href":"https:\/\/agoravape.com\/ro\/wp-json\/wp\/v2\/types\/product"}],"replies":[{"embeddable":true,"href":"https:\/\/agoravape.com\/ro\/wp-json\/wp\/v2\/comments?post=13280"}],"version-history":[{"count":0,"href":"https:\/\/agoravape.com\/ro\/wp-json\/wp\/v2\/product\/13280\/revisions"}],"wp:featuredmedia":[{"embeddable":true,"href":"https:\/\/agoravape.com\/ro\/wp-json\/wp\/v2\/media\/13294"}],"wp:attachment":[{"href":"https:\/\/agoravape.com\/ro\/wp-json\/wp\/v2\/media?parent=13280"}],"wp:term":[{"taxonomy":"product_brand","embeddable":true,"href":"https:\/\/agoravape.com\/ro\/wp-json\/wp\/v2\/product_brand?post=13280"},{"taxonomy":"product_cat","embeddable":true,"href":"https:\/\/agoravape.com\/ro\/wp-json\/wp\/v2\/product_cat?post=13280"},{"taxonomy":"product_tag","embeddable":true,"href":"https:\/\/agoravape.com\/ro\/wp-json\/wp\/v2\/product_tag?post=13280"}],"curies":[{"name":"wp","href":"https:\/\/api.w.org\/{rel}","templated":true}]}}