{"id":13317,"date":"2025-10-11T14:46:10","date_gmt":"2025-10-11T06:46:10","guid":{"rendered":"https:\/\/green-grasshopper-921422.hostingersite.com\/?post_type=product&#038;p=13317"},"modified":"2025-12-15T21:31:08","modified_gmt":"2025-12-15T13:31:08","slug":"sfog-gazzbar-triplu-60k-puffs-vape","status":"publish","type":"product","link":"https:\/\/agoravape.com\/ro\/product\/sfog-gazzbar-triple-60k-puffs-vape\/","title":{"rendered":"SFOG Gazzbar Triple 60K Puffs 3 \u00een 1 Vape de unic\u0103 folosin\u021b\u0103 | Triple arome, \u00eenc\u0103rcare simpl\u0103"},"content":{"rendered":"<h2 data-v-md-heading=\"what-is-the-charm-of-sfog-gazzbar-triple-60k-disposable-vape\" data-v-md-line=\"3\">Care este farmecul \u021big\u0103rii electronice de unic\u0103 folosin\u021b\u0103 SFOG Gazzbar Triple 60K?<\/h2>\n<p data-v-md-line=\"4\">Dac\u0103 \u00ee\u021bi dore\u0219ti o \u021bigar\u0103 electronic\u0103 de unic\u0103 folosin\u021b\u0103, durabil\u0103 \u0219i proasp\u0103t\u0103, acest produs este alegerea ideal\u0103. Gazzbar Triple combin\u0103 trei arome \u00eentr-una singur\u0103, permi\u021b\u00e2ndu-\u021bi s\u0103 o schimbi oric\u00e2nd \u00een timpul zilei, f\u0103r\u0103 a avea mai multe \u021big\u0103ri electronice la tine. Aceast\u0103 \u021bigar\u0103 electronic\u0103 este u\u0219or de utilizat \u0219i nu necesit\u0103 efort, fiind conceput\u0103 pentru a-\u021bi permite s\u0103 te bucuri de distrac\u021bia oferit\u0103 de \u021big\u0103rile electronice de diminea\u021ba p\u00e2n\u0103 seara.<\/p>\n<p data-v-md-line=\"6\">S-ar putea s\u0103 crezi c\u0103 de\u021binerea at\u00e2tor \u021big\u0103ri electronice ar fi complicat\u0103, dar adev\u0103rul nu este a\u0219a. Ecranul afi\u0219eaz\u0103 nivelul bateriei \u0219i nivelul e-lichidului \u0219i poate fi \u00eenc\u0103rcat folosind interfa\u021ba Type-C. Pur \u0219i simplu ridica\u021bi \u0219i roti\u021bi pentru a schimba aromele. Nu este nevoie de meniu, este u\u0219or de utilizat.<\/p>\n<h2 data-v-md-heading=\"excellent-performance-and-easy-operation\" data-v-md-line=\"8\">Performan\u021b\u0103 excelent\u0103 \u0219i utilizare u\u0219oar\u0103<\/h2>\n<p data-v-md-line=\"9\">Spirala tip plas\u0103 este amplasat\u0103 \u00een centrul s\u0103u, ajut\u00e2nd la men\u021binerea unui gust consistent. Nu ve\u021bi \u00eent\u00e2lni punctul cel mai sc\u0103zut \u00een care v\u0103 sim\u021bi\u021bi bine dup\u0103 doar c\u00e2teva \u00eembuc\u0103turi \u0219i apoi v\u0103 pierde\u021bi complet interesul. C\u00e2nd bateria este desc\u0103rcat\u0103, pute\u021bi conecta direct cablul de date Type-C utilizat \u00een mod obi\u0219nuit pe telefon. Este simplu.<\/p>\n<h2 data-v-md-heading=\"specification-overview\" data-v-md-line=\"11\">Prezentare general\u0103 a specifica\u021biilor<\/h2>\n<p data-v-md-line=\"12\"><strong>Num\u0103r de aspira\u021bii<\/strong>p\u00e2n\u0103 la 60000 de aspira\u021bii<br \/>\n<strong>Con\u021binutul de nicotin\u0103<\/strong>2% (20 mg\/ml), cantitatea specific\u0103 poate varia \u00een func\u021bie de pia\u021b\u0103<br \/>\n<strong>Principiul de func\u021bionare<\/strong>Pur \u0219i simplu inhala\u021bi pentru utilizare<br \/>\n<strong>\u00cenc\u0103rcare<\/strong>Interfa\u021b\u0103 USB standard de tip C<br \/>\n<strong>Stare<\/strong>Gata de utilizare dup\u0103 despachetare<br \/>\n<strong>capacitate e-lichid<\/strong>Un total de 60 de mililitri<br \/>\n<strong>Battery<\/strong>: 650mAh rechargeable battery<br \/>\n<strong>Miez de atomizare<\/strong>1,0 \u03a9 \u00d7 3 orificii de plas\u0103<br \/>\n<strong>Ecran de afi\u0219are<\/strong>Indicator luminos LED pentru baterie \u0219i e-lichid<br \/>\n<strong>Func\u021bie 3 \u00een 1<\/strong>Ridica\u021bi \u0219i roti\u021bi pentru a comuta \u00eentre trei arome<\/p>\n<h2 data-v-md-heading=\"complete-flavor-lineup\" data-v-md-line=\"23\">Gam\u0103 complet\u0103 de arome<\/h2>\n<ul data-v-md-line=\"24\">\n<li>\u00cenghe\u021bat\u0103 de pepene verde, Red Bull, Kiwi cu c\u0103p\u0219uni<\/li>\n<li>L\u0103m\u00e2ie, lime, c\u0103p\u0219uni, pepene verde, \u00eenghe\u021bat\u0103 albastr\u0103<\/li>\n<li>C\u0103p\u0219uni, banane, zmeur\u0103, pepene verde, l\u0103m\u00e2ie verde<\/li>\n<li>Kiwi cu c\u0103p\u0219uni \u0219i ananas cu mango acru \u0219i Red Bull<\/li>\n<li>Fructe tropicale asociate cu c\u0103p\u0219uni, pepeni verzi \u0219i piersici cu l\u0103m\u00e2ie<\/li>\n<li>Ananas, nuc\u0103 de cocos cu c\u0103p\u0219uni, banan\u0103 cu suc de afine<\/li>\n<li>C\u0103p\u0219uni \u0219i zmeur\u0103 asociate cu pepene galben triplu dulce \u0219i mango acru \u0219i ananas<\/li>\n<li>Pepene verde cu zmeur\u0103, mango, piersic\u0103 \u0219i kiwi cu c\u0103p\u0219uni<\/li>\n<li>Cola cu c\u0103p\u0219uni \u0219i vanilie cu afine, zmeur\u0103 \u0219i l\u0103m\u00e2ie<\/li>\n<li>\u00cenghe\u021bat\u0103 de pepene verde cu \u00eenghe\u021bat\u0103 de c\u0103p\u0219uni \u0219i pepene triplu dulce<\/li>\n<\/ul>\n<h2 data-v-md-heading=\"for-you-and-your-business\" data-v-md-line=\"35\">Pentru tine \u0219i afacerea ta<\/h2>\n<p data-v-md-line=\"36\">Pute\u021bi ridica produsele separat pentru uz personal. Dac\u0103 de\u021bine\u021bi un magazin, v\u0103 putem ajuta s\u0103 v\u0103 aproviziona\u021bi \u00een vrac prin UPS, DPD \u0219i DHL folosind livrarea DDP cu plata taxelor, pentru a evita taxele vamale nea\u0219teptate atunci c\u00e2nd intra\u021bi pe u\u0219\u0103. Num\u0103rul de cutii de ambalare poate varia \u00een func\u021bie de lot \u0219i pia\u021b\u0103. V\u0103 rug\u0103m s\u0103 consulta\u021bi dimensiunea actual\u0103 a cutiei \u0219i pre\u021bul en-gros.<\/p>\n<p data-v-md-line=\"38\">Aviz pentru cump\u0103r\u0103torii europeni. Capacitatea nominal\u0103 este de 60 de mililitri, cu un con\u021binut de nicotin\u0103 de 2%, ceea ce nu respect\u0103 restric\u021biile UE TPD\/TRRP privind vaporizatoarele de unic\u0103 folosin\u021b\u0103 care con\u021bin nicotin\u0103. Aceste vaporizatoare de unic\u0103 folosin\u021b\u0103 au o limit\u0103 de capacitate de 2 mililitri \u0219i o limit\u0103 de con\u021binut de nicotin\u0103 de 20 de miligrame pe mililitru. Disponibilitatea versiunilor cu nicotin\u0103 poate varia \u00een func\u021bie de \u021bar\u0103\/regiune. Dac\u0103 ave\u021bi nevoie de produse de vaporizare care \u00eendeplinesc standardele TPD, v\u0103 rug\u0103m s\u0103 ne contacta\u021bi \u0219i v\u0103 vom recomanda produse alternative care \u00eendeplinesc standardele.<\/p>\n<h2 data-v-md-heading=\"why-do-you-like-it\" data-v-md-line=\"40\">De ce \u00ee\u021bi place?<\/h2>\n<p data-v-md-line=\"41\"><strong>Cicluri multiple de aspira\u021bie:<\/strong>\u00a0Durat\u0103 de via\u021b\u0103 mai lung\u0103 a bateriei, nu este nevoie s\u0103 o \u00eenlocui\u021bi la fiecare c\u00e2teva zile.<br \/>\n<strong>Trei arome:<\/strong>\u00a0Schimb\u0103 aromele oric\u00e2nd, f\u0103r\u0103 a avea dispozitive suplimentare.<br \/>\n<strong>Baterie re\u00eenc\u0103rcabil\u0103:<\/strong>\u00a0Po\u021bi folosi e-lichidul achizi\u021bionat f\u0103r\u0103 a fi nevoie s\u0103 arunci dispozitivul pe jum\u0103tate folosit.<br \/>\n<strong>Bobin\u0103 de plas\u0103:<\/strong>\u00a0Men\u021bine\u021bi \u00eentotdeauna un gust consistent.<br \/>\n<strong>Indicator ecran:<\/strong>\u00a0Pute\u021bi vizualiza cu u\u0219urin\u021b\u0103 nivelurile r\u0103mase ale bateriei \u0219i ale e-lichidului dintr-o privire.<\/p>\n<h2 data-v-md-heading=\"why-collaborate-with-agoravape\" data-v-md-line=\"47\">De ce s\u0103 colaborezi cu AgoraVape?<\/h2>\n<p data-v-md-line=\"48\">Vindem doar produse originale cu specifica\u021bii transparente. Dac\u0103 sunte\u021bi o companie, v\u0103 vom oferi pre\u021buri en-gros extrem de competitive, asisten\u021b\u0103 rapid\u0103 \u0219i servicii de livrare DDP rapide \u0219i fiabile \u00een toat\u0103 Europa. V\u0103 rug\u0103m s\u0103 ne contacta\u021bi pentru a comanda \u021bigara electronic\u0103 de unic\u0103 folosin\u021b\u0103 SFOG Gazzbar Triple 60K Puffs trei \u00een unu sau s\u0103 ne consulta\u021bi pentru alternative conforme cu TPD potrivite pentru pia\u021ba dvs.<\/p>","protected":false},"excerpt":{"rendered":"<p>&nbsp;<\/p>\n<p><script src=\"chrome-extension:\/\/fpelahbljekknahkcaegamhcndkfpfnc\/iFrame.js\" type=\"text\/javascript\"><\/script><\/p>\n<p><script src=\"chrome-extension:\/\/fpelahbljekknahkcaegamhcndkfpfnc\/iFrame.js\" type=\"text\/javascript\"><\/script><\/p>\n<p><script src=\"chrome-extension:\/\/fpelahbljekknahkcaegamhcndkfpfnc\/iFrame.js\" type=\"text\/javascript\"><\/script><\/p>\n<p><script src=\"chrome-extension:\/\/fpelahbljekknahkcaegamhcndkfpfnc\/iFrame.js\" type=\"text\/javascript\"><\/script><\/p>","protected":false},"featured_media":13338,"comment_status":"open","ping_status":"closed","template":"","meta":[],"product_brand":[208],"product_cat":[124,185,189,176,195,174,175,193,191,135,173,186,180,190],"product_tag":[],"class_list":{"0":"post-13317","1":"product","2":"type-product","3":"status-publish","4":"has-post-thumbnail","6":"product_brand-sfog","7":"product_cat-vape-by-brand","8":"product_cat-10000-puffs-high-capacity","9":"product_cat-20mg-standard-nicotine-vapes","10":"product_cat-beverage","11":"product_cat-dual-flavor-switch","12":"product_cat-fruit-flavors","13":"product_cat-icy-mint","14":"product_cat-mesh-coil","15":"product_cat-rechargeable-disposables","16":"product_cat-sfog","17":"product_cat-vape-by-flavor-profile","18":"product_cat-vape-by-nicotine-strength","19":"product_cat-vape-by-puff-count","20":"product_cat-vape-by-feature-or-type","22":"first","23":"instock","24":"shipping-taxable","25":"purchasable","26":"product-type-variable","27":"has-default-attributes"},"tiered_pricing_type":"percentage","tiered_pricing_fixed_rules":[],"tiered_pricing_product_settings":{"layout":"default","base_unit_name":{"singular":null,"plural":null},"default_variation":null},"tiered_pricing_minimum_quantity":10,"tiered_pricing_roles_data":[],"tiered_pricing_percentage_rules":{"30":"29","50":"35","100":"40","200":"44","500":"47","1000":"49"},"tiered_pricing_maximum_quantity":null,"tiered_pricing_quantity_step":"10","_links":{"self":[{"href":"https:\/\/agoravape.com\/ro\/wp-json\/wp\/v2\/product\/13317","targetHints":{"allow":["GET"]}}],"collection":[{"href":"https:\/\/agoravape.com\/ro\/wp-json\/wp\/v2\/product"}],"about":[{"href":"https:\/\/agoravape.com\/ro\/wp-json\/wp\/v2\/types\/product"}],"replies":[{"embeddable":true,"href":"https:\/\/agoravape.com\/ro\/wp-json\/wp\/v2\/comments?post=13317"}],"version-history":[{"count":0,"href":"https:\/\/agoravape.com\/ro\/wp-json\/wp\/v2\/product\/13317\/revisions"}],"wp:featuredmedia":[{"embeddable":true,"href":"https:\/\/agoravape.com\/ro\/wp-json\/wp\/v2\/media\/13338"}],"wp:attachment":[{"href":"https:\/\/agoravape.com\/ro\/wp-json\/wp\/v2\/media?parent=13317"}],"wp:term":[{"taxonomy":"product_brand","embeddable":true,"href":"https:\/\/agoravape.com\/ro\/wp-json\/wp\/v2\/product_brand?post=13317"},{"taxonomy":"product_cat","embeddable":true,"href":"https:\/\/agoravape.com\/ro\/wp-json\/wp\/v2\/product_cat?post=13317"},{"taxonomy":"product_tag","embeddable":true,"href":"https:\/\/agoravape.com\/ro\/wp-json\/wp\/v2\/product_tag?post=13317"}],"curies":[{"name":"wp","href":"https:\/\/api.w.org\/{rel}","templated":true}]}}