{"id":13355,"date":"2025-10-11T15:06:44","date_gmt":"2025-10-11T07:06:44","guid":{"rendered":"https:\/\/green-grasshopper-921422.hostingersite.com\/?post_type=product&#038;p=13355"},"modified":"2026-01-13T01:10:28","modified_gmt":"2026-01-12T17:10:28","slug":"sfog-gazzbar-ice-god-50k-puffs-vape","status":"publish","type":"product","link":"https:\/\/agoravape.com\/ro\/product\/sfog-gazzbar-ice-god-50k-puffs-vape\/","title":{"rendered":"SFOG Gazzbar Ice God 50K Puffs Vape reglabil cu ghea\u021b\u0103 | R\u0103cire personalizat\u0103 cu putere de rezisten\u021b\u0103 semnificativ\u0103"},"content":{"rendered":"<h2 data-v-md-heading=\"what-is-the-sfog-gazzbar-ice-god-50k-suction-adjustable-ice-atomizer-like\" data-v-md-line=\"3\">Cum este atomizorul de ghea\u021b\u0103 reglabil cu aspira\u021bie SFOG Gazzbar Ice God 50K?<\/h2>\n<p data-v-md-line=\"4\">Dac\u0103 te-ai s\u0103turat de e-lichidul de unic\u0103 folosin\u021b\u0103 consumat la mijlocul s\u0103pt\u0103m\u00e2nii, atunci merit\u0103 cu siguran\u021b\u0103 s\u0103 cumperi acest produs. SFOG Gazzbar Ice God este conceput pentru utilizare pe termen lung, cu o capacitate maxim\u0103 de aspirare de 50000 de pufuri. Designul simplu \u201easpirare \u0219i aspirare\u201d face totul u\u0219or \u0219i convenabil.<\/p>\n<p data-v-md-line=\"6\">Este potrivit pentru oricine \u00ee\u0219i dore\u0219te un gust stabil \u0219i un control precis al ghe\u021bii. Pute\u021bi regla gradul de ghea\u021b\u0103 prin cinci niveluri, de la o briz\u0103 u\u0219oar\u0103 la valuri reci, totul este disponibil. Nu este nevoie de meniuri, nu este nevoie de opera\u021biuni plictisitoare. Pur \u0219i simplu seta\u021bi \u00een func\u021bie de preferin\u021be \u0219i savura\u021bi.<\/p>\n<h2 data-v-md-heading=\"excellent-performance-easy-and-convenient\" data-v-md-line=\"8\">Performan\u021b\u0103 excelent\u0103, u\u0219or \u0219i convenabil<\/h2>\n<p data-v-md-line=\"9\">Rezistenta tripl\u0103 asigur\u0103 un gust consistent de la prima p\u00e2n\u0103 la ultima \u00eembuc\u0103tur\u0103. Rezistenta se \u00eenc\u0103lze\u0219te uniform, cu un gust pur \u0219i pl\u0103cut. C\u00e2nd bateria este desc\u0103rcat\u0103, pur \u0219i simplu conecta\u021bi cablul de date Type-C \u0219i utiliza\u021bi cablul de \u00eenc\u0103rcare al telefonului pentru a \u00eenc\u0103rca. Simplu \u0219i rapid, nu este nevoie s\u0103 c\u0103uta\u021bi un \u00eenc\u0103rc\u0103tor dedicat.<\/p>\n<h2 data-v-md-heading=\"specification-introduction\" data-v-md-line=\"11\">Introducere \u00een specifica\u021bii<\/h2>\n<ul data-v-md-line=\"12\">\n<li>Frecven\u021ba de aspirare: p\u00e2n\u0103 la 50000 de ori<\/li>\n<li>Concentra\u021bie de nicotin\u0103: 5% (oferta poate varia \u00een func\u021bie de \u021bar\u0103\/regiune pentru a respecta reglement\u0103rile locale)<\/li>\n<li>Principiu de func\u021bionare: Activat prin inhalare<\/li>\n<li>\u00cenc\u0103rcare: Port USB de tip C, re\u00eenc\u0103rcabil<\/li>\n<li>Capacitate lichid electronic: 30 mililitri<\/li>\n<li>Baterie: 850mAh<\/li>\n<li>Miez de atomizare: Gril\u0103 tripl\u0103 1.0 \u03a9<\/li>\n<li>Controlul r\u0103cirii: Punct de \u00eenghe\u021b reglabil pe cinci niveluri<\/li>\n<li>Material: Aliaj \u0219i PCTG<\/li>\n<li>Stare: Gata de utilizare dup\u0103 despachetare<\/li>\n<\/ul>\n<h2 data-v-md-heading=\"for-you-and-your-business\" data-v-md-line=\"23\">Pentru tine \u0219i afacerea ta<\/h2>\n<p data-v-md-line=\"24\">Pute\u021bi alege SFOG Gazzbar Ice God 50K pentru uz personal sau \u00eel pute\u021bi depozita \u00een magazinul dvs. Oferim produse autentice \u0219i accept\u0103m comenzi en-gros, oferind op\u021biuni de ambalare \u00een cutii transparente. V\u0103 invit\u0103m s\u0103 ne \u00eentreba\u021bi despre dimensiunea \u0219i pre\u021bul actual al pachetelor de \u021big\u0103ri.<\/p>\n<p data-v-md-line=\"26\">Oferim servicii de livrare DDP \u00een Europa prin UPS, DPD \u0219i DHL, astfel \u00eenc\u00e2t tarifele pot fi procesate \u00een avans pentru a evita orice incidente nea\u0219teptate la vam\u0103. Livrarea rapid\u0103 \u0219i urm\u0103rirea precis\u0103 asigur\u0103 finalizarea f\u0103r\u0103 probleme a comenzii dumneavoastr\u0103.<\/p>\n<h2 data-v-md-heading=\"why-do-you-like-it\" data-v-md-line=\"28\">De ce \u00ee\u021bi place?<\/h2>\n<ul data-v-md-line=\"29\">\n<li>Capacitate mare de aspirare: timp de aspirare mai lung, prin urmare, frecven\u021b\u0103 de achizi\u021bie mai mic\u0103.<\/li>\n<li>Cuburi de ghea\u021b\u0103 reglabile: pot fi reglate fin de la u\u0219or reci la r\u0103coritoare.<\/li>\n<li>Re\u00eenc\u0103rcabil\u0103: Folose\u0219te tot lichidul electronic pentru care ai pl\u0103tit.<\/li>\n<li>Miez de atomizare cu plas\u0103: Fiecare aspira\u021bie are ca rezultat o textur\u0103 neted\u0103 \u0219i uniform\u0103.<\/li>\n<li>Capacitate mare: 30 mililitri, durabil \u0219i de lung\u0103 durat\u0103.<\/li>\n<li>Interfa\u021b\u0103 Type-C, \u00eenc\u0103rcare convenabil\u0103: u\u0219or de \u00eenc\u0103rcat cu cabluri zilnice.<\/li>\n<\/ul>\n<h2 data-v-md-heading=\"why-collaborate-with-agoravape\" data-v-md-line=\"36\">De ce s\u0103 colaborezi cu AgoraVape?<\/h2>\n<p data-v-md-line=\"37\">Vindem doar produse 100% originale \u0219i nu avem nicio \u00eendoial\u0103 \u00een privin\u021ba asta. Pentru cump\u0103r\u0103torii comerciali, aceasta \u00eenseamn\u0103 pre\u021buri en-gros corecte, servicii atente \u0219i livrare rapid\u0103 DDP pentru \u021big\u0103rile electronice cu pachete reglabile de ghea\u021b\u0103 SFOG Gazzbar Ice God 50K. Contacta\u021bi-ne pentru a achizi\u021biona un dispozitiv care merit\u0103 r\u0103scump\u0103rat pentru clientul dumneavoastr\u0103.<\/p>\n<p data-v-md-line=\"39\">Notificare de conformitate: Aprovizionarea cu produse \u0219i concentra\u021bia de nicotin\u0103 pot varia \u00een func\u021bie de \u021bar\u0103\/regiune pentru a respecta reglement\u0103rile UE \u0219i locale. Dac\u0103 nu sunte\u021bi sigur de reglement\u0103rile din pia\u021ba dvs., v\u0103 rug\u0103m s\u0103 consulta\u021bi echipa noastr\u0103 \u0219i v\u0103 vom oferi \u00eendrum\u0103ri.<\/p>","protected":false},"excerpt":{"rendered":"<p>What is the SFOG Gazzbar Ice God 50K suction adjustable ice atomizer like? If you\u2019re tired of disposable e-liquid used<\/p>","protected":false},"featured_media":13351,"comment_status":"open","ping_status":"closed","template":"","meta":[],"product_brand":[208],"product_cat":[124,185,1641,194,176,177,174,175,193,191,135,173,186,180,190],"product_tag":[],"class_list":{"0":"post-13355","1":"product","2":"type-product","3":"status-publish","4":"has-post-thumbnail","6":"product_brand-sfog","7":"product_cat-vape-by-brand","8":"product_cat-10000-puffs-high-capacity","9":"product_cat-50000-puffs","10":"product_cat-adjustable-airflow","11":"product_cat-beverage","12":"product_cat-dessert-sweets","13":"product_cat-fruit-flavors","14":"product_cat-icy-mint","15":"product_cat-mesh-coil","16":"product_cat-rechargeable-disposables","17":"product_cat-sfog","18":"product_cat-vape-by-flavor-profile","19":"product_cat-vape-by-nicotine-strength","20":"product_cat-vape-by-puff-count","21":"product_cat-vape-by-feature-or-type","23":"first","24":"instock","25":"shipping-taxable","26":"purchasable","27":"product-type-variable","28":"has-default-attributes"},"tiered_pricing_type":"percentage","tiered_pricing_fixed_rules":[],"tiered_pricing_product_settings":{"layout":"default","base_unit_name":{"singular":null,"plural":null},"default_variation":null},"tiered_pricing_minimum_quantity":10,"tiered_pricing_roles_data":[],"tiered_pricing_percentage_rules":{"30":"29","50":"35","100":"40","200":"44","500":"47","1000":"49"},"tiered_pricing_maximum_quantity":null,"tiered_pricing_quantity_step":"10","_links":{"self":[{"href":"https:\/\/agoravape.com\/ro\/wp-json\/wp\/v2\/product\/13355","targetHints":{"allow":["GET"]}}],"collection":[{"href":"https:\/\/agoravape.com\/ro\/wp-json\/wp\/v2\/product"}],"about":[{"href":"https:\/\/agoravape.com\/ro\/wp-json\/wp\/v2\/types\/product"}],"replies":[{"embeddable":true,"href":"https:\/\/agoravape.com\/ro\/wp-json\/wp\/v2\/comments?post=13355"}],"version-history":[{"count":0,"href":"https:\/\/agoravape.com\/ro\/wp-json\/wp\/v2\/product\/13355\/revisions"}],"wp:featuredmedia":[{"embeddable":true,"href":"https:\/\/agoravape.com\/ro\/wp-json\/wp\/v2\/media\/13351"}],"wp:attachment":[{"href":"https:\/\/agoravape.com\/ro\/wp-json\/wp\/v2\/media?parent=13355"}],"wp:term":[{"taxonomy":"product_brand","embeddable":true,"href":"https:\/\/agoravape.com\/ro\/wp-json\/wp\/v2\/product_brand?post=13355"},{"taxonomy":"product_cat","embeddable":true,"href":"https:\/\/agoravape.com\/ro\/wp-json\/wp\/v2\/product_cat?post=13355"},{"taxonomy":"product_tag","embeddable":true,"href":"https:\/\/agoravape.com\/ro\/wp-json\/wp\/v2\/product_tag?post=13355"}],"curies":[{"name":"wp","href":"https:\/\/api.w.org\/{rel}","templated":true}]}}