{"id":13445,"date":"2025-10-11T15:43:42","date_gmt":"2025-10-11T07:43:42","guid":{"rendered":"https:\/\/green-grasshopper-921422.hostingersite.com\/?post_type=product&#038;p=13445"},"modified":"2026-01-19T22:08:00","modified_gmt":"2026-01-19T14:08:00","slug":"sfog-face-bar-18000-puffs-shisha-vape","status":"publish","type":"product","link":"https:\/\/agoravape.com\/ro\/product\/sfog-face-bar-18000-puffs-shisha-vape\/","title":{"rendered":"SFOG Face Bar 18000 Puffs Shisha Style DTL Vape | Big Clouds, Easy Going"},"content":{"rendered":"<h2 data-v-md-heading=\"what-exactly-is-the-sfog-face-bar-18000-mouth-hookah-style-dtl-vape\" data-v-md-line=\"3\">What exactly is the SFOG Face Bar 18000 mouth hookah style DTL vape?<\/h2>\n<p data-v-md-line=\"4\">If you\u2019re tired of changing disposable e-liquid every few days, this product will make your week much easier. The SFOG Face Bar adopts a hookah style lung suction design, with a maximum capacity of 18000 puffs. Inhalation is smooth, open, and feels closer to a hookah than a tight mouthpiece.<\/p>\n<p data-v-md-line=\"6\">If you want an vape that is durable, has a stable taste, and does not require excessive operation, then this product is the ideal choice. The mesh coil maintains a balanced taste. The 25ml e-liquid capacity and 800mAh battery allow you to easily get through a busy day without the need to frequently replace backup batteries.<\/p>\n<h2 data-v-md-heading=\"excellent-performance-and-easy-operation\" data-v-md-line=\"8\">Performan\u021b\u0103 excelent\u0103 \u0219i utilizare u\u0219oar\u0103<\/h2>\n<p data-v-md-line=\"9\">The core of Face Bar adopts a mesh coil, making every suction as smooth as the first taste. There is no burnt edge and there will be no sudden power outage. When the battery is low, simply charge it through USB. Just use the same data cable as the phone. Simple and convenient.<\/p>\n<h2 data-v-md-heading=\"specification-introduction\" data-v-md-line=\"11\">Introducere \u00een specifica\u021bii<\/h2>\n<ul data-v-md-line=\"12\">\n<li>Suction frequency: up to 18000 times<\/li>\n<li>Nicotine: 0.5% nicotine salt<\/li>\n<li>Principiu de func\u021bionare: Activat prin inhalare<\/li>\n<li>Charging method: USB charging<\/li>\n<li>Capacitate lichid electronic: 25 mililitri<\/li>\n<li>Coil: Mesh coil, 0.6 \u03a9<\/li>\n<li>Battery: 800mAh<\/li>\n<li>Stare: Gata de utilizare dup\u0103 despachetare<\/li>\n<\/ul>\n<h2 data-v-md-heading=\"full-range-of-flavors\" data-v-md-line=\"21\">Gam\u0103 complet\u0103 de arome<\/h2>\n<ul data-v-md-line=\"22\">\n<li>Double apple flavor<\/li>\n<li>Mint chewing gum<\/li>\n<li>Cool and refreshing taste<\/li>\n<li>Berry Ice Flavor<\/li>\n<li>Mint flavor<\/li>\n<li>Strawberry Pan Fun<\/li>\n<li>Blueberry Gum<\/li>\n<li>Blue Raspberry Lemon Water<\/li>\n<li>Grape mint flavor<\/li>\n<\/ul>\n<h2 data-v-md-heading=\"for-you-for-your-business\" data-v-md-line=\"32\">Pentru tine, pentru afacerea ta<\/h2>\n<p data-v-md-line=\"33\">You can purchase a single one for personal use or stock up for your store. Retail display box, 10 pieces per box. The standard cardboard box can accommodate 200 units, making it easy for you to transfer. The size of the display box is 182 \u00d7 76 \u00d7 136 millimeters. The outer box size is 395 \u00d7 380 \u00d7 292 millimeters and weighs approximately 21 kilograms.<\/p>\n<p data-v-md-line=\"35\">We ship across Europe through trusted partners such as UPS, DPD, and DHL on a Delivered Duty Paid (DDP) basis, ensuring no unexpected incidents at customs. You can enjoy traceable delivery and reliable timeliness.<\/p>\n<h2 data-v-md-heading=\"why-do-you-like-it\" data-v-md-line=\"37\">De ce \u00ee\u021bi place?<\/h2>\n<ul data-v-md-line=\"38\">\n<li>More suction times: longer suction time, so you don\u2019t need to buy new ones frequently.<\/li>\n<li>Nicotine selection: 0.5% nicotine salt brings a lighter taste, suitable for a relaxed DTL experience.<\/li>\n<li>Rechargeable: You can use up all the e-liquid you purchase.<\/li>\n<li>Mesh coil: From the first bite to the last bite, the taste remains consistent.<\/li>\n<\/ul>\n<h2 data-v-md-heading=\"why-choose-to-collaborate-with-agoravape\" data-v-md-line=\"43\">De ce s\u0103 alegi s\u0103 colaborezi cu AgoraVape?<\/h2>\n<p data-v-md-line=\"44\">Vindem doar produse 100% originale, a\u0219a c\u0103 pute\u021bi ob\u021bine o \u021bigar\u0103 facial\u0103 SFOG autentic\u0103, cu performan\u021be care s\u0103 corespund\u0103 a\u0219tept\u0103rilor dumneavoastr\u0103. Clien\u021bii no\u0219tri B2B se pot bucura de pre\u021buri en-gros reduse, asisten\u021b\u0103 convenabil\u0103 \u0219i servicii rapide de livrare DDP. Respect\u0103m reglement\u0103rile UE privind verificarea v\u00e2rstei \u0219i conformitatea produsului. O concentra\u021bie de nicotin\u0103 de 0,5% \u00eendepline\u0219te pe deplin limita TPD2. Folosim o poart\u0103 de plat\u0103 securizat\u0103 \u0219i men\u021binem transparen\u021ba pre\u021burilor, a\u0219a c\u0103 nu trebuie s\u0103 v\u0103 face\u021bi griji cu privire la comisioane. Dori\u021bi s\u0103 rezerva\u021bi o \u021bigar\u0103 de unic\u0103 folosin\u021b\u0103 cu ap\u0103 DTL pe care clien\u021bii dumneavoastr\u0103 o vor adora, \u00een calitate de clien\u021bi fideli? V\u0103 invit\u0103m s\u0103 ne contacta\u021bi.<\/p>","protected":false},"excerpt":{"rendered":"<p>What exactly is the SFOG Face Bar 18000 mouth hookah style DTL vape? If you\u2019re tired of changing disposable e-liquid<\/p>","protected":false},"featured_media":13468,"comment_status":"open","ping_status":"closed","template":"","meta":[],"product_brand":[208],"product_cat":[124,185,174,175,193,191,135,173,186,180,190],"product_tag":[],"class_list":{"0":"post-13445","1":"product","2":"type-product","3":"status-publish","4":"has-post-thumbnail","6":"product_brand-sfog","7":"product_cat-vape-by-brand","8":"product_cat-10000-puffs-high-capacity","9":"product_cat-fruit-flavors","10":"product_cat-icy-mint","11":"product_cat-mesh-coil","12":"product_cat-rechargeable-disposables","13":"product_cat-sfog","14":"product_cat-vape-by-flavor-profile","15":"product_cat-vape-by-nicotine-strength","16":"product_cat-vape-by-puff-count","17":"product_cat-vape-by-feature-or-type","19":"first","20":"onbackorder","21":"shipping-taxable","22":"purchasable","23":"product-type-variable","24":"has-default-attributes"},"tiered_pricing_type":"percentage","tiered_pricing_fixed_rules":[],"tiered_pricing_product_settings":{"layout":"default","base_unit_name":{"singular":null,"plural":null},"default_variation":null},"tiered_pricing_minimum_quantity":10,"tiered_pricing_roles_data":[],"tiered_pricing_percentage_rules":{"30":"29","50":"35","100":"40","200":"44","500":"47","1000":"49"},"tiered_pricing_maximum_quantity":null,"tiered_pricing_quantity_step":"10","_links":{"self":[{"href":"https:\/\/agoravape.com\/ro\/wp-json\/wp\/v2\/product\/13445","targetHints":{"allow":["GET"]}}],"collection":[{"href":"https:\/\/agoravape.com\/ro\/wp-json\/wp\/v2\/product"}],"about":[{"href":"https:\/\/agoravape.com\/ro\/wp-json\/wp\/v2\/types\/product"}],"replies":[{"embeddable":true,"href":"https:\/\/agoravape.com\/ro\/wp-json\/wp\/v2\/comments?post=13445"}],"version-history":[{"count":0,"href":"https:\/\/agoravape.com\/ro\/wp-json\/wp\/v2\/product\/13445\/revisions"}],"wp:featuredmedia":[{"embeddable":true,"href":"https:\/\/agoravape.com\/ro\/wp-json\/wp\/v2\/media\/13468"}],"wp:attachment":[{"href":"https:\/\/agoravape.com\/ro\/wp-json\/wp\/v2\/media?parent=13445"}],"wp:term":[{"taxonomy":"product_brand","embeddable":true,"href":"https:\/\/agoravape.com\/ro\/wp-json\/wp\/v2\/product_brand?post=13445"},{"taxonomy":"product_cat","embeddable":true,"href":"https:\/\/agoravape.com\/ro\/wp-json\/wp\/v2\/product_cat?post=13445"},{"taxonomy":"product_tag","embeddable":true,"href":"https:\/\/agoravape.com\/ro\/wp-json\/wp\/v2\/product_tag?post=13445"}],"curies":[{"name":"wp","href":"https:\/\/api.w.org\/{rel}","templated":true}]}}