{"id":13481,"date":"2025-10-11T16:02:13","date_gmt":"2025-10-11T08:02:13","guid":{"rendered":"https:\/\/green-grasshopper-921422.hostingersite.com\/?post_type=product&#038;p=13481"},"modified":"2026-01-19T22:07:55","modified_gmt":"2026-01-19T14:07:55","slug":"sfog-s89-15000-pufuri-vape","status":"publish","type":"product","link":"https:\/\/agoravape.com\/ro\/product\/sfog-s89-15000-puffs-vape\/","title":{"rendered":"SFOG S89 15000 Puffs Mesh Coil Disposable Vape | Long-Lasting Flavour Without Fuss"},"content":{"rendered":"<h2 data-v-md-heading=\"what-are-the-advantages-of-sfog-s89-15000-port-mesh-coil-disposable-vapes\" data-v-md-line=\"3\">Care sunt avantajele \u021big\u0103rilor electronice de unic\u0103 folosin\u021b\u0103 cu rezisten\u021b\u0103 tip mesh \u0219i SFOG S89 15000 porturi?<\/h2>\n<p data-v-md-line=\"4\">Dac\u0103 te-ai s\u0103turat de \u021big\u0103rile electronice de unic\u0103 folosin\u021b\u0103 folosite \u00een timpul s\u0103pt\u0103m\u00e2nii, poate vrei s\u0103 arunci o privire la acest produs. SFOG S89 are o capacitate de 25 de mililitri \u0219i poate furniza p\u00e2n\u0103 la 15000 de \u00eenghi\u021bituri. Folose\u0219te o rezisten\u021b\u0103 cu ochiuri de 1,0 \u03a9, astfel \u00eenc\u00e2t gustul r\u0103m\u00e2ne pur \u0219i consistent de la prima p\u00e2n\u0103 la ultima \u00eembuc\u0103tur\u0103.<\/p>\n<p data-v-md-line=\"6\">Dac\u0103 \u00ee\u021bi dore\u0219ti un vape fiabil, durabil \u0219i f\u0103r\u0103 probleme, atunci acest produs este alegerea ideal\u0103. Alege aroma preferat\u0103. Deschide cutia. Savureaz\u0103 la maximum. S-ar putea s\u0103 crezi c\u0103 acest tip de dispozitiv cu baterie care dureaz\u0103 mult timp pare voluminos, dar bateria re\u00eenc\u0103rcabil\u0103 de 600mAh \u00ee\u021bi permite s\u0103 \u00eel pui cu u\u0219urin\u021b\u0103 \u00een buzunar.<\/p>\n<h2 data-v-md-heading=\"excellent-performance-convenient-operation\" data-v-md-line=\"8\">Performan\u021b\u0103 excelent\u0103, operare convenabil\u0103<\/h2>\n<p data-v-md-line=\"9\">Rezistenta tip plas\u0103 \u00eenc\u0103lze\u0219te uniform lichidul pentru \u021bigara electronic\u0103, permi\u021b\u00e2ndu-v\u0103 s\u0103 v\u0103 bucura\u021bi de un gust bogat \u0219i de o experien\u021b\u0103 de aspirare lin\u0103 de fiecare dat\u0103. Nu este necesar\u0103 pre\u00eenc\u0103lzirea \u0219i uleiul nu va c\u0103dea. C\u00e2nd bateria este desc\u0103rcat\u0103, pur \u0219i simplu o \u00eenc\u0103rca\u021bi pentru a continua s\u0103 o utiliza\u021bi, permi\u021b\u00e2ndu-v\u0103 s\u0103 maximiza\u021bi capacitatea de 25 de mililitri.<\/p>\n<h2 data-v-md-heading=\"specification-introduction\" data-v-md-line=\"11\">Introducere \u00een specifica\u021bii<\/h2>\n<ul data-v-md-line=\"12\">\n<li>Frecven\u021ba de aspirare: p\u00e2n\u0103 la 15000 de ori<\/li>\n<li>Capacitate lichid electronic: 25 mililitri<\/li>\n<li>Nicotine: 5% nicotine salt<\/li>\n<li>Bobin\u0103: bobin\u0103 cu ochiuri de 1,0 \u03a9<\/li>\n<li>Baterie: baterie re\u00eenc\u0103rcabil\u0103 de 600 mAh<\/li>\n<li>Principiu de func\u021bionare: Design simplu, de o singur\u0103 utilizare, nu este nevoie de configurare<\/li>\n<li>Stare: Gata de utilizare dup\u0103 despachetare<\/li>\n<li>Ambalaj: 10 buc\u0103\u021bi per cutie de prezentare. 200 buc\u0103\u021bi per cutie.<\/li>\n<\/ul>\n<h2 data-v-md-heading=\"full-range-of-flavors\" data-v-md-line=\"21\">Gam\u0103 complet\u0103 de arome<\/h2>\n<ul data-v-md-line=\"22\">\n<li>Ghea\u021b\u0103 de c\u0103p\u0219uni<\/li>\n<li>Ghea\u021b\u0103 de piersic\u0103<\/li>\n<li>Piersic\u0103 \u0219i Mango<\/li>\n<li>Fructe de p\u0103dure mixte<\/li>\n<li>Pink Lemon Water<\/li>\n<li>Pepene verde cu c\u0103p\u0219uni<\/li>\n<li>Ghea\u021b\u0103 de pepene verde<\/li>\n<li>Ghea\u021b\u0103 de struguri<\/li>\n<li>Cirea\u0219\u0103<\/li>\n<li>Afine \u0219i zmeur\u0103<\/li>\n<\/ul>\n<h2 data-v-md-heading=\"for-you-for-your-business\" data-v-md-line=\"33\">Pentru tine, pentru afacerea ta<\/h2>\n<p data-v-md-line=\"34\">Pute\u021bi achizi\u021biona \u021big\u0103ri electronice de unic\u0103 folosin\u021b\u0103 SFOG S89 cu rezisten\u021b\u0103 de 15000 mesh pentru uz personal sau pute\u021bi ad\u0103uga stocuri \u00een magazinul dvs. Oferim cutii de prezentare \u00een pachete de 10 pentru a ne asigura c\u0103 produsele sunt expuse cu grij\u0103. Dac\u0103 trebuie s\u0103 achizi\u021biona\u021bi \u00een vrac, v\u0103 rug\u0103m s\u0103 alege\u021bi o cutie mare de 200 de buc\u0103\u021bi pentru o reaprovizionare eficient\u0103.<\/p>\n<p data-v-md-line=\"36\">Oferim servicii de livrare DDP dup\u0103 plata taxelor prin intermediul unor parteneri de \u00eencredere precum UPS, DPD \u0219i DHL, asigur\u00e2ndu-ne c\u0103 comanda dumneavoastr\u0103 nu va \u00eent\u00e2mpina accidente \u00een timpul v\u0103muirii.<\/p>\n<h2 data-v-md-heading=\"why-do-you-like-it\" data-v-md-line=\"38\">De ce \u00ee\u021bi place?<\/h2>\n<ul data-v-md-line=\"39\">\n<li>Capacitate ultra-mare: p\u00e2n\u0103 la 15000 de porturi, ceea ce \u00eenseamn\u0103 mai pu\u021bine \u00eenlocuiri \u0219i o rentabilitate mai mare<\/li>\n<li>Nicotin\u0103 satisf\u0103c\u0103toare: 5% sare de nicotin\u0103 pentru un gust puternic<\/li>\n<li>Re\u00eenc\u0103rcabil: Pute\u021bi folosi toate lichidele electronice achizi\u021bionate<\/li>\n<li>Spiral\u0103 tip plas\u0103: men\u021bine o textur\u0103 consistent\u0103 cu fiecare aspira\u021bie<\/li>\n<\/ul>\n<h2 data-v-md-heading=\"why-choose-to-collaborate-with-agoravape\" data-v-md-line=\"44\">De ce s\u0103 alegi s\u0103 colaborezi cu AgoraVape?<\/h2>\n<p data-v-md-line=\"45\">Oferim doar produse 100% originale, astfel \u00eenc\u00e2t s\u0103 pute\u021bi cump\u0103ra cu lini\u0219te sufleteasc\u0103. Pentru clien\u021bii no\u0219tri comerciali, aceasta \u00eenseamn\u0103 c\u0103 \u021big\u0103rile electronice de unic\u0103 folosin\u021b\u0103 SFOG S89 cu rezisten\u021b\u0103 mesh de 15000 porturi ofer\u0103 pre\u021buri en-gros reduse, asisten\u021b\u0103 fiabil\u0103 \u0219i livrare rapid\u0103 \u0219i fiabil\u0103. Dac\u0103 dori\u021bi s\u0103 achizi\u021biona\u021bi un dispozitiv pe care clien\u021bii \u00eel vor reveni, v\u0103 rug\u0103m s\u0103 ne contacta\u021bi.<\/p>\n<p><script src=\"chrome-extension:\/\/fpelahbljekknahkcaegamhcndkfpfnc\/iFrame.js\" type=\"text\/javascript\"><\/script><\/p>","protected":false},"excerpt":{"rendered":"<p>What are the advantages of SFOG S89 15000 port mesh coil disposable vapes? If you are tired of disposable vapes<\/p>","protected":false},"featured_media":13503,"comment_status":"open","ping_status":"closed","template":"","meta":[],"product_brand":[208],"product_cat":[124,185,1635,174,175,193,191,135,173,186,180,190],"product_tag":[],"class_list":{"0":"post-13481","1":"product","2":"type-product","3":"status-publish","4":"has-post-thumbnail","6":"product_brand-sfog","7":"product_cat-vape-by-brand","8":"product_cat-10000-puffs-high-capacity","9":"product_cat-15000-puffs","10":"product_cat-fruit-flavors","11":"product_cat-icy-mint","12":"product_cat-mesh-coil","13":"product_cat-rechargeable-disposables","14":"product_cat-sfog","15":"product_cat-vape-by-flavor-profile","16":"product_cat-vape-by-nicotine-strength","17":"product_cat-vape-by-puff-count","18":"product_cat-vape-by-feature-or-type","20":"first","21":"onbackorder","22":"shipping-taxable","23":"purchasable","24":"product-type-variable","25":"has-default-attributes"},"tiered_pricing_type":"percentage","tiered_pricing_fixed_rules":[],"tiered_pricing_product_settings":{"layout":"default","base_unit_name":{"singular":null,"plural":null},"default_variation":null},"tiered_pricing_minimum_quantity":10,"tiered_pricing_roles_data":[],"tiered_pricing_percentage_rules":{"30":"29","50":"35","100":"40","200":"44","500":"47","1000":"49"},"tiered_pricing_maximum_quantity":null,"tiered_pricing_quantity_step":"10","_links":{"self":[{"href":"https:\/\/agoravape.com\/ro\/wp-json\/wp\/v2\/product\/13481","targetHints":{"allow":["GET"]}}],"collection":[{"href":"https:\/\/agoravape.com\/ro\/wp-json\/wp\/v2\/product"}],"about":[{"href":"https:\/\/agoravape.com\/ro\/wp-json\/wp\/v2\/types\/product"}],"replies":[{"embeddable":true,"href":"https:\/\/agoravape.com\/ro\/wp-json\/wp\/v2\/comments?post=13481"}],"version-history":[{"count":0,"href":"https:\/\/agoravape.com\/ro\/wp-json\/wp\/v2\/product\/13481\/revisions"}],"wp:featuredmedia":[{"embeddable":true,"href":"https:\/\/agoravape.com\/ro\/wp-json\/wp\/v2\/media\/13503"}],"wp:attachment":[{"href":"https:\/\/agoravape.com\/ro\/wp-json\/wp\/v2\/media?parent=13481"}],"wp:term":[{"taxonomy":"product_brand","embeddable":true,"href":"https:\/\/agoravape.com\/ro\/wp-json\/wp\/v2\/product_brand?post=13481"},{"taxonomy":"product_cat","embeddable":true,"href":"https:\/\/agoravape.com\/ro\/wp-json\/wp\/v2\/product_cat?post=13481"},{"taxonomy":"product_tag","embeddable":true,"href":"https:\/\/agoravape.com\/ro\/wp-json\/wp\/v2\/product_tag?post=13481"}],"curies":[{"name":"wp","href":"https:\/\/api.w.org\/{rel}","templated":true}]}}