{"id":13518,"date":"2025-10-11T16:22:46","date_gmt":"2025-10-11T08:22:46","guid":{"rendered":"https:\/\/green-grasshopper-921422.hostingersite.com\/?post_type=product&#038;p=13518"},"modified":"2026-01-19T22:07:49","modified_gmt":"2026-01-19T14:07:49","slug":"sfog-gt-bar-15000-puffs-dtl-vape","status":"publish","type":"product","link":"https:\/\/agoravape.com\/ro\/product\/sfog-gt-bar-15000-puffs-dtl-vape\/","title":{"rendered":"SFOG GT Bar 15000 Pufuri | Sesiuni lungi de fumat cu arome inspirate de narghilea"},"content":{"rendered":"<h2 data-v-md-heading=\"what-exactly-is-the-sfog-gt-bar-15000-mouth-hookah-flavored-dtl-vape\" data-v-md-line=\"3\">Ce este mai exact \u021bigara electronic\u0103 DTL cu arom\u0103 de narghilea SFOG GT Bar 15000?<\/h2>\n<p data-v-md-line=\"4\">Dac\u0103 te-ai s\u0103turat de vaporizatoarele de unic\u0103 folosin\u021b\u0103 care se descarc\u0103 f\u0103r\u0103 baterie \u00eenainte de weekend, acest produs \u00ee\u021bi va u\u0219ura grijile. SFOG GT Bar poate oferi o experien\u021b\u0103 DTL de p\u00e2n\u0103 la 15000 de pufuri, cu o experien\u021b\u0103 de fumat DTL transparent\u0103 mai apropiat\u0103 de cea a unei narghilele, mai degrab\u0103 dec\u00e2t de cea a unui vaporizator compact tipic cu aspira\u021bie bucal\u0103.<\/p>\n<p data-v-md-line=\"6\">Pentru cei care \u00ee\u0219i doresc un gust de lung\u0103 durat\u0103, f\u0103r\u0103 b\u0103taia de cap a configur\u0103rii, acest produs este alegerea ideal\u0103. Are o arom\u0103 mixt\u0103 de narghilea, baterie re\u00eenc\u0103rcabil\u0103 \u0219i o rezisten\u021b\u0103 tip plas\u0103 care men\u021bine un gust stabil. A\u021bi putea crede c\u0103 un dispozitiv cu at\u00e2t de multe porturi ar fi la fel de voluminos ca o caramid\u0103, dar este surprinz\u0103tor de accesibil ca pre\u021b.<\/p>\n<h2 data-v-md-heading=\"excellent-performance-and-easy-operation\" data-v-md-line=\"8\">Performan\u021b\u0103 excelent\u0103 \u0219i utilizare u\u0219oar\u0103<\/h2>\n<p data-v-md-line=\"9\">Miezul de atomizare \u00eencorporat cu plas\u0103 de 0,6 \u03a9 asigur\u0103 un flux lin de fum \u0219i un gust consistent, put\u00e2nd fi consumat mu\u0219c\u0103tur\u0103 dup\u0103 mu\u0219c\u0103tur\u0103. F\u0103r\u0103 meniu, f\u0103r\u0103 butoane, u\u0219or de savurat. C\u00e2nd bateria este desc\u0103rcat\u0103, poate fi \u00eenc\u0103rcat\u0103 prin interfa\u021ba Type-C. Utilizarea aceluia\u0219i cablu de date ca pe telefonul mobil este u\u0219oar\u0103 \u0219i convenabil\u0103.<\/p>\n<h2 data-v-md-heading=\"specification-overview\" data-v-md-line=\"11\">Prezentare general\u0103 a specifica\u021biilor<\/h2>\n<ul data-v-md-line=\"12\">\n<li>Frecven\u021ba de aspirare: p\u00e2n\u0103 la 15000 de ori<\/li>\n<li>Nicotin\u0103: 0,5% sare de nicotin\u0103 (aproximativ 5 miligrame pe mililitru)<\/li>\n<li>Lichid pentru \u021bigar\u0103 electronic\u0103: 22 mililitri<\/li>\n<li>Miez de atomizare: miez de atomizare cu ochiuri de 0,6 \u03a9<\/li>\n<li>Baterie: baterie re\u00eenc\u0103rcabil\u0103 de 600 mAh<\/li>\n<li>Principiu de func\u021bionare: Se activeaz\u0103 cu o singur\u0103 pufnire<\/li>\n<li>Metod\u0103 de \u00eenc\u0103rcare: Interfa\u021b\u0103 USB standard de tip C<\/li>\n<li>Stare: Gata de utilizare imediat ce este scoas\u0103 din cutie<\/li>\n<li>Dimensiuni \u0219i greutate: aproximativ 32 x 123 milimetri 110 grame<\/li>\n<\/ul>\n<h2 data-v-md-heading=\"full-flavor-series\" data-v-md-line=\"22\">Serie cu arom\u0103 complet\u0103<\/h2>\n<ul data-v-md-line=\"23\">\n<li>Berry ca<\/li>\n<li>Blueberry Gum<\/li>\n<li>Carnavalul Cire\u0219elor<\/li>\n<li>Mere duble<\/li>\n<li>L\u0103m\u00e2ie ca<\/li>\n<li>Mango Ice<\/li>\n<li>Ghea\u021b\u0103 de piersic\u0103<\/li>\n<li>Fructul pasiunii dulce<\/li>\n<li>Ghea\u021b\u0103 de coac\u0103ze negre<\/li>\n<li>Ghea\u021b\u0103 de struguri<\/li>\n<\/ul>\n<h2 data-v-md-heading=\"for-you-and-for-your-business-as-well\" data-v-md-line=\"34\">Pentru tine, dar \u0219i pentru afacerea ta<\/h2>\n<p data-v-md-line=\"35\">Pute\u021bi achizi\u021biona unul pentru uz personal sau pentru a v\u0103 aproviziona magazinul. Oferim 10 cutii de prezentare pentru a facilita gestionarea rafturilor \u0219i a simplifica procesul de reaprovizionare. Comenzile \u00een vrac pot fi livrate \u00een ambalaje vrac \u0219i \u00een cutii exterioare. Dac\u0103 ave\u021bi nevoie de specifica\u021bii de ambalare pentru fluxul de lucru din depozit, v\u0103 rug\u0103m s\u0103 consulta\u021bi echipa noastr\u0103.<\/p>\n<p data-v-md-line=\"37\">Oferim servicii de livrare DDP prin intermediul unor parteneri de \u00eencredere precum UPS, DPD \u0219i DHL \u00een toat\u0103 Europa, astfel \u00eenc\u00e2t s\u0103 pute\u021bi beneficia de termene de livrare clare \u0219i s\u0103 evita\u021bi accidentele vamale. Accept\u0103m pl\u0103\u021bile cu carduri de credit obi\u0219nuite \u0219i pl\u0103\u021bile securizate PayPal pentru a asigura o finalizare f\u0103r\u0103 probleme a comenzii.<\/p>\n<p data-v-md-line=\"39\">O scurt\u0103 explica\u021bie a conformit\u0103\u021bii. Acest tip de produs de unic\u0103 folosin\u021b\u0103 pentru \u021bigar\u0103 electronic\u0103 de dimensiuni mari dep\u0103\u0219e\u0219te limita TPD a UE pentru capacitatea de e-lichid. Situa\u021bia aprovizion\u0103rii cu am\u0103nuntul poate varia \u00een func\u021bie de \u021bar\u0103\/regiune. V\u0103 rug\u0103m s\u0103 verifica\u021bi reglement\u0103rile locale \u00eenainte de a plasa o comand\u0103.<\/p>\n<h2 data-v-md-heading=\"why-do-you-like-it\" data-v-md-line=\"41\">De ce \u00ee\u021bi place?<\/h2>\n<ul data-v-md-line=\"42\">\n<li>Timp de aspirare mai mare: durat\u0103 de via\u021b\u0103 mai lung\u0103 a bateriei, nu este nevoie de \u00eenlocuire frecvent\u0103.<\/li>\n<li>Selec\u021bie de nicotin\u0103: sare de nicotin\u0103 de 0,5% ofer\u0103 o experien\u021b\u0103 mai fin\u0103 \u0219i mai u\u0219oar\u0103.<\/li>\n<li>Re\u00eenc\u0103rcabil: Lichidul pentru \u021bigar\u0103 electronic\u0103 va dura p\u00e2n\u0103 la epuizarea sa.<\/li>\n<li>Spir\u0103 de plas\u0103: Fiecare \u00eembuc\u0103tur\u0103 \u00ee\u0219i men\u021bine gustul bogat \u0219i consisten\u021ba.<\/li>\n<\/ul>\n<h2 data-v-md-heading=\"why-choose-to-collaborate-with-agoravape\" data-v-md-line=\"47\">De ce s\u0103 alegi s\u0103 colaborezi cu AgoraVape?<\/h2>\n<p data-v-md-line=\"48\">Cump\u0103r\u0103m doar produse SFOG originale de la dealeri autoriza\u021bi. SFOG GT Bar 15000 vape-uri DTL cu arom\u0103 de narghilea, unde v\u0103 pute\u021bi bucura de pre\u021buri en-gros extrem de competitive, asisten\u021b\u0103 clien\u021bi fiabil\u0103 \u0219i servicii rapide de livrare DDP. Dori\u021bi s\u0103 crea\u021bi un dispozitiv pe care clien\u021bii dvs. \u00eel vor adora cu adev\u0103rat? V\u0103 rug\u0103m s\u0103 ne contacta\u021bi, vom fi bucuro\u0219i s\u0103 v\u0103 servim.<\/p>\n<p><script src=\"chrome-extension:\/\/fpelahbljekknahkcaegamhcndkfpfnc\/iFrame.js\" type=\"text\/javascript\"><\/script><\/p>","protected":false},"excerpt":{"rendered":"<p>What exactly is the SFOG GT Bar 15000 mouth hookah flavored DTL vape? If you are tired of disposable vapes<\/p>","protected":false},"featured_media":13562,"comment_status":"open","ping_status":"closed","template":"","meta":[],"product_brand":[208],"product_cat":[124,185,1635,174,175,193,191,135,173,186,180,190],"product_tag":[],"class_list":{"0":"post-13518","1":"product","2":"type-product","3":"status-publish","4":"has-post-thumbnail","6":"product_brand-sfog","7":"product_cat-vape-by-brand","8":"product_cat-10000-puffs-high-capacity","9":"product_cat-15000-puffs","10":"product_cat-fruit-flavors","11":"product_cat-icy-mint","12":"product_cat-mesh-coil","13":"product_cat-rechargeable-disposables","14":"product_cat-sfog","15":"product_cat-vape-by-flavor-profile","16":"product_cat-vape-by-nicotine-strength","17":"product_cat-vape-by-puff-count","18":"product_cat-vape-by-feature-or-type","20":"first","21":"onbackorder","22":"shipping-taxable","23":"purchasable","24":"product-type-variable","25":"has-default-attributes"},"tiered_pricing_type":"percentage","tiered_pricing_fixed_rules":[],"tiered_pricing_product_settings":{"layout":"default","base_unit_name":{"singular":null,"plural":null},"default_variation":null},"tiered_pricing_minimum_quantity":10,"tiered_pricing_roles_data":[],"tiered_pricing_percentage_rules":{"30":"29","50":"35","100":"40","200":"44","500":"47","1000":"49"},"tiered_pricing_maximum_quantity":null,"tiered_pricing_quantity_step":"10","_links":{"self":[{"href":"https:\/\/agoravape.com\/ro\/wp-json\/wp\/v2\/product\/13518","targetHints":{"allow":["GET"]}}],"collection":[{"href":"https:\/\/agoravape.com\/ro\/wp-json\/wp\/v2\/product"}],"about":[{"href":"https:\/\/agoravape.com\/ro\/wp-json\/wp\/v2\/types\/product"}],"replies":[{"embeddable":true,"href":"https:\/\/agoravape.com\/ro\/wp-json\/wp\/v2\/comments?post=13518"}],"version-history":[{"count":0,"href":"https:\/\/agoravape.com\/ro\/wp-json\/wp\/v2\/product\/13518\/revisions"}],"wp:featuredmedia":[{"embeddable":true,"href":"https:\/\/agoravape.com\/ro\/wp-json\/wp\/v2\/media\/13562"}],"wp:attachment":[{"href":"https:\/\/agoravape.com\/ro\/wp-json\/wp\/v2\/media?parent=13518"}],"wp:term":[{"taxonomy":"product_brand","embeddable":true,"href":"https:\/\/agoravape.com\/ro\/wp-json\/wp\/v2\/product_brand?post=13518"},{"taxonomy":"product_cat","embeddable":true,"href":"https:\/\/agoravape.com\/ro\/wp-json\/wp\/v2\/product_cat?post=13518"},{"taxonomy":"product_tag","embeddable":true,"href":"https:\/\/agoravape.com\/ro\/wp-json\/wp\/v2\/product_tag?post=13518"}],"curies":[{"name":"wp","href":"https:\/\/api.w.org\/{rel}","templated":true}]}}