{"id":13604,"date":"2025-10-11T18:07:45","date_gmt":"2025-10-11T10:07:45","guid":{"rendered":"https:\/\/green-grasshopper-921422.hostingersite.com\/?post_type=product&#038;p=13604"},"modified":"2026-01-19T22:07:43","modified_gmt":"2026-01-19T14:07:43","slug":"sfog-soul-bar-15000-puffs-bautura-vape","status":"publish","type":"product","link":"https:\/\/agoravape.com\/ro\/product\/sfog-soul-bar-15000-puffs-beverage-vape\/","title":{"rendered":"SFOG Soul Bar 15000 Puffs, Arom\u0103 de B\u0103utur\u0103 Vape | Num\u0103r Mare de Puffs. Arom\u0103 Inspirat\u0103 de B\u0103uturi."},"content":{"rendered":"<h2 data-v-md-heading=\"what-is-the-charm-of-sfog-soul-bar-15000-mouth-beverage-flavored-vapes\" data-v-md-line=\"3\">Care este farmecul \u021big\u0103rilor electronice cu arom\u0103 de b\u0103utur\u0103 SFOG Soul Bar 15000?<\/h2>\n<p data-v-md-line=\"4\">Dac\u0103 \u00ee\u021bi place s\u0103 alegi b\u0103uturile \u0219i te-ai s\u0103turat de expirarea rapid\u0103 a \u021big\u0103rilor electronice de unic\u0103 folosin\u021b\u0103, atunci acest produs va fi alegerea ideal\u0103. SFOG Soul Bar ofer\u0103 arome clasice de b\u0103uturi pentru o experien\u021b\u0103 relaxant\u0103 \u0219i convenabil\u0103. Durabil, cu gust stabil \u0219i u\u0219or de utilizat.<\/p>\n<p data-v-md-line=\"6\">Dac\u0103 \u00ee\u021bi dore\u0219ti o \u021bigar\u0103 electronic\u0103 fiabil\u0103 pentru zi, f\u0103r\u0103 a fi nevoie s\u0103 te joci cu sticla sau miezul atomizorului, atunci acest produs este alegerea ideal\u0103. Alege o arom\u0103 pe care o consumi des \u0219i \u00eencepe-\u021bi c\u0103l\u0103toria \u00een lumea \u021big\u0103rilor electronice.<\/p>\n<h2 data-v-md-heading=\"excellent-performance-easy-and-convenient\" data-v-md-line=\"8\">Performan\u021b\u0103 excelent\u0103, u\u0219or \u0219i convenabil<\/h2>\n<p data-v-md-line=\"9\">Soul Bar pune accent pe consecven\u021b\u0103. De la \u00eenceput p\u00e2n\u0103 la sf\u00e2r\u0219it, ve\u021bi primi un fum fin \u0219i uniform, permi\u021b\u00e2ndu-v\u0103 s\u0103 men\u021bine\u021bi un gust familiar \u00eenc\u0103 din prima zi. C\u00e2nd bateria este desc\u0103rcat\u0103, pur \u0219i simplu \u00eenc\u0103rca\u021bi-o pentru a continua s\u0103 o utiliza\u021bi. Nu este nevoie de butoane, nu este nevoie de meniuri. Un vape simplu \u0219i u\u0219or de utilizat, care se potrive\u0219te obiceiurilor dvs. zilnice. S-ar putea s\u0103 crede\u021bi c\u0103 utilizarea unui dispozitiv cu 15000 de porturi este dificil\u0103, dar, \u00een realitate, este foarte u\u0219or de utilizat.<\/p>\n<h2 data-v-md-heading=\"specification-introduction\" data-v-md-line=\"11\">Introducere \u00een specifica\u021bii<\/h2>\n<ul data-v-md-line=\"12\">\n<li>Num\u0103r de porturi: p\u00e2n\u0103 la 15000 de porturi<\/li>\n<li>Nicotin\u0103: Pie\u021be diferite ofer\u0103 concentra\u021bii diferite. V\u0103 rug\u0103m s\u0103 verifica\u021bi op\u021biunile de pe aceast\u0103 pagin\u0103.<\/li>\n<li>Principiu de func\u021bionare: Activat prin inhalare<\/li>\n<li>\u00cenc\u0103rcare: Design re\u00eenc\u0103rcabil. \u00cen prezent, majoritatea modelelor utilizeaz\u0103 interfa\u021b\u0103 USB Type-C. V\u0103 rug\u0103m s\u0103 verifica\u021bi dispozitivul.<\/li>\n<li>Stare: Gata de utilizare dup\u0103 despachetare<\/li>\n<\/ul>\n<h2 data-v-md-heading=\"full-flavor-series\" data-v-md-line=\"18\">Serie cu arom\u0103 complet\u0103<\/h2>\n<ul data-v-md-line=\"19\">\n<li>Iaurt cu arom\u0103 de portocal\u0103<\/li>\n<li>Arom\u0103 original\u0103 de Yakut<\/li>\n<li>B\u0103uturi energizante<\/li>\n<li>Coca-Cola clasic\u0103<\/li>\n<li>Rom cu ananas \u0219i nuc\u0103 de cocos<\/li>\n<li>Suc de mango<\/li>\n<li>Iaurt cu piersici \u0219i mango<\/li>\n<li>\u00cenghe\u021bat\u0103 Taro<\/li>\n<li>\u00cenghe\u021bat\u0103 de c\u0103p\u0219uni<\/li>\n<li>Litchi \u0219i Longan<\/li>\n<li>Struguri \u0219i mere<\/li>\n<li>Suc de afine<\/li>\n<li>Kiwi \u0219i c\u0103p\u0219uni<\/li>\n<li>Ghea\u021b\u0103 de pepene verde<\/li>\n<li>Ment\u0103 dubl\u0103<\/li>\n<\/ul>\n<h2 data-v-md-heading=\"for-you-for-your-business\" data-v-md-line=\"35\">Pentru tine, pentru afacerea ta<\/h2>\n<p data-v-md-line=\"36\">Po\u021bi achizi\u021biona o bar\u0103 SFOG Soul pentru tine sau po\u021bi face provizii pentru magazinul t\u0103u. Oferim cutii de carton en-gros pentru comercian\u021bii cu am\u0103nuntul. Num\u0103rul de cutii de carton poate varia \u00een func\u021bie de lot, a\u0219a c\u0103 te rug\u0103m s\u0103 ne contactezi pentru a afla despre num\u0103rul actual de cutii de carton \u0219i reducerile de pre\u021b.<\/p>\n<p data-v-md-line=\"38\">Op\u021biunile DDP sunt disponibile \u00een toat\u0103 Europa prin UPS, DPD \u0219i DHL, ceea ce face ca procesul de livrare s\u0103 fie foarte simplu. Tarifele au fost procesate \u00een avans, ceea ce \u00eenseamn\u0103 c\u0103 nu vor exista surprize nepl\u0103cute la vam\u0103. Comanda este ambalat\u0103 cu grij\u0103 \u0219i urm\u0103rit\u0103 complet.<\/p>\n<h2 data-v-md-heading=\"why-do-you-like-it\" data-v-md-line=\"40\">De ce \u00ee\u021bi place?<\/h2>\n<ul data-v-md-line=\"41\">\n<li>Bucur\u0103-te de b\u0103ut \u00een voie: \u00ce\u021bi po\u021bi reface energia \u00een orice moment \u0219i o po\u021bi folosi \u00een continuare, ceea ce \u00eenseamn\u0103 c\u0103 nu trebuie s\u0103-\u021bi umpli rezervorul \u00een ultimul moment sau s\u0103 fugi la magazin.<\/li>\n<li>Selec\u021bie de b\u0103uturi: Inspira\u021bia gustului provine din b\u0103uturi populare precum cola, b\u0103uturi energizante \u0219i iaurt mixt. Dulci, dar nu grase.<\/li>\n<li>Re\u00eenc\u0103rcabil: Pute\u021bi utiliza la maximum lichidul electronic \u00eencorporat f\u0103r\u0103 a fi nevoie s\u0103 arunca\u021bi echipamentul pe jum\u0103tate folosit.<\/li>\n<li>Fumare continu\u0103: Cu o simpl\u0103 puf\u0103ire, pute\u021bi experimenta cu u\u0219urin\u021b\u0103 gustul familiar.<\/li>\n<li>Op\u021biuni multiple de arome: De la rulouri fine cu iaurt la fructe r\u0103coritoare, exist\u0103 \u00eentotdeauna una care se potrive\u0219te utiliz\u0103rii tale zilnice.<\/li>\n<\/ul>\n<h2 data-v-md-heading=\"why-choose-to-collaborate-with-agoravape\" data-v-md-line=\"47\">De ce s\u0103 alegi s\u0103 colaborezi cu AgoraVape?<\/h2>\n<p data-v-md-line=\"48\">Trimitem doar produse 100% originale, prin canale de \u00eencredere. V\u0103 asigur\u0103m c\u0103 ave\u021bi calitate \u0219i trasabilitate. Clien\u021bii companiilor se pot bucura de pre\u021buri en-gros competitive, echipe profesionale de clien\u021bi \u0219i servicii rapide de livrare DDP de la UPS, DPD \u0219i DHL \u00een cadrul Uniunii Europene.<\/p>\n<p data-v-md-line=\"50\">Accept\u0103m v\u00e2nz\u0103ri validate \u00een func\u021bie de v\u00e2rst\u0103 \u0219i respect\u0103m directivele pie\u021bei UE. Ve\u021bi primi facturi clare, metode de plat\u0103 sigure \u0219i un proces convenabil pentru returnarea produselor defecte. Dori\u021bi s\u0103 pune\u021bi pe rafturi \u021big\u0103rile electronice cu arom\u0103 de b\u0103utur\u0103 SFOG Soul Bar 15000? V\u0103 rug\u0103m s\u0103 ne contacta\u021bi. V\u0103 vom ajuta s\u0103 selecta\u021bi combina\u021bia potrivit\u0103 de arom\u0103 \u0219i concentra\u021bie de nicotin\u0103 pentru clien\u021bii dumneavoastr\u0103.<\/p>","protected":false},"excerpt":{"rendered":"<p>What is the charm of SFOG Soul Bar 15000 mouth beverage flavored vapes? If you love the choice of drinking<\/p>","protected":false},"featured_media":13632,"comment_status":"open","ping_status":"closed","template":"","meta":[],"product_brand":[208],"product_cat":[124,185,1635,176,177,174,175,193,191,135,173,186,180,190],"product_tag":[],"class_list":{"0":"post-13604","1":"product","2":"type-product","3":"status-publish","4":"has-post-thumbnail","6":"product_brand-sfog","7":"product_cat-vape-by-brand","8":"product_cat-10000-puffs-high-capacity","9":"product_cat-15000-puffs","10":"product_cat-beverage","11":"product_cat-dessert-sweets","12":"product_cat-fruit-flavors","13":"product_cat-icy-mint","14":"product_cat-mesh-coil","15":"product_cat-rechargeable-disposables","16":"product_cat-sfog","17":"product_cat-vape-by-flavor-profile","18":"product_cat-vape-by-nicotine-strength","19":"product_cat-vape-by-puff-count","20":"product_cat-vape-by-feature-or-type","22":"first","23":"onbackorder","24":"shipping-taxable","25":"purchasable","26":"product-type-variable","27":"has-default-attributes"},"tiered_pricing_type":"percentage","tiered_pricing_fixed_rules":[],"tiered_pricing_product_settings":{"layout":"default","base_unit_name":{"singular":null,"plural":null},"default_variation":null},"tiered_pricing_minimum_quantity":10,"tiered_pricing_roles_data":[],"tiered_pricing_percentage_rules":{"30":"29","50":"35","100":"40","200":"44","500":"47","1000":"49"},"tiered_pricing_maximum_quantity":null,"tiered_pricing_quantity_step":"10","_links":{"self":[{"href":"https:\/\/agoravape.com\/ro\/wp-json\/wp\/v2\/product\/13604","targetHints":{"allow":["GET"]}}],"collection":[{"href":"https:\/\/agoravape.com\/ro\/wp-json\/wp\/v2\/product"}],"about":[{"href":"https:\/\/agoravape.com\/ro\/wp-json\/wp\/v2\/types\/product"}],"replies":[{"embeddable":true,"href":"https:\/\/agoravape.com\/ro\/wp-json\/wp\/v2\/comments?post=13604"}],"version-history":[{"count":0,"href":"https:\/\/agoravape.com\/ro\/wp-json\/wp\/v2\/product\/13604\/revisions"}],"wp:featuredmedia":[{"embeddable":true,"href":"https:\/\/agoravape.com\/ro\/wp-json\/wp\/v2\/media\/13632"}],"wp:attachment":[{"href":"https:\/\/agoravape.com\/ro\/wp-json\/wp\/v2\/media?parent=13604"}],"wp:term":[{"taxonomy":"product_brand","embeddable":true,"href":"https:\/\/agoravape.com\/ro\/wp-json\/wp\/v2\/product_brand?post=13604"},{"taxonomy":"product_cat","embeddable":true,"href":"https:\/\/agoravape.com\/ro\/wp-json\/wp\/v2\/product_cat?post=13604"},{"taxonomy":"product_tag","embeddable":true,"href":"https:\/\/agoravape.com\/ro\/wp-json\/wp\/v2\/product_tag?post=13604"}],"curies":[{"name":"wp","href":"https:\/\/api.w.org\/{rel}","templated":true}]}}