{"id":13650,"date":"2025-10-11T18:16:47","date_gmt":"2025-10-11T10:16:47","guid":{"rendered":"https:\/\/green-grasshopper-921422.hostingersite.com\/?post_type=product&#038;p=13650"},"modified":"2025-12-15T21:31:04","modified_gmt":"2025-12-15T13:31:04","slug":"sfog-crystal-bar-s85-600-puffs-tpd-vape","status":"publish","type":"product","link":"https:\/\/agoravape.com\/ro\/product\/sfog-crystal-bar-s85-600-puffs-tpd-vape\/","title":{"rendered":"SFOG Crystal Bar S85 600 Pufuri | Arom\u0103 conform\u0103 cu TPD \u00eentr-un baton accesibil"},"content":{"rendered":"<h2 data-v-md-heading=\"what-about-the-sfog-crystal-bar-s85-600-mouth-vape-that-meets-tpd-standards\" data-v-md-line=\"3\">Dar ce zici de \u021bigara electronic\u0103 SFOG Crystal Bar S85 600 care \u00eendepline\u0219te standardele TPD?<\/h2>\n<p data-v-md-line=\"4\">Dac\u0103 \u00ee\u021bi dore\u0219ti o \u021bigar\u0103 electronic\u0103 de unic\u0103 folosin\u021b\u0103 simpl\u0103 \u0219i u\u0219or de utilizat, SFOG Crystal Bar S85 este alegerea ideal\u0103. Folose\u0219te un rezervor de stocare de 2 ml, echipat cu sare de nicotin\u0103 2% (20 mg\/ml) \u0219i poate oferi p\u00e2n\u0103 la 600 de pufuri de fum. Nu este nevoie de butoane, este u\u0219or \u0219i convenabil. Bucur\u0103-te pur \u0219i simplu de o experien\u021b\u0103 de fum curat\u0103 \u0219i stabil\u0103, care s\u0103 \u00ee\u021bi satisfac\u0103 nevoile.<\/p>\n<p data-v-md-line=\"6\">Dac\u0103 dore\u0219ti un gust de \u00eencredere oric\u00e2nd \u0219i oriunde, aceasta este alegerea ideal\u0103. Aceast\u0103 \u021bigar\u0103 electronic\u0103 are dimensiuni compacte, doar 17 x 17 x 104 milimetri, ceea ce o face u\u0219or de \u00eencadrat \u00een orice buzunar. S-ar putea s\u0103 crezi c\u0103 o \u021bigar\u0103 electronic\u0103 de 600 de pufuri ar fi sub\u021bire, dar aceast\u0103 greutate de 50 de grame \u00ee\u021bi ofer\u0103 lini\u0219te sufleteasc\u0103 \u0219i nu te va face s\u0103 te sim\u021bi deloc greu.<\/p>\n<h2 data-v-md-heading=\"excellent-performance-easy-and-convenient\" data-v-md-line=\"8\">Performan\u021b\u0103 excelent\u0103, u\u0219or \u0219i convenabil<\/h2>\n<p data-v-md-line=\"9\">Rezisten\u021ba \u00eencorporat\u0103 cu plas\u0103 de 1,2 \u03a9 asigur\u0103 un gust consistent de la prima p\u00e2n\u0103 la ultima \u00eembuc\u0103tur\u0103. Rezisten\u021ba \u00eenc\u0103lze\u0219te uniform e-lichidul, asigur\u00e2ndu-se c\u0103 fiecare \u00eembuc\u0103tur\u0103 este la fel de delicioas\u0103 ca precedenta. Inhaleaz\u0103 pentru a activa, doar inhaleaz\u0103 u\u0219or pentru a activa. Nu este nevoie s\u0103 ajustezi set\u0103rile, este u\u0219or de \u00eenceput.<\/p>\n<h2 data-v-md-heading=\"specification-introduction\" data-v-md-line=\"11\">Introducere \u00een specifica\u021bii<\/h2>\n<ul data-v-md-line=\"12\">\n<li>Frecven\u021ba de aspirare: de p\u00e2n\u0103 la 600 de ori<\/li>\n<li>Nicotin\u0103: sare de nicotin\u0103 2% (20 mg\/ml)<\/li>\n<li>Principiu de func\u021bionare: Activat prin inhalare<\/li>\n<li>\u00cenc\u0103rcare: Nu este nevoie s\u0103 \u00eenc\u0103rca\u021bi (nu se re\u00eenc\u0103rceaz\u0103 o singur\u0103 dat\u0103)<\/li>\n<li>Stare: Gata de utilizare dup\u0103 despachetare<\/li>\n<\/ul>\n<h2 data-v-md-heading=\"full-range-of-flavors\" data-v-md-line=\"18\">Gam\u0103 complet\u0103 de arome<\/h2>\n<ul data-v-md-line=\"19\">\n<li>Triplu Mango<\/li>\n<li>Pepene galben triplu dulce<\/li>\n<li>Cire\u0219 cu bule<\/li>\n<li>Ghea\u021b\u0103 de pepene verde<\/li>\n<li>Coca cola<\/li>\n<li>L\u0103m\u00e2ie \u0219i lime<\/li>\n<li>Ghea\u021b\u0103 albastr\u0103 nebun\u0103<\/li>\n<li>Ghea\u021b\u0103 de ananas<\/li>\n<li>Kiwi \u0219i c\u0103p\u0219uni<\/li>\n<li>Ghea\u021b\u0103 de mentol<\/li>\n<li>Red Bull cu c\u0103p\u0219uni<\/li>\n<li>Vise de var\u0103<\/li>\n<li>Ghea\u021b\u0103 alb\u0103 gumat\u0103<\/li>\n<li>Ghea\u021b\u0103 de piersic\u0103<\/li>\n<li>Cola cu cire\u0219e<\/li>\n<\/ul>\n<h2 data-v-md-heading=\"for-you-for-your-business\" data-v-md-line=\"35\">Pentru tine, pentru afacerea ta<\/h2>\n<p data-v-md-line=\"36\">Pute\u021bi achizi\u021biona SFOG Crystal Bar S85 separat pentru uz personal sau \u00eel pute\u021bi depozita \u00een magazinul dvs. Oferim 300 de cutii de carton \u0219i rafturi de expunere en-gros. Colabor\u0103m cu parteneri de \u00eencredere precum UPS, DPD \u0219i DHL pentru a expedia folosind DDP, astfel \u00eenc\u00e2t tarifele pot fi procesate \u00een avans pentru a evita accidentele vamale.<\/p>\n<p data-v-md-line=\"38\">S85 respect\u0103 pe deplin standardele TPD \u0219i poate fi v\u00e2ndut \u00een Europa cu o capacitate de 2 mililitri \u0219i un con\u021binut de sare de nicotin\u0103 de 20 de miligrame. Dac\u0103 dori\u021bi un cartu\u0219 de \u021big\u0103ri de unic\u0103 folosin\u021b\u0103 cu 600 de buc\u0103\u021bi, cu care clien\u021bii sunt deja familiariza\u021bi, acest produs poate fi ad\u0103ugat cu u\u0219urin\u021b\u0103 pe orice raft.<\/p>\n<h2 data-v-md-heading=\"why-do-you-like-it\" data-v-md-line=\"40\">De ce \u00ee\u021bi place?<\/h2>\n<ul data-v-md-line=\"41\">\n<li>Aspira\u021bie masiv\u0103: p\u00e2n\u0103 la 600 de puf\u0103ri \u00eenseamn\u0103 mai pu\u021bine re\u00eenc\u0103rc\u0103ri \u0219i achizi\u021bii de ultim moment.<\/li>\n<li>Sare de nicotin\u0103 care \u00eendepline\u0219te standardele TPD: 20 mg de sare de nicotin\u0103 fin\u0103, cu gust plin \u0219i f\u0103r\u0103 senza\u021bie \u00een\u021bep\u0103toare.<\/li>\n<li>Nu este nevoie s\u0103 \u00eel \u00eenc\u0103rca\u021bi: pur \u0219i simplu ridica\u021bi-l \u0219i folosi\u021bi-l. Termina\u021bi imediat ce s-a terminat.<\/li>\n<li>Spir\u0103 de plas\u0103: ofer\u0103 un gust consistent \u0219i o experien\u021b\u0103 de aspirare fiabil\u0103 de fiecare dat\u0103.<\/li>\n<\/ul>\n<h2 data-v-md-heading=\"why-collaborate-with-agoravape\" data-v-md-line=\"46\">De ce s\u0103 colaborezi cu AgoraVape?<\/h2>\n<p data-v-md-line=\"47\">Vindem doar produse 100% originale, provenite de la canale de \u00eencredere care \u00eendeplinesc standardele TPD. Ve\u021bi beneficia de pre\u021buri reduse en-gros, asisten\u021b\u0103 prompt\u0103 \u0219i servicii de livrare rapid\u0103 DDP \u00een Uniunea European\u0103 \u0219i Regatul Unit. Efectu\u0103m verific\u0103ri stricte ale v\u00e2rstei la punctele de v\u00e2nzare cu am\u0103nuntul \u0219i stabilim politici clare de returnare \u0219i rambursare. Dori\u021bi s\u0103 achizi\u021biona\u021bi \u021big\u0103ri electronice SFOG Crystal Bar S85 600 care \u00eendeplinesc standardele TPD? V\u0103 rug\u0103m s\u0103 ne contacta\u021bi \u0219i vom selecta o gam\u0103 de produse de vaping care merit\u0103 r\u0103scump\u0103rate pentru dumneavoastr\u0103.<\/p>","protected":false},"excerpt":{"rendered":"<p>What about the SFOG Crystal Bar S85 600 mouth vape that meets TPD standards? If you want a simple and<\/p>","protected":false},"featured_media":13676,"comment_status":"open","ping_status":"closed","template":"","meta":[],"product_brand":[208],"product_cat":[124,189,176,174,175,193,135,181,173,186,180,190],"product_tag":[],"class_list":{"0":"post-13650","1":"product","2":"type-product","3":"status-publish","4":"has-post-thumbnail","6":"product_brand-sfog","7":"product_cat-vape-by-brand","8":"product_cat-20mg-standard-nicotine-vapes","9":"product_cat-beverage","10":"product_cat-fruit-flavors","11":"product_cat-icy-mint","12":"product_cat-mesh-coil","13":"product_cat-sfog","14":"product_cat-up-to-600-puffs-tpd-compliant","15":"product_cat-vape-by-flavor-profile","16":"product_cat-vape-by-nicotine-strength","17":"product_cat-vape-by-puff-count","18":"product_cat-vape-by-feature-or-type","20":"first","21":"instock","22":"shipping-taxable","23":"purchasable","24":"product-type-variable","25":"has-default-attributes"},"tiered_pricing_type":"percentage","tiered_pricing_fixed_rules":[],"tiered_pricing_product_settings":{"layout":"default","base_unit_name":{"singular":null,"plural":null},"default_variation":null},"tiered_pricing_minimum_quantity":10,"tiered_pricing_roles_data":[],"tiered_pricing_percentage_rules":{"30":"29","50":"35","100":"40","200":"44","500":"47","1000":"49"},"tiered_pricing_maximum_quantity":null,"tiered_pricing_quantity_step":"10","_links":{"self":[{"href":"https:\/\/agoravape.com\/ro\/wp-json\/wp\/v2\/product\/13650","targetHints":{"allow":["GET"]}}],"collection":[{"href":"https:\/\/agoravape.com\/ro\/wp-json\/wp\/v2\/product"}],"about":[{"href":"https:\/\/agoravape.com\/ro\/wp-json\/wp\/v2\/types\/product"}],"replies":[{"embeddable":true,"href":"https:\/\/agoravape.com\/ro\/wp-json\/wp\/v2\/comments?post=13650"}],"version-history":[{"count":0,"href":"https:\/\/agoravape.com\/ro\/wp-json\/wp\/v2\/product\/13650\/revisions"}],"wp:featuredmedia":[{"embeddable":true,"href":"https:\/\/agoravape.com\/ro\/wp-json\/wp\/v2\/media\/13676"}],"wp:attachment":[{"href":"https:\/\/agoravape.com\/ro\/wp-json\/wp\/v2\/media?parent=13650"}],"wp:term":[{"taxonomy":"product_brand","embeddable":true,"href":"https:\/\/agoravape.com\/ro\/wp-json\/wp\/v2\/product_brand?post=13650"},{"taxonomy":"product_cat","embeddable":true,"href":"https:\/\/agoravape.com\/ro\/wp-json\/wp\/v2\/product_cat?post=13650"},{"taxonomy":"product_tag","embeddable":true,"href":"https:\/\/agoravape.com\/ro\/wp-json\/wp\/v2\/product_tag?post=13650"}],"curies":[{"name":"wp","href":"https:\/\/api.w.org\/{rel}","templated":true}]}}