{"id":13694,"date":"2025-10-11T20:53:22","date_gmt":"2025-10-11T12:53:22","guid":{"rendered":"https:\/\/green-grasshopper-921422.hostingersite.com\/?post_type=product&#038;p=13694"},"modified":"2026-01-19T22:07:38","modified_gmt":"2026-01-19T14:07:38","slug":"fihp-9000-puffs-rgb-light-vape","status":"publish","type":"product","link":"https:\/\/agoravape.com\/ro\/product\/fihp-9000-puffs-rgb-light-vape\/","title":{"rendered":"FIHP 9000 Puffs RGB Light Vape de unic\u0103 folosin\u021b\u0103 | Pufuri de lung\u0103 durat\u0103, re\u00eenc\u0103rcare simpl\u0103"},"content":{"rendered":"<h2 data-v-md-heading=\"what-are-the-highlights-of-the-fihp-9000-rgb-disposable-vape\" data-v-md-line=\"3\">Care sunt punctele forte ale \u021big\u0103rii electronice de unic\u0103 folosin\u021b\u0103 FIHP 9000 RGB?<\/h2>\n<p data-v-md-line=\"4\">Dac\u0103 te-ai s\u0103turat de vaporizatoarele de unic\u0103 folosin\u021b\u0103 \u0219i le folose\u0219ti repede de fiecare dat\u0103, atunci acest vaporizator \u00ee\u021bi va u\u0219ura via\u021ba. Vaper-ul FIHP 9000 poate oferi o capacitate maxim\u0103 de 9000 de pufuri per unitate, iar bobina sa tip plas\u0103 absoarbe uleiul u\u0219or, men\u021bin\u00e2nd savoarea de la \u00eenceput p\u00e2n\u0103 la sf\u00e2r\u0219it. Adopt\u0103 un design de activare a absorb\u021biei uleiului, f\u0103r\u0103 a fi nevoie de butoane sau opera\u021biuni greoaie din meniu.<\/p>\n<p data-v-md-line=\"6\">Este potrivit pentru oricine \u00ee\u0219i dore\u0219te o utilizare zilnic\u0103 u\u0219oar\u0103 \u0219i durabilitate de lung\u0103 durat\u0103. \u00cen plus, este echipat cu o lumin\u0103 RGB interesant\u0103 care clipe\u0219te atunci c\u00e2nd absorbi ulei, ad\u0103ug\u00e2nd personalitate f\u0103r\u0103 a sta \u00een cale. S-ar putea s\u0103 sim\u021bi c\u0103 acest vaporizator cu o capacitate at\u00e2t de mare poate p\u0103rea voluminos, dar este un vaporizator de buzunar simplu \u0219i u\u0219or de utilizat, convenabil de transportat.<\/p>\n<h2 data-v-md-heading=\"excellent-performance-easy-and-convenient\" data-v-md-line=\"8\">Performan\u021b\u0103 excelent\u0103, u\u0219or \u0219i convenabil<\/h2>\n<p data-v-md-line=\"9\">Miezul de atomizare \u00eencorporat cu plas\u0103 de 1,0 \u03a9 asigur\u0103 o \u00eenc\u0103lzire uniform\u0103 \u0219i previne pierderea gustului pe parcurs. O baterie re\u00eenc\u0103rcabil\u0103 de 650 mAh \u00eenseamn\u0103 c\u0103 pute\u021bi utiliza p\u00e2n\u0103 la 18 mililitri de e-lichid. C\u00e2nd bateria este desc\u0103rcat\u0103, o pute\u021bi re\u00eenc\u0103rca prin interfa\u021ba Type-C. Aceasta poate fi aceea\u0219i ca \u0219i cablul de date de pe telefon. U\u0219or de utilizat.<\/p>\n<h2 data-v-md-heading=\"specification-overview\" data-v-md-line=\"11\">Prezentare general\u0103 a specifica\u021biilor<\/h2>\n<ul data-v-md-line=\"12\">\n<li>Suction frequency: up to 9000 times<\/li>\n<li>Con\u021binut de nicotin\u0103: 2% sau 5% (op\u021bional pentru m\u0103rcile brevetate)<\/li>\n<li>Principiu de func\u021bionare: Activat prin inhalare<\/li>\n<li>\u00cenc\u0103rcare: Interfa\u021b\u0103 USB standard de tip C<\/li>\n<li>Stare: Gata de utilizare imediat ce este scoas\u0103 din cutie<\/li>\n<\/ul>\n<h2 data-v-md-heading=\"to-create-for-you-and-your-business\" data-v-md-line=\"18\">Pentru a crea pentru tine \u0219i afacerea ta<\/h2>\n<p data-v-md-line=\"19\">Pute\u021bi achizi\u021biona un dispozitiv pentru uz zilnic sau v\u0103 pute\u021bi aproviziona pentru magazinul dvs. Oferim ambalaje en-gros de 200 de unit\u0103\u021bi per cutie pentru a simplifica inventarul \u0219i a men\u021bine marjele de profit. Fiecare cutie principal\u0103 c\u00e2nt\u0103re\u0219te aproximativ 21 de kilograme, astfel \u00eenc\u00e2t v\u0103 pute\u021bi planifica cu u\u0219urin\u021b\u0103 depozitarea.<\/p>\n<p data-v-md-line=\"21\">Colabor\u0103m cu parteneri de \u00eencredere precum UPS, DPD \u0219i DHL pentru a oferi servicii de livrare DDP \u00een toat\u0103 Europa, asigur\u00e2nd livrarea rapid\u0103 a comenzii dumneavoastr\u0103, gestionarea corect\u0103 a taxelor vamale \u0219i evitarea accidentelor vamale. Inventar autentic, facturi clare \u0219i livrare f\u0103r\u0103 probleme.<\/p>\n<h2 data-v-md-heading=\"why-do-you-like-it\" data-v-md-line=\"23\">De ce \u00ee\u021bi place?<\/h2>\n<ul data-v-md-line=\"24\">\n<li>Aspira\u021bie masiv\u0103: reduce\u021bi num\u0103rul de re\u00eenc\u0103rc\u0103ri \u0219i minimiza\u021bi achizi\u021biile repetate.<\/li>\n<li>Selec\u021bia nicotinei: Alege\u021bi concentra\u021bia de nicotin\u0103 care se potrive\u0219te clientului sau obiceiurilor personale.<\/li>\n<li>Re\u00eenc\u0103rcabil: Folose\u0219te fiecare pic\u0103tur\u0103 de e-lichid pe care o cumperi.<\/li>\n<li>Spir\u0103 de plas\u0103: Gust consistent, de la prima p\u00e2n\u0103 la ultima \u00eembuc\u0103tur\u0103, oferind o experien\u021b\u0103 satisf\u0103c\u0103toare.<\/li>\n<\/ul>\n<h2 data-v-md-heading=\"why-choose-agoravape\" data-v-md-line=\"29\">De ce s\u0103 alegi AgoraVape?<\/h2>\n<p data-v-md-line=\"30\">Cump\u0103r\u0103m doar produse 100% originale \u0219i suntem responsabili pentru produsele pe care le vindem. Fiind unul dintre distribuitorii de \u00eencredere de \u021big\u0103ri electronice din Europa, v\u0103 pute\u021bi bucura de pre\u021buri en-gros reduse, asisten\u021b\u0103 prietenoas\u0103 \u0219i servicii rapide de livrare DDP atunci c\u00e2nd achizi\u021biona\u021bi \u021big\u0103ri electronice de unic\u0103 folosin\u021b\u0103 FIHP 9000 Puffs RGB Light. Dori\u021bi s\u0103 achizi\u021biona\u021bi un dispozitiv pe care clien\u021bii \u00eel r\u0103scump\u0103r\u0103 adesea? Hai s\u0103 vorbim despre asta.<\/p>\n<p><script src=\"chrome-extension:\/\/fpelahbljekknahkcaegamhcndkfpfnc\/iFrame.js\" type=\"text\/javascript\"><\/script><\/p>","protected":false},"excerpt":{"rendered":"<p>&nbsp;<\/p>\n<p><script src=\"chrome-extension:\/\/fpelahbljekknahkcaegamhcndkfpfnc\/iFrame.js\" type=\"text\/javascript\"><\/script><\/p>\n<p><script src=\"chrome-extension:\/\/fpelahbljekknahkcaegamhcndkfpfnc\/iFrame.js\" type=\"text\/javascript\"><\/script><\/p>","protected":false},"featured_media":13716,"comment_status":"open","ping_status":"closed","template":"","meta":[],"product_brand":[209],"product_cat":[124,185,189,176,136,174,175,193,191,173,186,180,190],"product_tag":[],"class_list":{"0":"post-13694","1":"product","2":"type-product","3":"status-publish","4":"has-post-thumbnail","6":"product_brand-fihp","7":"product_cat-vape-by-brand","8":"product_cat-10000-puffs-high-capacity","9":"product_cat-20mg-standard-nicotine-vapes","10":"product_cat-beverage","11":"product_cat-fihp","12":"product_cat-fruit-flavors","13":"product_cat-icy-mint","14":"product_cat-mesh-coil","15":"product_cat-rechargeable-disposables","16":"product_cat-vape-by-flavor-profile","17":"product_cat-vape-by-nicotine-strength","18":"product_cat-vape-by-puff-count","19":"product_cat-vape-by-feature-or-type","21":"first","22":"onbackorder","23":"shipping-taxable","24":"purchasable","25":"product-type-variable","26":"has-default-attributes"},"tiered_pricing_type":"percentage","tiered_pricing_fixed_rules":[],"tiered_pricing_product_settings":{"layout":"default","base_unit_name":{"singular":null,"plural":null},"default_variation":null},"tiered_pricing_minimum_quantity":10,"tiered_pricing_roles_data":[],"tiered_pricing_percentage_rules":{"50":"35","100":"40","200":"44","500":"47","1000":"49"},"tiered_pricing_maximum_quantity":null,"tiered_pricing_quantity_step":"10","_links":{"self":[{"href":"https:\/\/agoravape.com\/ro\/wp-json\/wp\/v2\/product\/13694","targetHints":{"allow":["GET"]}}],"collection":[{"href":"https:\/\/agoravape.com\/ro\/wp-json\/wp\/v2\/product"}],"about":[{"href":"https:\/\/agoravape.com\/ro\/wp-json\/wp\/v2\/types\/product"}],"replies":[{"embeddable":true,"href":"https:\/\/agoravape.com\/ro\/wp-json\/wp\/v2\/comments?post=13694"}],"version-history":[{"count":0,"href":"https:\/\/agoravape.com\/ro\/wp-json\/wp\/v2\/product\/13694\/revisions"}],"wp:featuredmedia":[{"embeddable":true,"href":"https:\/\/agoravape.com\/ro\/wp-json\/wp\/v2\/media\/13716"}],"wp:attachment":[{"href":"https:\/\/agoravape.com\/ro\/wp-json\/wp\/v2\/media?parent=13694"}],"wp:term":[{"taxonomy":"product_brand","embeddable":true,"href":"https:\/\/agoravape.com\/ro\/wp-json\/wp\/v2\/product_brand?post=13694"},{"taxonomy":"product_cat","embeddable":true,"href":"https:\/\/agoravape.com\/ro\/wp-json\/wp\/v2\/product_cat?post=13694"},{"taxonomy":"product_tag","embeddable":true,"href":"https:\/\/agoravape.com\/ro\/wp-json\/wp\/v2\/product_tag?post=13694"}],"curies":[{"name":"wp","href":"https:\/\/api.w.org\/{rel}","templated":true}]}}