{"id":13732,"date":"2025-10-11T21:10:03","date_gmt":"2025-10-11T13:10:03","guid":{"rendered":"https:\/\/green-grasshopper-921422.hostingersite.com\/?post_type=product&#038;p=13732"},"modified":"2026-01-19T22:07:30","modified_gmt":"2026-01-19T14:07:30","slug":"fihp-12000-puffs-led-display-vape","status":"publish","type":"product","link":"https:\/\/agoravape.com\/ro\/product\/fihp-12000-puffs-led-display-vape\/","title":{"rendered":"FIHP 12000 Puffs cu LED Display Mesh Coil Vape | Arom\u0103 de lung\u0103 durat\u0103 cu control simplu"},"content":{"rendered":"<h2 data-v-md-heading=\"what-are-the-advantages-of-fihp-12000-led-display-screen-mesh-coil-electronic-cigarettes\" data-v-md-line=\"3\"><img loading=\"lazy\" decoding=\"async\" class=\"size-full wp-image-13746 alignright\" src=\"https:\/\/agoravape.com\/wp-content\/uploads\/2025\/10\/FIHP-12000-Puffs-LED-Display-Mesh-Coil-Vape_Agora_vape-1.webp\" alt=\"\" width=\"800\" height=\"800\" srcset=\"https:\/\/agoravape.com\/wp-content\/uploads\/2025\/10\/FIHP-12000-Puffs-LED-Display-Mesh-Coil-Vape_Agora_vape-1.webp 800w, https:\/\/agoravape.com\/wp-content\/uploads\/2025\/10\/FIHP-12000-Puffs-LED-Display-Mesh-Coil-Vape_Agora_vape-1-600x600.webp 600w, https:\/\/agoravape.com\/wp-content\/uploads\/2025\/10\/FIHP-12000-Puffs-LED-Display-Mesh-Coil-Vape_Agora_vape-1-300x300.webp 300w, https:\/\/agoravape.com\/wp-content\/uploads\/2025\/10\/FIHP-12000-Puffs-LED-Display-Mesh-Coil-Vape_Agora_vape-1-150x150.webp 150w, https:\/\/agoravape.com\/wp-content\/uploads\/2025\/10\/FIHP-12000-Puffs-LED-Display-Mesh-Coil-Vape_Agora_vape-1-768x768.webp 768w\" sizes=\"auto, (max-width: 800px) 100vw, 800px\" \/><\/h2>\n<h2 data-v-md-heading=\"what-are-the-advantages-of-fihp-12000-led-display-screen-mesh-coil-electronic-cigarettes\" data-v-md-line=\"3\">Care sunt avantajele \u021big\u0103rilor electronice cu ecran LED FIHP 12000 mesh coil?<\/h2>\n<p data-v-md-line=\"4\">Dac\u0103 te-ai s\u0103turat s\u0103-\u021bi schimbi \u021bigara electronic\u0103 la fiecare c\u00e2teva zile, acest produs \u00ee\u021bi poate u\u0219ura via\u021ba. FIHP 12000 poate oferi o capacitate de p\u00e2n\u0103 la 12000 de porturi, cu o rezisten\u021b\u0103 tip plas\u0103 pentru o experien\u021b\u0103 de aspirare lin\u0103 \u0219i un ecran LED pentru o vizibilitate u\u0219oar\u0103. Nu-\u021bi face griji, pur \u0219i simplu ia-l \u00een m\u00e2n\u0103 \u0219i bucur\u0103-te de el.<\/p>\n<p data-v-md-line=\"6\">Este potrivit pentru oricine \u00ee\u0219i dore\u0219te un gust stabil \u0219i o durat\u0103 lung\u0103 de via\u021b\u0103 a bateriei, f\u0103r\u0103 a fi nevoie de set\u0103ri complicate. \u00ce\u021bi dore\u0219ti o experien\u021b\u0103 curat\u0103 \u0219i consistent\u0103 oric\u00e2nd, oriunde. Acest produs \u00ee\u021bi satisface nevoile.<\/p>\n<h2 data-v-md-heading=\"excellent-performance-easy-and-convenient\" data-v-md-line=\"8\">Performan\u021b\u0103 excelent\u0103, u\u0219or \u0219i convenabil<\/h2>\n<p data-v-md-line=\"9\">Rezisten\u021ba de tip plas\u0103 de 1,0 \u03a9 asigur\u0103 un gust consistent. Aceasta \u00eenseamn\u0103 c\u0103 gustul primei \u0219i ultimei \u00eembuc\u0103turi este aproape identic. S-ar putea s\u0103 crede\u021bi c\u0103 mirosul dispozitivelor cu aspira\u021bie puternic\u0103 se va diminua treptat, dar rezisten\u021ba de tip plas\u0103 poate r\u0103m\u00e2ne stabil\u0103. C\u00e2nd bateria este desc\u0103rcat\u0103, pute\u021bi utiliza un cablu de date de tip C pentru a o \u00eenc\u0103rca. Acesta poate fi acela\u0219i cablu folosit pe telefon. Este simplu.<\/p>\n<h2 data-v-md-heading=\"specification-introduction\" data-v-md-line=\"11\">Introducere \u00een specifica\u021bii<\/h2>\n<ul data-v-md-line=\"12\">\n<li>Frecven\u021ba de aspirare: p\u00e2n\u0103 la 12000 de ori<\/li>\n<li>Con\u021binut de nicotin\u0103: standard 2% (20 mg\/ml); Comenzile de etichet\u0103 privat\u0103 pot con\u021bine un con\u021binut de nicotin\u0103 de 5%.<\/li>\n<li>Capacitate lichid electronic: 20 mililitri<\/li>\n<li>Metod\u0103 de activare: Poate fi utilizat\u0103 f\u0103r\u0103 configurare<\/li>\n<li>Metod\u0103 de \u00eenc\u0103rcare: Interfa\u021b\u0103 USB de tip C<\/li>\n<li>Stare: Ulei preumplut, re\u00eenc\u0103rcabil<\/li>\n<\/ul>\n<h2 data-v-md-heading=\"complete-flavor-series\" data-v-md-line=\"19\">Serie complet\u0103 de arome<\/h2>\n<ul data-v-md-line=\"20\">\n<li>Bogat \u0219i r\u0103coritor<\/li>\n<li>Strugurii sunt r\u0103coritori<\/li>\n<li>Cirea\u0219\u0103<\/li>\n<li>Afine \u0219i zmeur\u0103<\/li>\n<li>Kiwi \u0219i c\u0103p\u0219uni<\/li>\n<li>Fructe de p\u0103dure mixte<\/li>\n<li>Pepene verde cu c\u0103p\u0219uni<\/li>\n<li>Gum\u0103 de mestecat cu pepene verde<\/li>\n<li>Piersic\u0103, Mango, Ananas<\/li>\n<li>Kiwi, fructul pasiunii, guava<\/li>\n<\/ul>\n<h2 data-v-md-heading=\"for-you-and-your-business\" data-v-md-line=\"31\">Pentru tine \u0219i afacerea ta<\/h2>\n<p data-v-md-line=\"32\">Cumperi pentru tine? Vei primi o \u021bigar\u0103 electronic\u0103 de lung\u0103 durat\u0103, cu gust stabil \u0219i \u00eenc\u0103rcare rapid\u0103. U\u0219or de utilizat. Vrei s\u0103 te aprovizionezi pentru magazinul t\u0103u? Oferim ambalaje en-gros de 200 de unit\u0103\u021bi per cutie. Greutatea cutiei de carton este de 17,5 kilograme, ceea ce \u00ee\u021bi permite s\u0103 planifici depozitarea \u0219i transportul cu u\u0219urin\u021b\u0103.<\/p>\n<p data-v-md-line=\"34\">Colabor\u0103m cu parteneri de \u00eencredere precum UPS, DPD \u0219i DHL pentru a utiliza transportul DDP (Delivered Duty Paid - Livrat cu taxe pl\u0103tite) pentru a asigura v\u0103muirea f\u0103r\u0103 probleme a m\u0103rfurilor dumneavoastr\u0103, f\u0103r\u0103 incidente nea\u0219teptate la vam\u0103. V\u0103 pute\u021bi concentra pe v\u00e2nz\u0103ri, iar noi ne vom ocupa de documentele relevante.<\/p>\n<h2 data-v-md-heading=\"why-do-you-like-it\" data-v-md-line=\"36\">De ce \u00ee\u021bi place?<\/h2>\n<ul data-v-md-line=\"37\">\n<li>Cicluri multiple de aspirare: durat\u0103 de via\u021b\u0103 mai lung\u0103, nu este nevoie de \u00eenlocuirea frecvent\u0103 a echipamentului.<\/li>\n<li>Selec\u021bia con\u021binutului de nicotin\u0103: Pentru utilizarea zilnic\u0103 se poate alege 2% nicotin\u0103, \u00een timp ce pentru m\u0103rcile private se poate alege 5% nicotin\u0103.<\/li>\n<li>Re\u00eenc\u0103rcabil\u0103: 20 ml nicotin\u0103, folosi\u021bi ultima pic\u0103tur\u0103.<\/li>\n<li>Miezul atomizorului din plas\u0103: men\u021bine un gust consistent la fiecare aspirare.<\/li>\n<\/ul>\n<h2 data-v-md-heading=\"why-choose-to-collaborate-with-agoravape\" data-v-md-line=\"42\">De ce s\u0103 alegi s\u0103 colaborezi cu AgoraVape?<\/h2>\n<p data-v-md-line=\"43\">Furniz\u0103m doar produse 100% originale de la m\u0103rcile noastre de \u00eencredere. Clien\u021bii companii care achizi\u021bioneaz\u0103 \u021big\u0103ri electronice cu bobin\u0103 de tip mesh cu afi\u0219aj LED FIHP 12000 se pot bucura de pre\u021buri en-gros reduse, asisten\u021b\u0103 rapid\u0103 \u0219i servicii de livrare rapide \u0219i fiabile. Contacta\u021bi-ne pentru a v\u0103 aproviziona cu un dispozitiv care merit\u0103 r\u0103scump\u0103rat pentru clien\u021bii dumneavoastr\u0103.<\/p>\n<p data-v-md-line=\"43\"><img loading=\"lazy\" decoding=\"async\" class=\"aligncenter size-full wp-image-13747\" src=\"https:\/\/agoravape.com\/wp-content\/uploads\/2025\/10\/FIHP-12000-Puffs-LED-Display-Mesh-Coil-Vape_Agora_vape-2.webp\" alt=\"\" width=\"800\" height=\"800\" srcset=\"https:\/\/agoravape.com\/wp-content\/uploads\/2025\/10\/FIHP-12000-Puffs-LED-Display-Mesh-Coil-Vape_Agora_vape-2.webp 800w, https:\/\/agoravape.com\/wp-content\/uploads\/2025\/10\/FIHP-12000-Puffs-LED-Display-Mesh-Coil-Vape_Agora_vape-2-600x600.webp 600w, https:\/\/agoravape.com\/wp-content\/uploads\/2025\/10\/FIHP-12000-Puffs-LED-Display-Mesh-Coil-Vape_Agora_vape-2-300x300.webp 300w, https:\/\/agoravape.com\/wp-content\/uploads\/2025\/10\/FIHP-12000-Puffs-LED-Display-Mesh-Coil-Vape_Agora_vape-2-150x150.webp 150w, https:\/\/agoravape.com\/wp-content\/uploads\/2025\/10\/FIHP-12000-Puffs-LED-Display-Mesh-Coil-Vape_Agora_vape-2-768x768.webp 768w\" sizes=\"auto, (max-width: 800px) 100vw, 800px\" \/><\/p>","protected":false},"excerpt":{"rendered":"<p>Care sunt avantajele FIHP 12000 LED display screen mesh coil \u021big\u0103ri electronice? Dac\u0103 v-a\u021bi s\u0103turat s\u0103 v\u0103 schimba\u021bi<\/p>","protected":false},"featured_media":13757,"comment_status":"open","ping_status":"closed","template":"","meta":[],"product_brand":[209],"product_cat":[124,185,1634,189,177,136,174,175,193,191,173,186,180,190,192],"product_tag":[],"class_list":{"0":"post-13732","1":"product","2":"type-product","3":"status-publish","4":"has-post-thumbnail","6":"product_brand-fihp","7":"product_cat-vape-by-brand","8":"product_cat-10000-puffs-high-capacity","9":"product_cat-12000-puffs","10":"product_cat-20mg-standard-nicotine-vapes","11":"product_cat-dessert-sweets","12":"product_cat-fihp","13":"product_cat-fruit-flavors","14":"product_cat-icy-mint","15":"product_cat-mesh-coil","16":"product_cat-rechargeable-disposables","17":"product_cat-vape-by-flavor-profile","18":"product_cat-vape-by-nicotine-strength","19":"product_cat-vape-by-puff-count","20":"product_cat-vape-by-feature-or-type","21":"product_cat-vapes-with-screens","23":"first","24":"onbackorder","25":"shipping-taxable","26":"purchasable","27":"product-type-variable","28":"has-default-attributes"},"tiered_pricing_type":"percentage","tiered_pricing_fixed_rules":[],"tiered_pricing_product_settings":{"layout":"default","base_unit_name":{"singular":null,"plural":null},"default_variation":null},"tiered_pricing_minimum_quantity":10,"tiered_pricing_roles_data":[],"tiered_pricing_percentage_rules":{"50":"35","100":"40","200":"44","500":"47","1000":"49"},"tiered_pricing_maximum_quantity":null,"tiered_pricing_quantity_step":"10","_links":{"self":[{"href":"https:\/\/agoravape.com\/ro\/wp-json\/wp\/v2\/product\/13732","targetHints":{"allow":["GET"]}}],"collection":[{"href":"https:\/\/agoravape.com\/ro\/wp-json\/wp\/v2\/product"}],"about":[{"href":"https:\/\/agoravape.com\/ro\/wp-json\/wp\/v2\/types\/product"}],"replies":[{"embeddable":true,"href":"https:\/\/agoravape.com\/ro\/wp-json\/wp\/v2\/comments?post=13732"}],"version-history":[{"count":0,"href":"https:\/\/agoravape.com\/ro\/wp-json\/wp\/v2\/product\/13732\/revisions"}],"wp:featuredmedia":[{"embeddable":true,"href":"https:\/\/agoravape.com\/ro\/wp-json\/wp\/v2\/media\/13757"}],"wp:attachment":[{"href":"https:\/\/agoravape.com\/ro\/wp-json\/wp\/v2\/media?parent=13732"}],"wp:term":[{"taxonomy":"product_brand","embeddable":true,"href":"https:\/\/agoravape.com\/ro\/wp-json\/wp\/v2\/product_brand?post=13732"},{"taxonomy":"product_cat","embeddable":true,"href":"https:\/\/agoravape.com\/ro\/wp-json\/wp\/v2\/product_cat?post=13732"},{"taxonomy":"product_tag","embeddable":true,"href":"https:\/\/agoravape.com\/ro\/wp-json\/wp\/v2\/product_tag?post=13732"}],"curies":[{"name":"wp","href":"https:\/\/api.w.org\/{rel}","templated":true}]}}