{"id":13830,"date":"2025-10-12T09:58:04","date_gmt":"2025-10-12T01:58:04","guid":{"rendered":"https:\/\/green-grasshopper-921422.hostingersite.com\/?post_type=product&#038;p=13830"},"modified":"2026-01-19T22:07:13","modified_gmt":"2026-01-19T14:07:13","slug":"airmez-matrix-30k-puffs-touch-pad-vape","status":"publish","type":"product","link":"https:\/\/agoravape.com\/ro\/product\/airmez-matrix-30k-puffs-touch-pad-vape\/","title":{"rendered":"Vape Airmez Matrix 30K Puffs cu touchpad \u0219i plas\u0103 dubl\u0103 | Arom\u0103 de lung\u0103 durat\u0103, control u\u0219or"},"content":{"rendered":"<h2 data-v-md-heading=\"what-are-the-highlights-of-the-airmez-matrix-30k-touchpad-dual-mesh-vape\" data-v-md-line=\"3\"><img loading=\"lazy\" decoding=\"async\" class=\"aligncenter size-full wp-image-13842\" src=\"https:\/\/agoravape.com\/wp-content\/uploads\/2025\/10\/Airmez-Matrix-30K-Puffs-Touch-Pad-Dual-Mesh-Vape_Agora_vape-1.webp\" alt=\"\" width=\"2080\" height=\"2080\" srcset=\"https:\/\/agoravape.com\/wp-content\/uploads\/2025\/10\/Airmez-Matrix-30K-Puffs-Touch-Pad-Dual-Mesh-Vape_Agora_vape-1.webp 2080w, https:\/\/agoravape.com\/wp-content\/uploads\/2025\/10\/Airmez-Matrix-30K-Puffs-Touch-Pad-Dual-Mesh-Vape_Agora_vape-1-600x600.webp 600w, https:\/\/agoravape.com\/wp-content\/uploads\/2025\/10\/Airmez-Matrix-30K-Puffs-Touch-Pad-Dual-Mesh-Vape_Agora_vape-1-1200x1200.webp 1200w, https:\/\/agoravape.com\/wp-content\/uploads\/2025\/10\/Airmez-Matrix-30K-Puffs-Touch-Pad-Dual-Mesh-Vape_Agora_vape-1-300x300.webp 300w, https:\/\/agoravape.com\/wp-content\/uploads\/2025\/10\/Airmez-Matrix-30K-Puffs-Touch-Pad-Dual-Mesh-Vape_Agora_vape-1-1024x1024.webp 1024w, https:\/\/agoravape.com\/wp-content\/uploads\/2025\/10\/Airmez-Matrix-30K-Puffs-Touch-Pad-Dual-Mesh-Vape_Agora_vape-1-150x150.webp 150w, https:\/\/agoravape.com\/wp-content\/uploads\/2025\/10\/Airmez-Matrix-30K-Puffs-Touch-Pad-Dual-Mesh-Vape_Agora_vape-1-768x768.webp 768w, https:\/\/agoravape.com\/wp-content\/uploads\/2025\/10\/Airmez-Matrix-30K-Puffs-Touch-Pad-Dual-Mesh-Vape_Agora_vape-1-1536x1536.webp 1536w, https:\/\/agoravape.com\/wp-content\/uploads\/2025\/10\/Airmez-Matrix-30K-Puffs-Touch-Pad-Dual-Mesh-Vape_Agora_vape-1-2048x2048.webp 2048w\" sizes=\"auto, (max-width: 2080px) 100vw, 2080px\" \/><\/h2>\n<h2 data-v-md-heading=\"what-are-the-highlights-of-the-airmez-matrix-30k-touchpad-dual-mesh-vape\" data-v-md-line=\"3\">Care sunt punctele forte ale \u021big\u0103rii electronice Airmez Matrix 30K cu touchpad \u0219i dubl\u0103 plas\u0103?<\/h2>\n<p data-v-md-line=\"4\">Dac\u0103 te-ai s\u0103turat de b\u0103taia de cap a r\u0103m\u00e2i f\u0103r\u0103 combustibil imediat ce \u00eencerci pentru prima dat\u0103 o anumit\u0103 arom\u0103, atunci merit\u0103 \u00eencercat Airmez Matrix 30K. Este conceput special pentru cei care caut\u0103 \u00eembuc\u0103turi copioase, arome bogate \u0219i o manipulare u\u0219oar\u0103.<\/p>\n<p data-v-md-line=\"6\">Este echipat cu un touchpad sensibil \u0219i un ecran clar de 2,1 inci, ceea ce faciliteaz\u0103 reglarea admisiei de aer \u0219i verificarea nivelului bateriei. S-ar putea s\u0103 sim\u021bi c\u0103 \u021big\u0103rile electronice cu un num\u0103r at\u00e2t de mare de guri sunt pu\u021bin voluminoase, dar Matrix este suficient de practic pentru a fi transportat zilnic.<\/p>\n<h2 data-v-md-heading=\"excellent-performance-easy-and-convenient\" data-v-md-line=\"8\">Performan\u021b\u0103 excelent\u0103, u\u0219or \u0219i convenabil<\/h2>\n<p data-v-md-line=\"9\">Rezistenta cu plas\u0103 dubl\u0103 (1,2 \u03a9) este esen\u021bial\u0103. Poate fi \u00eenc\u0103lzit\u0103 uniform, asigur\u00e2nd un gust fin \u0219i fin de la \u00eenceput p\u00e2n\u0103 la sf\u00e2r\u0219it, cu fiecare aspirare. C\u00e2nd bateria este desc\u0103rcat\u0103, pur \u0219i simplu conecta\u021bi cablul de date Type-C pentru a continua utilizarea. Nu este nevoie de \u00eenc\u0103rc\u0103toare speciale, economisind timp \u0219i efort.<\/p>\n<h2 data-v-md-heading=\"specification-introduction\" data-v-md-line=\"11\">Introducere \u00een specifica\u021bii<\/h2>\n<ul data-v-md-line=\"12\">\n<li>Frecven\u021ba de aspirare: p\u00e2n\u0103 la 30000 de ori<\/li>\n<li>Nicotine: 5% nicotine salt<\/li>\n<li>Principiu de func\u021bionare: Activat prin inhalare<\/li>\n<li>\u00cenc\u0103rcare: Interfa\u021b\u0103 USB standard de tip C<\/li>\n<li>Stare: Gata de utilizare imediat ce este scoas\u0103 din cutie<\/li>\n<li>Capacitate lichid electronic: 22 mililitri<\/li>\n<li>Baterie: baterie re\u00eenc\u0103rcabil\u0103 de 800 mAh<\/li>\n<li>Flux de aer: reglabil prin ecran tactil<\/li>\n<li>Ecran: ecran de 2,1 inci pentru o vizualizare u\u0219oar\u0103<\/li>\n<\/ul>\n<h2 data-v-md-heading=\"multiple-flavor-options\" data-v-md-line=\"22\">Op\u021biuni multiple de arome<\/h2>\n<ul data-v-md-line=\"23\">\n<li>Ghea\u021b\u0103 de pepene verde<\/li>\n<li>Afine de ghea\u021b\u0103<\/li>\n<li>Afine \u0219i zmeur\u0103<\/li>\n<li>Ghea\u021b\u0103 de c\u0103p\u0219uni<\/li>\n<li>Ghea\u021b\u0103 de struguri<\/li>\n<li>Fructe de p\u0103dure mixte<\/li>\n<li>Fructul dragonului<\/li>\n<li>Kiwi \u0219i c\u0103p\u0219uni<\/li>\n<li>Kiwi, fructul pasiunii, guava<\/li>\n<li>Zmeur\u0103 albastr\u0103 acid\u0103<\/li>\n<li>Cola cu cire\u0219e<\/li>\n<li>L\u0103m\u00e2ie \u0219i lime<\/li>\n<\/ul>\n<h2 data-v-md-heading=\"for-you-for-your-business\" data-v-md-line=\"36\">Pentru tine, pentru afacerea ta<\/h2>\n<p data-v-md-line=\"37\">Pute\u021bi alege Airmez Matrix 30K pentru uz personal sau \u00eel pute\u021bi achizi\u021biona pentru magazinul dvs. Ambalajul en-gros este simplu. Cinci rafturi de afi\u0219are formeaz\u0103 o cutie, cu 200 de buc\u0103\u021bi per cutie. Livr\u0103m \u00een Europa prin intermediul unor transportatori de \u00eencredere, cum ar fi UPS, DPD \u0219i DHL prin DDP, astfel \u00eenc\u00e2t tarifele sunt acoperite \u0219i nu vor exista probleme vamale nea\u0219teptate.<\/p>\n<p data-v-md-line=\"39\">Reglement\u0103rile variaz\u0103 de la o \u021bar\u0103 la alta. Matrix con\u021bine 22 de mililitri de lichid pentru \u021big\u0103ri electronice \u0219i 5% nicotin\u0103, ceea ce este posibil s\u0103 nu fie permis \u00een toate \u021b\u0103rile. V\u0103 rug\u0103m s\u0103 verifica\u021bi reglement\u0103rile locale TPD\/TRRP \u00eenainte de a cump\u0103ra sau depozita. Vom efectua verificarea v\u00e2rstei pentru comenzile aplicabile \u0219i vom furniza doar produse originale.<\/p>\n<h2 data-v-md-heading=\"why-do-you-like-it\" data-v-md-line=\"41\">De ce \u00ee\u021bi place?<\/h2>\n<ul data-v-md-line=\"42\">\n<li>Aspira\u021bie masiv\u0103: Nu este nevoie s\u0103 schimba\u021bi echipamentul, pute\u021bi avea mai mult timp s\u0103 v\u0103 bucura\u021bi de gustul dumneavoastr\u0103.<\/li>\n<li>Op\u021biune cu nicotin\u0103 cu concentra\u021bie mare: 5% sare de nicotin\u0103, oferind o experien\u021b\u0103 de fumat bogat\u0103 \u0219i satisf\u0103c\u0103toare.<\/li>\n<li>Re\u00eenc\u0103rcabil\u0103: Folose\u0219te interfa\u021ba Type-C pentru a utiliza toate e-lichidele pe care le cumperi.<\/li>\n<li>Miez de atomizor cu plas\u0103 dubl\u0103: Se pot ob\u021bine fum consistent \u0219i gust pur cu fiecare aspirare.<\/li>\n<li>Admisie reglabil\u0103: Regla\u021bi o aspira\u021bie mai puternic\u0103 sau deschide\u021bi admisia pentru a v\u0103 bucura de o experien\u021b\u0103 mai u\u0219oar\u0103 \u0219i mai lin\u0103.<\/li>\n<li>Touchpad+ecran: control rapid \u0219i clar, f\u0103r\u0103 a ghici.<\/li>\n<\/ul>\n<h2 data-v-md-heading=\"why-collaborate-with-agoravape\" data-v-md-line=\"49\">De ce s\u0103 colaborezi cu AgoraVape?<\/h2>\n<p data-v-md-line=\"50\">Vindem doar produse 100% originale \u0219i nu avem nicio \u00eendoial\u0103 \u00een privin\u021ba asta. V\u0103 pute\u021bi bucura de pre\u021buri en-gros extrem de competitive, servicii de livrare DDP fiabile \u00een Europa \u0219i urm\u0103rire precis\u0103 de la UPS, DPD sau DHL. Plata se face printr-o poart\u0103 de acces securizat\u0103, iar datele dvs. sunt \u00eentotdeauna protejate. Dac\u0103 exist\u0103 probleme, echipa noastr\u0103 profesional\u0103 de returnare \u0219i asisten\u021b\u0103 v\u0103 va ajuta s\u0103 le rezolva\u021bi cu u\u0219urin\u021b\u0103. Dori\u021bi s\u0103 cump\u0103ra\u021bi \u021bigara electronic\u0103 Airmez Matrix 30K Puffs cu plas\u0103 dubl\u0103 \u0219i touchpad? V\u0103 rug\u0103m s\u0103 ne contacta\u021bi \u0219i v\u0103 vom ajuta s\u0103 le introduce\u021bi rapid aromele de care clien\u021bii dvs. au cu adev\u0103rat nevoie.<\/p>\n<p><script src=\"chrome-extension:\/\/fpelahbljekknahkcaegamhcndkfpfnc\/iFrame.js\" type=\"text\/javascript\"><\/script><\/p>","protected":false},"excerpt":{"rendered":"<p>&nbsp;<\/p>\n<p><script src=\"chrome-extension:\/\/fpelahbljekknahkcaegamhcndkfpfnc\/iFrame.js\" type=\"text\/javascript\"><\/script><\/p>\n<p><script src=\"chrome-extension:\/\/fpelahbljekknahkcaegamhcndkfpfnc\/iFrame.js\" type=\"text\/javascript\"><\/script><\/p>\n<p><script src=\"chrome-extension:\/\/fpelahbljekknahkcaegamhcndkfpfnc\/iFrame.js\" type=\"text\/javascript\"><\/script><\/p>\n<p><script src=\"chrome-extension:\/\/fpelahbljekknahkcaegamhcndkfpfnc\/iFrame.js\" type=\"text\/javascript\"><\/script><\/p>","protected":false},"featured_media":13857,"comment_status":"open","ping_status":"closed","template":"","meta":[],"product_brand":[210],"product_cat":[124,185,194,137,176,174,175,193,191,173,186,180,190,192],"product_tag":[],"class_list":{"0":"post-13830","1":"product","2":"type-product","3":"status-publish","4":"has-post-thumbnail","6":"product_brand-airmez","7":"product_cat-vape-by-brand","8":"product_cat-10000-puffs-high-capacity","9":"product_cat-adjustable-airflow","10":"product_cat-airmez","11":"product_cat-beverage","12":"product_cat-fruit-flavors","13":"product_cat-icy-mint","14":"product_cat-mesh-coil","15":"product_cat-rechargeable-disposables","16":"product_cat-vape-by-flavor-profile","17":"product_cat-vape-by-nicotine-strength","18":"product_cat-vape-by-puff-count","19":"product_cat-vape-by-feature-or-type","20":"product_cat-vapes-with-screens","22":"first","23":"onbackorder","24":"shipping-taxable","25":"purchasable","26":"product-type-variable","27":"has-default-attributes"},"tiered_pricing_type":"percentage","tiered_pricing_fixed_rules":[],"tiered_pricing_product_settings":{"layout":"default","base_unit_name":{"singular":null,"plural":null},"default_variation":null},"tiered_pricing_minimum_quantity":10,"tiered_pricing_roles_data":[],"tiered_pricing_percentage_rules":{"30":"29","50":"35","100":"40","200":"44","500":"47","1000":"49"},"tiered_pricing_maximum_quantity":null,"tiered_pricing_quantity_step":"10","_links":{"self":[{"href":"https:\/\/agoravape.com\/ro\/wp-json\/wp\/v2\/product\/13830","targetHints":{"allow":["GET"]}}],"collection":[{"href":"https:\/\/agoravape.com\/ro\/wp-json\/wp\/v2\/product"}],"about":[{"href":"https:\/\/agoravape.com\/ro\/wp-json\/wp\/v2\/types\/product"}],"replies":[{"embeddable":true,"href":"https:\/\/agoravape.com\/ro\/wp-json\/wp\/v2\/comments?post=13830"}],"version-history":[{"count":0,"href":"https:\/\/agoravape.com\/ro\/wp-json\/wp\/v2\/product\/13830\/revisions"}],"wp:featuredmedia":[{"embeddable":true,"href":"https:\/\/agoravape.com\/ro\/wp-json\/wp\/v2\/media\/13857"}],"wp:attachment":[{"href":"https:\/\/agoravape.com\/ro\/wp-json\/wp\/v2\/media?parent=13830"}],"wp:term":[{"taxonomy":"product_brand","embeddable":true,"href":"https:\/\/agoravape.com\/ro\/wp-json\/wp\/v2\/product_brand?post=13830"},{"taxonomy":"product_cat","embeddable":true,"href":"https:\/\/agoravape.com\/ro\/wp-json\/wp\/v2\/product_cat?post=13830"},{"taxonomy":"product_tag","embeddable":true,"href":"https:\/\/agoravape.com\/ro\/wp-json\/wp\/v2\/product_tag?post=13830"}],"curies":[{"name":"wp","href":"https:\/\/api.w.org\/{rel}","templated":true}]}}