{"id":13921,"date":"2025-10-12T12:58:30","date_gmt":"2025-10-12T04:58:30","guid":{"rendered":"https:\/\/green-grasshopper-921422.hostingersite.com\/?post_type=product&#038;p=13921"},"modified":"2026-01-30T17:31:05","modified_gmt":"2026-01-30T09:31:05","slug":"airmez-fox-4-in-1-quad-aroma-vape","status":"publish","type":"product","link":"https:\/\/agoravape.com\/ro\/product\/airmez-fox-4-in-1-quad-flavor-vape\/","title":{"rendered":"Airmez Fox 4-in-1 Quad Flavor Disposable Vape | Four flavours, one device"},"content":{"rendered":"<h2 data-v-md-heading=\"what-exactly-is-the-airmez-fox-four-in-one-four-flavored-disposable-vape\" data-v-md-line=\"3\"><img loading=\"lazy\" decoding=\"async\" class=\"aligncenter size-full wp-image-13947\" src=\"https:\/\/agoravape.com\/wp-content\/uploads\/2025\/10\/Airmez-Fox-4-in-1-Quad-Flavor-Disposable-Vape_Agora_vape-11.webp\" alt=\"\" width=\"2480\" height=\"2480\" srcset=\"https:\/\/agoravape.com\/wp-content\/uploads\/2025\/10\/Airmez-Fox-4-in-1-Quad-Flavor-Disposable-Vape_Agora_vape-11.webp 2480w, https:\/\/agoravape.com\/wp-content\/uploads\/2025\/10\/Airmez-Fox-4-in-1-Quad-Flavor-Disposable-Vape_Agora_vape-11-600x600.webp 600w, https:\/\/agoravape.com\/wp-content\/uploads\/2025\/10\/Airmez-Fox-4-in-1-Quad-Flavor-Disposable-Vape_Agora_vape-11-1200x1200.webp 1200w, https:\/\/agoravape.com\/wp-content\/uploads\/2025\/10\/Airmez-Fox-4-in-1-Quad-Flavor-Disposable-Vape_Agora_vape-11-300x300.webp 300w, https:\/\/agoravape.com\/wp-content\/uploads\/2025\/10\/Airmez-Fox-4-in-1-Quad-Flavor-Disposable-Vape_Agora_vape-11-1024x1024.webp 1024w, https:\/\/agoravape.com\/wp-content\/uploads\/2025\/10\/Airmez-Fox-4-in-1-Quad-Flavor-Disposable-Vape_Agora_vape-11-150x150.webp 150w, https:\/\/agoravape.com\/wp-content\/uploads\/2025\/10\/Airmez-Fox-4-in-1-Quad-Flavor-Disposable-Vape_Agora_vape-11-768x768.webp 768w, https:\/\/agoravape.com\/wp-content\/uploads\/2025\/10\/Airmez-Fox-4-in-1-Quad-Flavor-Disposable-Vape_Agora_vape-11-1536x1536.webp 1536w, https:\/\/agoravape.com\/wp-content\/uploads\/2025\/10\/Airmez-Fox-4-in-1-Quad-Flavor-Disposable-Vape_Agora_vape-11-2048x2048.webp 2048w\" sizes=\"auto, (max-width: 2480px) 100vw, 2480px\" \/><\/h2>\n<h2 data-v-md-heading=\"what-exactly-is-the-airmez-fox-four-in-one-four-flavored-disposable-vape\" data-v-md-line=\"3\">Ce este mai exact \u021bigara electronic\u0103 de unic\u0103 folosin\u021b\u0103 Airmez Fox patru \u00een unu cu patru arome?<\/h2>\n<p data-v-md-line=\"4\">Dac\u0103 \u00ee\u021bi place diversitatea, cu siguran\u021b\u0103 nu vrei s\u0103 ai patru \u021big\u0103ri electronice diferite. Airmez Fox integreaz\u0103 patru arome diferite \u00eentr-o \u021bigar\u0103 electronic\u0103 re\u00eenc\u0103rcabil\u0103 de unic\u0103 folosin\u021b\u0103, permi\u021b\u00e2ndu-\u021bi s\u0103 comu\u021bi cu u\u0219urin\u021b\u0103 \u00eentre ele. Fiecare compartiment pentru arome are o capacitate de 15 mililitri, pentru un total de 60 de mililitri, ceea ce este suficient pentru a satisface nevoile tale gustative.<\/p>\n<p data-v-md-line=\"6\">Dac\u0103 vrei s\u0103 schimbi cu u\u0219urin\u021b\u0103 aromele \u0219i s\u0103 ob\u021bii performan\u021be stabile f\u0103r\u0103 s\u0103-\u021bi faci griji cu privire la set\u0103ri, atunci acest produs este alegerea ideal\u0103. Adopt\u0103 o spiral\u0103 tip plas\u0103 pentru a asigura c\u0103 gustul r\u0103m\u00e2ne clar \u0219i consistent de la prima p\u00e2n\u0103 la ultima utilizare.<\/p>\n<h2 data-v-md-heading=\"excellent-performance-no-need-for-complex-operations\" data-v-md-line=\"8\">Excellent performance, no need for complex operations<\/h2>\n<p data-v-md-line=\"9\">Rezistenta tip plas\u0103 se \u00eenc\u0103lze\u0219te uniform, men\u021bin\u00e2nd un gust r\u0103coritor \u0219i echilibrat. Nu va exista o sc\u0103dere brusc\u0103 a nivelului bateriei care ar putea provoca o senza\u021bie de plictiseal\u0103 \u00een timpul ultimelor utiliz\u0103ri. C\u00e2nd bateria este desc\u0103rcat\u0103, pute\u021bi utiliza interfa\u021ba Type-C pentru a o \u00eenc\u0103rca. Folosi\u021bi doar cablul USB-C existent.<\/p>\n<h2 data-v-md-heading=\"specification-overview\" data-v-md-line=\"11\">Prezentare general\u0103 a specifica\u021biilor<\/h2>\n<ul data-v-md-line=\"12\">\n<li>Frecven\u021ba de aspirare: Produc\u0103torul nu a specificat. Concentra\u021bi-v\u0103 pe capacitatea mare de 60 de mililitri.<\/li>\n<li>Con\u021binut de nicotin\u0103: Produc\u0103torul nu este specificat. Vizualiza\u021bi avantajele existente pe pia\u021ba dvs.<\/li>\n<li>Principiu de func\u021bionare: Design simplu de aspira\u021bie<\/li>\n<li>\u00cenc\u0103rcare: Interfa\u021b\u0103 USB standard de tip C<\/li>\n<li>Baterie: 650mAh<\/li>\n<li>Bobin\u0103: Bobin\u0103 de plas\u0103<\/li>\n<li>Capacitate lichid electronic: 15 ml x 4 cartu\u0219e (total 60 ml)<\/li>\n<li>Stare: Gata de utilizare dup\u0103 despachetare<\/li>\n<li>Cod produs: Airmez-FOX-4IN1<\/li>\n<\/ul>\n<h2 data-v-md-heading=\"full-flavor-series\" data-v-md-line=\"22\">Serie cu arom\u0103 complet\u0103<\/h2>\n<ul data-v-md-line=\"23\">\n<li>Set 1: C\u0103p\u0219uni \u0219i Zmeur\u0103 \u2022 C\u0103p\u0219uni \u0219i Kiwi \u2022 \u00cenghe\u021bat\u0103 de C\u0103p\u0219uni \u2022 Piersici \u0219i Mango \u0219i Pepene Verde<\/li>\n<li>Set 2: \u00cenghe\u021bat\u0103 de pepene verde \u2022 Pepene verde cu c\u0103p\u0219uni \u2022 Pepene verde cu zmeur\u0103 \u2022 Afine cu zmeur\u0103<\/li>\n<li>Set 3: Limonad\u0103 roz \u2022 S\u0103rut pasional \u2022 Fructe de p\u0103dure mixte \u2022 Fructe de p\u0103dure triple<\/li>\n<li>Set 4: Cire\u0219e \u2022 Love 66 \u2022 Ap\u0103 cu l\u0103m\u00e2ie \u0219i fructe de p\u0103dure \u2022 Ghea\u021b\u0103 de struguri<\/li>\n<li>Set 5: Mango Piersic\u0103 \u2022 Fructe Tropicale \u2022 \u00cenghe\u021bat\u0103 de Piersic\u0103 \u2022 Mango Acru cu Ananas<\/li>\n<li>Set 6: Ghea\u021b\u0103 de struguri \u2022 Love 66 \u2022 Ghea\u021b\u0103 de afine \u2022 Ghea\u021b\u0103 de fructul dragonului<\/li>\n<li>Set 7: Love 66 \u2022 Cire\u0219e \u2022 Ghea\u021b\u0103 Afine \u2022 Kiwi Fructul pasiunii Guava<\/li>\n<li>Set 8: Piersic\u0103 \u00eenghe\u021bat\u0103 \u2022 Ap\u0103 de l\u0103m\u00e2ie roz \u2022 Pepene verde \u00eenghe\u021bat \u2022 Dr. Blue<\/li>\n<li>Set 9: Mojito Ro\u0219u \u2022 Love 66 \u2022 Fructe de p\u0103dure mixte \u2022 C\u0103p\u0219uni \u0219i pepene verde<\/li>\n<li>Set 10: Piersic\u0103, Mango, Pepene verde, Afine, Cire\u0219e, Pepene verde, Fructul dragonului, S\u0103rut de fructul pasiunii<\/li>\n<\/ul>\n<h2 data-v-md-heading=\"for-you-for-your-business\" data-v-md-line=\"34\">Pentru tine, pentru afacerea ta<\/h2>\n<p data-v-md-line=\"35\">Pute\u021bi alege Airmez Fox pentru uz personal sau \u00eel pute\u021bi ad\u0103uga \u00een magazinul dvs. Fiecare cutie de prezentare este ambalat\u0103 cu 10 buc\u0103\u021bi, ceea ce face ca prezentarea produsului s\u0103 fie ordonat\u0103 \u0219i concis\u0103. Cutia principal\u0103 de carton poate g\u0103zdui 100 de unit\u0103\u021bi, cu dimensiuni de 518 \u00d7 273 \u00d7 267 milimetri \u0219i o greutate brut\u0103 de 14 kilograme. Prin urmare, planificarea spa\u021biului de pe raft \u0219i a logisticii depozitului este foarte simpl\u0103.<\/p>\n<p data-v-md-line=\"37\">Colabor\u0103m cu parteneri de \u00eencredere precum UPS, DPD \u0219i DHL pentru a oferi servicii de livrare DDP \u00een toat\u0103 Europa. Aceasta \u00eenseamn\u0103 c\u0103 tarifele au fost pl\u0103tite \u00een avans pentru a evita orice incidente nea\u0219teptate la vam\u0103.<\/p>\n<h2 data-v-md-heading=\"why-do-you-like-it\" data-v-md-line=\"39\">De ce \u00ee\u021bi place?<\/h2>\n<ul data-v-md-line=\"40\">\n<li>Capacitate mare: capacitate total\u0103 de 60 ml, durat\u0103 mai lung\u0103 de via\u021b\u0103 a bateriei, nu este nevoie s\u0103 o \u00eenlocui\u021bi la fiecare c\u00e2teva zile<\/li>\n<li>Selec\u021bia nicotinei: Concentra\u021bia lichidului pentru \u021big\u0103ri electronice variaz\u0103 \u00een func\u021bie de pia\u021b\u0103, astfel \u00eenc\u00e2t s\u0103 pute\u021bi alege nicotina potrivit\u0103.<\/li>\n<li>Re\u00eenc\u0103rcabil\u0103: \u00cenc\u0103rcarea de tip C v\u0103 permite s\u0103 utiliza\u021bi la maximum fiecare pic\u0103tur\u0103 de lichid electronic<\/li>\n<li>Spir\u0103 de plas\u0103: Gust consistent \u0219i experien\u021b\u0103 de aspirare lin\u0103<\/li>\n<\/ul>\n<h2 data-v-md-heading=\"why-collaborate-with-agoravape\" data-v-md-line=\"45\">De ce s\u0103 colaborezi cu AgoraVape?<\/h2>\n<p data-v-md-line=\"46\">Vindem doar produse originale \u0219i oferim garan\u021bii pentru acestea. Dac\u0103 achizi\u021biona\u021bi en-gros \u021big\u0103ri electronice de unic\u0103 folosin\u021b\u0103 Airmez Fox four in one four cu arome, ve\u021bi beneficia de pre\u021buri reduse, asisten\u021b\u0103 fiabil\u0103 \u0219i servicii de livrare DDP rapide \u0219i fiabile. V\u0103 rug\u0103m s\u0103 contacta\u021bi echipa noastr\u0103 pentru a rezerva pentru clien\u021bii dumneavoastr\u0103 produse care merit\u0103 cu adev\u0103rat s\u0103 fie returnate.<\/p>","protected":false},"excerpt":{"rendered":"<p>&nbsp;<\/p>\n<p><script src=\"chrome-extension:\/\/fpelahbljekknahkcaegamhcndkfpfnc\/iFrame.js\" type=\"text\/javascript\"><\/script><\/p>\n<p><script src=\"chrome-extension:\/\/fpelahbljekknahkcaegamhcndkfpfnc\/iFrame.js\" type=\"text\/javascript\"><\/script><\/p>\n<p><script src=\"chrome-extension:\/\/fpelahbljekknahkcaegamhcndkfpfnc\/iFrame.js\" type=\"text\/javascript\"><\/script><\/p>","protected":false},"featured_media":13946,"comment_status":"open","ping_status":"closed","template":"","meta":[],"product_brand":[210],"product_cat":[124,185,137,176,195,174,175,193,191,173,186,180,190],"product_tag":[],"class_list":{"0":"post-13921","1":"product","2":"type-product","3":"status-publish","4":"has-post-thumbnail","6":"product_brand-airmez","7":"product_cat-vape-by-brand","8":"product_cat-10000-puffs-high-capacity","9":"product_cat-airmez","10":"product_cat-beverage","11":"product_cat-dual-flavor-switch","12":"product_cat-fruit-flavors","13":"product_cat-icy-mint","14":"product_cat-mesh-coil","15":"product_cat-rechargeable-disposables","16":"product_cat-vape-by-flavor-profile","17":"product_cat-vape-by-nicotine-strength","18":"product_cat-vape-by-puff-count","19":"product_cat-vape-by-feature-or-type","21":"first","22":"instock","23":"shipping-taxable","24":"purchasable","25":"product-type-variable","26":"has-default-attributes"},"tiered_pricing_type":"percentage","tiered_pricing_fixed_rules":[],"tiered_pricing_product_settings":{"layout":"default","base_unit_name":{"singular":null,"plural":null},"default_variation":null},"tiered_pricing_minimum_quantity":10,"tiered_pricing_roles_data":[],"tiered_pricing_percentage_rules":{"30":"29","50":"35","100":"40","200":"44","500":"47","1000":"49"},"tiered_pricing_maximum_quantity":null,"tiered_pricing_quantity_step":"10","_links":{"self":[{"href":"https:\/\/agoravape.com\/ro\/wp-json\/wp\/v2\/product\/13921","targetHints":{"allow":["GET"]}}],"collection":[{"href":"https:\/\/agoravape.com\/ro\/wp-json\/wp\/v2\/product"}],"about":[{"href":"https:\/\/agoravape.com\/ro\/wp-json\/wp\/v2\/types\/product"}],"replies":[{"embeddable":true,"href":"https:\/\/agoravape.com\/ro\/wp-json\/wp\/v2\/comments?post=13921"}],"version-history":[{"count":0,"href":"https:\/\/agoravape.com\/ro\/wp-json\/wp\/v2\/product\/13921\/revisions"}],"wp:featuredmedia":[{"embeddable":true,"href":"https:\/\/agoravape.com\/ro\/wp-json\/wp\/v2\/media\/13946"}],"wp:attachment":[{"href":"https:\/\/agoravape.com\/ro\/wp-json\/wp\/v2\/media?parent=13921"}],"wp:term":[{"taxonomy":"product_brand","embeddable":true,"href":"https:\/\/agoravape.com\/ro\/wp-json\/wp\/v2\/product_brand?post=13921"},{"taxonomy":"product_cat","embeddable":true,"href":"https:\/\/agoravape.com\/ro\/wp-json\/wp\/v2\/product_cat?post=13921"},{"taxonomy":"product_tag","embeddable":true,"href":"https:\/\/agoravape.com\/ro\/wp-json\/wp\/v2\/product_tag?post=13921"}],"curies":[{"name":"wp","href":"https:\/\/api.w.org\/{rel}","templated":true}]}}