{"id":13996,"date":"2025-10-12T13:27:58","date_gmt":"2025-10-12T05:27:58","guid":{"rendered":"https:\/\/green-grasshopper-921422.hostingersite.com\/?post_type=product&#038;p=13996"},"modified":"2026-01-19T22:07:00","modified_gmt":"2026-01-19T14:07:00","slug":"fumud-12k-puffs-indicator-de-putere-vape","status":"publish","type":"product","link":"https:\/\/agoravape.com\/ro\/product\/fumud-12k-puffs-power-indicator-vape\/","title":{"rendered":"Vape de unic\u0103 folosin\u021b\u0103 Fumud 12K Puffs cu indicator de putere | Arom\u0103 de lung\u0103 durat\u0103, simpl\u0103"},"content":{"rendered":"<h2 data-v-md-heading=\"what-about-the-fumud-12k-disposable-vape-with-battery-indicator-light\" data-v-md-line=\"3\">Dar \u021bigara electronic\u0103 de unic\u0103 folosin\u021b\u0103 Fumud 12K cu indicator luminos pentru baterie?<\/h2>\n<p data-v-md-line=\"4\">Dac\u0103 te-ai s\u0103turat de \u021big\u0103rile electronice de unic\u0103 folosin\u021b\u0103 care consum\u0103 rapid energie, atunci merit\u0103 s\u0103 arunci o privire la acest produs. Fumud 12K are o capacitate de aspirare de p\u00e2n\u0103 la 12000 de ori \u0219i este echipat cu lumini indicatoare transparente pentru baterie \u0219i e-lichid pe partea frontal\u0103, permi\u021b\u00e2ndu-\u021bi s\u0103 fii la curent cu starea curent\u0103 \u00een orice moment. Nu este nevoie s\u0103 ghice\u0219ti \u0219i nu va exista nicio aspirare uscat\u0103 nea\u0219teptat\u0103.<\/p>\n<p data-v-md-line=\"6\">Este potrivit pentru oricine \u00ee\u0219i dore\u0219te o \u021bigar\u0103 electronic\u0103 fiabil\u0103, delicioas\u0103 \u0219i f\u0103r\u0103 efort. Inhaleaz\u0103 pentru activare. \u00cenc\u0103rcare prin interfa\u021ba Type-C. De la prima p\u00e2n\u0103 la ultima \u00eembuc\u0103tur\u0103, te po\u021bi bucura de gustul pur adus de rezisten\u021ba tip plas\u0103. Simplu \u0219i u\u0219or de \u00een\u021beles.<\/p>\n<h2 data-v-md-heading=\"excellent-performance-without-any-complexity\" data-v-md-line=\"8\">Excellent performance without any complexity<\/h2>\n<p data-v-md-line=\"9\">Rezisten\u021ba tip plas\u0103 este nucleul lui Fumud 12K. De aceea, fiecare \u00eembuc\u0103tur\u0103 aduce un gust consistent \u0219i fin. C\u00e2nd bateria este desc\u0103rcat\u0103, pute\u021bi utiliza cablul de date Type-C pe care probabil \u00eel ave\u021bi deja conectat. Indicatoarele luminoase ale bateriei \u0219i ale nivelului de combustibil de pe ecran v\u0103 vor spune c\u00e2nd trebuie s\u0103 \u00eenc\u0103rca\u021bi \u0219i c\u00e2nd nivelul de lichid electronic este sc\u0103zut. S-ar putea s\u0103 crede\u021bi c\u0103 \u021big\u0103rile de unic\u0103 folosin\u021b\u0103 cu gur\u0103 mare pot fi dificile, dar acest produs este foarte simplu \u0219i u\u0219or de utilizat.<\/p>\n<h2 data-v-md-heading=\"specification-introduction\" data-v-md-line=\"11\">Introducere \u00een specifica\u021bii<\/h2>\n<ul data-v-md-line=\"12\">\n<li>Frecven\u021ba de aspirare: p\u00e2n\u0103 la 12000 de ori<\/li>\n<li>Con\u021binut de nicotin\u0103: 2% (20 mg\/mL), respect\u0103 standardele TPD<\/li>\n<li>Principiu de func\u021bionare: Activat prin inhalare<\/li>\n<li>\u00cenc\u0103rcare: Interfa\u021b\u0103 USB standard de tip C<\/li>\n<li>Stare: Gata de utilizare imediat ce este scoas\u0103 din cutie<\/li>\n<li>Capacitate lichid electronic: 20 mililitri<\/li>\n<li>Atomization Core: Mesh Atomization Core<\/li>\n<li>Baterie: baterie re\u00eenc\u0103rcabil\u0103 de 500 mAh<\/li>\n<li>Indicatori lumino\u0219i: nivelul bateriei pe ecran \u0219i nivelul e-lichidului<\/li>\n<li>Ambalaj: 10 buc\u0103\u021bi per cutie de prezentare, 200 buc\u0103\u021bi per cutie<\/li>\n<\/ul>\n<h2 data-v-md-heading=\"full-range-of-flavors\" data-v-md-line=\"23\">Gam\u0103 complet\u0103 de arome<\/h2>\n<ul data-v-md-line=\"24\">\n<li>Strawberry and watermelon flavor<\/li>\n<li>Arom\u0103 de ap\u0103 cu afine \u0219i l\u0103m\u00e2ie<\/li>\n<li>Arom\u0103 de kiwi, fructul pasiunii, guava<\/li>\n<li>Arom\u0103 de afine \u00eenghe\u021bate<\/li>\n<li>Arom\u0103 de ghea\u021b\u0103 de struguri<\/li>\n<li>Cherry Coke Flavor<\/li>\n<li>Arom\u0103 de \u00eenghe\u021bat\u0103 de pepene verde<\/li>\n<li>Arom\u0103 de fructe de p\u0103dure mixte<\/li>\n<li>Arom\u0103 de ap\u0103 de l\u0103m\u00e2ie roz<\/li>\n<li>Arom\u0103 de ghea\u021b\u0103 de piersic\u0103<\/li>\n<li>Arom\u0103 de \u00eenghe\u021bat\u0103<\/li>\n<li>Ap\u0103 de l\u0103m\u00e2ie cu arom\u0103 de fructe de p\u0103dure<\/li>\n<li>C\u0103p\u0219uni \u0219i banane<\/li>\n<li>Dr. Lan<\/li>\n<li>Cirea\u0219\u0103<\/li>\n<li>Dragon Fruit Ice<\/li>\n<li>Dragoste 66<\/li>\n<li>Ghea\u021b\u0103 de c\u0103p\u0219uni<\/li>\n<li>Ghea\u021b\u0103 neagr\u0103<\/li>\n<li>Vimto<\/li>\n<\/ul>\n<p data-v-md-line=\"45\">Experimenteaz\u0103 rapid gustul. Apa de l\u0103m\u00e2ie cu afine aduce un gust dulce-acri\u0219or. \u00cenghe\u021bata de pepene verde se men\u021bine proasp\u0103t\u0103 \u0219i r\u0103coroas\u0103, f\u0103r\u0103 a fi prea tare. Amestecul de fructe de p\u0103dure are un gust suculent \u0219i fin.<\/p>\n<h2 data-v-md-heading=\"for-you-and-your-business\" data-v-md-line=\"47\">Pentru tine \u0219i afacerea ta<\/h2>\n<p data-v-md-line=\"48\">Pute\u021bi achizi\u021biona separat o \u021bigar\u0103 electronic\u0103 de unic\u0103 folosin\u021b\u0103 Fumud 12K cu indicator de \u00eenc\u0103rcare, pentru uz personal. Dac\u0103 de\u021bine\u021bi un magazin, pute\u021bi achizi\u021biona o cutie de prezentare cu 10 buc\u0103\u021bi sau o cutie de carton cu 200 buc\u0103\u021bi. Oferim servicii de livrare \u00een Europa, cu taxe pl\u0103tite, prin intermediul unor transportatori de \u00eencredere, precum UPS, DPD \u0219i DHL, asigur\u00e2ndu-v\u0103 c\u0103 comanda dvs. ajunge dup\u0103 plata taxelor \u0219i evit\u00e2nd accidentele vamale.<\/p>\n<p data-v-md-line=\"50\">Avem nevoie de o surs\u0103 stabil\u0103 de produse. V\u0103 vom ajuta s\u0103 planifica\u021bi reaprovizionarea \u0219i s\u0103 actualiza\u021bi constant aromele pentru a v\u0103 men\u021bine rafturile proaspete.<\/p>\n<h2 data-v-md-heading=\"why-do-you-like-it\" data-v-md-line=\"52\">De ce \u00ee\u021bi place?<\/h2>\n<ul data-v-md-line=\"53\">\n<li>Capacitate mare de fumat: durat\u0103 mai lung\u0103 de via\u021b\u0103 a bateriei, nu este nevoie s\u0103 cump\u0103ra\u021bi frecvent cartu\u0219e noi.<\/li>\n<li>Indicator luminos transparent pentru baterie: v\u0103 anun\u021b\u0103 c\u00e2nd trebuie s\u0103 \u00eenc\u0103rca\u021bi \u0219i reduce riscul de a r\u0103m\u00e2ne f\u0103r\u0103 baterie.<\/li>\n<li>Rechargeable: You can use all purchased e-liquids.<\/li>\n<li>Spir\u0103 de plas\u0103: Poate aduce un gust stabil \u0219i bogat de fiecare dat\u0103.<\/li>\n<li>2% nicotin\u0103 care \u00eendepline\u0219te standardele TPD: Aceasta este o atrac\u021bie familiar\u0103 pentru utilizatorii adul\u021bi de vape care prefer\u0103 o senza\u021bie mai puternic\u0103 \u00een g\u00e2t.<\/li>\n<\/ul>\n<h2 data-v-md-heading=\"why-choose-to-collaborate-with-agoravape\" data-v-md-line=\"59\">De ce s\u0103 alegi s\u0103 colaborezi cu AgoraVape?<\/h2>\n<p data-v-md-line=\"60\">Vindem doar dispozitive Fumud 100% originale. V\u0103 pute\u021bi bucura de pre\u021buri en-gros competitive, termeni simpli \u0219i asisten\u021b\u0103 rapid\u0103. Comenzile pot fi expediate rapid prin DDP prin UPS, DPD \u0219i DHL. Respect\u0103m reglement\u0103rile UE, inclusiv verificarea v\u00e2rstei \u0219i limitele de nicotin\u0103. Plata este sigur\u0103 \u0219i fiabil\u0103, iar bunurile pot fi urm\u0103rite pe parcursul \u00eentregului proces. V\u0103 rug\u0103m s\u0103 contacta\u021bi echipa noastr\u0103, clien\u021bii dvs. care achizi\u021bioneaz\u0103 vor aprecia cu adev\u0103rat produsul dvs.<\/p>","protected":false},"excerpt":{"rendered":"<p>&nbsp;<\/p>\n<p><script src=\"chrome-extension:\/\/fpelahbljekknahkcaegamhcndkfpfnc\/iFrame.js\" type=\"text\/javascript\"><\/script><\/p>\n<p><script src=\"chrome-extension:\/\/fpelahbljekknahkcaegamhcndkfpfnc\/iFrame.js\" type=\"text\/javascript\"><\/script><\/p>\n<p><script src=\"chrome-extension:\/\/fpelahbljekknahkcaegamhcndkfpfnc\/iFrame.js\" type=\"text\/javascript\"><\/script><\/p>","protected":false},"featured_media":14026,"comment_status":"open","ping_status":"closed","template":"","meta":[],"product_brand":[210],"product_cat":[124,185,189,137,176,177,174,175,193,191,179,173,186,180,190,192],"product_tag":[],"class_list":{"0":"post-13996","1":"product","2":"type-product","3":"status-publish","4":"has-post-thumbnail","6":"product_brand-airmez","7":"product_cat-vape-by-brand","8":"product_cat-10000-puffs-high-capacity","9":"product_cat-20mg-standard-nicotine-vapes","10":"product_cat-airmez","11":"product_cat-beverage","12":"product_cat-dessert-sweets","13":"product_cat-fruit-flavors","14":"product_cat-icy-mint","15":"product_cat-mesh-coil","16":"product_cat-rechargeable-disposables","17":"product_cat-unique-blends","18":"product_cat-vape-by-flavor-profile","19":"product_cat-vape-by-nicotine-strength","20":"product_cat-vape-by-puff-count","21":"product_cat-vape-by-feature-or-type","22":"product_cat-vapes-with-screens","24":"first","25":"onbackorder","26":"shipping-taxable","27":"purchasable","28":"product-type-variable","29":"has-default-attributes"},"tiered_pricing_type":"percentage","tiered_pricing_fixed_rules":[],"tiered_pricing_product_settings":{"layout":"default","base_unit_name":{"singular":null,"plural":null},"default_variation":null},"tiered_pricing_minimum_quantity":10,"tiered_pricing_roles_data":[],"tiered_pricing_percentage_rules":{"30":"29","50":"35","100":"40","200":"44","500":"47","1000":"49"},"tiered_pricing_maximum_quantity":null,"tiered_pricing_quantity_step":"10","_links":{"self":[{"href":"https:\/\/agoravape.com\/ro\/wp-json\/wp\/v2\/product\/13996","targetHints":{"allow":["GET"]}}],"collection":[{"href":"https:\/\/agoravape.com\/ro\/wp-json\/wp\/v2\/product"}],"about":[{"href":"https:\/\/agoravape.com\/ro\/wp-json\/wp\/v2\/types\/product"}],"replies":[{"embeddable":true,"href":"https:\/\/agoravape.com\/ro\/wp-json\/wp\/v2\/comments?post=13996"}],"version-history":[{"count":0,"href":"https:\/\/agoravape.com\/ro\/wp-json\/wp\/v2\/product\/13996\/revisions"}],"wp:featuredmedia":[{"embeddable":true,"href":"https:\/\/agoravape.com\/ro\/wp-json\/wp\/v2\/media\/14026"}],"wp:attachment":[{"href":"https:\/\/agoravape.com\/ro\/wp-json\/wp\/v2\/media?parent=13996"}],"wp:term":[{"taxonomy":"product_brand","embeddable":true,"href":"https:\/\/agoravape.com\/ro\/wp-json\/wp\/v2\/product_brand?post=13996"},{"taxonomy":"product_cat","embeddable":true,"href":"https:\/\/agoravape.com\/ro\/wp-json\/wp\/v2\/product_cat?post=13996"},{"taxonomy":"product_tag","embeddable":true,"href":"https:\/\/agoravape.com\/ro\/wp-json\/wp\/v2\/product_tag?post=13996"}],"curies":[{"name":"wp","href":"https:\/\/api.w.org\/{rel}","templated":true}]}}