{"id":14145,"date":"2025-10-12T21:46:50","date_gmt":"2025-10-12T13:46:50","guid":{"rendered":"https:\/\/green-grasshopper-921422.hostingersite.com\/?post_type=product&#038;p=14145"},"modified":"2026-01-30T17:28:32","modified_gmt":"2026-01-30T09:28:32","slug":"aivono-aim-fatmax-50k-puffs-dtl-shisha-vape","status":"publish","type":"product","link":"https:\/\/agoravape.com\/ro\/product\/aivono-aim-fatmax-50k-puffs-dtl-shisha-vape\/","title":{"rendered":"Aivono Aim Fatmax 50K Puffs DTL Shisha Vape | Arom\u0103 DTL puternic\u0103 care dureaz\u0103 p\u00e2n\u0103 la cap\u0103t"},"content":{"rendered":"<h2 data-v-md-heading=\"what-are-the-advantages-of-using-aivono-aim-fatmax-50k-to-smoke-dtl-hookah\" data-v-md-line=\"3\"><img loading=\"lazy\" decoding=\"async\" class=\"aligncenter size-full wp-image-14144\" src=\"https:\/\/agoravape.com\/wp-content\/uploads\/2025\/10\/Aivono-Aim-Fatmax-50K-Puffs-DTL-Shisha-Vape_Agora_vape-1-scaled.webp\" alt=\"\" width=\"2560\" height=\"1312\" srcset=\"https:\/\/agoravape.com\/wp-content\/uploads\/2025\/10\/Aivono-Aim-Fatmax-50K-Puffs-DTL-Shisha-Vape_Agora_vape-1-scaled.webp 2560w, https:\/\/agoravape.com\/wp-content\/uploads\/2025\/10\/Aivono-Aim-Fatmax-50K-Puffs-DTL-Shisha-Vape_Agora_vape-1-scaled-1200x615.webp 1200w, https:\/\/agoravape.com\/wp-content\/uploads\/2025\/10\/Aivono-Aim-Fatmax-50K-Puffs-DTL-Shisha-Vape_Agora_vape-1-300x154.webp 300w, https:\/\/agoravape.com\/wp-content\/uploads\/2025\/10\/Aivono-Aim-Fatmax-50K-Puffs-DTL-Shisha-Vape_Agora_vape-1-1024x525.webp 1024w, https:\/\/agoravape.com\/wp-content\/uploads\/2025\/10\/Aivono-Aim-Fatmax-50K-Puffs-DTL-Shisha-Vape_Agora_vape-1-768x394.webp 768w, https:\/\/agoravape.com\/wp-content\/uploads\/2025\/10\/Aivono-Aim-Fatmax-50K-Puffs-DTL-Shisha-Vape_Agora_vape-1-1536x787.webp 1536w, https:\/\/agoravape.com\/wp-content\/uploads\/2025\/10\/Aivono-Aim-Fatmax-50K-Puffs-DTL-Shisha-Vape_Agora_vape-1-2048x1050.webp 2048w\" sizes=\"auto, (max-width: 2560px) 100vw, 2560px\" \/><\/h2>\n<h2 data-v-md-heading=\"what-are-the-advantages-of-using-aivono-aim-fatmax-50k-to-smoke-dtl-hookah\" data-v-md-line=\"3\">Care sunt avantajele utiliz\u0103rii Aivono Aim Fatmax 50K pentru a fuma narghilea DTL?<\/h2>\n<p data-v-md-line=\"4\">Dac\u0103 \u00ee\u021bi dore\u0219ti o \u021bigar\u0103 electronic\u0103 de tip narghilea, rezistent\u0103 \u0219i de lung\u0103 durat\u0103, acest produs te va ajuta s\u0103 \u00eencepi cu u\u0219urin\u021b\u0103. Aivono Aim Fatmax poate aspira p\u00e2n\u0103 la 50000 de pufuri \u0219i are o textur\u0103 DTL bogat\u0103 \u0219i constant\u0103.<\/p>\n<p data-v-md-line=\"6\">Este potrivit pentru to\u021bi cei care se bucur\u0103 de un amestec fin, transparent \u0219i bogat de arome de narghilea. Nu este nevoie de opera\u021biuni plictisitoare, nu este nevoie de set\u0103ri complexe, performan\u021b\u0103 fiabil\u0103 \u0219i gustul pe care \u00eel a\u0219tepta\u021bi cu adev\u0103rat.<\/p>\n<h2 data-v-md-heading=\"excellent-performance-without-any-complexity\" data-v-md-line=\"8\">Excellent performance without any complexity<\/h2>\n<p data-v-md-line=\"9\">Rezisten\u021ba de 0,6 \u03a9 transmite un gust intens, f\u0103c\u00e2nd fiecare \u00eembuc\u0103tur\u0103 pur\u0103 \u0219i plin\u0103, f\u0103r\u0103 senza\u021bii de letargie. De asemenea, pute\u021bi beneficia de afi\u0219aj convenabil al nivelului bateriei \u0219i al nivelului de e-lichid, ceea ce \u00eenseamn\u0103 c\u0103 vor fi reduse situa\u021biile neprev\u0103zute din timpul pr\u00e2nzului. C\u00e2nd bateria este desc\u0103rcat\u0103, pur \u0219i simplu conecta\u021bi cablul de date Type-C pentru a \u00eenc\u0103rca, folosind acela\u0219i cablu de date ca \u0219i telefonul. U\u0219or de utilizat.<\/p>\n<h2 data-v-md-heading=\"specification-overview\" data-v-md-line=\"11\">Prezentare general\u0103 a specifica\u021biilor<\/h2>\n<ul data-v-md-line=\"12\">\n<li>Frecven\u021ba de aspirare: p\u00e2n\u0103 la 50000 de ori<\/li>\n<li>Con\u021binut de nicotin\u0103: 0%, 2%, 3%, 5% (cantitatea specific\u0103 de produse poate varia \u00een func\u021bie de regiune)<\/li>\n<li>Bobin\u0103: bobin\u0103 cu ochiuri de 0,6 \u03a9<\/li>\n<li>Capacitate lichid electronic: 30 mililitri<\/li>\n<li>Baterie: baterie re\u00eenc\u0103rcabil\u0103 de 800 mAh<\/li>\n<li>Principiu de func\u021bionare: aspira\u021bie DTL, func\u021bionare asistat\u0103 de ecran, u\u0219or de utilizat<\/li>\n<li>\u00cenc\u0103rcare: Interfa\u021b\u0103 USB standard de tip C<\/li>\n<li>Ecran de afi\u0219are: indicator al nivelului bateriei \u0219i al lichidului electronic<\/li>\n<li>Stare: Gata de utilizare dup\u0103 despachetare<\/li>\n<\/ul>\n<h2 data-v-md-heading=\"multiple-flavor-options\" data-v-md-line=\"22\">Op\u021biuni multiple de arome<\/h2>\n<ul data-v-md-line=\"23\">\n<li>Cire\u0219\u0103 Zmeur\u0103<\/li>\n<li>Mere duble<\/li>\n<li>Ca strugurii<\/li>\n<li>Blueberry Gum<\/li>\n<li>Love 66 (fructul pasiunii, portocal\u0103 ro\u0219ie, ment\u0103)<\/li>\n<li>Lucid Dream (Afine, L\u0103m\u00e2ie \u0219i Ment\u0103)<\/li>\n<li>Lush Ice (ghea\u021b\u0103 de pepene verde)<\/li>\n<li>Ghea\u021b\u0103 de piersic\u0103<\/li>\n<li>Berry Ice<\/li>\n<li>Panqu cu c\u0103p\u0219uni (c\u0103p\u0219uni coapte \u0219i fructe r\u0103coritoare)<\/li>\n<\/ul>\n<h2 data-v-md-heading=\"for-you-and-your-company\" data-v-md-line=\"34\">Pentru tine \u0219i compania ta<\/h2>\n<p data-v-md-line=\"35\">Pute\u021bi achizi\u021biona Aivono Aim Fatmax 50K pentru dvs. sau \u00eel pute\u021bi ad\u0103uga \u00een magazinul dvs. Oferim 140 de cutii de carton en-gros care pot fi expediate oric\u00e2nd. Dac\u0103 clien\u021bii dvs. \u00ee\u0219i doresc un lichid electronic de unic\u0103 folosin\u021b\u0103 DTL durabil, care se poate amesteca perfect cu aroma narghilelei, atunci aceasta este o alegere \u00een\u021beleapt\u0103.<\/p>\n<p data-v-md-line=\"37\">Oferim servicii de livrare DDP \u00een toat\u0103 Europa prin intermediul unor parteneri de \u00eencredere precum UPS, DPD \u0219i DHL, asigur\u00e2nd pre\u021buri transparente \u0219i f\u0103r\u0103 probleme vamale nea\u0219teptate. V\u0103 pute\u021bi bucura de urm\u0103rirea livr\u0103rii \u0219i de o procesare fiabil\u0103.<\/p>\n<h2 data-v-md-heading=\"why-do-you-like-it\" data-v-md-line=\"39\">De ce \u00ee\u021bi place?<\/h2>\n<ul data-v-md-line=\"40\">\n<li>Aspira\u021bie masiv\u0103: puterea de aspira\u021bie de p\u00e2n\u0103 la 50K \u00eenseamn\u0103 mai pu\u021bine achizi\u021bii repetate \u0219i o valoare mai mare.<\/li>\n<li>Selec\u021bia nicotinei: Alege\u021bi concentra\u021bia de nicotin\u0103 potrivit\u0103 pentru ziua dumneavoastr\u0103.<\/li>\n<li>Re\u00eenc\u0103rcabil: Folose\u0219te la maximum fiecare pic\u0103tur\u0103 de 30 ml de e-lichid pe care o cumperi.<\/li>\n<li>Spir\u0103 tip plas\u0103: Gust consistent, experien\u021b\u0103 DTL fin\u0103.<\/li>\n<li>Ecran inteligent: Nivelurile bateriei \u0219i ale lichidului pentru \u021bigar\u0103 electronic\u0103 sunt clare dintr-o privire, asigur\u00e2ndu-v\u0103 c\u0103 nu v\u0103 bloca\u021bi niciodat\u0103.<\/li>\n<\/ul>\n<h2 data-v-md-heading=\"why-collaborate-with-agoravape\" data-v-md-line=\"46\">De ce s\u0103 colaborezi cu AgoraVape?<\/h2>\n<p data-v-md-line=\"47\">Vindem doar produse 100% originale \u0219i garant\u0103m calitatea produselor pe care le expediem. Clien\u021bii no\u0219tri B2B se pot bucura de pre\u021buri en-gros reduse, asisten\u021b\u0103 tehnic\u0103 prompt\u0103 \u0219i servicii rapide de livrare DDP pentru narghilele Aivono Aim Fatmax 50K Puffs DTL. Dac\u0103 dori\u021bi un produs de unic\u0103 folosin\u021b\u0103 DTL de mare capacitate, fiabil, care s\u0103 atrag\u0103 clien\u021bii s\u0103 revin\u0103, v\u0103 rug\u0103m s\u0103 ne contacta\u021bi.<\/p>","protected":false},"excerpt":{"rendered":"<p>Care sunt avantajele utiliz\u0103rii Aivono Aim Fatmax 50K pentru a fuma narghilea DTL? Dac\u0103 v\u0103 dori\u021bi un fum de lung\u0103 durat\u0103 \u0219i<\/p>","protected":false},"featured_media":14166,"comment_status":"open","ping_status":"closed","template":"","meta":[],"product_brand":[211],"product_cat":[124,187,185,189,1641,138,174,175,193,191,179,173,186,180,190,192],"product_tag":[],"class_list":{"0":"post-14145","1":"product","2":"type-product","3":"status-publish","4":"has-post-thumbnail","6":"product_brand-aivono","7":"product_cat-vape-by-brand","8":"product_cat-0mg-nicotine-free-vapes","9":"product_cat-10000-puffs-high-capacity","10":"product_cat-20mg-standard-nicotine-vapes","11":"product_cat-50000-puffs","12":"product_cat-aivono","13":"product_cat-fruit-flavors","14":"product_cat-icy-mint","15":"product_cat-mesh-coil","16":"product_cat-rechargeable-disposables","17":"product_cat-unique-blends","18":"product_cat-vape-by-flavor-profile","19":"product_cat-vape-by-nicotine-strength","20":"product_cat-vape-by-puff-count","21":"product_cat-vape-by-feature-or-type","22":"product_cat-vapes-with-screens","24":"first","25":"instock","26":"shipping-taxable","27":"purchasable","28":"product-type-variable","29":"has-default-attributes"},"tiered_pricing_type":"percentage","tiered_pricing_fixed_rules":[],"tiered_pricing_product_settings":{"layout":"default","base_unit_name":{"singular":null,"plural":null},"default_variation":null},"tiered_pricing_minimum_quantity":10,"tiered_pricing_roles_data":[],"tiered_pricing_percentage_rules":{"30":"29","50":"35","100":"40","200":"44","500":"47","1000":"49"},"tiered_pricing_maximum_quantity":null,"tiered_pricing_quantity_step":"10","_links":{"self":[{"href":"https:\/\/agoravape.com\/ro\/wp-json\/wp\/v2\/product\/14145","targetHints":{"allow":["GET"]}}],"collection":[{"href":"https:\/\/agoravape.com\/ro\/wp-json\/wp\/v2\/product"}],"about":[{"href":"https:\/\/agoravape.com\/ro\/wp-json\/wp\/v2\/types\/product"}],"replies":[{"embeddable":true,"href":"https:\/\/agoravape.com\/ro\/wp-json\/wp\/v2\/comments?post=14145"}],"version-history":[{"count":0,"href":"https:\/\/agoravape.com\/ro\/wp-json\/wp\/v2\/product\/14145\/revisions"}],"wp:featuredmedia":[{"embeddable":true,"href":"https:\/\/agoravape.com\/ro\/wp-json\/wp\/v2\/media\/14166"}],"wp:attachment":[{"href":"https:\/\/agoravape.com\/ro\/wp-json\/wp\/v2\/media?parent=14145"}],"wp:term":[{"taxonomy":"product_brand","embeddable":true,"href":"https:\/\/agoravape.com\/ro\/wp-json\/wp\/v2\/product_brand?post=14145"},{"taxonomy":"product_cat","embeddable":true,"href":"https:\/\/agoravape.com\/ro\/wp-json\/wp\/v2\/product_cat?post=14145"},{"taxonomy":"product_tag","embeddable":true,"href":"https:\/\/agoravape.com\/ro\/wp-json\/wp\/v2\/product_tag?post=14145"}],"curies":[{"name":"wp","href":"https:\/\/api.w.org\/{rel}","templated":true}]}}