{"id":14170,"date":"2025-10-12T22:04:18","date_gmt":"2025-10-12T14:04:18","guid":{"rendered":"https:\/\/green-grasshopper-921422.hostingersite.com\/?post_type=product&#038;p=14170"},"modified":"2026-01-19T22:06:46","modified_gmt":"2026-01-19T14:06:46","slug":"aivono-aim-flame-30k-puffs-dual-airflow-vape","status":"publish","type":"product","link":"https:\/\/agoravape.com\/ro\/product\/aivono-aim-flame-30k-puffs-dual-airflow-vape\/","title":{"rendered":"Aivono Aim Flame 30K Puffs, \u021bigar\u0103 electronic\u0103 cu flux de aer dublu | Pufuri mari cu tragere u\u0219or reglabil\u0103"},"content":{"rendered":"<h2 data-v-md-heading=\"what-are-the-highlights-of-the-aivono-aim-flame-30k-dual-intake-vape\" data-v-md-line=\"3\">Care sunt punctele forte ale \u021big\u0103rii electronice cu dubl\u0103 admisie Aivono Aim Flame 30K?<\/h2>\n<p data-v-md-line=\"4\">Dac\u0103 te-ai s\u0103turat s\u0103 folose\u0219ti \u021big\u0103ri electronice de unic\u0103 folosin\u021b\u0103 \u00eenainte de weekend, merit\u0103 cu siguran\u021b\u0103 s\u0103 arunci o privire la acest produs. Aivono Aim Flame are o capacitate de p\u00e2n\u0103 la 30000 de porturi, cu o operare simpl\u0103 \u0219i o aspira\u021bie lin\u0103. \u00cel po\u021bi ajusta \u00een func\u021bie de preferin\u021be.<\/p>\n<p data-v-md-line=\"6\">Dac\u0103 \u00ee\u021bi dore\u0219ti un gust fiabil \u0219i stabil, f\u0103r\u0103 a fi nevoie s\u0103 \u00eenlocuie\u0219ti frecvent dispozitivul, atunci acest produs este alegerea ideal\u0103. Are o func\u021bie dubl\u0103 de ajustare a admisiei, permi\u021b\u00e2ndu-\u021bi s\u0103 aspire cu u\u0219urin\u021b\u0103 o textur\u0103 mai dens\u0103 sau un c\u00e2mp vizual mai larg. \u00cen plus, este echipat cu lumini indicatoare convenabile pentru baterie \u0219i e-lichid, care \u00ee\u021bi reamintesc c\u00e2nd trebuie s\u0103 \u00eencarci sau s\u0103 \u00eenlocuie\u0219ti dispozitivul.<\/p>\n<h2 data-v-md-heading=\"excellent-performance-easy-and-convenient\" data-v-md-line=\"8\">Performan\u021b\u0103 excelent\u0103, u\u0219or \u0219i convenabil<\/h2>\n<p data-v-md-line=\"9\">Nucleul \u021big\u0103rii electronice Aim Flame este o rezisten\u021b\u0103 cu plas\u0103 dubl\u0103. De aceea, fiecare \u00eembuc\u0103tur\u0103 r\u0103m\u00e2ne curat\u0103 \u0219i r\u0103coritoare, cu un gust consistent. C\u00e2nd bateria este desc\u0103rcat\u0103, o pute\u021bi \u00eenc\u0103rca prin cablul Type-C folosind cablurile utilizate \u00een mod obi\u0219nuit pe telefon. De asemenea, dispune de o blocare pentru copii pentru lini\u0219te sufleteasc\u0103, iar func\u021bia de \u00eenc\u0103rcare rapid\u0103 v\u0103 permite s\u0103 v\u0103 bucura\u021bi cu u\u0219urin\u021b\u0103 de distrac\u021bia \u021big\u0103rii electronice.<\/p>\n<h2 data-v-md-heading=\"specification-introduction\" data-v-md-line=\"11\">Introducere \u00een specifica\u021bii<\/h2>\n<ul data-v-md-line=\"12\">\n<li>Frecven\u021ba de aspirare: p\u00e2n\u0103 la 30000 de ori<\/li>\n<li>Con\u021binut de nicotin\u0103: 2%, 3% sau 5%<\/li>\n<li>Principiu de func\u021bionare: Se activeaz\u0103 cu o singur\u0103 pufnire<\/li>\n<li>\u00cenc\u0103rcare: Interfa\u021b\u0103 USB de tip C<\/li>\n<li>Stare: Gata de utilizare imediat ce este scoas\u0103 din cutie<\/li>\n<li>Capacitate lichid electronic: 25 mililitri<\/li>\n<li>Miez de atomizare: plas\u0103 dubl\u0103 de 1,2 \u03a9<\/li>\n<li>Baterie: baterie re\u00eenc\u0103rcabil\u0103 13450 cu cobalt pur, 650 mAh<\/li>\n<li>Admisie de aer: Admisie de aer reglabil\u0103 dubl\u0103<\/li>\n<li>Ecran de afi\u0219are: indicatori lumino\u0219i pentru nivelul bateriei \u0219i nivelul e-lichidului<\/li>\n<li>Safety: Child lock<\/li>\n<li>Dimensiuni \u0219i greutate: 48 \u00d7 82 mm, 87 g<\/li>\n<\/ul>\n<h2 data-v-md-heading=\"for-you-for-your-business\" data-v-md-line=\"25\">Pentru tine, pentru afacerea ta<\/h2>\n<p data-v-md-line=\"26\">Pute\u021bi folosi Aivono Aim Flame 30K pentru uz personal sau \u00eel pute\u021bi ad\u0103uga \u00een magazinul dvs. Cutiile de carton en-gros con\u021bin 200 de unit\u0103\u021bi, ceea ce faciliteaz\u0103 men\u021binerea rafturilor pline \u0219i satisfac\u021bia clien\u021bilor.<\/p>\n<p data-v-md-line=\"28\">Expediem prin parteneri de \u00eencredere precum UPS, DPD \u0219i DHL, cu plata DDP dup\u0103 plata taxelor. Comanda dumneavoastr\u0103 va fi livrat\u0103 la timp \u0219i va avea eviden\u021be de urm\u0103rire pentru a evita orice accidente la vam\u0103.<\/p>\n<h2 data-v-md-heading=\"why-do-you-like-it\" data-v-md-line=\"30\">De ce \u00ee\u021bi place?<\/h2>\n<ul data-v-md-line=\"31\">\n<li>Capacitate mare de aspirare: timp de aspirare mai lung, nu este nevoie s\u0103 cump\u0103ra\u021bi frecvent cartu\u0219e noi.<\/li>\n<li>Selec\u021bia nicotinei: Alege\u021bi concentra\u021bia care se potrive\u0219te dozei zilnice.<\/li>\n<li>Re\u00eenc\u0103rcabil\u0103: Vei r\u0103m\u00e2ne f\u0103r\u0103 lichid pentru \u021bigara electronic\u0103 de fiecare dat\u0103 c\u00e2nd \u00eel cumperi.<\/li>\n<li>Spirala tip plas\u0103: men\u021bine o textur\u0103 consistent\u0103 cu fiecare aspira\u021bie.<\/li>\n<li>Admisie reglabil\u0103: poate comuta \u00eentre aspira\u021bie str\u00e2ns\u0103 \u0219i aspira\u021bie u\u0219oar\u0103.<\/li>\n<\/ul>\n<h2 data-v-md-heading=\"why-choose-to-collaborate-with-agoravape\" data-v-md-line=\"37\">De ce s\u0103 alegi s\u0103 colaborezi cu AgoraVape?<\/h2>\n<p data-v-md-line=\"38\">Vindem doar produse 100% originale \u0219i nu avem nicio \u00eendoial\u0103 \u00een privin\u021ba asta. Dac\u0103 achizi\u021biona\u021bi en-gros \u021big\u0103ri electronice Aivono Aim Flame 30K cu admisie dubl\u0103, ve\u021bi beneficia de pre\u021buri reduse, asisten\u021b\u0103 fiabil\u0103 \u0219i transport rapid \u0219i sigur. V\u0103 rug\u0103m s\u0103 ne contacta\u021bi \u0219i vom oferi clien\u021bilor dvs. dispozitive pe care le \u00eendr\u0103gesc cu adev\u0103rat.<\/p>","protected":false},"excerpt":{"rendered":"<p>Care sunt punctele forte ale vapei cu admisie dubl\u0103 Aivono Aim Flame 30K? Dac\u0103 v-a\u021bi s\u0103turat s\u0103 folosi\u021bi vapori de unic\u0103 folosin\u021b\u0103<\/p>","protected":false},"featured_media":14185,"comment_status":"open","ping_status":"closed","template":"","meta":[],"product_brand":[211],"product_cat":[124,185,189,1637,194,138,196,174,175,193,191,173,186,180,190,192],"product_tag":[],"class_list":{"0":"post-14170","1":"product","2":"type-product","3":"status-publish","4":"has-post-thumbnail","6":"product_brand-aivono","7":"product_cat-vape-by-brand","8":"product_cat-10000-puffs-high-capacity","9":"product_cat-20mg-standard-nicotine-vapes","10":"product_cat-30000-puffs","11":"product_cat-adjustable-airflow","12":"product_cat-aivono","13":"product_cat-child-safety-features","14":"product_cat-fruit-flavors","15":"product_cat-icy-mint","16":"product_cat-mesh-coil","17":"product_cat-rechargeable-disposables","18":"product_cat-vape-by-flavor-profile","19":"product_cat-vape-by-nicotine-strength","20":"product_cat-vape-by-puff-count","21":"product_cat-vape-by-feature-or-type","22":"product_cat-vapes-with-screens","24":"first","25":"onbackorder","26":"shipping-taxable","27":"purchasable","28":"product-type-variable","29":"has-default-attributes"},"tiered_pricing_type":"percentage","tiered_pricing_fixed_rules":[],"tiered_pricing_product_settings":{"layout":"default","base_unit_name":{"singular":null,"plural":null},"default_variation":null},"tiered_pricing_minimum_quantity":10,"tiered_pricing_roles_data":[],"tiered_pricing_percentage_rules":{"30":"29","50":"35","100":"40","200":"44","500":"47","1000":"49"},"tiered_pricing_maximum_quantity":null,"tiered_pricing_quantity_step":"10","_links":{"self":[{"href":"https:\/\/agoravape.com\/ro\/wp-json\/wp\/v2\/product\/14170","targetHints":{"allow":["GET"]}}],"collection":[{"href":"https:\/\/agoravape.com\/ro\/wp-json\/wp\/v2\/product"}],"about":[{"href":"https:\/\/agoravape.com\/ro\/wp-json\/wp\/v2\/types\/product"}],"replies":[{"embeddable":true,"href":"https:\/\/agoravape.com\/ro\/wp-json\/wp\/v2\/comments?post=14170"}],"version-history":[{"count":0,"href":"https:\/\/agoravape.com\/ro\/wp-json\/wp\/v2\/product\/14170\/revisions"}],"wp:featuredmedia":[{"embeddable":true,"href":"https:\/\/agoravape.com\/ro\/wp-json\/wp\/v2\/media\/14185"}],"wp:attachment":[{"href":"https:\/\/agoravape.com\/ro\/wp-json\/wp\/v2\/media?parent=14170"}],"wp:term":[{"taxonomy":"product_brand","embeddable":true,"href":"https:\/\/agoravape.com\/ro\/wp-json\/wp\/v2\/product_brand?post=14170"},{"taxonomy":"product_cat","embeddable":true,"href":"https:\/\/agoravape.com\/ro\/wp-json\/wp\/v2\/product_cat?post=14170"},{"taxonomy":"product_tag","embeddable":true,"href":"https:\/\/agoravape.com\/ro\/wp-json\/wp\/v2\/product_tag?post=14170"}],"curies":[{"name":"wp","href":"https:\/\/api.w.org\/{rel}","templated":true}]}}