{"id":14195,"date":"2025-10-12T22:12:57","date_gmt":"2025-10-12T14:12:57","guid":{"rendered":"https:\/\/green-grasshopper-921422.hostingersite.com\/?post_type=product&#038;p=14195"},"modified":"2025-12-31T22:59:31","modified_gmt":"2025-12-31T14:59:31","slug":"aivono-aim-flash-35k-puffs-dual-mesh-vape","status":"publish","type":"product","link":"https:\/\/agoravape.com\/ro\/product\/aivono-aim-flash-35k-puffs-dual-mesh-vape\/","title":{"rendered":"Aivono Aim Flash 35K Puffs, \u021bigar\u0103 electronic\u0103 de unic\u0103 folosin\u021b\u0103 cu plas\u0103 dubl\u0103 | Pufuri mari, arom\u0103 consistent\u0103"},"content":{"rendered":"<h2 data-v-md-heading=\"what-are-the-highlights-of-the-aivono-aim-flash-35k-dual-network-disposable-vape\" data-v-md-line=\"3\">Care sunt punctele forte ale vapei de unic\u0103 folosin\u021b\u0103 Aivono Aim Flash 35K cu re\u021bea dubl\u0103?<\/h2>\n<p data-v-md-line=\"4\">Dac\u0103 v-a\u021bi s\u0103turat de vapurile de unic\u0103 folosin\u021b\u0103 care expir\u0103 \u00een c\u00e2teva zile, acest produs v\u0103 va schimba experien\u021ba. Aivono Aim Flash este echipat cu nuclee duble \u0219i poate g\u0103zdui p\u00e2n\u0103 la 35000 de mu\u0219c\u0103turi, permi\u021b\u00e2ndu-v\u0103 s\u0103 men\u021bine\u021bi un gust bogat de la \u00eenceput p\u00e2n\u0103 la sf\u00e2r\u0219it. Dac\u0103 dori\u021bi un vape care este durabil, are un gust excelent \u0219i nu necesit\u0103 configurare sau \u00eentre\u021binere plictisitoare, atunci aceasta este alegerea ideal\u0103.<\/p>\n<p data-v-md-line=\"6\">S-ar putea s\u0103 crede\u021bi c\u0103 gustul va sc\u0103dea treptat dup\u0103 utilizarea dispozitivului pentru o perioad\u0103 at\u00e2t de lung\u0103, dar designul cu plas\u0103 dubl\u0103 poate men\u021bine o aspira\u021bie lin\u0103 \u0219i consistent\u0103 de fiecare dat\u0103. Doar alege\u021bi aroma preferat\u0103 \u0219i concentra\u021bia de nicotin\u0103 \u0219i pute\u021bi \u00eencepe cu u\u0219urin\u021b\u0103.<\/p>\n<h2 data-v-md-heading=\"excellent-performance-no-need-for-complex-operations\" data-v-md-line=\"8\">Excellent performance, no need for complex operations<\/h2>\n<p data-v-md-line=\"9\">Nucleul dual este punctul culminant al acestui produs. Se poate \u00eenc\u0103lzi uniform, permi\u021b\u00e2ndu-v\u0103 s\u0103 ob\u021bine\u021bi un gust complet \u0219i pur cu fiecare puf. C\u00e2nd bateria este desc\u0103rcat\u0103, o pute\u021bi \u00eenc\u0103rca prin interfa\u021ba Type-C, iar cablul de \u00eenc\u0103rcare poate fi acela\u0219i cu cablul de \u00eenc\u0103rcare al telefonului. Nu este nevoie de butoane, nu este nevoie de meniuri. Doar respira\u021bi \u0219i este gata de utilizare.<\/p>\n<h2 data-v-md-heading=\"specification-introduction\" data-v-md-line=\"11\">Introducere \u00een specifica\u021bii<\/h2>\n<ul data-v-md-line=\"12\">\n<li>Num\u0103r de aspira\u021bii: p\u00e2n\u0103 la 35000 de aspira\u021bii<\/li>\n<li>Capacitate lichid electronic: 28 mililitri<\/li>\n<li>Baterie: baterie re\u00eenc\u0103rcabil\u0103 de 850 mAh<\/li>\n<li>Miez de atomizare: plas\u0103 dubl\u0103 de 1,0 \u03a9<\/li>\n<li>Concentra\u021bie de nicotin\u0103: 0%, 2%, 3% \u0219i 5% op\u021bional<\/li>\n<li>\u00cenc\u0103rcare: Interfa\u021b\u0103 USB de tip C<\/li>\n<li>Principiu de func\u021bionare: Se activeaz\u0103 cu o singur\u0103 pufnire<\/li>\n<li>Stare: Gata de utilizare dup\u0103 despachetare<\/li>\n<\/ul>\n<h2 data-v-md-heading=\"full-range-of-flavors\" data-v-md-line=\"21\">Gam\u0103 complet\u0103 de arome<\/h2>\n<ul data-v-md-line=\"22\">\n<li>Smoothie de c\u0103p\u0219uni<\/li>\n<li>Pepene verde cu c\u0103p\u0219uni<\/li>\n<li>Zmeur\u0103 Cire\u0219e<\/li>\n<li>Blueberry smoothie<\/li>\n<li>L\u0103m\u00e2ie ca<\/li>\n<li>Peach Juice<\/li>\n<li>Afine \u0219i struguri<\/li>\n<li>Gum\u0103 de mestecat cu pepene verde<\/li>\n<li>Mere acre<\/li>\n<li>Mango Ananas<\/li>\n<li>Blue Ranch<\/li>\n<li>Smoothie cu pepene verde<\/li>\n<li>Smoothie de struguri<\/li>\n<li>Fructe de p\u0103dure mixte<\/li>\n<li>C\u0103p\u0219uni Kiwi<\/li>\n<\/ul>\n<h2 data-v-md-heading=\"for-you-for-your-business\" data-v-md-line=\"38\">Pentru tine, pentru afacerea ta<\/h2>\n<p data-v-md-line=\"39\">Pute\u021bi achizi\u021biona Aivono Aim Flash 35K pentru uz personal sau \u00eel pute\u021bi ad\u0103uga la magazinul dvs. Oferim ambalaje en-gros, iar cantitatea de ambalaj poate varia \u00een func\u021bie de lot. V\u0103 rug\u0103m s\u0103 ne contacta\u021bi \u0219i v\u0103 vom confirma dimensiunea curent\u0103 a ambalajului comenzii dvs.<\/p>\n<p data-v-md-line=\"41\">Oferim servicii de livrare cu plata taxelor vamale (DDP) prin parteneri de \u00eencredere precum UPS, DPD \u0219i DHL \u00een \u00eentreaga Europ\u0103 pentru a v\u0103 asigura c\u0103 primi\u021bi livrarea DDP \u0219i pentru a evita orice incidente vamale nea\u0219teptate. Comanda este trasabil\u0103. Confiden\u021bialitatea ambalajului. Plata este procesat\u0103 prin intermediul unui gateway securizat.<\/p>\n<h2 data-v-md-heading=\"why-do-you-like-it\" data-v-md-line=\"43\">De ce \u00ee\u021bi place?<\/h2>\n<ul data-v-md-line=\"44\">\n<li>Aspira\u021bie masiv\u0103: Durabil \u0219i de lung\u0103 durat\u0103, f\u0103r\u0103 a fi nevoie de \u00eenlocuirea frecvent\u0103 a vaporilor.<\/li>\n<li>Selectarea nicotinei: Alege\u021bi concentra\u021bia care se potrive\u0219te preferin\u021belor dvs. \u0219i reglement\u0103rilor locale.<\/li>\n<li>Re\u00eenc\u0103rcabil\u0103: Folose\u0219ti toate lichidele electronice achizi\u021bionate.<\/li>\n<li>Mesh coil: From the first bite to the last bite, the taste remains consistent.<\/li>\n<\/ul>\n<h2 data-v-md-heading=\"quick-explanation-of-compliance\" data-v-md-line=\"49\">Explica\u021bie rapid\u0103 privind conformitatea<\/h2>\n<p data-v-md-line=\"50\">Oferta de nicotin\u0103 variaz\u0103 \u00een func\u021bie de pia\u021b\u0103. Oferim op\u021biuni care respect\u0103 standardele TPD\/TRRP, dup\u0103 cum este necesar, \u0219i putem oferi recomand\u0103ri privind concentra\u021bia permis\u0103 de e-lichid \u00een \u021bara\/regiunea dumneavoastr\u0103. Toate stocurile sunt autentice \u0219i vin cu etichete clare \u0219i informa\u021bii de siguran\u021b\u0103.<\/p>\n<h2 data-v-md-heading=\"why-choose-to-collaborate-with-agoravape\" data-v-md-line=\"52\">De ce s\u0103 alegi s\u0103 colaborezi cu AgoraVape?<\/h2>\n<p data-v-md-line=\"53\">Suntem unul dintre distribuitorii de vape de \u00eencredere din Europa \u0219i vindem numai produse originale. Clien\u021bii Enterprise se pot bucura de pre\u021buri en-gros reduse, suport de r\u0103spuns rapid \u0219i servicii rapide de livrare DDP pentru vapurile de unic\u0103 folosin\u021b\u0103 Aivono Aim Flash 35K. Putem oferi op\u021biuni OEM \/ ODM la cerere. V\u0103 rug\u0103m s\u0103 ne contacta\u021bi pentru a rezerva un dispozitiv demn de \u00eencredere pentru clien\u021bii dvs.<\/p>","protected":false},"excerpt":{"rendered":"<p>&nbsp;<\/p>","protected":false},"featured_media":14215,"comment_status":"open","ping_status":"closed","template":"","meta":[],"product_brand":[211],"product_cat":[124,187,185,189,138,174,175,193,191,173,186,180,190],"product_tag":[],"class_list":{"0":"post-14195","1":"product","2":"type-product","3":"status-publish","4":"has-post-thumbnail","6":"product_brand-aivono","7":"product_cat-vape-by-brand","8":"product_cat-0mg-nicotine-free-vapes","9":"product_cat-10000-puffs-high-capacity","10":"product_cat-20mg-standard-nicotine-vapes","11":"product_cat-aivono","12":"product_cat-fruit-flavors","13":"product_cat-icy-mint","14":"product_cat-mesh-coil","15":"product_cat-rechargeable-disposables","16":"product_cat-vape-by-flavor-profile","17":"product_cat-vape-by-nicotine-strength","18":"product_cat-vape-by-puff-count","19":"product_cat-vape-by-feature-or-type","21":"first","22":"instock","23":"shipping-taxable","24":"purchasable","25":"product-type-variable","26":"has-default-attributes"},"tiered_pricing_type":"percentage","tiered_pricing_fixed_rules":[],"tiered_pricing_product_settings":{"layout":"default","base_unit_name":{"singular":null,"plural":null},"default_variation":null},"tiered_pricing_minimum_quantity":10,"tiered_pricing_roles_data":[],"tiered_pricing_percentage_rules":{"30":"29","50":"35","100":"40","200":"44","500":"47","1000":"49"},"tiered_pricing_maximum_quantity":null,"tiered_pricing_quantity_step":"10","_links":{"self":[{"href":"https:\/\/agoravape.com\/ro\/wp-json\/wp\/v2\/product\/14195","targetHints":{"allow":["GET"]}}],"collection":[{"href":"https:\/\/agoravape.com\/ro\/wp-json\/wp\/v2\/product"}],"about":[{"href":"https:\/\/agoravape.com\/ro\/wp-json\/wp\/v2\/types\/product"}],"replies":[{"embeddable":true,"href":"https:\/\/agoravape.com\/ro\/wp-json\/wp\/v2\/comments?post=14195"}],"version-history":[{"count":0,"href":"https:\/\/agoravape.com\/ro\/wp-json\/wp\/v2\/product\/14195\/revisions"}],"wp:featuredmedia":[{"embeddable":true,"href":"https:\/\/agoravape.com\/ro\/wp-json\/wp\/v2\/media\/14215"}],"wp:attachment":[{"href":"https:\/\/agoravape.com\/ro\/wp-json\/wp\/v2\/media?parent=14195"}],"wp:term":[{"taxonomy":"product_brand","embeddable":true,"href":"https:\/\/agoravape.com\/ro\/wp-json\/wp\/v2\/product_brand?post=14195"},{"taxonomy":"product_cat","embeddable":true,"href":"https:\/\/agoravape.com\/ro\/wp-json\/wp\/v2\/product_cat?post=14195"},{"taxonomy":"product_tag","embeddable":true,"href":"https:\/\/agoravape.com\/ro\/wp-json\/wp\/v2\/product_tag?post=14195"}],"curies":[{"name":"wp","href":"https:\/\/api.w.org\/{rel}","templated":true}]}}