{"id":14233,"date":"2025-10-12T22:25:23","date_gmt":"2025-10-12T14:25:23","guid":{"rendered":"https:\/\/green-grasshopper-921422.hostingersite.com\/?post_type=product&#038;p=14233"},"modified":"2026-03-27T06:21:43","modified_gmt":"2026-03-27T05:21:43","slug":"aivono-aim-magic-20k-puffs-top-fill-vape","status":"publish","type":"product","link":"https:\/\/agoravape.com\/ro\/product\/aivono-aim-magic-20k-puffs-top-fill-vape\/","title":{"rendered":"Aivono Aim Magic 20K Puffs - \u021bigar\u0103 electronic\u0103 de unic\u0103 folosin\u021b\u0103 cu umplere prin partea de sus | Comoditate pe termen lung cu arom\u0103 proasp\u0103t\u0103"},"content":{"rendered":"<h2 data-v-md-heading=\"what-are-the-advantages-of-aivono-aim-magic-20k-suction-top-injection-disposable-vape\" data-v-md-line=\"3\"><\/h2>\n<h2 data-v-md-heading=\"what-are-the-advantages-of-aivono-aim-magic-20k-suction-top-injection-disposable-vape\" data-v-md-line=\"3\">Care sunt avantajele \u021big\u0103rii electronice de unic\u0103 folosin\u021b\u0103 Aivono Aim Magic 20K cu injec\u021bie prin aspira\u021bie?<\/h2>\n<p data-v-md-line=\"4\">Dac\u0103 te-ai s\u0103turat s\u0103-\u021bi schimbi \u021bigara electronic\u0103 la fiecare c\u00e2teva zile, atunci acest produs te va revigora cu siguran\u021b\u0103. Aivono Aim Magic are o capacitate de aspirare de p\u00e2n\u0103 la 20000, este compact \u0219i portabil, permi\u021b\u00e2ndu-\u021bi s\u0103 ob\u021bii cu u\u0219urin\u021b\u0103 o durat\u0103 lung\u0103 de via\u021b\u0103 a bateriei.<\/p>\n<p data-v-md-line=\"6\">Pentru utilizatorii care urm\u0103resc un gust stabil \u0219i o utilizare zilnic\u0103 convenabil\u0103, este cu siguran\u021b\u0103 o alegere ideal\u0103. Afi\u0219ajul clar al bateriei \u0219i al nivelului de lichid v\u0103 permite s\u0103 urm\u0103ri\u021bi starea acesteia \u00een orice moment. F\u0103r\u0103 accidente \u00een timpul navetei, utilizare lin\u0103.<\/p>\n<h2 data-v-md-heading=\"excellent-performance-worry-free\" data-v-md-line=\"8\">Excellent performance, worry free<\/h2>\n<p data-v-md-line=\"9\">Rezisten\u021bele duble de 1,0 \u03a9 \u00eencorporate asigur\u0103 c\u0103 fiecare \u00eembuc\u0103tur\u0103 este la fel de delicioas\u0103 ca prima \u00eenghi\u021bitur\u0103. Gust stabil \u0219i fum clar. C\u00e2nd bateria este desc\u0103rcat\u0103, pute\u021bi utiliza cablul de date Type-C utilizat \u00een mod obi\u0219nuit pe telefon pentru \u00eenc\u0103rcare. Simplu \u0219i convenabil. Designul superior de \u00eenc\u0103rcare adaug\u0103 confort practic la \u00eentre\u021binere \u0219i \u00eenc\u0103rcare \u00een mediile B2B.<\/p>\n<h2 data-v-md-heading=\"specification-introduction\" data-v-md-line=\"11\">Introducere \u00een specifica\u021bii<\/h2>\n<ul data-v-md-line=\"12\">\n<li>Frecven\u021ba de aspirare: p\u00e2n\u0103 la 20000 de ori<\/li>\n<li>Con\u021binut de nicotin\u0103: 0%, 2%, 3% sau 5%<\/li>\n<li>Principiu de func\u021bionare: Se activeaz\u0103 cu o singur\u0103 pufnire<\/li>\n<li>Metod\u0103 de \u00eenc\u0103rcare: Interfa\u021b\u0103 USB de tip C<\/li>\n<li>Capacitate lichid electronic: 26 mililitri<\/li>\n<li>Miez de atomizare: plas\u0103 dubl\u0103 de 1,0 \u03a9<\/li>\n<li>Baterie: baterie re\u00eenc\u0103rcabil\u0103 de 600 mAh<\/li>\n<li>Ecran de afi\u0219are: afi\u0219aj nivel baterie \u0219i afi\u0219aj nivel e-lichid<\/li>\n<li>Stare: Gata de utilizare dup\u0103 despachetare<\/li>\n<\/ul>\n<h2 data-v-md-heading=\"full-range-of-flavors\" data-v-md-line=\"22\">Gam\u0103 complet\u0103 de arome<\/h2>\n<ul data-v-md-line=\"23\">\n<li>Blueberry smoothie<\/li>\n<li>Smoothie de c\u0103p\u0219uni<\/li>\n<li>Smoothie cu pepene verde<\/li>\n<li>Smoothie de ananas \u0219i cocos<\/li>\n<li>Smoothie de ananas \u0219i mango<\/li>\n<li>Smoothie cu fructe de p\u0103dure<\/li>\n<li>Smoothie cu c\u0103p\u0219uni \u0219i pepene verde<\/li>\n<li>Blueberry smoothie<\/li>\n<li>Smoothie de piersici<\/li>\n<li>\u00cenghe\u021bat\u0103 de c\u0103p\u0219uni<\/li>\n<\/ul>\n<h2 data-v-md-heading=\"for-you-and-your-business\" data-v-md-line=\"34\">Pentru tine \u0219i afacerea ta<\/h2>\n<p data-v-md-line=\"35\">Pute\u021bi achizi\u021biona un dispozitiv pentru uz personal sau v\u0103 pute\u021bi aproviziona pentru magazinul dvs. Cutiile de carton en-gros pot g\u0103zdui 200 de unit\u0103\u021bi, astfel \u00eenc\u00e2t s\u0103 v\u0103 pute\u021bi planifica cu u\u0219urin\u021b\u0103 inventarul. Oferim servicii de livrare DDP cu taxe incluse, cu parteneri de \u00eencredere precum UPS DPD \u0219i DHL, astfel \u00eenc\u00e2t nu vor exista accidente la vam\u0103.<\/p>\n<p data-v-md-line=\"37\">Pentru echipele B2B, Aim Magic poate transporta containere goale pe care clien\u021bii le pot umple singuri. \u00cen plus, pute\u021bi alege \u0219i logo-uri luminoase personalizate pentru a face brandul dvs. s\u0103 ias\u0103 \u00een eviden\u021b\u0103 pe rafturi.<\/p>\n<h2 data-v-md-heading=\"why-do-you-like-it\" data-v-md-line=\"39\">De ce \u00ee\u021bi place?<\/h2>\n<ul data-v-md-line=\"40\">\n<li>Fumat masiv: Durabil \u0219i de lung\u0103 durat\u0103, nu este nevoie s\u0103 cump\u0103ra\u021bi frecvent \u021big\u0103ri noi.<\/li>\n<li>Selec\u021bia nicotinei: Alege\u021bi concentra\u021bia potrivit\u0103 pentru utilizarea zilnic\u0103.<\/li>\n<li>Re\u00eenc\u0103rcabil\u0103: Folose\u0219ti toate lichidele electronice pe care le cumperi.<\/li>\n<li>Spir\u0103 de plas\u0103: Ofer\u0103 o experien\u021b\u0103 consistent\u0103 \u0219i delicioas\u0103 de fiecare dat\u0103.<\/li>\n<li>Ecran inteligent: Acesta ofer\u0103 o imagine clar\u0103 a nivelului bateriei \u0219i al lichidului pentru \u021bigara electronic\u0103, astfel \u00eenc\u00e2t s\u0103 pute\u021bi planifica din timp.<\/li>\n<li>Injec\u021bie de ulei de sus: At\u00e2t echipa opera\u021bional\u0103, c\u00e2t \u0219i utilizatorii \u00een vrac pot injecta cu u\u0219urin\u021b\u0103 ulei.<\/li>\n<\/ul>\n<h2 data-v-md-heading=\"why-collaborate-with-agoravape\" data-v-md-line=\"47\">De ce s\u0103 colaborezi cu AgoraVape?<\/h2>\n<p data-v-md-line=\"48\">Vindem doar produse 100% originale \u0219i garant\u0103m calitatea produselor pe care le expediem. Pentru clien\u021bii comerciali, aceasta \u00eenseamn\u0103 c\u0103 \u021big\u0103rile electronice de unic\u0103 folosin\u021b\u0103 cu aspira\u021bie \u0219i ulei Aivono Aim Magic 20K au pre\u021buri reduse en-gros, asisten\u021b\u0103 clien\u021bi fiabil\u0103 \u0219i logistic\u0103 rapid\u0103 \u0219i fiabil\u0103. Contacta\u021bi-ne \u0219i achizi\u021biona\u021bi un dispozitiv pe care clien\u021bii dvs. \u00eel vor aprecia cu adev\u0103rat.<\/p>","protected":false},"excerpt":{"rendered":"<p>Care sunt avantajele Aivono Aim Magic 20K aspira\u021bie top injec\u021bie de unic\u0103 folosin\u021b\u0103 vape? Dac\u0103 v-a\u021bi s\u0103turat s\u0103 schimba\u021bi<\/p>","protected":false},"featured_media":14264,"comment_status":"open","ping_status":"closed","template":"","meta":[],"product_brand":[211],"product_cat":[124,187,185,1636,189,138,174,175,193,191,173,186,180,190,192],"product_tag":[],"class_list":{"0":"post-14233","1":"product","2":"type-product","3":"status-publish","4":"has-post-thumbnail","6":"product_brand-aivono","7":"product_cat-vape-by-brand","8":"product_cat-0mg-nicotine-free-vapes","9":"product_cat-10000-puffs-high-capacity","10":"product_cat-20000-puffs","11":"product_cat-20mg-standard-nicotine-vapes","12":"product_cat-aivono","13":"product_cat-fruit-flavors","14":"product_cat-icy-mint","15":"product_cat-mesh-coil","16":"product_cat-rechargeable-disposables","17":"product_cat-vape-by-flavor-profile","18":"product_cat-vape-by-nicotine-strength","19":"product_cat-vape-by-puff-count","20":"product_cat-vape-by-feature-or-type","21":"product_cat-vapes-with-screens","23":"first","24":"instock","25":"shipping-taxable","26":"purchasable","27":"product-type-variable","28":"has-default-attributes"},"tiered_pricing_type":"percentage","tiered_pricing_fixed_rules":[],"tiered_pricing_product_settings":{"layout":"default","base_unit_name":{"singular":null,"plural":null},"default_variation":null},"tiered_pricing_minimum_quantity":10,"tiered_pricing_roles_data":[],"tiered_pricing_percentage_rules":{"30":"29","50":"35","100":"40","200":"44","500":"47","1000":"49"},"tiered_pricing_maximum_quantity":null,"tiered_pricing_quantity_step":"10","_links":{"self":[{"href":"https:\/\/agoravape.com\/ro\/wp-json\/wp\/v2\/product\/14233","targetHints":{"allow":["GET"]}}],"collection":[{"href":"https:\/\/agoravape.com\/ro\/wp-json\/wp\/v2\/product"}],"about":[{"href":"https:\/\/agoravape.com\/ro\/wp-json\/wp\/v2\/types\/product"}],"replies":[{"embeddable":true,"href":"https:\/\/agoravape.com\/ro\/wp-json\/wp\/v2\/comments?post=14233"}],"version-history":[{"count":1,"href":"https:\/\/agoravape.com\/ro\/wp-json\/wp\/v2\/product\/14233\/revisions"}],"predecessor-version":[{"id":29828,"href":"https:\/\/agoravape.com\/ro\/wp-json\/wp\/v2\/product\/14233\/revisions\/29828"}],"wp:featuredmedia":[{"embeddable":true,"href":"https:\/\/agoravape.com\/ro\/wp-json\/wp\/v2\/media\/14264"}],"wp:attachment":[{"href":"https:\/\/agoravape.com\/ro\/wp-json\/wp\/v2\/media?parent=14233"}],"wp:term":[{"taxonomy":"product_brand","embeddable":true,"href":"https:\/\/agoravape.com\/ro\/wp-json\/wp\/v2\/product_brand?post=14233"},{"taxonomy":"product_cat","embeddable":true,"href":"https:\/\/agoravape.com\/ro\/wp-json\/wp\/v2\/product_cat?post=14233"},{"taxonomy":"product_tag","embeddable":true,"href":"https:\/\/agoravape.com\/ro\/wp-json\/wp\/v2\/product_tag?post=14233"}],"curies":[{"name":"wp","href":"https:\/\/api.w.org\/{rel}","templated":true}]}}