{"id":14267,"date":"2025-10-12T22:37:06","date_gmt":"2025-10-12T14:37:06","guid":{"rendered":"https:\/\/green-grasshopper-921422.hostingersite.com\/?post_type=product&#038;p=14267"},"modified":"2026-03-27T06:21:42","modified_gmt":"2026-03-27T05:21:42","slug":"aivono-aim-freak-13k-puffs-ecran-color-vape","status":"publish","type":"product","link":"https:\/\/agoravape.com\/ro\/product\/aivono-aim-freak-13k-puffs-color-screen-vape\/","title":{"rendered":"Aivono Aim Freak 13K Puffs cu ecran color | Pufuri mari, ecran clar, re\u00eenc\u0103rcare u\u0219oar\u0103"},"content":{"rendered":"<h2 data-v-md-heading=\"what-are-the-highlights-of-aivono-aim-freak-13k-suction-color-screen-vape\" data-v-md-line=\"3\"><img loading=\"lazy\" decoding=\"async\" class=\"aligncenter size-full wp-image-14266\" src=\"https:\/\/agoravape.com\/wp-content\/uploads\/2025\/10\/Aivono-Aim-Freak-13K-Puffs-Color-Screen-Vape_Agora_vape-1-scaled.webp\" alt=\"\" width=\"2560\" height=\"1600\" srcset=\"https:\/\/agoravape.com\/wp-content\/uploads\/2025\/10\/Aivono-Aim-Freak-13K-Puffs-Color-Screen-Vape_Agora_vape-1-scaled.webp 2560w, https:\/\/agoravape.com\/wp-content\/uploads\/2025\/10\/Aivono-Aim-Freak-13K-Puffs-Color-Screen-Vape_Agora_vape-1-scaled-1200x750.webp 1200w, https:\/\/agoravape.com\/wp-content\/uploads\/2025\/10\/Aivono-Aim-Freak-13K-Puffs-Color-Screen-Vape_Agora_vape-1-300x188.webp 300w, https:\/\/agoravape.com\/wp-content\/uploads\/2025\/10\/Aivono-Aim-Freak-13K-Puffs-Color-Screen-Vape_Agora_vape-1-1024x640.webp 1024w, https:\/\/agoravape.com\/wp-content\/uploads\/2025\/10\/Aivono-Aim-Freak-13K-Puffs-Color-Screen-Vape_Agora_vape-1-768x480.webp 768w, https:\/\/agoravape.com\/wp-content\/uploads\/2025\/10\/Aivono-Aim-Freak-13K-Puffs-Color-Screen-Vape_Agora_vape-1-1536x960.webp 1536w, https:\/\/agoravape.com\/wp-content\/uploads\/2025\/10\/Aivono-Aim-Freak-13K-Puffs-Color-Screen-Vape_Agora_vape-1-2048x1280.webp 2048w\" sizes=\"auto, (max-width: 2560px) 100vw, 2560px\" \/><\/h2>\n<h2 data-v-md-heading=\"what-are-the-highlights-of-aivono-aim-freak-13k-suction-color-screen-vape\" data-v-md-line=\"3\">Care sunt caracteristicile principale ale \u021big\u0103rii electronice cu ecran color \u0219i aspira\u021bie Aivono Aim Freak 13K?<\/h2>\n<p data-v-md-line=\"4\">Dac\u0103 te-ai s\u0103turat de enervarea de a r\u0103m\u00e2ne f\u0103r\u0103 lichid de unic\u0103 folosin\u021b\u0103 atunci c\u00e2nd \u00eel gu\u0219ti pentru prima dat\u0103, atunci acest vaporizator \u00ee\u021bi poate satisface cu siguran\u021b\u0103 nevoile. Aivono Aim Freak are o capacitate de p\u00e2n\u0103 la 13000 de pufuri \u0219i este echipat cu un ecran color clar care afi\u0219eaz\u0103 dintr-o privire nivelurile bateriei \u0219i ale lichidului. Nu mai este nevoie s\u0103 speculezi, ia-\u021bi r\u0103mas bun de la problemele legate de combustibilul gol.<\/p>\n<p data-v-md-line=\"6\">Este potrivit pentru to\u021bi utilizatorii care \u00ee\u0219i doresc un gust de lung\u0103 durat\u0103, f\u0103r\u0103 a fi nevoie de set\u0103ri complicate. Acest dispozitiv u\u0219or de utilizat \u0219i portabil v\u0103 permite s\u0103 fi\u021bi la curent cu cele mai recente evolu\u021bii \u0219i s\u0103 v\u0103 bucura\u021bi cu u\u0219urin\u021b\u0103 de distrac\u021bia vape-urilor.<\/p>\n<h2 data-v-md-heading=\"excellent-performance-without-any-complex-operations\" data-v-md-line=\"8\">Performan\u021b\u0103 excelent\u0103 f\u0103r\u0103 opera\u021biuni complexe<\/h2>\n<p data-v-md-line=\"9\">Nucleul lui Aim Freak este o rezisten\u021b\u0103 cu ochiuri de 1.0 \u03a9, asigur\u00e2nd un gust consistent de la \u00eenceput p\u00e2n\u0103 la sf\u00e2r\u0219it pentru fiecare \u00eembuc\u0103tur\u0103. Fumul este \u00eentotdeauna fin, iar gustul este \u00eentotdeauna pur. C\u00e2nd bateria este desc\u0103rcat\u0103, \u00eel pute\u021bi \u00eenc\u0103rca prin interfa\u021ba Type-C, iar cablul de \u00eenc\u0103rcare poate fi acela\u0219i cu cablul de \u00eenc\u0103rcare al telefonului. Este simplu.<\/p>\n<h2 data-v-md-heading=\"specification-introduction\" data-v-md-line=\"11\">Introducere \u00een specifica\u021bii<\/h2>\n<ul data-v-md-line=\"12\">\n<li>Frecven\u021ba de aspirare: p\u00e2n\u0103 la 13000 de ori<\/li>\n<li>Capacitate lichid electronic: 20 mililitri<\/li>\n<li>Con\u021binut de nicotin\u0103: 0%\/2%\/3%\/5% (cantitatea specific\u0103 poate varia \u00een func\u021bie de reglement\u0103rile na\u021bionale\/regionale)<\/li>\n<li>Atomizing core: 1.0 \u03a9 mesh<\/li>\n<li>Baterie: baterie re\u00eenc\u0103rcabil\u0103 de 500 mAh (13350 celule de cobalt pur)<\/li>\n<li>\u00cenc\u0103rcare: Interfa\u021b\u0103 USB de tip C<\/li>\n<li>Ecran: Ecran color cu indicator luminos pentru nivelul bateriei \u0219i lichid electronic<\/li>\n<li>Principiu de func\u021bionare: Activare prin inhalare<\/li>\n<li>Dimensiuni \u0219i greutate: aproximativ 43 x 110 milimetri, 85 grame<\/li>\n<li>Stare: Gata de utilizare dup\u0103 despachetare<\/li>\n<\/ul>\n<h2 data-v-md-heading=\"full-range-of-flavors\" data-v-md-line=\"23\">Gam\u0103 complet\u0103 de arome<\/h2>\n<ul data-v-md-line=\"24\">\n<li>Patinoar albastru<\/li>\n<li>Ghea\u021b\u0103 de c\u0103p\u0219uni<\/li>\n<li>Ghea\u021b\u0103 de pepene verde<\/li>\n<li>Suc de piersici<\/li>\n<li>Kiwi \u0219i c\u0103p\u0219uni<\/li>\n<li>Gum\u0103 de mestecat parfumat\u0103<\/li>\n<li>Ghea\u021b\u0103 de ananas \u0219i cocos<\/li>\n<li>Pink Lemon Water<\/li>\n<li>Ananas, Mango, Piersic\u0103<\/li>\n<li>Coac\u0103ze de struguri<\/li>\n<\/ul>\n<h2 data-v-md-heading=\"for-you-and-for-your-business-as-well\" data-v-md-line=\"35\">Pentru tine, dar \u0219i pentru afacerea ta<\/h2>\n<p data-v-md-line=\"36\">Dac\u0103 dori\u021bi o vape zilnic\u0103 durabil\u0103 \u0219i f\u0103r\u0103 griji, <a class=\"wpil_keyword_link\" href=\"https:\/\/agoravape.com\/ro\/marca\/aivono\/\" target=\"_blank\" rel=\"noopener\" title=\"AIVONO\" data-wpil-keyword-link=\"linked\" data-wpil-monitor-id=\"7175\">Aivono<\/a> Aim Freak 13K este alegerea dvs. ideal\u0103. Dac\u0103 opera\u021bi un magazin fizic sau online, pute\u021bi achizi\u021biona 200 de unit\u0103\u021bi \u00een vrac pentru a asigura o reaprovizionare f\u0103r\u0103 probleme \u0219i profituri substan\u021biale.<\/p>\n<p data-v-md-line=\"38\">Oferim servicii de livrare DDP \u00een Europa prin intermediul unor parteneri de \u00eencredere precum UPS, DPD \u0219i DHL, astfel \u00eenc\u00e2t tarifele pot fi procesate \u00een avans pentru a evita confisc\u0103rile vamale nea\u0219teptate. Metodele de plat\u0103 sigure \u0219i stocul autentic v\u0103 permit s\u0103 comanda\u021bi cu lini\u0219te sufleteasc\u0103.<\/p>\n<h2 data-v-md-heading=\"why-do-you-like-it\" data-v-md-line=\"40\">De ce \u00ee\u021bi place?<\/h2>\n<ul data-v-md-line=\"41\">\n<li>Timp de aspirare mai mare: durat\u0103 de via\u021b\u0103 mai lung\u0103 a bateriei, nu este nevoie s\u0103 \u00eenlocui\u021bi frecvent echipamentul.<\/li>\n<li>Selectarea concentra\u021biei de nicotin\u0103: Alege\u021bi concentra\u021bia de nicotin\u0103 care se potrive\u0219te obiceiurilor dumneavoastr\u0103 zilnice.<\/li>\n<li>Re\u00eenc\u0103rcabil: Fiecare pic\u0103tur\u0103 de e-lichid pe care o achizi\u021biona\u021bi poate fi folosit\u0103.<\/li>\n<li>Mesh coil: From the first bite to the last bite, the taste remains consistent.<\/li>\n<li>Ecran color: Vizualiza\u021bi cu u\u0219urin\u021b\u0103 nivelurile r\u0103mase ale bateriei \u0219i ale lichidului pentru \u021bigara electronic\u0103, permi\u021b\u00e2ndu-v\u0103 s\u0103 ave\u021bi control asupra tuturor aspectelor.<\/li>\n<\/ul>\n<p data-v-md-line=\"47\">Diferen\u021ba este c\u0103 s-ar putea s\u0103 crezi c\u0103 vaporizatoarele cu mai multe pufuri ar p\u0103rea voluminoase, dar dimensiunea lui Aim Freak este de doar 43 x 110 milimetri, ceea ce \u00eel face foarte u\u0219or de transportat. Poate \u00eenc\u0103pea \u00een blugi sau jachet\u0103 f\u0103r\u0103 s\u0103 te fac\u0103 s\u0103 te sim\u021bi greu.<\/p>\n<h2 data-v-md-heading=\"why-choose-to-collaborate-with-agoravape\" data-v-md-line=\"49\">De ce s\u0103 alegi s\u0103 colaborezi cu AgoraVape?<\/h2>\n<p data-v-md-line=\"50\">Suntem unul dintre cei mai de \u00eencredere distribuitori de \u021big\u0103ri electronice din Europa \u0219i vindem doar produse 100% originale. Cump\u0103r\u0103torii companiilor care achizi\u021bioneaz\u0103 \u021big\u0103ri electronice cu ecran color cu aspira\u021bie Aivono Aim Freak 13K se pot bucura de pre\u021buri en-gros reduse, asisten\u021b\u0103 fiabil\u0103 \u0219i servicii rapide de livrare DDP. V\u0103 rug\u0103m s\u0103 ne contacta\u021bi pentru a rezerva echipamente pe care clien\u021bii dvs. le vor cump\u0103ra din nou.<\/p>","protected":false},"excerpt":{"rendered":"<p>&nbsp;<\/p>","protected":false},"featured_media":14288,"comment_status":"open","ping_status":"closed","template":"","meta":[],"product_brand":[211],"product_cat":[124,187,185,189,138,174,175,193,191,173,186,180,190,192],"product_tag":[],"class_list":{"0":"post-14267","1":"product","2":"type-product","3":"status-publish","4":"has-post-thumbnail","6":"product_brand-aivono","7":"product_cat-vape-by-brand","8":"product_cat-0mg-nicotine-free-vapes","9":"product_cat-10000-puffs-high-capacity","10":"product_cat-20mg-standard-nicotine-vapes","11":"product_cat-aivono","12":"product_cat-fruit-flavors","13":"product_cat-icy-mint","14":"product_cat-mesh-coil","15":"product_cat-rechargeable-disposables","16":"product_cat-vape-by-flavor-profile","17":"product_cat-vape-by-nicotine-strength","18":"product_cat-vape-by-puff-count","19":"product_cat-vape-by-feature-or-type","20":"product_cat-vapes-with-screens","22":"first","23":"instock","24":"shipping-taxable","25":"purchasable","26":"product-type-variable","27":"has-default-attributes"},"tiered_pricing_type":"percentage","tiered_pricing_fixed_rules":[],"tiered_pricing_product_settings":{"layout":"default","base_unit_name":{"singular":null,"plural":null},"default_variation":null},"tiered_pricing_minimum_quantity":10,"tiered_pricing_roles_data":[],"tiered_pricing_percentage_rules":{"30":"29","50":"35","100":"40","200":"44","500":"47","1000":"49"},"tiered_pricing_maximum_quantity":null,"tiered_pricing_quantity_step":"10","_links":{"self":[{"href":"https:\/\/agoravape.com\/ro\/wp-json\/wp\/v2\/product\/14267","targetHints":{"allow":["GET"]}}],"collection":[{"href":"https:\/\/agoravape.com\/ro\/wp-json\/wp\/v2\/product"}],"about":[{"href":"https:\/\/agoravape.com\/ro\/wp-json\/wp\/v2\/types\/product"}],"replies":[{"embeddable":true,"href":"https:\/\/agoravape.com\/ro\/wp-json\/wp\/v2\/comments?post=14267"}],"version-history":[{"count":1,"href":"https:\/\/agoravape.com\/ro\/wp-json\/wp\/v2\/product\/14267\/revisions"}],"predecessor-version":[{"id":29827,"href":"https:\/\/agoravape.com\/ro\/wp-json\/wp\/v2\/product\/14267\/revisions\/29827"}],"wp:featuredmedia":[{"embeddable":true,"href":"https:\/\/agoravape.com\/ro\/wp-json\/wp\/v2\/media\/14288"}],"wp:attachment":[{"href":"https:\/\/agoravape.com\/ro\/wp-json\/wp\/v2\/media?parent=14267"}],"wp:term":[{"taxonomy":"product_brand","embeddable":true,"href":"https:\/\/agoravape.com\/ro\/wp-json\/wp\/v2\/product_brand?post=14267"},{"taxonomy":"product_cat","embeddable":true,"href":"https:\/\/agoravape.com\/ro\/wp-json\/wp\/v2\/product_cat?post=14267"},{"taxonomy":"product_tag","embeddable":true,"href":"https:\/\/agoravape.com\/ro\/wp-json\/wp\/v2\/product_tag?post=14267"}],"curies":[{"name":"wp","href":"https:\/\/api.w.org\/{rel}","templated":true}]}}