{"id":14291,"date":"2025-10-12T22:46:44","date_gmt":"2025-10-12T14:46:44","guid":{"rendered":"https:\/\/green-grasshopper-921422.hostingersite.com\/?post_type=product&#038;p=14291"},"modified":"2026-03-27T06:21:42","modified_gmt":"2026-03-27T05:21:42","slug":"aivono-aim-puffstar-6500-puffs-vape","status":"publish","type":"product","link":"https:\/\/agoravape.com\/ro\/product\/aivono-aim-puffstar-6500-puffs-vape\/","title":{"rendered":"Aivono Aim Puffstar 6500 Puffs, \u021bigar\u0103 electronic\u0103 compact\u0103 | Arom\u0103 de lung\u0103 durat\u0103. Prietenos cu buzunarul."},"content":{"rendered":"<h2 data-v-md-heading=\"what-are-the-advantages-of-aivono-aim-puffstar-6500-compact-vapes\" data-v-md-line=\"3\"><img loading=\"lazy\" decoding=\"async\" class=\"aligncenter size-full wp-image-14290\" src=\"https:\/\/agoravape.com\/wp-content\/uploads\/2025\/10\/Aivono-Aim-Puffstar-6500-Puffs-Compact-Vape_Agora_vape-1.webp\" alt=\"\" width=\"1876\" height=\"1500\" srcset=\"https:\/\/agoravape.com\/wp-content\/uploads\/2025\/10\/Aivono-Aim-Puffstar-6500-Puffs-Compact-Vape_Agora_vape-1.webp 1876w, https:\/\/agoravape.com\/wp-content\/uploads\/2025\/10\/Aivono-Aim-Puffstar-6500-Puffs-Compact-Vape_Agora_vape-1-1200x959.webp 1200w, https:\/\/agoravape.com\/wp-content\/uploads\/2025\/10\/Aivono-Aim-Puffstar-6500-Puffs-Compact-Vape_Agora_vape-1-300x240.webp 300w, https:\/\/agoravape.com\/wp-content\/uploads\/2025\/10\/Aivono-Aim-Puffstar-6500-Puffs-Compact-Vape_Agora_vape-1-1024x819.webp 1024w, https:\/\/agoravape.com\/wp-content\/uploads\/2025\/10\/Aivono-Aim-Puffstar-6500-Puffs-Compact-Vape_Agora_vape-1-768x614.webp 768w, https:\/\/agoravape.com\/wp-content\/uploads\/2025\/10\/Aivono-Aim-Puffstar-6500-Puffs-Compact-Vape_Agora_vape-1-1536x1228.webp 1536w\" sizes=\"auto, (max-width: 1876px) 100vw, 1876px\" \/><\/h2>\n<h2 data-v-md-heading=\"what-are-the-advantages-of-aivono-aim-puffstar-6500-compact-vapes\" data-v-md-line=\"3\">Care sunt avantajele \u021big\u0103rilor electronice compacte Aivono Aim Puffstar 6500?<\/h2>\n<p data-v-md-line=\"4\">Dac\u0103 te-ai s\u0103turat s\u0103 \u00eenlocuie\u0219ti \u021big\u0103rile electronice de unic\u0103 folosin\u021b\u0103 la fiecare c\u00e2teva zile, atunci acest produs \u00ee\u021bi va u\u0219ura via\u021ba. Aivono Aim Puffstar poate g\u0103zdui p\u00e2n\u0103 la 6500 de locuri, oferind o experien\u021b\u0103 fluid\u0103 \u0219i consistent\u0103 de la \u00eenceput p\u00e2n\u0103 la sf\u00e2r\u0219it. Are dimensiuni compacte, aproximativ 50 x 80 de milimetri, \u0219i poate \u00eenc\u0103pea cu u\u0219urin\u021b\u0103 \u00eentr-un buzunar sau o geant\u0103.<\/p>\n<p data-v-md-line=\"6\">Dac\u0103 \u00ee\u021bi dore\u0219ti o \u021bigar\u0103 electronic\u0103 fiabil\u0103 \u0219i aromat\u0103, care poate fi utilizat\u0103 zilnic f\u0103r\u0103 a \u00eenv\u0103\u021ba, atunci aceasta este alegerea ideal\u0103. Deschide cutia \u0219i o po\u021bi inhala. Nu este nevoie de butoane, nu este nevoie de meniuri, este u\u0219oar\u0103 \u0219i convenabil\u0103.<\/p>\n<h2 data-v-md-heading=\"excellent-performance-easy-and-convenient\" data-v-md-line=\"8\">Performan\u021b\u0103 excelent\u0103, u\u0219or \u0219i convenabil<\/h2>\n<p data-v-md-line=\"9\">Nucleul Puffstar este o rezisten\u021b\u0103 cu ochiuri de 1,2 \u03a9, care poate men\u021bine un gust str\u0103lucitor \u0219i uniform. Fiecare \u00eembuc\u0103tur\u0103 se simte la fel de fin\u0103 ca prima experien\u021b\u0103. De asemenea, suport\u0103 \u00eenc\u0103rcarea, fiind echipat cu o baterie de 400 mAh \u0219i o interfa\u021b\u0103 Type-C, astfel \u00eenc\u00e2t pute\u021bi utiliza acela\u0219i cablu de date ca telefonul pentru \u00eenc\u0103rcare. De obicei, multe \u021big\u0103ri electronice sunt voluminoase, dar acest \u021bigar\u0103 electronic\u0103 este u\u0219oar\u0103 \u0219i portabil\u0103.<\/p>\n<h2 data-v-md-heading=\"specification-introduction\" data-v-md-line=\"11\">Introducere \u00een specifica\u021bii<\/h2>\n<ul data-v-md-line=\"12\">\n<li>Num\u0103r de guri: p\u00e2n\u0103 la 6500 de guri<\/li>\n<li>Con\u021binut de nicotin\u0103: 0%, 2% sau 5%<\/li>\n<li>Principiu de func\u021bionare: Activat prin inhalare<\/li>\n<li>Metod\u0103 de \u00eenc\u0103rcare: Interfa\u021b\u0103 USB standard de tip C<\/li>\n<li>Stare: Gata de utilizare imediat ce este scoas\u0103 din cutie<\/li>\n<li>Capacitate lichid electronic: 13 mililitri<\/li>\n<li>Miez de atomizare: plas\u0103 de 1,2 \u03a9<\/li>\n<li>Baterie: baterie re\u00eenc\u0103rcabil\u0103 de 400 mAh<\/li>\n<li>Dimensiuni \u0219i greutate: aproximativ 50 x 80 milimetri, 75 grame<\/li>\n<\/ul>\n<h2 data-v-md-heading=\"full-range-of-flavors\" data-v-md-line=\"22\">Gam\u0103 complet\u0103 de arome<\/h2>\n<ul data-v-md-line=\"23\">\n<li>Arom\u0103 de fructe de p\u0103dure mixte<\/li>\n<li>Mint flavor<\/li>\n<li>Strawberry Strange Fruit Flavor<\/li>\n<li>Arom\u0103 mixt\u0103 de mango<\/li>\n<li>Arom\u0103 de pepene verde<\/li>\n<li>Strawberry smoothie flavor<\/li>\n<li>Arom\u0103 de b\u0103utur\u0103 energizant\u0103<\/li>\n<li>Blueberry flavor<\/li>\n<li>Arom\u0103 de nuc\u0103 de cocos \u0219i miere de albine<\/li>\n<li>Arom\u0103 de suc de piersici<\/li>\n<\/ul>\n<h2 data-v-md-heading=\"for-you-and-for-your-business-as-well\" data-v-md-line=\"34\">Pentru tine, dar \u0219i pentru afacerea ta<\/h2>\n<p data-v-md-line=\"35\">Cump\u0103r\u0103-l singur, simplu \u0219i convenabil. Alege aroma \u0219i concentra\u021bia de nicotin\u0103 preferate \u0219i le po\u021bi folosi cu u\u0219urin\u021b\u0103. Designul re\u00eenc\u0103rcabil \u00ee\u021bi permite s\u0103 utilizezi cu u\u0219urin\u021b\u0103 fiecare pic\u0103tur\u0103 din cartu\u0219ul de 13 ml, economisind bani \u0219i ai lini\u0219te sufleteasc\u0103.<\/p>\n<p data-v-md-line=\"37\">De\u021bine\u021bi un magazin sau un lan\u021b de magazine? Oferim cutii de carton en-gros, \u00een pachete de 200, cu ambalaj uniform \u0219i etichete transparente. Colabor\u0103m cu parteneri de \u00eencredere, precum UPS, DPD \u0219i DHL, pentru a oferi servicii de livrare DDP, asigur\u00e2nd livrarea rapid\u0103 a m\u0103rfurilor \u0219i gestionarea corect\u0103 a taxelor vamale pentru a evita accidentele vamale. Reglement\u0103rile variaz\u0103 \u00een func\u021bie de \u021bar\u0103, a\u0219a c\u0103 v\u0103 rug\u0103m s\u0103 alege\u021bi concentra\u021bia de nicotin\u0103 \u0219i informa\u021biile despre produs care respect\u0103 reglement\u0103rile locale.<\/p>\n<h2 data-v-md-heading=\"why-do-you-like-it\" data-v-md-line=\"39\">De ce \u00ee\u021bi place?<\/h2>\n<ul data-v-md-line=\"40\">\n<li>Capacitate super mare: p\u00e2n\u0103 la 6500 de porturi, ceea ce \u00eenseamn\u0103 mai pu\u021bini timpi de \u00eenlocuire.<\/li>\n<li>Op\u021biuni de con\u021binut de nicotin\u0103: 0%, 2% sau 5%, pute\u021bi alege cel mai potrivit con\u021binut de nicotin\u0103.<\/li>\n<li>Rechargeable: You can use all purchased e-liquids.<\/li>\n<li>Spir\u0103 de plas\u0103: Gust consistent \u0219i experien\u021b\u0103 de aspirare lin\u0103.<\/li>\n<li>Interfa\u021b\u0103 Type-C, u\u0219or de utilizat: poate fi \u00eenc\u0103rcat aproape oriunde f\u0103r\u0103 a fi nevoie s\u0103 c\u0103uta\u021bi cabluri speciale.<\/li>\n<li>Portabil: Compact \u0219i portabil.<\/li>\n<\/ul>\n<h2 data-v-md-heading=\"why-choose-to-collaborate-with-agoravape\" data-v-md-line=\"47\">De ce s\u0103 alegi s\u0103 colaborezi cu AgoraVape?<\/h2>\n<p data-v-md-line=\"48\">Vindem doar produse 100% originale, cu specifica\u021bii transparente \u0219i surse fiabile. Clien\u021bii no\u0219tri B2B se pot bucura de pre\u021buri en-gros reduse, asisten\u021b\u0103 tehnic\u0103 prompt\u0103 \u0219i servicii rapide de livrare DDP pentru \u021big\u0103rile electronice compacte Aivono Aim Puffstar 6500. Dac\u0103 dori\u021bi un produs stabil \u0219i fiabil, care s\u0103 poat\u0103 c\u00e2\u0219tiga clien\u021bi fideli, v\u0103 rug\u0103m s\u0103 ne contacta\u021bi.<\/p>","protected":false},"excerpt":{"rendered":"<p>Care sunt avantajele vapoarelor compacte Aivono Aim Puffstar 6500? Dac\u0103 v-a\u021bi s\u0103turat s\u0103 \u00eenlocui\u021bi vapoarele de unic\u0103 folosin\u021b\u0103 la fiecare c\u00e2teva<\/p>","protected":false},"featured_media":14306,"comment_status":"open","ping_status":"closed","template":"","meta":[],"product_brand":[211],"product_cat":[124,187,189,184,138,176,174,175,193,191,173,186,180,190],"product_tag":[],"class_list":{"0":"post-14291","1":"product","2":"type-product","3":"status-publish","4":"has-post-thumbnail","6":"product_brand-aivono","7":"product_cat-vape-by-brand","8":"product_cat-0mg-nicotine-free-vapes","9":"product_cat-20mg-standard-nicotine-vapes","10":"product_cat-5000-8000-puffs","11":"product_cat-aivono","12":"product_cat-beverage","13":"product_cat-fruit-flavors","14":"product_cat-icy-mint","15":"product_cat-mesh-coil","16":"product_cat-rechargeable-disposables","17":"product_cat-vape-by-flavor-profile","18":"product_cat-vape-by-nicotine-strength","19":"product_cat-vape-by-puff-count","20":"product_cat-vape-by-feature-or-type","22":"first","23":"onbackorder","24":"shipping-taxable","25":"purchasable","26":"product-type-variable","27":"has-default-attributes"},"tiered_pricing_type":"percentage","tiered_pricing_fixed_rules":[],"tiered_pricing_product_settings":{"layout":"default","base_unit_name":{"singular":null,"plural":null},"default_variation":null},"tiered_pricing_minimum_quantity":10,"tiered_pricing_roles_data":[],"tiered_pricing_percentage_rules":{"30":"29","50":"35","100":"40","200":"44","500":"47","1000":"49"},"tiered_pricing_maximum_quantity":null,"tiered_pricing_quantity_step":"10","_links":{"self":[{"href":"https:\/\/agoravape.com\/ro\/wp-json\/wp\/v2\/product\/14291","targetHints":{"allow":["GET"]}}],"collection":[{"href":"https:\/\/agoravape.com\/ro\/wp-json\/wp\/v2\/product"}],"about":[{"href":"https:\/\/agoravape.com\/ro\/wp-json\/wp\/v2\/types\/product"}],"replies":[{"embeddable":true,"href":"https:\/\/agoravape.com\/ro\/wp-json\/wp\/v2\/comments?post=14291"}],"version-history":[{"count":1,"href":"https:\/\/agoravape.com\/ro\/wp-json\/wp\/v2\/product\/14291\/revisions"}],"predecessor-version":[{"id":29826,"href":"https:\/\/agoravape.com\/ro\/wp-json\/wp\/v2\/product\/14291\/revisions\/29826"}],"wp:featuredmedia":[{"embeddable":true,"href":"https:\/\/agoravape.com\/ro\/wp-json\/wp\/v2\/media\/14306"}],"wp:attachment":[{"href":"https:\/\/agoravape.com\/ro\/wp-json\/wp\/v2\/media?parent=14291"}],"wp:term":[{"taxonomy":"product_brand","embeddable":true,"href":"https:\/\/agoravape.com\/ro\/wp-json\/wp\/v2\/product_brand?post=14291"},{"taxonomy":"product_cat","embeddable":true,"href":"https:\/\/agoravape.com\/ro\/wp-json\/wp\/v2\/product_cat?post=14291"},{"taxonomy":"product_tag","embeddable":true,"href":"https:\/\/agoravape.com\/ro\/wp-json\/wp\/v2\/product_tag?post=14291"}],"curies":[{"name":"wp","href":"https:\/\/api.w.org\/{rel}","templated":true}]}}