{"id":14308,"date":"2025-10-13T12:34:56","date_gmt":"2025-10-13T04:34:56","guid":{"rendered":"https:\/\/green-grasshopper-921422.hostingersite.com\/?post_type=product&#038;p=14308"},"modified":"2025-12-15T21:30:55","modified_gmt":"2025-12-15T13:30:55","slug":"elf-cutie-cristal-bar-600-puffs-tpd-vape","status":"publish","type":"product","link":"https:\/\/agoravape.com\/ro\/product\/elf-box-crystal-bar-600-puffs-tpd-vape\/","title":{"rendered":"Elf Box Crystal Bar 600 Pufuri | Arom\u0103 conform\u0103 cu TPD \u00een care po\u021bi avea \u00eencredere"},"content":{"rendered":"<h2 data-v-md-heading=\"what-are-the-advantages-of-elf-box-crystal-bar-600-tpd-compliant-vapes\" data-v-md-line=\"3\"><img loading=\"lazy\" decoding=\"async\" class=\"aligncenter size-full wp-image-14330\" src=\"https:\/\/agoravape.com\/wp-content\/uploads\/2025\/10\/Elf-Box-Crystal-Bar-600-Puffs-TPD-Compliant-Vape_BLUE-RAZZ_Agora_vape-11.webp\" alt=\"\" width=\"1920\" height=\"1080\" srcset=\"https:\/\/agoravape.com\/wp-content\/uploads\/2025\/10\/Elf-Box-Crystal-Bar-600-Puffs-TPD-Compliant-Vape_BLUE-RAZZ_Agora_vape-11.webp 1920w, https:\/\/agoravape.com\/wp-content\/uploads\/2025\/10\/Elf-Box-Crystal-Bar-600-Puffs-TPD-Compliant-Vape_BLUE-RAZZ_Agora_vape-11-1200x675.webp 1200w, https:\/\/agoravape.com\/wp-content\/uploads\/2025\/10\/Elf-Box-Crystal-Bar-600-Puffs-TPD-Compliant-Vape_BLUE-RAZZ_Agora_vape-11-300x169.webp 300w, https:\/\/agoravape.com\/wp-content\/uploads\/2025\/10\/Elf-Box-Crystal-Bar-600-Puffs-TPD-Compliant-Vape_BLUE-RAZZ_Agora_vape-11-1024x576.webp 1024w, https:\/\/agoravape.com\/wp-content\/uploads\/2025\/10\/Elf-Box-Crystal-Bar-600-Puffs-TPD-Compliant-Vape_BLUE-RAZZ_Agora_vape-11-768x432.webp 768w, https:\/\/agoravape.com\/wp-content\/uploads\/2025\/10\/Elf-Box-Crystal-Bar-600-Puffs-TPD-Compliant-Vape_BLUE-RAZZ_Agora_vape-11-1536x864.webp 1536w\" sizes=\"auto, (max-width: 1920px) 100vw, 1920px\" \/><\/h2>\n<h2 data-v-md-heading=\"what-are-the-advantages-of-elf-box-crystal-bar-600-tpd-compliant-vapes\" data-v-md-line=\"3\">Care sunt avantajele vaporiz\u0103rilor Elf Box Crystal Bar conforme cu 600 TPD?<\/h2>\n<p data-v-md-line=\"4\">Dac\u0103 dori\u021bi o vape de unic\u0103 folosin\u021b\u0103 simpl\u0103 \u0219i u\u0219or de utilizat, atunci aceasta este alegerea dvs. ideal\u0103. Elf Box Crystal Bar are un corp compact \u0219i transparent care ofer\u0103 p\u00e2n\u0103 la 600 de \u00eenghi\u021bituri de satisfac\u021bie. Se simte confortabil de \u021binut \u00een m\u00e2n\u0103 \u0219i poate intra cu u\u0219urin\u021b\u0103 \u00een orice buzunar.<\/p>\n<p data-v-md-line=\"6\">Dac\u0103 dori\u021bi o vape fiabil\u0103, delicioas\u0103 \u0219i u\u0219or de utilizat, atunci este alegerea dvs. ideal\u0103. Nu este nevoie de butoane sau meniuri, v\u0103 pute\u021bi bucura de un gust neted de la prima la ultima mu\u0219c\u0103tur\u0103. S-ar putea s\u0103 sim\u021bi\u021bi c\u0103 o vape cu 600 de pufuri se simte grea, dar aceast\u0103 vape este u\u0219oar\u0103 \u0219i simpl\u0103.<\/p>\n<h2 data-v-md-heading=\"excellent-performance-without-any-complexity\" data-v-md-line=\"8\">Excellent performance without any complexity<\/h2>\n<p data-v-md-line=\"9\">Miezul lui Crystal Bar este o bobin\u0103 cu ochiuri. Acest lucru \u00eenseamn\u0103 c\u0103 fiecare inhalare se poate \u00eenc\u0103lzi uniform \u0219i men\u021bine un gust consistent. Adopt\u0103 activarea prin aspira\u021bie \u0219i trebuie doar s\u0103 suge\u021bi u\u0219or pentru a v\u0103 bucura de ea. Nu trebuie s\u0103 v\u0103 face\u021bi griji cu privire la problemele de \u00eenc\u0103rcare, deoarece bateria \u00eencorporat\u0103 de 500 mAh este suficient\u0103 pentru a men\u021bine 2 mililitri de e-lichid. Deschide\u021bi cutia de ambalare \u0219i pute\u021bi \u00eencepe s\u0103 o utiliza\u021bi.<\/p>\n<h2 data-v-md-heading=\"specification-introduction\" data-v-md-line=\"11\">Introducere \u00een specifica\u021bii<\/h2>\n<ul data-v-md-line=\"12\">\n<li>Frecven\u021ba de aspirare: de p\u00e2n\u0103 la 600 de ori<\/li>\n<li>Nicotin\u0103: 0% (0mg) \u0219i 2% (20mg) sunt dou\u0103 op\u021biuni conforme cu TPD<\/li>\n<li>Not\u0103: 5% din versiuni sunt aplicabile pie\u021belor din afara UE \u0219i nu sunt v\u00e2ndute \u00een regiunile TPD<\/li>\n<li>Principiu de func\u021bionare: Activat prin inhalare<\/li>\n<li>Metoda de \u00eenc\u0103rcare: Nu este nevoie s\u0103 \u00eenc\u0103rca\u021bi (de unic\u0103 folosin\u021b\u0103)<\/li>\n<li>Capacitate E-liquid: 2 mililitri<\/li>\n<li>Bobin\u0103: Ca o plas\u0103<\/li>\n<li>Stare: Gata de utilizare dup\u0103 despachetare<\/li>\n<\/ul>\n<h2 data-v-md-heading=\"full-range-of-flavors\" data-v-md-line=\"21\">Gam\u0103 complet\u0103 de arome<\/h2>\n<ul data-v-md-line=\"22\">\n<li>Ghea\u021b\u0103 de cire\u0219e<\/li>\n<li>Ghea\u021b\u0103 de c\u0103p\u0219uni<\/li>\n<li>Ghea\u021b\u0103 de struguri<\/li>\n<li>Fructe de p\u0103dure mixte<\/li>\n<li>Patinoar albastru<\/li>\n<li>Ghea\u021b\u0103 de pepene verde<\/li>\n<li>Pepene verde cu c\u0103p\u0219uni<\/li>\n<li>Patinoar albastru<\/li>\n<li>Ghea\u021b\u0103 de piersic\u0103<\/li>\n<li>Kiwi \u0219i fructul pasiunii<\/li>\n<\/ul>\n<h2 data-v-md-heading=\"for-you-for-your-business\" data-v-md-line=\"33\">Pentru tine, pentru afacerea ta<\/h2>\n<p data-v-md-line=\"34\">Cump\u0103ra\u021bi pentru dvs., u\u0219or \u0219i convenabil. Alege\u021bi o arom\u0103, alege\u021bi nicotina \u0219i bucura\u021bi-v\u0103 de 600 de experien\u021be convenabile, u\u0219or de transportat.<\/p>\n<p data-v-md-line=\"36\">Gestiona\u021bi un magazin fizic sau un magazin online? Noi \u00eel personaliz\u0103m pentru dvs. Inventar cu ridicata, 10 buc\u0103\u021bi pe cutie interioar\u0103 \u0219i 400 de buc\u0103\u021bi pe cutie exterioar\u0103. Folosim parteneri de \u00eencredere precum UPS, DPD \u0219i DHL pentru a expedia \u00een Europa \u00een regim DDP (Delivered Duty Paid), permi\u021b\u00e2ndu-v\u0103 s\u0103 v\u0103 bucura\u021bi de livrarea DDP \u0219i s\u0103 evita\u021bi accidentele vamale.<\/p>\n<h2 data-v-md-heading=\"why-do-you-like-it\" data-v-md-line=\"38\">De ce \u00ee\u021bi place?<\/h2>\n<ul data-v-md-line=\"39\">\n<li>Capacitate mare de fumat: p\u00e2n\u0103 la 600 de \u021big\u0103ri, astfel \u00eenc\u00e2t s\u0103 nu trebuiasc\u0103 s\u0103 fugi\u021bi temporar pentru a \u00eenlocui cartu\u0219ul<\/li>\n<li>Selectarea con\u021binutului de nicotin\u0103: 0 miligrame sau 20 miligrame, pentru a v\u0103 satisface preferin\u021bele<\/li>\n<li>Zero griji: f\u0103r\u0103 butoane, f\u0103r\u0103 nevoie de \u00eenc\u0103rcare, convenabil de transportat<\/li>\n<li>Miezul de atomizare Mesh: aduce un gust neted, de lung\u0103 durat\u0103 \u0219i un gust pur<\/li>\n<li>Portabil \u0219i u\u0219or de transportat: Corpul u\u0219or \u0219i transparent \u00eel face convenabil de transportat<\/li>\n<li>\u00cen conformitate cu standardele TPD: capacitate de 2 mililitri, concentra\u021bie de nicotin\u0103 \u00een conformitate cu reglement\u0103rile UE, oferindu-v\u0103 lini\u0219te \u0219i pace sufleteasc\u0103<\/li>\n<\/ul>\n<h2 data-v-md-heading=\"why-choose-to-collaborate-with-agoravape\" data-v-md-line=\"46\">De ce s\u0103 alegi s\u0103 colaborezi cu AgoraVape?<\/h2>\n<p data-v-md-line=\"47\">Noi vindem numai produse originale 100% de la furnizori verifica\u021bi. Acest lucru \u00eenseamn\u0103 c\u0103 clien\u021bii dvs. pot avea \u00eencredere \u00een barele de cristal Elf Box autentice. V\u0103 pute\u021bi bucura de pre\u021buri en-gros reduse, asisten\u021b\u0103 receptiv\u0103 \u0219i livrare rapid\u0103 DDP \u00een Europa. Pl\u0103\u021bile sigure \u0219i return\u0103rile clare fac totul simplu. Contacta\u021bi-ne pentru a achizi\u021biona un produs de unic\u0103 folosin\u021b\u0103 dovedit de 600 de buc\u0103\u021bi, iar clien\u021bii dvs. se vor \u00eentoarce cu siguran\u021b\u0103 din nou.<\/p>","protected":false},"excerpt":{"rendered":"<p>&nbsp;<\/p>\n<p><script src=\"chrome-extension:\/\/fpelahbljekknahkcaegamhcndkfpfnc\/iFrame.js\" type=\"text\/javascript\"><\/script><\/p>\n<p><script src=\"chrome-extension:\/\/fpelahbljekknahkcaegamhcndkfpfnc\/iFrame.js\" type=\"text\/javascript\"><\/script><\/p>\n<p><script src=\"chrome-extension:\/\/fpelahbljekknahkcaegamhcndkfpfnc\/iFrame.js\" type=\"text\/javascript\"><\/script><\/p>\n<p><script src=\"chrome-extension:\/\/fpelahbljekknahkcaegamhcndkfpfnc\/iFrame.js\" type=\"text\/javascript\"><\/script><\/p>\n<p><script src=\"chrome-extension:\/\/fpelahbljekknahkcaegamhcndkfpfnc\/iFrame.js\" type=\"text\/javascript\"><\/script><\/p>","protected":false},"featured_media":14329,"comment_status":"open","ping_status":"closed","template":"","meta":[],"product_brand":[212],"product_cat":[124,187,189,139,174,175,181,173,186,180,190],"product_tag":[],"class_list":{"0":"post-14308","1":"product","2":"type-product","3":"status-publish","4":"has-post-thumbnail","6":"product_brand-elf-box","7":"product_cat-vape-by-brand","8":"product_cat-0mg-nicotine-free-vapes","9":"product_cat-20mg-standard-nicotine-vapes","10":"product_cat-elf-box","11":"product_cat-fruit-flavors","12":"product_cat-icy-mint","13":"product_cat-up-to-600-puffs-tpd-compliant","14":"product_cat-vape-by-flavor-profile","15":"product_cat-vape-by-nicotine-strength","16":"product_cat-vape-by-puff-count","17":"product_cat-vape-by-feature-or-type","19":"first","20":"instock","21":"shipping-taxable","22":"purchasable","23":"product-type-variable","24":"has-default-attributes"},"tiered_pricing_type":"percentage","tiered_pricing_fixed_rules":[],"tiered_pricing_product_settings":{"layout":"default","base_unit_name":{"singular":null,"plural":null},"default_variation":null},"tiered_pricing_minimum_quantity":10,"tiered_pricing_roles_data":[],"tiered_pricing_percentage_rules":{"100":"40","200":"44","500":"47","1000":"49"},"tiered_pricing_maximum_quantity":null,"tiered_pricing_quantity_step":"10","_links":{"self":[{"href":"https:\/\/agoravape.com\/ro\/wp-json\/wp\/v2\/product\/14308","targetHints":{"allow":["GET"]}}],"collection":[{"href":"https:\/\/agoravape.com\/ro\/wp-json\/wp\/v2\/product"}],"about":[{"href":"https:\/\/agoravape.com\/ro\/wp-json\/wp\/v2\/types\/product"}],"replies":[{"embeddable":true,"href":"https:\/\/agoravape.com\/ro\/wp-json\/wp\/v2\/comments?post=14308"}],"version-history":[{"count":0,"href":"https:\/\/agoravape.com\/ro\/wp-json\/wp\/v2\/product\/14308\/revisions"}],"wp:featuredmedia":[{"embeddable":true,"href":"https:\/\/agoravape.com\/ro\/wp-json\/wp\/v2\/media\/14329"}],"wp:attachment":[{"href":"https:\/\/agoravape.com\/ro\/wp-json\/wp\/v2\/media?parent=14308"}],"wp:term":[{"taxonomy":"product_brand","embeddable":true,"href":"https:\/\/agoravape.com\/ro\/wp-json\/wp\/v2\/product_brand?post=14308"},{"taxonomy":"product_cat","embeddable":true,"href":"https:\/\/agoravape.com\/ro\/wp-json\/wp\/v2\/product_cat?post=14308"},{"taxonomy":"product_tag","embeddable":true,"href":"https:\/\/agoravape.com\/ro\/wp-json\/wp\/v2\/product_tag?post=14308"}],"curies":[{"name":"wp","href":"https:\/\/api.w.org\/{rel}","templated":true}]}}