{"id":14333,"date":"2025-10-13T12:50:47","date_gmt":"2025-10-13T04:50:47","guid":{"rendered":"https:\/\/green-grasshopper-921422.hostingersite.com\/?post_type=product&#038;p=14333"},"modified":"2025-12-15T21:30:55","modified_gmt":"2025-12-15T13:30:55","slug":"elf-cutie-puls-x-25k-puffs-3d-ecran-vape","status":"publish","type":"product","link":"https:\/\/agoravape.com\/ro\/product\/elf-box-pulse-x-25k-puffs-3d-screen-vape\/","title":{"rendered":"Elf Box Pulse X Dual Mode 25K Puffs Ecran 3D Vape | Pufuri de lung\u0103 durat\u0103, control inteligent"},"content":{"rendered":"<h2 data-v-md-heading=\"what-are-the-highlights-of-the-elf-box-pulse-x-dual-mode-25000-port-3d-screen-vape\" data-v-md-line=\"3\"><img loading=\"lazy\" decoding=\"async\" class=\"aligncenter size-full wp-image-14347\" src=\"https:\/\/agoravape.com\/wp-content\/uploads\/2025\/10\/Elf-Box-Pulse-X-Dual-Mode-25K-Puffs-3D-Screen-Vape_Agora_vape-3-scaled.webp\" alt=\"\" width=\"2560\" height=\"1280\" srcset=\"https:\/\/agoravape.com\/wp-content\/uploads\/2025\/10\/Elf-Box-Pulse-X-Dual-Mode-25K-Puffs-3D-Screen-Vape_Agora_vape-3-scaled.webp 2560w, https:\/\/agoravape.com\/wp-content\/uploads\/2025\/10\/Elf-Box-Pulse-X-Dual-Mode-25K-Puffs-3D-Screen-Vape_Agora_vape-3-scaled-1200x600.webp 1200w, https:\/\/agoravape.com\/wp-content\/uploads\/2025\/10\/Elf-Box-Pulse-X-Dual-Mode-25K-Puffs-3D-Screen-Vape_Agora_vape-3-300x150.webp 300w, https:\/\/agoravape.com\/wp-content\/uploads\/2025\/10\/Elf-Box-Pulse-X-Dual-Mode-25K-Puffs-3D-Screen-Vape_Agora_vape-3-1024x512.webp 1024w, https:\/\/agoravape.com\/wp-content\/uploads\/2025\/10\/Elf-Box-Pulse-X-Dual-Mode-25K-Puffs-3D-Screen-Vape_Agora_vape-3-768x384.webp 768w, https:\/\/agoravape.com\/wp-content\/uploads\/2025\/10\/Elf-Box-Pulse-X-Dual-Mode-25K-Puffs-3D-Screen-Vape_Agora_vape-3-1536x768.webp 1536w, https:\/\/agoravape.com\/wp-content\/uploads\/2025\/10\/Elf-Box-Pulse-X-Dual-Mode-25K-Puffs-3D-Screen-Vape_Agora_vape-3-2048x1024.webp 2048w\" sizes=\"auto, (max-width: 2560px) 100vw, 2560px\" \/><\/h2>\n<h2 data-v-md-heading=\"what-are-the-highlights-of-the-elf-box-pulse-x-dual-mode-25000-port-3d-screen-vape\" data-v-md-line=\"3\">Care sunt punctele forte ale \u021big\u0103rii electronice Elf Box Pulse X cu ecran 3D \u0219i 25000 de porturi dual-mode?<\/h2>\n<p data-v-md-line=\"4\">Dac\u0103 te-ai s\u0103turat de \u021big\u0103rile electronice de unic\u0103 folosin\u021b\u0103, acest produs te va \u00eemprosp\u0103ta cu siguran\u021b\u0103. Elf Box Pulse X poate produce p\u00e2n\u0103 la 25000 de \u00eenghi\u021bituri, cu un gust pur \u0219i consistent, o operare simpl\u0103 \u0219i nu trebuie s\u0103-\u021bi faci griji.<\/p>\n<p data-v-md-line=\"6\">Ai putea crede c\u0103 un dispozitiv cu o asemenea rezisten\u021b\u0103 ar fi voluminos. Dar adev\u0103rul nu este a\u0219a. Dimensiunile lui Pulse X sunt de 91,5 \u00d7 56,5 \u00d7 28,5 milimetri, cu o greutate de aproximativ 100 de grame, ceea ce \u00eel face foarte confortabil de \u021binut \u00een m\u00e2n\u0103. Dac\u0103 \u00ee\u021bi dore\u0219ti o \u021bigar\u0103 electronic\u0103 fiabil\u0103, cu gust excelent, performan\u021b\u0103 stabil\u0103 \u0219i la un pre\u021b accesibil, atunci este alegerea ideal\u0103.<\/p>\n<h2 data-v-md-heading=\"excellent-performance-easy-and-convenient\" data-v-md-line=\"8\">Performan\u021b\u0103 excelent\u0103, u\u0219or \u0219i convenabil<\/h2>\n<p data-v-md-line=\"9\">Rezisten\u021ba dubl\u0103 cu plas\u0103 (0,8 \u03a9 + 0,8 \u03a9) \u00ee\u021bi ofer\u0103 putere puternic\u0103. Sunt \u00eenc\u0103lzite uniform, f\u0103c\u00e2nd fiecare \u00eembuc\u0103tur\u0103 la fel de delicioas\u0103 ca prima \u00eenghi\u021bitur\u0103. Dou\u0103 moduri \u00ee\u021bi permit s\u0103 faci orice \u00ee\u021bi dore\u0219ti: puterea pulsat\u0103 ofer\u0103 o experien\u021b\u0103 de aspirare lin\u0103 \u0219i stabil\u0103, \u00een timp ce super boost ofer\u0103 o experien\u021b\u0103 puternic\u0103. Func\u021bia de reglare a puterii prin inteligen\u021b\u0103 artificial\u0103 poate ajuta dispozitivele s\u0103 men\u021bin\u0103 stabilitatea f\u0103r\u0103 a fi nevoie s\u0103 ajustezi set\u0103rile. C\u00e2nd bateria este desc\u0103rcat\u0103, o po\u021bi \u00eenc\u0103rca prin interfa\u021ba Type-C. Acesta poate fi acela\u0219i cablu folosit pe telefon. U\u0219or de utilizat.<\/p>\n<h2 data-v-md-heading=\"specification-introduction\" data-v-md-line=\"11\">Introducere \u00een specifica\u021bii<\/h2>\n<ul data-v-md-line=\"12\">\n<li>Suction frequency: up to 25000 times<\/li>\n<li>Con\u021binut de nicotin\u0103: 0%, 2%, 3%, 5% (oferta specific\u0103 poate varia \u00een func\u021bie de \u021bar\u0103\/regiune)<\/li>\n<li>Mod de func\u021bionare: mod dual (putere pulsat\u0103 sau super \u00eembun\u0103t\u0103\u021bire), reglare a puterii prin AI<\/li>\n<li>E-liquid capacity: 18 milliliters<\/li>\n<li>Miez de atomizare: plas\u0103 dubl\u0103 0,8 \u03a9 + 0,8 \u03a9<\/li>\n<li>Baterie: 750mAh, re\u00eenc\u0103rcabil\u0103<\/li>\n<li>\u00cenc\u0103rcare: Interfa\u021b\u0103 USB standard de tip C<\/li>\n<li>Ecran: Ecran curbat 3D<\/li>\n<li>Dimensiuni \u0219i greutate: 91,5 \u00d7 56,5 \u00d7 28,5 milimetri, aproximativ 100 grame<\/li>\n<li>Stare: Gata de utilizare dup\u0103 despachetare<\/li>\n<\/ul>\n<h2 data-v-md-heading=\"full-range-of-flavors\" data-v-md-line=\"23\">Gam\u0103 complet\u0103 de arome<\/h2>\n<ul data-v-md-line=\"24\">\n<li>Strawberry and watermelon flavor<\/li>\n<li>Arom\u0103 de sifon cu cire\u0219e<\/li>\n<li>Arom\u0103 de smoothie de piersici<\/li>\n<li>Arom\u0103 de fructul pasiunii de kiwi<\/li>\n<li>Arom\u0103 bogat\u0103 de smoothie<\/li>\n<li>Arom\u0103 Red Bull<\/li>\n<li>Grape smoothie flavor<\/li>\n<li>Blueberry smoothie flavor<\/li>\n<li>Arom\u0103 de c\u0103p\u0219uni \u0219i banane<\/li>\n<li>\u00cenghe\u021bat\u0103 cu arom\u0103 de c\u0103p\u0219uni<\/li>\n<\/ul>\n<h2 data-v-md-heading=\"for-you-and-your-business\" data-v-md-line=\"35\">Pentru tine \u0219i afacerea ta<\/h2>\n<p data-v-md-line=\"36\">Alege\u021bi unul pentru dvs. sau ad\u0103uga\u021bi-l \u00een magazinul dvs. Oferim Elf Box Pulse X \u00een cutii en-gros de 5 unit\u0103\u021bi. Dac\u0103 trebuie s\u0103 cump\u0103ra\u021bi \u00een cantit\u0103\u021bi mari, fiecare cutie con\u021bine 100 de unit\u0103\u021bi. Oferim servicii de livrare DDP \u00een toat\u0103 Europa prin intermediul unor parteneri de \u00eencredere precum UPS, DPD \u0219i DHL, permi\u021b\u00e2ndu-v\u0103 s\u0103 ob\u021bine\u021bi pre\u021buri clare \u0219i s\u0103 evita\u021bi accidentele vamale.<\/p>\n<p data-v-md-line=\"38\">Dac\u0103 dori\u021bi s\u0103 achizi\u021biona\u021bi produse pentru diferite pie\u021be din UE, v\u0103 rug\u0103m s\u0103 alege\u021bi concentra\u021bii de nicotin\u0103 care respect\u0103 reglement\u0103rile locale. Suntem \u00eentotdeauna disponibili s\u0103 v\u0103 ajut\u0103m s\u0103 g\u0103si\u021bi concentra\u021bia de nicotin\u0103 potrivit\u0103.<\/p>\n<h2 data-v-md-heading=\"why-do-you-like-it\" data-v-md-line=\"40\">De ce \u00ee\u021bi place?<\/h2>\n<ul data-v-md-line=\"41\">\n<li>Aspira\u021bie masiv\u0103: p\u00e2n\u0103 la 25000 de puf\u0103ri, ceea ce \u00eenseamn\u0103 mai pu\u021bine \u00eenlocuiri \u0219i b\u0103t\u0103i de cap.<\/li>\n<li>Selec\u021bia nicotinei: Alege\u021bi concentra\u021bia care se potrive\u0219te obiceiurilor dumneavoastr\u0103 de fumat.<\/li>\n<li>Re\u00eenc\u0103rcabil\u0103: Folose\u0219te tot lichidul electronic pe care \u00eel cumperi \u00een loc de jum\u0103tate.<\/li>\n<li>Spire de plas\u0103: Spirele duble de plas\u0103 ofer\u0103 un gust consistent \u0219i bogat.<\/li>\n<li>Dou\u0103 moduri de alimentare: comutare rapid\u0103, bucura\u021bi-v\u0103 de fluiditate sau putere.<\/li>\n<li>\u00cenc\u0103rcare tip C: Poate fi \u00eenc\u0103rcat\u0103 rapid folosind un cablu obi\u0219nuit.<\/li>\n<li>Ecran inteligent: Ecranul curbat 3D ofer\u0103 un feedback clar \u0219i convenabil asupra comenzilor.<\/li>\n<\/ul>\n<h2 data-v-md-heading=\"why-collaborate-with-agoravape\" data-v-md-line=\"49\">De ce s\u0103 colaborezi cu AgoraVape?<\/h2>\n<p data-v-md-line=\"50\">Vindem doar produse 100% originale \u0219i garant\u0103m siguran\u021ba produselor pe care le expediem. Clien\u021bii no\u0219tri enterprise care achizi\u021bioneaz\u0103 \u021big\u0103rile electronice cu ecran 3D Elf Box Pulse X dual-mode 25K se pot bucura de pre\u021buri en-gros reduse, asisten\u021b\u0103 rapid\u0103 \u0219i servicii de livrare DDP rapide \u0219i fiabile. V\u0103 invit\u0103m s\u0103 discuta\u021bi cu noi despre cum s\u0103 crea\u021bi un dispozitiv care merit\u0103 s\u0103 fie returnat pentru clien\u021bii dumneavoastr\u0103.<\/p>","protected":false},"excerpt":{"rendered":"<p>&nbsp;<\/p>\n<p><script src=\"chrome-extension:\/\/fpelahbljekknahkcaegamhcndkfpfnc\/iFrame.js\" type=\"text\/javascript\"><\/script><\/p>\n<p><script src=\"chrome-extension:\/\/fpelahbljekknahkcaegamhcndkfpfnc\/iFrame.js\" type=\"text\/javascript\"><\/script><\/p>\n<p><script src=\"chrome-extension:\/\/fpelahbljekknahkcaegamhcndkfpfnc\/iFrame.js\" type=\"text\/javascript\"><\/script><\/p>\n<p><script src=\"chrome-extension:\/\/fpelahbljekknahkcaegamhcndkfpfnc\/iFrame.js\" type=\"text\/javascript\"><\/script><\/p>\n<p><script src=\"chrome-extension:\/\/fpelahbljekknahkcaegamhcndkfpfnc\/iFrame.js\" type=\"text\/javascript\"><\/script><\/p>","protected":false},"featured_media":14355,"comment_status":"open","ping_status":"closed","template":"","meta":[],"product_brand":[212],"product_cat":[124,187,185,189,176,139,174,175,193,191,173,186,180,190,192],"product_tag":[],"class_list":{"0":"post-14333","1":"product","2":"type-product","3":"status-publish","4":"has-post-thumbnail","6":"product_brand-elf-box","7":"product_cat-vape-by-brand","8":"product_cat-0mg-nicotine-free-vapes","9":"product_cat-10000-puffs-high-capacity","10":"product_cat-20mg-standard-nicotine-vapes","11":"product_cat-beverage","12":"product_cat-elf-box","13":"product_cat-fruit-flavors","14":"product_cat-icy-mint","15":"product_cat-mesh-coil","16":"product_cat-rechargeable-disposables","17":"product_cat-vape-by-flavor-profile","18":"product_cat-vape-by-nicotine-strength","19":"product_cat-vape-by-puff-count","20":"product_cat-vape-by-feature-or-type","21":"product_cat-vapes-with-screens","23":"first","24":"instock","25":"shipping-taxable","26":"purchasable","27":"product-type-variable","28":"has-default-attributes"},"tiered_pricing_type":"percentage","tiered_pricing_fixed_rules":[],"tiered_pricing_product_settings":{"layout":"default","base_unit_name":{"singular":null,"plural":null},"default_variation":null},"tiered_pricing_minimum_quantity":10,"tiered_pricing_roles_data":[],"tiered_pricing_percentage_rules":{"30":"29","50":"35","100":"40","200":"44","500":"47","1000":"49"},"tiered_pricing_maximum_quantity":null,"tiered_pricing_quantity_step":"10","_links":{"self":[{"href":"https:\/\/agoravape.com\/ro\/wp-json\/wp\/v2\/product\/14333","targetHints":{"allow":["GET"]}}],"collection":[{"href":"https:\/\/agoravape.com\/ro\/wp-json\/wp\/v2\/product"}],"about":[{"href":"https:\/\/agoravape.com\/ro\/wp-json\/wp\/v2\/types\/product"}],"replies":[{"embeddable":true,"href":"https:\/\/agoravape.com\/ro\/wp-json\/wp\/v2\/comments?post=14333"}],"version-history":[{"count":0,"href":"https:\/\/agoravape.com\/ro\/wp-json\/wp\/v2\/product\/14333\/revisions"}],"wp:featuredmedia":[{"embeddable":true,"href":"https:\/\/agoravape.com\/ro\/wp-json\/wp\/v2\/media\/14355"}],"wp:attachment":[{"href":"https:\/\/agoravape.com\/ro\/wp-json\/wp\/v2\/media?parent=14333"}],"wp:term":[{"taxonomy":"product_brand","embeddable":true,"href":"https:\/\/agoravape.com\/ro\/wp-json\/wp\/v2\/product_brand?post=14333"},{"taxonomy":"product_cat","embeddable":true,"href":"https:\/\/agoravape.com\/ro\/wp-json\/wp\/v2\/product_cat?post=14333"},{"taxonomy":"product_tag","embeddable":true,"href":"https:\/\/agoravape.com\/ro\/wp-json\/wp\/v2\/product_tag?post=14333"}],"curies":[{"name":"wp","href":"https:\/\/api.w.org\/{rel}","templated":true}]}}