{"id":14405,"date":"2025-10-13T13:27:34","date_gmt":"2025-10-13T05:27:34","guid":{"rendered":"https:\/\/green-grasshopper-921422.hostingersite.com\/?post_type=product&#038;p=14405"},"modified":"2026-03-26T13:22:24","modified_gmt":"2026-03-26T12:22:24","slug":"vopk-4-in-1-80000-pufuri-aroma-comutator-vape","status":"publish","type":"product","link":"https:\/\/agoravape.com\/ro\/product\/vopk-4-in-1-80000-puffs-flavor-switch-vape\/","title":{"rendered":"VOPK 4-\u00een-1 Vape cu 80000 de pufuri \u0219i schimbare de arom\u0103 | Patru arome la doz\u0103, confort de lung\u0103 durat\u0103"},"content":{"rendered":"<h2 data-v-md-heading=\"what-s-so-special-about-vopk-s-four-in-one-80000-pack-vape\" data-v-md-line=\"3\">Ce este at\u00e2t de special la \u021bigara electronic\u0103 patru \u00een unu de la VOPK, cu 80.000 de unit\u0103\u021bi?<\/h2>\n<p data-v-md-line=\"4\">Dac\u0103 te-ai s\u0103turat s\u0103 cari dou\u0103 sau trei bombe de \u021bigar\u0103 de unic\u0103 folosin\u021b\u0103 doar pentru a-\u021bi satisface papilele gustative, atunci acest produs \u00ee\u021bi va schimba obiceiurile. VOPK combin\u0103 patru arome \u00eentr-un singur dispozitiv, permi\u021b\u00e2ndu-\u021bi s\u0103 le schimbi oric\u00e2nd. Po\u021bi ob\u021bine diversitatea dorit\u0103, p\u0103str\u00e2nd \u00een acela\u0219i timp persisten\u021ba care \u021bi-a lipsit \u00eentotdeauna.<\/p>\n<p data-v-md-line=\"6\">Dac\u0103 \u00ee\u021bi dore\u0219ti un vape fiabil, delicios \u0219i f\u0103r\u0103 efort, atunci acesta este alegerea ideal\u0103. S-ar putea s\u0103 crezi c\u0103 utilizarea unui dispozitiv cu patru compartimente ar fi greoaie, dar schimbarea aromelor necesit\u0103 doar ridicarea \u0219i rotirea u\u0219oar\u0103. Nu este nevoie s\u0103 depui efort. Doar alege aroma preferat\u0103 \u0219i o po\u021bi activa.<\/p>\n<h2 data-v-md-heading=\"excellent-performance-easy-and-convenient\" data-v-md-line=\"8\">Performan\u021b\u0103 excelent\u0103, u\u0219or \u0219i convenabil<\/h2>\n<p data-v-md-line=\"9\">Miezul de atomizare cu plas\u0103 de 0,9 \u03a9 men\u021bine un gust intens \u0219i consistent, f\u0103c\u00e2nd prima \u00eembuc\u0103tur\u0103 la fel de fin\u0103 ca ultima. Ecranul dual poate afi\u0219a nivelurile bateriei \u0219i ale e-lichidului din fiecare rezervor, permi\u021b\u00e2ndu-v\u0103 s\u0103 urm\u0103ri\u021bi puterea r\u0103mas\u0103 \u00een orice moment. C\u00e2nd bateria este desc\u0103rcat\u0103, pute\u021bi utiliza cablul de date Type-C existent pentru \u00eenc\u0103rcare. U\u0219or \u0219i convenabil.<\/p>\n<h2 data-v-md-heading=\"specification-overview\" data-v-md-line=\"11\">Prezentare general\u0103 a specifica\u021biilor<\/h2>\n<ul data-v-md-line=\"12\">\n<li>Frecven\u021ba de aspirare: p\u00e2n\u0103 la 80000 de ori<\/li>\n<li>Con\u021binut de nicotin\u0103: Aprovizionarea \u0219i concentra\u021bia variaz\u0103 \u00een func\u021bie de regiune. Contacta\u021bi-ne pentru a afla despre op\u021biunile aplicabile \u00een UE.<\/li>\n<li>Principiu de func\u021bionare: Ridica\u021bi \u0219i roti\u021bi pentru a schimba aromele, apoi inhala\u021bi pentru utilizare.<\/li>\n<li>\u00cenc\u0103rcare: Interfa\u021b\u0103 USB standard de tip C<\/li>\n<li>Miez de atomizare: plas\u0103 de 0,9 \u03a9<\/li>\n<li>Baterie: baterie re\u00eenc\u0103rcabil\u0103 de 650 mAh<\/li>\n<li>Lichid pentru \u021bigar\u0103 electronic\u0103: Patru rezervoare cu un total de 40 de mililitri<\/li>\n<li>Ecran de afi\u0219are: Fiecare arom\u0103 are ecrane duble care afi\u0219eaz\u0103 informa\u021bii despre baterie \u0219i e-lichid<\/li>\n<li>Stare: Gata de utilizare dup\u0103 despachetare<\/li>\n<\/ul>\n<h2 data-v-md-heading=\"full-range-of-flavors\" data-v-md-line=\"22\">Gam\u0103 complet\u0103 de arome<\/h2>\n<ul data-v-md-line=\"23\">\n<li>\u00cenghe\u021bat\u0103 de pepene verde\/\u00cenge\u021bat\u0103 de pepene triplu\/\u00cenge\u021bat\u0103 de afine\/\u00cenge\u021bat\u0103 de c\u0103p\u0219uni<\/li>\n<li>Afine Zmeur\u0103\/Fuji Ghea\u021b\u0103\/Amestec de fructe de p\u0103dure\/Bombon cu afine \u0219i nuc\u0103 de cocos<\/li>\n<li>C\u0103p\u0219uni pepene verde\/meri\u0219oare struguri\/mango \u00eenghe\u021bat\u0103\/c\u0103p\u0219uni zmeur\u0103 zah\u0103r<\/li>\n<li>Red Bull Ice\/Fructul pasiunii Kiwi Lime\/M\u0103r acru Zmeur\u0103\/C\u0103p\u0219uni Pepene verde Gum\u0103 de mestecat<\/li>\n<li>Ghea\u021b\u0103 de afine\/Piersici Mang Pepene verde\/M\u0103r Honeydew\/Ghea\u021b\u0103 cu sifon de cire\u0219e<\/li>\n<li>C\u0103p\u0219uni Mango\/C\u0103p\u0219uni Kiwi\/Pepene Verde Fructul Dragonului\/Bombon Ursule\u021b de Plu\u0219<\/li>\n<li>Love 66\/Zmeur\u0103 Pepene Verde\/C\u0103p\u0219uni Zmeur\u0103 Cire\u0219e\/Cire\u0219e Ghea\u021b\u0103 de Zah\u0103r<\/li>\n<li>C\u0103p\u0219uni Banan\u0103\/Ananas Nuc\u0103 de cocos \u00cenghe\u021bat\u0103\/Mango Piersic\u0103 Cais\u0103\/Aloe Mango Pepene galben<\/li>\n<li>Bomboane Curcubeu\/Ghea\u021b\u0103 de Piersici\/L\u0103m\u00e2ie Lime\/L\u0103m\u00e2ie Meri\u0219oar\u0103<\/li>\n<li>Kiwi, fructul pasiunii, guava\/c\u0103p\u0219uni, cire\u0219e\/\u00eenghe\u021bat\u0103 de struguri\/bomboane de c\u0103p\u0219uni<\/li>\n<\/ul>\n<h2 data-v-md-heading=\"for-you-for-your-business\" data-v-md-line=\"34\">Pentru tine, pentru afacerea ta<\/h2>\n<p data-v-md-line=\"35\">Pute\u021bi achizi\u021biona coletul VOPK patru \u00een unu individual sau din magazinul dvs. Fiecare cutie en-gros con\u021bine 10 buc\u0103\u021bi, iar cutia mare poate g\u0103zdui 160 de buc\u0103\u021bi. Oferim servicii de livrare DDP prin intermediul unor parteneri de \u00eencredere precum UPS, DPD \u0219i DHL pentru a asigura o livrare transparent\u0103 \u0219i a evita orice incidente nea\u0219teptate la vam\u0103.<\/p>\n<p data-v-md-line=\"37\">Dac\u0103 ave\u021bi nevoie de \u00eendrum\u0103ri privind op\u021biunile regionale de nicotin\u0103 sau conformitatea, v\u0103 rug\u0103m s\u0103 ne contacta\u021bi. V\u0103 vom ajuta s\u0103 alege\u021bi versiunea potrivit\u0103 pentru pia\u021ba dumneavoastr\u0103.<\/p>\n<h2 data-v-md-heading=\"why-do-you-like-it\" data-v-md-line=\"39\">De ce \u00ee\u021bi place?<\/h2>\n<ul data-v-md-line=\"40\">\n<li>Capacitate mare de fumat: durabil\u0103 \u0219i de lung\u0103 durat\u0103, nu este nevoie s\u0103 cump\u0103ra\u021bi frecvent \u021big\u0103ri noi<\/li>\n<li>Selectarea concentra\u021biei de nicotin\u0103: Concentra\u021bia de nicotin\u0103 variaz\u0103 \u00een diferite regiuni \u0219i pute\u021bi alege concentra\u021bia adecvat\u0103 \u00een func\u021bie de propriile nevoi \u0219i de reglement\u0103rile locale.<\/li>\n<li>Re\u00eenc\u0103rcabil\u0103: \u00cenc\u0103rcarea de tip C v\u0103 ajut\u0103 s\u0103 consuma\u021bi fiecare pic\u0103tur\u0103 de lichid electronic<\/li>\n<li>Spir\u0103 de plas\u0103: ofer\u0103 \u00eentotdeauna un gust bogat \u0219i consistent de fiecare dat\u0103<\/li>\n<\/ul>\n<h2 data-v-md-heading=\"why-choose-to-collaborate-with-agoravape\" data-v-md-line=\"45\">De ce s\u0103 alegi s\u0103 colaborezi cu AgoraVape?<\/h2>\n<p data-v-md-line=\"46\">Oferim doar produse 100% originale \u0219i oferim garan\u021bii pentru acestea. Pentru cump\u0103r\u0103torii comerciali, aceasta \u00eenseamn\u0103 c\u0103 \u021big\u0103rile electronice VOPK four in one 80000 cu comutare de arome ofer\u0103 pre\u021buri en-gros reduse, asisten\u021b\u0103 rapid\u0103 \u0219i servicii de livrare DDP rapide \u0219i fiabile. Sunte\u021bi gata s\u0103 ad\u0103uga\u021bi un produs popular cu arome four in one la linia dvs. de produse? V\u0103 rug\u0103m s\u0103 ne contacta\u021bi \u0219i vom aranja totul pentru dvs.<\/p>","protected":false},"excerpt":{"rendered":"<p>&nbsp;<\/p>\n<p><script src=\"chrome-extension:\/\/fpelahbljekknahkcaegamhcndkfpfnc\/iFrame.js\" type=\"text\/javascript\"><\/script><\/p>\n<p><script src=\"chrome-extension:\/\/fpelahbljekknahkcaegamhcndkfpfnc\/iFrame.js\" type=\"text\/javascript\"><\/script><\/p>\n<p><script src=\"chrome-extension:\/\/fpelahbljekknahkcaegamhcndkfpfnc\/iFrame.js\" type=\"text\/javascript\"><\/script><\/p>\n<p><script src=\"chrome-extension:\/\/fpelahbljekknahkcaegamhcndkfpfnc\/iFrame.js\" type=\"text\/javascript\"><\/script><\/p>\n<p><script src=\"chrome-extension:\/\/fpelahbljekknahkcaegamhcndkfpfnc\/iFrame.js\" type=\"text\/javascript\"><\/script><\/p>","protected":false},"featured_media":14424,"comment_status":"open","ping_status":"closed","template":"","meta":[],"product_brand":[213],"product_cat":[124,187,185,189,176,177,195,174,175,193,191,173,186,180,190,192,140],"product_tag":[],"class_list":{"0":"post-14405","1":"product","2":"type-product","3":"status-publish","4":"has-post-thumbnail","6":"product_brand-vopk","7":"product_cat-vape-by-brand","8":"product_cat-0mg-nicotine-free-vapes","9":"product_cat-10000-puffs-high-capacity","10":"product_cat-20mg-standard-nicotine-vapes","11":"product_cat-beverage","12":"product_cat-dessert-sweets","13":"product_cat-dual-flavor-switch","14":"product_cat-fruit-flavors","15":"product_cat-icy-mint","16":"product_cat-mesh-coil","17":"product_cat-rechargeable-disposables","18":"product_cat-vape-by-flavor-profile","19":"product_cat-vape-by-nicotine-strength","20":"product_cat-vape-by-puff-count","21":"product_cat-vape-by-feature-or-type","22":"product_cat-vapes-with-screens","23":"product_cat-vopk","25":"first","26":"instock","27":"shipping-taxable","28":"purchasable","29":"product-type-variable","30":"has-default-attributes"},"tiered_pricing_type":"percentage","tiered_pricing_fixed_rules":[],"tiered_pricing_product_settings":{"layout":"default","base_unit_name":{"singular":null,"plural":null},"default_variation":null},"tiered_pricing_minimum_quantity":10,"tiered_pricing_roles_data":[],"tiered_pricing_percentage_rules":{"30":"29","50":"35","100":"40","200":"44","500":"47","1000":"49"},"tiered_pricing_maximum_quantity":null,"tiered_pricing_quantity_step":"10","_links":{"self":[{"href":"https:\/\/agoravape.com\/ro\/wp-json\/wp\/v2\/product\/14405","targetHints":{"allow":["GET"]}}],"collection":[{"href":"https:\/\/agoravape.com\/ro\/wp-json\/wp\/v2\/product"}],"about":[{"href":"https:\/\/agoravape.com\/ro\/wp-json\/wp\/v2\/types\/product"}],"replies":[{"embeddable":true,"href":"https:\/\/agoravape.com\/ro\/wp-json\/wp\/v2\/comments?post=14405"}],"version-history":[{"count":0,"href":"https:\/\/agoravape.com\/ro\/wp-json\/wp\/v2\/product\/14405\/revisions"}],"wp:featuredmedia":[{"embeddable":true,"href":"https:\/\/agoravape.com\/ro\/wp-json\/wp\/v2\/media\/14424"}],"wp:attachment":[{"href":"https:\/\/agoravape.com\/ro\/wp-json\/wp\/v2\/media?parent=14405"}],"wp:term":[{"taxonomy":"product_brand","embeddable":true,"href":"https:\/\/agoravape.com\/ro\/wp-json\/wp\/v2\/product_brand?post=14405"},{"taxonomy":"product_cat","embeddable":true,"href":"https:\/\/agoravape.com\/ro\/wp-json\/wp\/v2\/product_cat?post=14405"},{"taxonomy":"product_tag","embeddable":true,"href":"https:\/\/agoravape.com\/ro\/wp-json\/wp\/v2\/product_tag?post=14405"}],"curies":[{"name":"wp","href":"https:\/\/api.w.org\/{rel}","templated":true}]}}