{"id":14426,"date":"2025-10-13T13:40:04","date_gmt":"2025-10-13T05:40:04","guid":{"rendered":"https:\/\/green-grasshopper-921422.hostingersite.com\/?post_type=product&#038;p=14426"},"modified":"2026-01-19T22:06:35","modified_gmt":"2026-01-19T14:06:35","slug":"vopk-triple-pro-75000-puffs-3-in-1-vape","status":"publish","type":"product","link":"https:\/\/agoravape.com\/ro\/product\/vopk-triple-pro-75000-puffs-3-in-1-vape\/","title":{"rendered":"VOPK Triple Pro 75000 Puffs 3 \u00een 1, \u021bigar\u0103 electronic\u0103 cu arome | Trei arome \u00eentr-una singur\u0103, construit\u0103 pentru a rezista"},"content":{"rendered":"<h2 data-v-md-heading=\"what-is-the-charm-of-vopk-triple-pro-75000-three-in-one-vape\" data-v-md-line=\"3\">Care este farmecul \u021big\u0103rii electronice VOPK Triple Pro 75000 trei \u00een unu?<\/h2>\n<p data-v-md-line=\"4\">Dac\u0103 te-ai s\u0103turat s\u0103 schimbi dispozitivele la fiecare c\u00e2teva zile, acest produs \u00ee\u021bi va atrage cu siguran\u021b\u0103 aten\u021bia. VOPK Triple Pro poate g\u0103zdui p\u00e2n\u0103 la 75000 de por\u021bii din trei arome \u00eentr-un singur dispozitiv, elimin\u00e2nd nevoia de a te chinui. \u00ce\u021bi po\u021bi schimba gustul \u00een func\u021bie de schimb\u0103rile de dispozi\u021bie pe parcursul zilei \u0219i te po\u021bi bucura cu u\u0219urin\u021b\u0103 de distrac\u021bia adus\u0103 de vaping.<\/p>\n<p data-v-md-line=\"6\">Dac\u0103 dori\u021bi o durat\u0103 lung\u0103 de via\u021b\u0103 a bateriei, o operare simpl\u0103 \u0219i un gust bogat, acest produs este alegerea ideal\u0103. Nu exist\u0103 un meniu complicat, nu este nevoie s\u0103 ghici\u021bi. Doar o aspira\u021bie lin\u0103 \u0219i o selec\u021bie u\u0219oar\u0103 a gustului, echipat cu baterii re\u00eenc\u0103rcabile \u0219i un ecran clar al dispozitivului.<\/p>\n<h2 data-v-md-heading=\"excellent-performance-easy-and-convenient\" data-v-md-line=\"8\">Performan\u021b\u0103 excelent\u0103, u\u0219or \u0219i convenabil<\/h2>\n<p data-v-md-line=\"9\">Miezul de atomizare cu trei ochiuri de 0,9 \u03a9 asigur\u0103 un flux lin de fum \u0219i un gust consistent de la prima p\u00e2n\u0103 la ultima fumatur\u0103. Ecranul dual afi\u0219eaz\u0103 nivelurile bateriei \u0219i ale e-lichidului din fiecare rezervor, permi\u021b\u00e2ndu-v\u0103 s\u0103 urm\u0103ri\u021bi starea \u00een orice moment. C\u00e2nd bateria este desc\u0103rcat\u0103, pute\u021bi utiliza un cablu de date Type-C pentru a o \u00eenc\u0103rca, care este probabil s\u0103 fie cablul de \u00eenc\u0103rcare pentru telefonul dvs. Simplu \u0219i convenabil.<\/p>\n<h2 data-v-md-heading=\"specification-overview\" data-v-md-line=\"11\">Prezentare general\u0103 a specifica\u021biilor<\/h2>\n<ul data-v-md-line=\"12\">\n<li>Frecven\u021ba de aspirare: p\u00e2n\u0103 la 75000 de ori<\/li>\n<li>Con\u021binut de nicotin\u0103: Oferta variaz\u0103 \u00een func\u021bie de pia\u021b\u0103. Consulta\u021bi op\u021biunile locale sau consulta\u021bi echipa noastr\u0103.<\/li>\n<li>Principiu de func\u021bionare: Activare prin inhalare<\/li>\n<li>\u00cenc\u0103rcare: Port USB standard de tip C<\/li>\n<li>Stare: Gata de utilizare imediat ce este scoas\u0103 din cutie<\/li>\n<\/ul>\n<h2 data-v-md-heading=\"full-flavor-series\" data-v-md-line=\"18\">Serie cu arom\u0103 complet\u0103<\/h2>\n<ul data-v-md-line=\"19\">\n<li>Ghea\u021b\u0103 de pepene verde\/Ghea\u021b\u0103 de afine\/Ghea\u021b\u0103 de c\u0103p\u0219uni \u0219i kiwi<\/li>\n<li>Ghea\u021b\u0103 de zmeur\u0103 cu afine\/Ghea\u021b\u0103 de dragon negru\/Ghea\u021b\u0103 cu sifon de cire\u0219e<\/li>\n<li>Ghea\u021b\u0103 de struguri\/C\u0103p\u0219uni cu zmeur\u0103 \u0219i cire\u0219e\/C\u0103p\u0219uni cu pepene verde<\/li>\n<li>Ananas Mango Piersic\u0103\/Persic\u0103 Fructe de p\u0103dure\/L\u0103m\u00e2ie Lime \u00cenghe\u021bat\u0103<\/li>\n<li>\u00cenghe\u021bat\u0103 Triple Melon\/Bombonuri Ursule\u021b de Plu\u0219\/Bombonuri Afine<\/li>\n<li>C\u0103p\u0219uni Banan\u0103\/Ananas Nuc\u0103 de Cocos\/Ghea\u021b\u0103 Fructe Tropicale<\/li>\n<li>Ghea\u021b\u0103 cu mere duble\/Zah\u0103r curcubeu\/Zah\u0103r cire\u0219e<\/li>\n<li>C\u0103p\u0219uni, Mango\/Pepene Verde Red Bull\/Ghea\u021b\u0103 de Zmeur\u0103 \u0219i Pepene Verde<\/li>\n<li>Love 66\/Bezele cu afine\/Bombonuri cu c\u0103p\u0219uni \u0219i zmeur\u0103<\/li>\n<li>Cola cu vanilie \u0219i c\u0103p\u0219uni\/Cola cu ghea\u021b\u0103 \u0219i cire\u0219e\/Cola cu c\u0103p\u0219uni<\/li>\n<\/ul>\n<h2 data-v-md-heading=\"for-you-and-your-business\" data-v-md-line=\"30\">Pentru tine \u0219i afacerea ta<\/h2>\n<p data-v-md-line=\"31\">Pute\u021bi achizi\u021biona VOPK Triple Pro pentru uz personal sau \u00eel pute\u021bi stoca pentru magazinul dvs. Cutia en-gros con\u021bine 10 buc\u0103\u021bi per cutie, iar cutia exterioar\u0103 con\u021bine 160 de buc\u0103\u021bi per cutie. Acest lucru v\u0103 u\u0219ureaz\u0103 planificarea spa\u021biului de pe raft \u0219i rearanjarea comenzilor.<\/p>\n<p data-v-md-line=\"33\">Oferim servicii de livrare DDP \u00een toat\u0103 Europa prin intermediul unor parteneri de \u00eencredere precum UPS, DPD \u0219i DHL, astfel \u00eenc\u00e2t tarifele pot fi procesate \u00een avans pentru a evita situa\u021biile vamale nea\u0219teptate. V\u0103 pute\u021bi bucura de livrare rapid\u0103 \u0219i lini\u0219te sufleteasc\u0103.<\/p>\n<h2 data-v-md-heading=\"why-do-you-like-it\" data-v-md-line=\"35\">De ce \u00ee\u021bi place?<\/h2>\n<ul data-v-md-line=\"36\">\n<li>Fumat masiv: durabil \u0219i de lung\u0103 durat\u0103, nu este nevoie s\u0103 cump\u0103ra\u021bi frecvent \u021big\u0103ri noi<\/li>\n<li>Selec\u021bia nicotinei: Alege\u021bi concentra\u021bia care se potrive\u0219te pie\u021bei sau preferin\u021belor dvs.<\/li>\n<li>Re\u00eenc\u0103rcabil\u0103: Pute\u021bi folosi toate lichidele electronice pe care le cump\u0103ra\u021bi<\/li>\n<li>Spir\u0103 de plas\u0103: Gust consistent cu fiecare aspira\u021bie<\/li>\n<\/ul>\n<h2 data-v-md-heading=\"why-choose-agoravape\" data-v-md-line=\"41\">De ce s\u0103 alegi AgoraVape?<\/h2>\n<p data-v-md-line=\"42\">Vindem doar produse 100% originale, oferind pre\u021buri en-gros reduse \u0219i asisten\u021b\u0103 fiabil\u0103. Fiind unul dintre distribuitorii de \u00eencredere de \u021big\u0103ri electronice din Europa, achizi\u021bion\u0103m rapid \u0219i expediem \u00een mod fiabil. Ad\u0103uga\u021bi \u021bigara electronic\u0103 cu arom\u0103 VOPK Triple Pro 75000 Puffs 3 \u00een 1 la linia dvs. de produse \u0219i oferi\u021bi produse pe care clien\u021bii le vor cump\u0103ra din nou.<\/p>","protected":false},"excerpt":{"rendered":"<p>&nbsp;<\/p>\n<p><script src=\"chrome-extension:\/\/fpelahbljekknahkcaegamhcndkfpfnc\/iFrame.js\" type=\"text\/javascript\"><\/script><\/p>\n<p><script src=\"chrome-extension:\/\/fpelahbljekknahkcaegamhcndkfpfnc\/iFrame.js\" type=\"text\/javascript\"><\/script><\/p>\n<p><script src=\"chrome-extension:\/\/fpelahbljekknahkcaegamhcndkfpfnc\/iFrame.js\" type=\"text\/javascript\"><\/script><\/p>\n<p><script src=\"chrome-extension:\/\/fpelahbljekknahkcaegamhcndkfpfnc\/iFrame.js\" type=\"text\/javascript\"><\/script><\/p>\n<p><script src=\"chrome-extension:\/\/fpelahbljekknahkcaegamhcndkfpfnc\/iFrame.js\" type=\"text\/javascript\"><\/script><\/p>","protected":false},"featured_media":14447,"comment_status":"open","ping_status":"closed","template":"","meta":[],"product_brand":[213],"product_cat":[124,187,185,189,176,177,195,174,175,193,191,173,186,180,190,192,140],"product_tag":[],"class_list":{"0":"post-14426","1":"product","2":"type-product","3":"status-publish","4":"has-post-thumbnail","6":"product_brand-vopk","7":"product_cat-vape-by-brand","8":"product_cat-0mg-nicotine-free-vapes","9":"product_cat-10000-puffs-high-capacity","10":"product_cat-20mg-standard-nicotine-vapes","11":"product_cat-beverage","12":"product_cat-dessert-sweets","13":"product_cat-dual-flavor-switch","14":"product_cat-fruit-flavors","15":"product_cat-icy-mint","16":"product_cat-mesh-coil","17":"product_cat-rechargeable-disposables","18":"product_cat-vape-by-flavor-profile","19":"product_cat-vape-by-nicotine-strength","20":"product_cat-vape-by-puff-count","21":"product_cat-vape-by-feature-or-type","22":"product_cat-vapes-with-screens","23":"product_cat-vopk","25":"first","26":"onbackorder","27":"shipping-taxable","28":"purchasable","29":"product-type-variable","30":"has-default-attributes"},"tiered_pricing_type":"percentage","tiered_pricing_fixed_rules":[],"tiered_pricing_product_settings":{"layout":"default","base_unit_name":{"singular":null,"plural":null},"default_variation":null},"tiered_pricing_minimum_quantity":10,"tiered_pricing_roles_data":[],"tiered_pricing_percentage_rules":{"30":"29","50":"35","100":"40","200":"44","500":"47","1000":"49"},"tiered_pricing_maximum_quantity":null,"tiered_pricing_quantity_step":"10","_links":{"self":[{"href":"https:\/\/agoravape.com\/ro\/wp-json\/wp\/v2\/product\/14426","targetHints":{"allow":["GET"]}}],"collection":[{"href":"https:\/\/agoravape.com\/ro\/wp-json\/wp\/v2\/product"}],"about":[{"href":"https:\/\/agoravape.com\/ro\/wp-json\/wp\/v2\/types\/product"}],"replies":[{"embeddable":true,"href":"https:\/\/agoravape.com\/ro\/wp-json\/wp\/v2\/comments?post=14426"}],"version-history":[{"count":0,"href":"https:\/\/agoravape.com\/ro\/wp-json\/wp\/v2\/product\/14426\/revisions"}],"wp:featuredmedia":[{"embeddable":true,"href":"https:\/\/agoravape.com\/ro\/wp-json\/wp\/v2\/media\/14447"}],"wp:attachment":[{"href":"https:\/\/agoravape.com\/ro\/wp-json\/wp\/v2\/media?parent=14426"}],"wp:term":[{"taxonomy":"product_brand","embeddable":true,"href":"https:\/\/agoravape.com\/ro\/wp-json\/wp\/v2\/product_brand?post=14426"},{"taxonomy":"product_cat","embeddable":true,"href":"https:\/\/agoravape.com\/ro\/wp-json\/wp\/v2\/product_cat?post=14426"},{"taxonomy":"product_tag","embeddable":true,"href":"https:\/\/agoravape.com\/ro\/wp-json\/wp\/v2\/product_tag?post=14426"}],"curies":[{"name":"wp","href":"https:\/\/api.w.org\/{rel}","templated":true}]}}