{"id":14498,"date":"2025-10-13T15:42:26","date_gmt":"2025-10-13T07:42:26","guid":{"rendered":"https:\/\/green-grasshopper-921422.hostingersite.com\/?post_type=product&#038;p=14498"},"modified":"2026-03-26T13:22:24","modified_gmt":"2026-03-26T12:22:24","slug":"vopk-shisha-bar-20000-puffs-dtl-vape","status":"publish","type":"product","link":"https:\/\/agoravape.com\/ro\/product\/vopk-shisha-bar-20000-puffs-dtl-vape\/","title":{"rendered":"VOPK Shisha Bar 20000 Puffs DTL Hookah Vape | Arom\u0103 DTL de lung\u0103 durat\u0103 cu \u00eenc\u0103rcare u\u0219oar\u0103 de tip C"},"content":{"rendered":"<h2 data-v-md-heading=\"what-are-the-advantages-of-vopk-shisha-bar-20000-dtl-hookah-vapes\" data-v-md-line=\"3\">Care sunt avantajele \u021big\u0103rilor electronice cu narghilea VOPK Shisha Bar 20000 DTL?<\/h2>\n<p data-v-md-line=\"4\">Dac\u0103 \u00ee\u021bi dore\u0219ti o \u021bigar\u0103 electronic\u0103 de unic\u0103 folosin\u021b\u0103 cu gur\u0103 mare, care s\u0103-\u0219i p\u0103streze gustul mult timp, acest produs \u00ee\u021bi poate simplifica via\u021ba. VOPK Shisha Bar ofer\u0103 o experien\u021b\u0103 de fumat DTL autentic\u0103, cu fum fin \u0219i gust pur de la prima p\u00e2n\u0103 la ultima \u00eenghi\u021bitur\u0103.<\/p>\n<p data-v-md-line=\"6\">Este potrivit pentru oricine dore\u0219te s\u0103 experimenteze cu u\u0219urin\u021b\u0103 o experien\u021b\u0103 de inhalare \u00een stil narghilea. Nu este necesar un meniu, nu este nevoie s\u0103 \u00eenlocui\u021bi rezisten\u021bele. Afi\u0219ajul clar pe ecran al nivelurilor bateriei \u0219i ale e-lichidului v\u0103 permite s\u0103 urm\u0103ri\u021bi starea \u00een orice moment.<\/p>\n<h2 data-v-md-heading=\"excellent-performance-easy-and-convenient\" data-v-md-line=\"8\">Performan\u021b\u0103 excelent\u0103, u\u0219or \u0219i convenabil<\/h2>\n<p data-v-md-line=\"9\">Nucleul VOPK Shisha Bar este o spiral\u0103 cu ochiuri de 0,6 \u03a9, astfel \u00eenc\u00e2t fiecare \u00eembuc\u0103tur\u0103 poate men\u021bine un gust consistent, nu doar primele c\u00e2teva \u00eembuc\u0103turi. Bateria de mare capacitate v\u0103 permite s\u0103 v\u0103 bucura\u021bi de utilizare, iar ecranul lateral arat\u0103 clar nivelurile r\u0103mase ale bateriei \u0219i ale e-lichidului. C\u00e2nd este necesar\u0103 \u00eenc\u0103rcarea, pur \u0219i simplu conecta\u021bi cablul de date Type-C pentru a continua utilizarea. Simplu \u0219i convenabil.<\/p>\n<h2 data-v-md-heading=\"specification-overview\" data-v-md-line=\"11\">Prezentare general\u0103 a specifica\u021biilor<\/h2>\n<ul data-v-md-line=\"12\">\n<li>Frecven\u021ba de aspirare: p\u00e2n\u0103 la 20000 de ori<\/li>\n<li>Nicotin\u0103: Op\u021biunile pot varia \u00een func\u021bie de pia\u021b\u0103. V\u0103 rug\u0103m s\u0103 verifica\u021bi concentra\u021bia de nicotin\u0103 disponibil\u0103 la finalizarea comenzii.<\/li>\n<li>Principiu de func\u021bionare: Activat prin inhalare<\/li>\n<li>\u00cenc\u0103rcare: Port USB standard de tip C<\/li>\n<li>Stare: Gata de utilizare dup\u0103 despachetare<\/li>\n<\/ul>\n<h2 data-v-md-heading=\"full-range-of-flavors\" data-v-md-line=\"18\">Gam\u0103 complet\u0103 de arome<\/h2>\n<ul data-v-md-line=\"19\">\n<li>Blueberry smoothie<\/li>\n<li>Kiwi \u0219i c\u0103p\u0219uni<\/li>\n<li>Fructe de p\u0103dure mixte<\/li>\n<li>Pepene verde cu c\u0103p\u0219uni<\/li>\n<li>Smoothie cu pepene verde<\/li>\n<li>Piersic\u0103 Mang Ananas<\/li>\n<li>Afine \u0219i zmeur\u0103<\/li>\n<li>Bomboane de c\u0103p\u0219uni \u0219i zmeur\u0103<\/li>\n<li>Cire\u0219e de pepene verde<\/li>\n<li>Smoothie de coac\u0103ze negre<\/li>\n<\/ul>\n<h2 data-v-md-heading=\"for-you-and-your-business\" data-v-md-line=\"30\">Pentru tine \u0219i afacerea ta<\/h2>\n<p data-v-md-line=\"31\">Alege\u021bi unul pentru dvs. sau achizi\u021biona\u021bi o gam\u0103 complet\u0103 de produse pentru magazinul dvs. Oferim narghilele VOPK Shisha Bar 20000 DTL, ambalate en-gros de 10 unit\u0103\u021bi per cutie. Comenzile \u00een vrac vor fi expediate sub form\u0103 de 200 de unit\u0103\u021bi per cutie.<\/p>\n<p data-v-md-line=\"33\">Oferim servicii de livrare DDP \u00een Europa prin intermediul unor parteneri de \u00eencredere precum UPS, DPD \u0219i DHL, astfel \u00eenc\u00e2t s\u0103 pute\u021bi ob\u021bine pre\u021buri clare f\u0103r\u0103 a pl\u0103ti taxe vamale suplimentare. Trebuie doar s\u0103 plasa\u021bi o comand\u0103, de restul ne ocup\u0103m noi.<\/p>\n<h2 data-v-md-heading=\"why-do-you-like-it\" data-v-md-line=\"35\">De ce \u00ee\u021bi place?<\/h2>\n<ul data-v-md-line=\"36\">\n<li>Capacitate mare: p\u00e2n\u0103 la 20000 de porturi, ceea ce \u00eenseamn\u0103 mai pu\u021bini timpi de \u00eenlocuire \u0219i mai pu\u021bine b\u0103t\u0103i de cap<\/li>\n<li>Selectarea concentra\u021biei de nicotin\u0103: Alege\u021bi concentra\u021bia de nicotin\u0103 care se potrive\u0219te obiceiurilor \u0219i pie\u021bei dumneavoastr\u0103 zilnice<\/li>\n<li>Re\u00eenc\u0103rcabil\u0103: \u00cenc\u0103rcare tip C, care v\u0103 ajut\u0103 s\u0103 folosi\u021bi fiecare pic\u0103tur\u0103<\/li>\n<li>Miezul atomizorului cu plas\u0103: miezul atomizorului cu plas\u0103 de 0,6 \u03a9 ofer\u0103 un gust stabil \u0219i un fum fin<\/li>\n<li>\u00cen\u021belege\u021bi nivelul r\u0103mas al bateriei: Ecranul lateral mare afi\u0219eaz\u0103 dintr-o privire nivelul bateriei \u0219i nivelul lichidului pentru e-lichid<\/li>\n<\/ul>\n<h2 data-v-md-heading=\"why-choose-agoravape\" data-v-md-line=\"42\">De ce s\u0103 alegi AgoraVape?<\/h2>\n<p data-v-md-line=\"43\">Oferim doar produse 100% originale \u0219i suntem responsabili pentru calitatea acestora. Clien\u021bii no\u0219tri comerciali se pot bucura de pre\u021buri en-gros reduse, asisten\u021b\u0103 atent\u0103 pentru clien\u021bi \u0219i servicii rapide de livrare DDP prin achizi\u021bionarea narghilelelor VOPK Shisha Bar 20000 DTL. Dac\u0103 dori\u021bi o narghilea de unic\u0103 folosin\u021b\u0103 DTL fiabil\u0103 \u0219i c\u00e2\u0219tiga\u021bi favoarea clien\u021bilor, v\u0103 rug\u0103m s\u0103 ne contacta\u021bi oric\u00e2nd.<\/p>","protected":false},"excerpt":{"rendered":"<p>&nbsp;<\/p>\n<p><script src=\"chrome-extension:\/\/fpelahbljekknahkcaegamhcndkfpfnc\/iFrame.js\" type=\"text\/javascript\"><\/script><\/p>\n<p><script src=\"chrome-extension:\/\/fpelahbljekknahkcaegamhcndkfpfnc\/iFrame.js\" type=\"text\/javascript\"><\/script><\/p>\n<p><script src=\"chrome-extension:\/\/fpelahbljekknahkcaegamhcndkfpfnc\/iFrame.js\" type=\"text\/javascript\"><\/script><\/p>\n<p><script src=\"chrome-extension:\/\/fpelahbljekknahkcaegamhcndkfpfnc\/iFrame.js\" type=\"text\/javascript\"><\/script><\/p>\n<p><script src=\"chrome-extension:\/\/fpelahbljekknahkcaegamhcndkfpfnc\/iFrame.js\" type=\"text\/javascript\"><\/script><\/p>","protected":false},"featured_media":14519,"comment_status":"open","ping_status":"closed","template":"","meta":[],"product_brand":[213],"product_cat":[124,187,185,1636,189,174,175,193,191,173,186,180,190,192,140],"product_tag":[],"class_list":{"0":"post-14498","1":"product","2":"type-product","3":"status-publish","4":"has-post-thumbnail","6":"product_brand-vopk","7":"product_cat-vape-by-brand","8":"product_cat-0mg-nicotine-free-vapes","9":"product_cat-10000-puffs-high-capacity","10":"product_cat-20000-puffs","11":"product_cat-20mg-standard-nicotine-vapes","12":"product_cat-fruit-flavors","13":"product_cat-icy-mint","14":"product_cat-mesh-coil","15":"product_cat-rechargeable-disposables","16":"product_cat-vape-by-flavor-profile","17":"product_cat-vape-by-nicotine-strength","18":"product_cat-vape-by-puff-count","19":"product_cat-vape-by-feature-or-type","20":"product_cat-vapes-with-screens","21":"product_cat-vopk","23":"first","24":"onbackorder","25":"shipping-taxable","26":"purchasable","27":"product-type-variable","28":"has-default-attributes"},"tiered_pricing_type":"percentage","tiered_pricing_fixed_rules":[],"tiered_pricing_product_settings":{"layout":"default","base_unit_name":{"singular":null,"plural":null},"default_variation":null},"tiered_pricing_minimum_quantity":10,"tiered_pricing_roles_data":[],"tiered_pricing_percentage_rules":{"30":"29","50":"35","100":"40","200":"44","500":"47","1000":"49"},"tiered_pricing_maximum_quantity":null,"tiered_pricing_quantity_step":"10","_links":{"self":[{"href":"https:\/\/agoravape.com\/ro\/wp-json\/wp\/v2\/product\/14498","targetHints":{"allow":["GET"]}}],"collection":[{"href":"https:\/\/agoravape.com\/ro\/wp-json\/wp\/v2\/product"}],"about":[{"href":"https:\/\/agoravape.com\/ro\/wp-json\/wp\/v2\/types\/product"}],"replies":[{"embeddable":true,"href":"https:\/\/agoravape.com\/ro\/wp-json\/wp\/v2\/comments?post=14498"}],"version-history":[{"count":0,"href":"https:\/\/agoravape.com\/ro\/wp-json\/wp\/v2\/product\/14498\/revisions"}],"wp:featuredmedia":[{"embeddable":true,"href":"https:\/\/agoravape.com\/ro\/wp-json\/wp\/v2\/media\/14519"}],"wp:attachment":[{"href":"https:\/\/agoravape.com\/ro\/wp-json\/wp\/v2\/media?parent=14498"}],"wp:term":[{"taxonomy":"product_brand","embeddable":true,"href":"https:\/\/agoravape.com\/ro\/wp-json\/wp\/v2\/product_brand?post=14498"},{"taxonomy":"product_cat","embeddable":true,"href":"https:\/\/agoravape.com\/ro\/wp-json\/wp\/v2\/product_cat?post=14498"},{"taxonomy":"product_tag","embeddable":true,"href":"https:\/\/agoravape.com\/ro\/wp-json\/wp\/v2\/product_tag?post=14498"}],"curies":[{"name":"wp","href":"https:\/\/api.w.org\/{rel}","templated":true}]}}