{"id":14547,"date":"2025-10-13T16:10:30","date_gmt":"2025-10-13T08:10:30","guid":{"rendered":"https:\/\/green-grasshopper-921422.hostingersite.com\/?post_type=product&#038;p=14547"},"modified":"2026-03-26T13:22:24","modified_gmt":"2026-03-26T12:22:24","slug":"vopk-cool-bar-9000-puffs-vape","status":"publish","type":"product","link":"https:\/\/agoravape.com\/ro\/product\/vopk-cool-bar-9000-puffs-vape\/","title":{"rendered":"VOPK Cool Bar 9000 Puffs, flux de aer reglabil | Arom\u0103 de lung\u0103 durat\u0103, u\u0219or de tr\u0103it"},"content":{"rendered":"<h2 data-v-md-heading=\"what-is-the-charm-of-vopk-cool-bar-9000-adjustable-intake-vape\" data-v-md-line=\"3\"><img loading=\"lazy\" decoding=\"async\" class=\"aligncenter size-full wp-image-14546\" src=\"https:\/\/agoravape.com\/wp-content\/uploads\/2025\/10\/VOPK-Cool-Bar-9000-Puffs-Adjustable-Airflow-Vape_Agora_vape-1-scaled.webp\" alt=\"\" width=\"2560\" height=\"2560\" srcset=\"https:\/\/agoravape.com\/wp-content\/uploads\/2025\/10\/VOPK-Cool-Bar-9000-Puffs-Adjustable-Airflow-Vape_Agora_vape-1-scaled.webp 2560w, https:\/\/agoravape.com\/wp-content\/uploads\/2025\/10\/VOPK-Cool-Bar-9000-Puffs-Adjustable-Airflow-Vape_Agora_vape-1-scaled-600x600.webp 600w, https:\/\/agoravape.com\/wp-content\/uploads\/2025\/10\/VOPK-Cool-Bar-9000-Puffs-Adjustable-Airflow-Vape_Agora_vape-1-scaled-1200x1200.webp 1200w, https:\/\/agoravape.com\/wp-content\/uploads\/2025\/10\/VOPK-Cool-Bar-9000-Puffs-Adjustable-Airflow-Vape_Agora_vape-1-300x300.webp 300w, https:\/\/agoravape.com\/wp-content\/uploads\/2025\/10\/VOPK-Cool-Bar-9000-Puffs-Adjustable-Airflow-Vape_Agora_vape-1-1024x1024.webp 1024w, https:\/\/agoravape.com\/wp-content\/uploads\/2025\/10\/VOPK-Cool-Bar-9000-Puffs-Adjustable-Airflow-Vape_Agora_vape-1-150x150.webp 150w, https:\/\/agoravape.com\/wp-content\/uploads\/2025\/10\/VOPK-Cool-Bar-9000-Puffs-Adjustable-Airflow-Vape_Agora_vape-1-768x768.webp 768w, https:\/\/agoravape.com\/wp-content\/uploads\/2025\/10\/VOPK-Cool-Bar-9000-Puffs-Adjustable-Airflow-Vape_Agora_vape-1-1536x1536.webp 1536w, https:\/\/agoravape.com\/wp-content\/uploads\/2025\/10\/VOPK-Cool-Bar-9000-Puffs-Adjustable-Airflow-Vape_Agora_vape-1-2048x2048.webp 2048w\" sizes=\"auto, (max-width: 2560px) 100vw, 2560px\" \/><\/h2>\n<h2 data-v-md-heading=\"what-is-the-charm-of-vopk-cool-bar-9000-adjustable-intake-vape\" data-v-md-line=\"3\">Care este farmecul \u021big\u0103rii electronice cu admisie reglabil\u0103 VOPK Cool Bar 9000?<\/h2>\n<p data-v-md-line=\"4\">Dac\u0103 te-ai s\u0103turat de acele \u021big\u0103ri electronice de unic\u0103 folosin\u021b\u0103, acest produs \u00ee\u021bi poate satisface nevoile. VOPK Cool Bar poate oferi p\u00e2n\u0103 la 9000 de locuri, permi\u021b\u00e2ndu-\u021bi s\u0103 te bucuri de gustul t\u0103u \u00een lini\u0219te sufleteasc\u0103, f\u0103r\u0103 a fi nevoie s\u0103 schimbi frecvent dispozitivul. Este u\u0219or de utilizat, cu un strat antiderapant moale care ofer\u0103 o senza\u021bie confortabil\u0103, permi\u021b\u00e2ndu-\u021bi s\u0103 ajustezi butoanele sau set\u0103rile f\u0103r\u0103 griji.<\/p>\n<p data-v-md-line=\"6\">Este potrivit pentru oricine caut\u0103 un gust fiabil, un fum stabil \u0219i o experien\u021b\u0103 de aspirare reglabil\u0103 liber. Admisia de aer reglabil\u0103 din partea inferioar\u0103 v\u0103 permite s\u0103 trece\u021bi de la o experien\u021b\u0103 de fumat compact\u0103, asem\u0103n\u0103toare cu cea a unei \u021big\u0103ri, la o experien\u021b\u0103 de fumat u\u0219or aerisit\u0103. Op\u021biuni diverse, f\u0103r\u0103 a fi nevoie de opera\u021biuni complexe.<\/p>\n<h2 data-v-md-heading=\"excellent-performance-easy-and-convenient\" data-v-md-line=\"8\">Performan\u021b\u0103 excelent\u0103, u\u0219or \u0219i convenabil<\/h2>\n<p data-v-md-line=\"9\">Componenta principal\u0103 a Cool Bar este un miez de atomizare cu plas\u0103 de 1.0 \u03a9, care asigur\u0103 un gust curat \u0219i consistent la fiecare aspirare. Miezul de atomizare cu plas\u0103 disip\u0103 uniform c\u0103ldura, asigur\u00e2nd un gust consistent de la prima p\u00e2n\u0103 la ultima \u00eembuc\u0103tur\u0103. C\u00e2nd bateria este desc\u0103rcat\u0103, \u00eel pute\u021bi conecta folosind un cablu de date de tip C. Acesta poate fi acela\u0219i cablu folosit pe telefon. Simplu \u0219i convenabil, nu trebuie s\u0103 v\u0103 face\u021bi griji.<\/p>\n<h2 data-v-md-heading=\"specification-overview\" data-v-md-line=\"11\">Prezentare general\u0103 a specifica\u021biilor<\/h2>\n<ul data-v-md-line=\"12\">\n<li>Suction frequency: up to 9000 times<\/li>\n<li>Capacitate lichid electronic: 15 mililitri<\/li>\n<li>Miez de atomizare: miez de atomizare cu ochiuri de 1,0 \u03a9<\/li>\n<li>Metod\u0103 de admisie a aerului: admisie de aer reglabil\u0103 \u00een partea de jos<\/li>\n<li>Baterie: 600 mAh (re\u00eenc\u0103rcabil\u0103, 18250 celule)<\/li>\n<li>Metod\u0103 de \u00eenc\u0103rcare: Interfa\u021b\u0103 USB de tip C<\/li>\n<li>Principiu de func\u021bionare: Aspira\u021bie automat\u0103 (poate fi utilizat\u0103 prin inhalare)<\/li>\n<li>Tratament de suprafa\u021b\u0103: acoperire cu cauciuc, model imprimat UV<\/li>\n<li>Stare: Gata de utilizare imediat ce este scoas\u0103 din cutie<\/li>\n<li>Con\u021binut de nicotin\u0103: Situa\u021bia aprovizion\u0103rii poate varia \u00een func\u021bie de pia\u021b\u0103 \u0219i de reglement\u0103ri. \u00cenainte de a plasa o comand\u0103, v\u0103 rug\u0103m s\u0103 verifica\u021bi aroma actual\u0103 pe aceast\u0103 pagin\u0103.<\/li>\n<\/ul>\n<h2 data-v-md-heading=\"full-range-of-flavors\" data-v-md-line=\"23\">Gam\u0103 complet\u0103 de arome<\/h2>\n<ul data-v-md-line=\"24\">\n<li>Ghea\u021b\u0103 de piersic\u0103<\/li>\n<li>Ment\u0103 dubl\u0103<\/li>\n<li>L\u0103m\u00e2ie cu bule<\/li>\n<li>Aloe Vera de struguri<\/li>\n<li>Lici de struguri<\/li>\n<li>Coca-Cola Ice<\/li>\n<li>Portocal\u0103 acr\u0103<\/li>\n<li>Fructe de p\u0103dure mixte<\/li>\n<li>Red Bull Ice<\/li>\n<li>Ghea\u021b\u0103 de pepene verde<\/li>\n<\/ul>\n<h2 data-v-md-heading=\"for-you-and-for-your-business-as-well\" data-v-md-line=\"35\">Pentru tine, dar \u0219i pentru afacerea ta<\/h2>\n<p data-v-md-line=\"36\">Achizi\u021bie finan\u021bat\u0103 din proprie ini\u021biativ\u0103? Alege aroma ta preferat\u0103 \u0219i \u00eencepe s\u0103 o folose\u0219ti. S-ar putea s\u0103 crezi c\u0103 o \u021bigar\u0103 electronic\u0103 de unic\u0103 folosin\u021b\u0103 cu 9000 de pufuri ar p\u0103rea voluminoas\u0103, dar Cool Bar are un \u00eenveli\u0219 de cauciuc pentru o experien\u021b\u0103 confortabil\u0103 \u0219i portabil\u0103.<\/p>\n<p data-v-md-line=\"38\">De\u021bine\u021bi un magazin fizic sau un magazin online? Furniz\u0103m \u021big\u0103ri electronice cu admisie reglabil\u0103 VOPK Cool Bar 9000 \u00een cutii en-gros, cu 10 \u021big\u0103ri per cutie (200 de \u021big\u0103ri per cutie). Oferim servicii de livrare DDP prin intermediul unor parteneri de \u00eencredere, cum ar fi UPS, DPD \u0219i DHL, astfel \u00eenc\u00e2t tarifele pot fi procesate \u00een avans pentru a evita situa\u021biile nea\u0219teptate la vam\u0103. Situa\u021bia aprovizion\u0103rii \u0219i op\u021biunile de nicotin\u0103 depind de reglement\u0103rile locale, a\u0219a c\u0103 v\u0103 rug\u0103m s\u0103 consulta\u021bi reglement\u0103rile aplicabile din \u021bara\/regiunea dumneavoastr\u0103.<\/p>\n<h2 data-v-md-heading=\"why-do-you-like-it\" data-v-md-line=\"40\">De ce \u00ee\u021bi place?<\/h2>\n<ul data-v-md-line=\"41\">\n<li>Aspira\u021bie masiv\u0103: durabil\u0103 \u0219i de lung\u0103 durat\u0103, nu este nevoie de reaprovizionare frecvent\u0103.<\/li>\n<li>Flux de aer reglabil: Regla\u021bi pentru o aspirare mai precis\u0103 sau mai lin\u0103 \u00een func\u021bie de starea dumneavoastr\u0103 de spirit.<\/li>\n<li>Re\u00eenc\u0103rcabil\u0103: \u00cenc\u0103rcarea de tip C v\u0103 ajut\u0103 s\u0103 consuma\u021bi fiecare pic\u0103tur\u0103 de lichid electronic.<\/li>\n<li>Rezistenta tip plas\u0103: Gust consistent \u0219i fum fin de la \u00eenceput p\u00e2n\u0103 la sf\u00e2r\u0219it.<\/li>\n<li>U\u0219or de utilizat: Designul cu aspirare automat\u0103 \u00eenseamn\u0103 c\u0103 nu exist\u0103 butoane, nu exist\u0103 meniuri \u0219i presiune f\u0103r\u0103 efort.<\/li>\n<li>Senza\u021bie confortabil\u0103: \u00cenveli\u0219ul de cauciuc asigur\u0103 o aderen\u021b\u0103 stabil\u0103 \u00een timpul c\u0103l\u0103toriei.<\/li>\n<\/ul>\n<h2 data-v-md-heading=\"why-choose-to-collaborate-with-agoravape\" data-v-md-line=\"48\">De ce s\u0103 alegi s\u0103 colaborezi cu AgoraVape?<\/h2>\n<p data-v-md-line=\"49\">Vindem doar produse originale \u0219i oferim garan\u021bii pentru acestea. Pentru cump\u0103r\u0103torii comerciali, aceasta \u00eenseamn\u0103 pre\u021buri reduse en-gros, stocuri fiabile \u0219i livrare rapid\u0103 DDP \u00een toat\u0103 Europa. Echipa noastr\u0103 v\u0103 faciliteaz\u0103 listarea \u0219i v\u00e2nzarea \u021big\u0103rilor electronice cu admisie reglabil\u0103 VOPK Cool Bar 9000, oferind clien\u021bilor dvs. un dispozitiv care merit\u0103 r\u0103scump\u0103rat. Contacta\u021bi-ne pentru a stabili pre\u021buri \u0219i combina\u021bii de arome potrivite pentru linia dvs. de produse.<\/p>","protected":false},"excerpt":{"rendered":"<p>&nbsp;<\/p>\n<p><script src=\"chrome-extension:\/\/fpelahbljekknahkcaegamhcndkfpfnc\/iFrame.js\" type=\"text\/javascript\"><\/script><\/p>\n<p><script src=\"chrome-extension:\/\/fpelahbljekknahkcaegamhcndkfpfnc\/iFrame.js\" type=\"text\/javascript\"><\/script><\/p>\n<p><script src=\"chrome-extension:\/\/fpelahbljekknahkcaegamhcndkfpfnc\/iFrame.js\" type=\"text\/javascript\"><\/script><\/p>\n<p><script src=\"chrome-extension:\/\/fpelahbljekknahkcaegamhcndkfpfnc\/iFrame.js\" type=\"text\/javascript\"><\/script><\/p>\n<p><script src=\"chrome-extension:\/\/fpelahbljekknahkcaegamhcndkfpfnc\/iFrame.js\" type=\"text\/javascript\"><\/script><\/p>","protected":false},"featured_media":14568,"comment_status":"open","ping_status":"closed","template":"","meta":[],"product_brand":[213],"product_cat":[124,187,185,189,194,176,174,175,193,191,173,186,180,190,140],"product_tag":[],"class_list":{"0":"post-14547","1":"product","2":"type-product","3":"status-publish","4":"has-post-thumbnail","6":"product_brand-vopk","7":"product_cat-vape-by-brand","8":"product_cat-0mg-nicotine-free-vapes","9":"product_cat-10000-puffs-high-capacity","10":"product_cat-20mg-standard-nicotine-vapes","11":"product_cat-adjustable-airflow","12":"product_cat-beverage","13":"product_cat-fruit-flavors","14":"product_cat-icy-mint","15":"product_cat-mesh-coil","16":"product_cat-rechargeable-disposables","17":"product_cat-vape-by-flavor-profile","18":"product_cat-vape-by-nicotine-strength","19":"product_cat-vape-by-puff-count","20":"product_cat-vape-by-feature-or-type","21":"product_cat-vopk","23":"first","24":"instock","25":"shipping-taxable","26":"purchasable","27":"product-type-variable","28":"has-default-attributes"},"tiered_pricing_type":"percentage","tiered_pricing_fixed_rules":[],"tiered_pricing_product_settings":{"layout":"default","base_unit_name":{"singular":null,"plural":null},"default_variation":null},"tiered_pricing_minimum_quantity":10,"tiered_pricing_roles_data":[],"tiered_pricing_percentage_rules":{"30":"29","50":"35","100":"40","200":"44","500":"47","1000":"49"},"tiered_pricing_maximum_quantity":null,"tiered_pricing_quantity_step":"10","_links":{"self":[{"href":"https:\/\/agoravape.com\/ro\/wp-json\/wp\/v2\/product\/14547","targetHints":{"allow":["GET"]}}],"collection":[{"href":"https:\/\/agoravape.com\/ro\/wp-json\/wp\/v2\/product"}],"about":[{"href":"https:\/\/agoravape.com\/ro\/wp-json\/wp\/v2\/types\/product"}],"replies":[{"embeddable":true,"href":"https:\/\/agoravape.com\/ro\/wp-json\/wp\/v2\/comments?post=14547"}],"version-history":[{"count":0,"href":"https:\/\/agoravape.com\/ro\/wp-json\/wp\/v2\/product\/14547\/revisions"}],"wp:featuredmedia":[{"embeddable":true,"href":"https:\/\/agoravape.com\/ro\/wp-json\/wp\/v2\/media\/14568"}],"wp:attachment":[{"href":"https:\/\/agoravape.com\/ro\/wp-json\/wp\/v2\/media?parent=14547"}],"wp:term":[{"taxonomy":"product_brand","embeddable":true,"href":"https:\/\/agoravape.com\/ro\/wp-json\/wp\/v2\/product_brand?post=14547"},{"taxonomy":"product_cat","embeddable":true,"href":"https:\/\/agoravape.com\/ro\/wp-json\/wp\/v2\/product_cat?post=14547"},{"taxonomy":"product_tag","embeddable":true,"href":"https:\/\/agoravape.com\/ro\/wp-json\/wp\/v2\/product_tag?post=14547"}],"curies":[{"name":"wp","href":"https:\/\/api.w.org\/{rel}","templated":true}]}}