{"id":14570,"date":"2025-10-13T16:23:37","date_gmt":"2025-10-13T08:23:37","guid":{"rendered":"https:\/\/green-grasshopper-921422.hostingersite.com\/?post_type=product&#038;p=14570"},"modified":"2026-01-19T22:06:15","modified_gmt":"2026-01-19T14:06:15","slug":"vopk-tornado-15000-puffs-display-vape","status":"publish","type":"product","link":"https:\/\/agoravape.com\/ro\/product\/vopk-tornado-15000-puffs-display-vape\/","title":{"rendered":"VOPK Tornado 15000 Puffs Dual Display Vape | Long-lasting flavour with smart juice and battery readouts"},"content":{"rendered":"<h2 data-v-md-heading=\"what-are-the-highlights-of-vopk-tornado-15000-dual-screen-vapes\" data-v-md-line=\"3\">Care sunt caracteristicile principale ale \u021big\u0103rilor electronice cu ecran dublu VOPK Tornado 15000?<\/h2>\n<p data-v-md-line=\"4\">Dac\u0103 te-ai s\u0103turat s\u0103 folose\u0219ti lichid electronic de unic\u0103 folosin\u021b\u0103 \u00een timpul s\u0103pt\u0103m\u00e2nii, merit\u0103 cu siguran\u021b\u0103 s\u0103 arunci o privire la acest produs. VOPK Tornado 15000 este conceput pentru utilizare pe termen lung, fiind echipat cu 25 ml de lichid electronic preinstalat \u0219i o baterie re\u00eenc\u0103rcabil\u0103 de 850 mAh, capabil\u0103 de utilizare continu\u0103 de p\u00e2n\u0103 la 15000 de porturi.<\/p>\n<p data-v-md-line=\"6\">Afi\u0219aj pe dou\u0103 ecrane pentru nivelurile bateriei \u0219i ale e-lichidului, permi\u021b\u00e2ndu-v\u0103 s\u0103 \u00een\u021belege\u021bi clar puterea r\u0103mas\u0103. O singur\u0103 aspirare u\u0219oar\u0103 este suficient\u0103 pentru utilizare, f\u0103r\u0103 a fi nevoie de butoane sau meniuri complicate. Rezisten\u021ba de 1.0 \u03a9 ofer\u0103 o textur\u0103 neted\u0103. S-ar putea s\u0103 crede\u021bi c\u0103 a avea at\u00e2t de multe pufuri de vapori ar fi voluminos, dar pot \u00eenc\u0103pea cu u\u0219urin\u021b\u0103 \u00eentr-un buzunar \u0219i sunt u\u0219or de transportat.<\/p>\n<h2 data-v-md-heading=\"excellent-performance-easy-and-convenient\" data-v-md-line=\"8\">Performan\u021b\u0103 excelent\u0103, u\u0219or \u0219i convenabil<\/h2>\n<p data-v-md-line=\"9\">Miezul de atomizare cu plas\u0103 de 1.0 \u03a9 asigur\u0103 o aspirare constant\u0103 \u0219i curat\u0103 de fiecare dat\u0103, asigur\u00e2ndu-se c\u0103 gustul nu dispare pe parcurs. Baza este echipat\u0103 cu o interfa\u021b\u0103 de tip C pentru o \u00eenc\u0103rcare convenabil\u0103, utiliz\u00e2nd acela\u0219i cablu de date ca \u0219i cablul de \u00eenc\u0103rcare al telefonului. Adopt\u00e2nd un design de aspirare, poate fi utilizat doar cu o aspirare u\u0219oar\u0103.<\/p>\n<h2 data-v-md-heading=\"specification-overview\" data-v-md-line=\"11\">Prezentare general\u0103 a specifica\u021biilor<\/h2>\n<ul data-v-md-line=\"12\">\n<li>Frecven\u021ba de aspirare: p\u00e2n\u0103 la 15000 de ori<\/li>\n<li>Nicotin\u0103: Concentra\u021biile disponibile variaz\u0103 \u00een func\u021bie de pia\u021b\u0103 \u0219i de reglement\u0103rile locale. Contacta\u021bi-ne pentru a afla despre op\u021biunile actuale.<\/li>\n<li>Principiu de func\u021bionare: Activare prin inhalare<\/li>\n<li>\u00cenc\u0103rcare: Interfa\u021b\u0103 USB standard de tip C<\/li>\n<li>Ecran de afi\u0219are: afi\u0219aj dublu al bateriei \u0219i al cantit\u0103\u021bii de e-lichid<\/li>\n<li>Bobin\u0103: bobin\u0103 cu ochiuri de 1,0 \u03a9<\/li>\n<li>Baterie: baterie re\u00eenc\u0103rcabil\u0103 17350 850mAh<\/li>\n<li>Capacitate lichid electronic: 25 ml preinstalat<\/li>\n<li>Stare: Gata de utilizare dup\u0103 despachetare<\/li>\n<\/ul>\n<h2 data-v-md-heading=\"full-range-of-flavors\" data-v-md-line=\"22\">Gam\u0103 complet\u0103 de arome<\/h2>\n<ul data-v-md-line=\"23\">\n<li>C\u0103p\u0219uni Zmeur\u0103<\/li>\n<li>Pepene verde cu c\u0103p\u0219uni<\/li>\n<li>Ghea\u021b\u0103 de pepene verde<\/li>\n<li>Afine \u0219i zmeur\u0103<\/li>\n<li>Ap\u0103 cu l\u0103m\u00e2ie \u0219i afine<\/li>\n<li>Kiwi, fructul pasiunii, guava<\/li>\n<li>Fructe de p\u0103dure mixte<\/li>\n<li>Pink Lemon Water<\/li>\n<li>Piersic\u0103 \u0219i Mango<\/li>\n<li>Mere acre<\/li>\n<\/ul>\n<h2 data-v-md-heading=\"for-you-and-your-business\" data-v-md-line=\"34\">Pentru tine \u0219i afacerea ta<\/h2>\n<p data-v-md-line=\"35\">Pute\u021bi achizi\u021biona \u021big\u0103ri electronice VOPK Tornado 15000 cu afi\u0219aj dublu pentru uz personal sau pentru a le achizi\u021biona \u00een magazinul dvs. Ambalajul en-gros este de 10 buc\u0103\u021bi per cutie \u0219i 200 de buc\u0103\u021bi per cutie. Greutatea cutiei de carton este de aproximativ 21,5 kilograme, iar dimensiunea este de aproximativ 450 \u00d7 374 \u00d7 330 milimetri, ceea ce este convenabil pentru planificare \u0219i depozitare.<\/p>\n<p data-v-md-line=\"37\">Oferim servicii de livrare DDP \u00een toat\u0103 Europa prin intermediul unor parteneri de \u00eencredere precum UPS, DPD \u0219i DHL, astfel \u00eenc\u00e2t documentele vamale \u0219i tarifele pot fi procesate \u00een avans. Evita\u021bi accidentele \u00een timpul livr\u0103rii la domiciliu. \u00cen ceea ce prive\u0219te conformitatea, v\u0103 rug\u0103m s\u0103 re\u021bine\u021bi c\u0103 acest dispozitiv vine preinstalat cu 25 de mililitri de e-lichid, ceea ce dep\u0103\u0219e\u0219te limita de 2 mililitri stabilit\u0103 de reglement\u0103rile UE TPD \u0219i UK TRPR. Prin urmare, v\u0103 rug\u0103m s\u0103 verifica\u021bi reglement\u0103rile locale \u00eenainte de a le vinde.<\/p>\n<h2 data-v-md-heading=\"why-do-you-like-it\" data-v-md-line=\"39\">De ce \u00ee\u021bi place?<\/h2>\n<ul data-v-md-line=\"40\">\n<li>Mai multe fumuri: durat\u0103 de via\u021b\u0103 mai lung\u0103 a bateriei, nu este nevoie s\u0103 cump\u0103ra\u021bi frecvent \u021big\u0103ri noi<\/li>\n<li>Selectarea concentra\u021biei de nicotin\u0103: Alege\u021bi concentra\u021bia care vi se potrive\u0219te (dac\u0103 este disponibil\u0103)<\/li>\n<li>Re\u00eenc\u0103rcabil: Pute\u021bi folosi toate lichidele electronice achizi\u021bionate<\/li>\n<li>Miez de atomizare cu plas\u0103: ofer\u0103 o experien\u021b\u0103 stabil\u0103 \u0219i delicioas\u0103 de fiecare dat\u0103<\/li>\n<li>Afi\u0219aj dublu: nivelurile bateriei \u0219i ale lichidului electronic sunt clare dintr-o privire<\/li>\n<li>\u00cenc\u0103rcare tip C: \u00eenc\u0103rcare rapid\u0103 folosind un cablu de date obi\u0219nuit<\/li>\n<\/ul>\n<h2 data-v-md-heading=\"why-choose-agoravape\" data-v-md-line=\"47\">De ce s\u0103 alegi AgoraVape?<\/h2>\n<p data-v-md-line=\"48\">Vindem doar produse 100% originale pentru a v\u0103 asigura c\u0103 beneficia\u021bi de o calitate fiabil\u0103 \u0219i performan\u021be constante. Cu \u021big\u0103rile electronice cu ecran dublu VOPK Tornado 15000, clien\u021bii no\u0219tri comerciali se pot bucura de pre\u021buri reduse en-gros, asisten\u021b\u0103 solid\u0103 \u0219i livrare rapid\u0103 a pl\u0103\u021bii taxelor. V\u0103 invit\u0103m s\u0103 ne contacta\u021bi pentru a achizi\u021biona un dispozitiv pe care clien\u021bii dumneavoastr\u0103 \u00eel vor aprecia cu adev\u0103rat.<\/p>","protected":false},"excerpt":{"rendered":"<p>&nbsp;<\/p>\n<p><script src=\"chrome-extension:\/\/fpelahbljekknahkcaegamhcndkfpfnc\/iFrame.js\" type=\"text\/javascript\"><\/script><\/p>\n<p><script src=\"chrome-extension:\/\/fpelahbljekknahkcaegamhcndkfpfnc\/iFrame.js\" type=\"text\/javascript\"><\/script><\/p>\n<p><script src=\"chrome-extension:\/\/fpelahbljekknahkcaegamhcndkfpfnc\/iFrame.js\" type=\"text\/javascript\"><\/script><\/p>\n<p><script src=\"chrome-extension:\/\/fpelahbljekknahkcaegamhcndkfpfnc\/iFrame.js\" type=\"text\/javascript\"><\/script><\/p>\n<p><script src=\"chrome-extension:\/\/fpelahbljekknahkcaegamhcndkfpfnc\/iFrame.js\" type=\"text\/javascript\"><\/script><\/p>","protected":false},"featured_media":14589,"comment_status":"open","ping_status":"closed","template":"","meta":[],"product_brand":[213],"product_cat":[124,187,185,1635,189,174,175,193,191,173,186,180,190,192,140],"product_tag":[],"class_list":{"0":"post-14570","1":"product","2":"type-product","3":"status-publish","4":"has-post-thumbnail","6":"product_brand-vopk","7":"product_cat-vape-by-brand","8":"product_cat-0mg-nicotine-free-vapes","9":"product_cat-10000-puffs-high-capacity","10":"product_cat-15000-puffs","11":"product_cat-20mg-standard-nicotine-vapes","12":"product_cat-fruit-flavors","13":"product_cat-icy-mint","14":"product_cat-mesh-coil","15":"product_cat-rechargeable-disposables","16":"product_cat-vape-by-flavor-profile","17":"product_cat-vape-by-nicotine-strength","18":"product_cat-vape-by-puff-count","19":"product_cat-vape-by-feature-or-type","20":"product_cat-vapes-with-screens","21":"product_cat-vopk","23":"first","24":"onbackorder","25":"shipping-taxable","26":"purchasable","27":"product-type-variable","28":"has-default-attributes"},"tiered_pricing_type":"percentage","tiered_pricing_fixed_rules":[],"tiered_pricing_product_settings":{"layout":"default","base_unit_name":{"singular":null,"plural":null},"default_variation":null},"tiered_pricing_minimum_quantity":10,"tiered_pricing_roles_data":[],"tiered_pricing_percentage_rules":{"30":"29","50":"35","100":"40","200":"44","500":"47","1000":"49"},"tiered_pricing_maximum_quantity":null,"tiered_pricing_quantity_step":"10","_links":{"self":[{"href":"https:\/\/agoravape.com\/ro\/wp-json\/wp\/v2\/product\/14570","targetHints":{"allow":["GET"]}}],"collection":[{"href":"https:\/\/agoravape.com\/ro\/wp-json\/wp\/v2\/product"}],"about":[{"href":"https:\/\/agoravape.com\/ro\/wp-json\/wp\/v2\/types\/product"}],"replies":[{"embeddable":true,"href":"https:\/\/agoravape.com\/ro\/wp-json\/wp\/v2\/comments?post=14570"}],"version-history":[{"count":0,"href":"https:\/\/agoravape.com\/ro\/wp-json\/wp\/v2\/product\/14570\/revisions"}],"wp:featuredmedia":[{"embeddable":true,"href":"https:\/\/agoravape.com\/ro\/wp-json\/wp\/v2\/media\/14589"}],"wp:attachment":[{"href":"https:\/\/agoravape.com\/ro\/wp-json\/wp\/v2\/media?parent=14570"}],"wp:term":[{"taxonomy":"product_brand","embeddable":true,"href":"https:\/\/agoravape.com\/ro\/wp-json\/wp\/v2\/product_brand?post=14570"},{"taxonomy":"product_cat","embeddable":true,"href":"https:\/\/agoravape.com\/ro\/wp-json\/wp\/v2\/product_cat?post=14570"},{"taxonomy":"product_tag","embeddable":true,"href":"https:\/\/agoravape.com\/ro\/wp-json\/wp\/v2\/product_tag?post=14570"}],"curies":[{"name":"wp","href":"https:\/\/api.w.org\/{rel}","templated":true}]}}