{"id":14615,"date":"2025-10-13T22:16:15","date_gmt":"2025-10-13T14:16:15","guid":{"rendered":"https:\/\/green-grasshopper-921422.hostingersite.com\/?post_type=product&#038;p=14615"},"modified":"2026-01-19T22:06:02","modified_gmt":"2026-01-19T14:06:02","slug":"vapen-quad-box-20k-puffs-full-screen-vape","status":"publish","type":"product","link":"https:\/\/agoravape.com\/ro\/product\/vapen-quad-box-20k-puffs-full-screen-vape\/","title":{"rendered":"Vapen Quad Box 20K Puffs 4-Mode Full Screen Vape | Long-Lasting Power with Smart Control"},"content":{"rendered":"<h2 data-v-md-heading=\"vapen-quad-box-20-what-are-the-special-features-of-a-full-screen-vape-with-a-capacity-of-000-and-4-modes\" data-v-md-line=\"3\"><img loading=\"lazy\" decoding=\"async\" class=\"aligncenter size-full wp-image-14639\" src=\"https:\/\/agoravape.com\/wp-content\/uploads\/2025\/10\/Vapen-Quad-Box-20K-Puffs-4-Mode-Full-Screen-Vape_Agora_vape-13.webp\" alt=\"\" width=\"1000\" height=\"1000\" srcset=\"https:\/\/agoravape.com\/wp-content\/uploads\/2025\/10\/Vapen-Quad-Box-20K-Puffs-4-Mode-Full-Screen-Vape_Agora_vape-13.webp 1000w, https:\/\/agoravape.com\/wp-content\/uploads\/2025\/10\/Vapen-Quad-Box-20K-Puffs-4-Mode-Full-Screen-Vape_Agora_vape-13-600x600.webp 600w, https:\/\/agoravape.com\/wp-content\/uploads\/2025\/10\/Vapen-Quad-Box-20K-Puffs-4-Mode-Full-Screen-Vape_Agora_vape-13-300x300.webp 300w, https:\/\/agoravape.com\/wp-content\/uploads\/2025\/10\/Vapen-Quad-Box-20K-Puffs-4-Mode-Full-Screen-Vape_Agora_vape-13-150x150.webp 150w, https:\/\/agoravape.com\/wp-content\/uploads\/2025\/10\/Vapen-Quad-Box-20K-Puffs-4-Mode-Full-Screen-Vape_Agora_vape-13-768x768.webp 768w\" sizes=\"auto, (max-width: 1000px) 100vw, 1000px\" \/><\/h2>\n<h2 data-v-md-heading=\"vapen-quad-box-20-what-are-the-special-features-of-a-full-screen-vape-with-a-capacity-of-000-and-4-modes\" data-v-md-line=\"3\">Care e treaba cu \u021bigara electronic\u0103 Vapen Quad Box 20K Puffs cu ecran complet \u00een 4 moduri?<\/h2>\n<p data-v-md-line=\"4\">Dac\u0103 te-ai s\u0103turat de acele \u021big\u0103ri electronice care se opresc la jum\u0103tatea zilei lucr\u0103toare, poate vrei s\u0103 \u00eencerci acest produs. Vapen Quad Box este echipat cu o baterie re\u00eenc\u0103rcabil\u0103 \u0219i un afi\u0219aj pe tot ecranul care arat\u0103 cu precizie starea curent\u0103 f\u0103r\u0103 a fi nevoie s\u0103 ghice\u0219ti. Po\u021bi verifica instantaneu cantitatea de e-lichid, nivelul bateriei \u0219i chiar durata fumatului.<\/p>\n<p data-v-md-line=\"6\">Este potrivit pentru orice utilizator care \u00ee\u0219i dore\u0219te o \u021bigar\u0103 electronic\u0103 fiabil\u0103, personalizabil\u0103 \u0219i u\u0219or de utilizat. S-ar putea s\u0103 crede\u021bi c\u0103 un dispozitiv cu un volum de fum at\u00e2t de mare ar fi voluminos, dar este mai u\u0219or dec\u00e2t v\u0103 imagina\u021bi, c\u00e2nt\u0103re\u0219te doar aproximativ 80 de grame \u0219i este foarte u\u0219or de transportat.<\/p>\n<h2 data-v-md-heading=\"excellent-performance-easy-and-convenient\" data-v-md-line=\"8\">Performan\u021b\u0103 excelent\u0103, u\u0219or \u0219i convenabil<\/h2>\n<p data-v-md-line=\"9\">Firul dublu \u00eenc\u0103lzit \u0219i cele patru moduri de \u00eenc\u0103lzire pot men\u021bine un gust stabil \u0219i v\u0103 permit s\u0103 ajusta\u021bi temperatura dup\u0103 preferin\u021be. Fluxul de aer reglabil v\u0103 ajut\u0103 s\u0103 regla\u021bi cu u\u0219urin\u021b\u0103 aspira\u021bia de la compact\u0103 la transparent\u0103. C\u00e2nd bateria este desc\u0103rcat\u0103, pur \u0219i simplu utiliza\u021bi cablul de date Type-C care a fost eventual utilizat pe telefon pentru a-l \u00eenc\u0103rca. Simplu \u0219i convenabil.<\/p>\n<h2 data-v-md-heading=\"specification-overview\" data-v-md-line=\"11\">Prezentare general\u0103 a specifica\u021biilor<\/h2>\n<ul data-v-md-line=\"12\">\n<li>Frecven\u021ba de aspirare: p\u00e2n\u0103 la 20000 de ori<\/li>\n<li>Nicotin\u0103: 2% \u0219i 5% op\u021bional (oferta poate varia \u00een func\u021bie de \u021bar\u0103\/regiune)<\/li>\n<li>Mod de func\u021bionare: Patru moduri de \u00eenc\u0103lzire, afi\u0219are a st\u0103rii pe ecran<\/li>\n<li>\u00cenc\u0103rcare: Interfa\u021b\u0103 USB de tip C<\/li>\n<li>Ecran de afi\u0219are: Afi\u0219aj pe tot ecranul a indicatorilor lumino\u0219i pentru e-lichid \u0219i baterie, precum \u0219i durata de aspirare<\/li>\n<li>Flux de aer: Reglabil<\/li>\n<li>Baterie: baterie re\u00eenc\u0103rcabil\u0103 de 650 mAh<\/li>\n<li>Capacitate lichid electronic: 28 mililitri<\/li>\n<li>Stare: Gata de utilizare dup\u0103 despachetare<\/li>\n<\/ul>\n<h2 data-v-md-heading=\"multiple-flavor-options\" data-v-md-line=\"22\">Op\u021biuni multiple de arome<\/h2>\n<ul data-v-md-line=\"23\">\n<li>Strawberry and watermelon flavor<\/li>\n<li>Piersic\u0103, Mango, Ananas<\/li>\n<li>Gust parfumat \u0219i r\u0103coritor<\/li>\n<li>Arom\u0103 exploziv\u0103 de fructe de p\u0103dure<\/li>\n<li>Strawberry Strange Fruit Flavor<\/li>\n<li>Arom\u0103 hawaian\u0103<\/li>\n<li>Gust r\u0103coritor de afine<\/li>\n<li>Arom\u0103 de struguri<\/li>\n<li>Arom\u0103 de ap\u0103 cu afine \u0219i l\u0103m\u00e2ie<\/li>\n<li>Miami Mint Flavor<\/li>\n<li>Arom\u0103 de ghea\u021b\u0103 neagr\u0103<\/li>\n<li>Arom\u0103 Tiffany (kiwi, pepene verde)<\/li>\n<\/ul>\n<h2 data-v-md-heading=\"to-create-for-you-and-your-business\" data-v-md-line=\"36\">Pentru a crea pentru tine \u0219i afacerea ta<\/h2>\n<p data-v-md-line=\"37\">Pute\u021bi alege unul pentru uz personal sau ca ambalaj en-gros pentru inventarul dvs. Cutia interioar\u0103 poate g\u0103zdui 10 buc\u0103\u021bi, iar cutia exterioar\u0103 poate g\u0103zdui 200, fiind perfect\u0103 pentru extinderea de la comer\u021bul cu am\u0103nuntul la opera\u021biuni la scar\u0103 larg\u0103. Greutatea unei singure buc\u0103\u021bi este de aproximativ 80 de grame, iar un pachet de 10 buc\u0103\u021bi c\u00e2nt\u0103re\u0219te aproximativ 840 de grame. Dimensiunile cutiei exterioare sunt de 51 \u00d7 29,3 \u00d7 26 centimetri, cu o greutate brut\u0103 de aproximativ 17,8 kilograme.<\/p>\n<p data-v-md-line=\"39\">Expediem prin intermediul unor parteneri de \u00eencredere, precum UPS, DPD \u0219i DHL, cu principiul \u201eLivrare cu taxe vamale pl\u0103tite\u201d (DDP) pentru a ne asigura c\u0103 nu \u00eent\u00e2mpina\u021bi accidente la vam\u0103. Pia\u021ba TPD necesit\u0103 un tarif de 2%, \u00een timp ce regiunile care permit TPD necesit\u0103 un tarif de 5%. V\u0103 putem ghida \u00een alegerea unui plan de conformitate care se potrive\u0219te fiec\u0103rei \u021b\u0103ri\/regiuni.<\/p>\n<h2 data-v-md-heading=\"why-do-you-like-it\" data-v-md-line=\"41\">De ce \u00ee\u021bi place?<\/h2>\n<ul data-v-md-line=\"42\">\n<li>Aspira\u021bie masiv\u0103: timp de utilizare mai lung, deci nu este nevoie s\u0103 \u00eenlocui\u021bi dispozitivul frecvent.<\/li>\n<li>Selectarea con\u021binutului de nicotin\u0103: Alege\u021bi un con\u021binut de nicotin\u0103 de 2% sau 5% \u00een func\u021bie de gust \u0219i de reglement\u0103rile locale.<\/li>\n<li>Re\u00eenc\u0103rcabil\u0103: \u00cenc\u0103rcarea de tip C v\u0103 permite s\u0103 utiliza\u021bi la maximum fiecare pic\u0103tur\u0103 de e-lichid.<\/li>\n<li>Patru moduri de \u00eenc\u0103lzire: regla\u021bi temperatura \u00een func\u021bie de preferin\u021be.<\/li>\n<li>M\u0103tase dubl\u0103 fierbinte: men\u021bine un gust consistent de la prima p\u00e2n\u0103 la ultima \u00eembuc\u0103tur\u0103.<\/li>\n<li>Afi\u0219are pe tot ecranul: Ob\u021bine\u021bi o imagine clar\u0103 a nivelului de e-lichid \u0219i al bateriei dintr-o privire.<\/li>\n<li>Admisie reglabil\u0103: Seta\u021bi metoda de aspirare \u00een func\u021bie de preferin\u021be.<\/li>\n<\/ul>\n<h2 data-v-md-heading=\"why-choose-to-collaborate-with-agoravape\" data-v-md-line=\"50\">De ce s\u0103 alegi s\u0103 colaborezi cu AgoraVape?<\/h2>\n<p data-v-md-line=\"51\">Vindem doar produse 100% originale \u0219i nu avem nicio \u00eendoial\u0103 \u00een privin\u021ba asta. Vape-uri Vapen Quad Box 20K cu ecran complet \u00een 4 moduri, unde v\u0103 pute\u021bi bucura de pre\u021buri en-gros reduse, asisten\u021b\u0103 tehnic\u0103 convenabil\u0103 \u0219i servicii de livrare DDP rapide \u0219i fiabile \u00een Europa. V\u0103 invit\u0103m s\u0103 discuta\u021bi cu noi despre inventar, plat\u0103 \u0219i conformitate. V\u0103 vom ajuta s\u0103 crea\u021bi un produs uimitor.<\/p>","protected":false},"excerpt":{"rendered":"<p>Care este treaba cu Vapen Quad Box 20K Puffs 4-Mode Full Screen Vape? Dac\u0103 v-a\u021bi s\u0103turat de acele<\/p>","protected":false},"featured_media":14638,"comment_status":"open","ping_status":"closed","template":"","meta":[],"product_brand":[214],"product_cat":[124,185,189,194,174,175,193,191,179,173,186,180,190,141,192],"product_tag":[],"class_list":{"0":"post-14615","1":"product","2":"type-product","3":"status-publish","4":"has-post-thumbnail","6":"product_brand-vapen","7":"product_cat-vape-by-brand","8":"product_cat-10000-puffs-high-capacity","9":"product_cat-20mg-standard-nicotine-vapes","10":"product_cat-adjustable-airflow","11":"product_cat-fruit-flavors","12":"product_cat-icy-mint","13":"product_cat-mesh-coil","14":"product_cat-rechargeable-disposables","15":"product_cat-unique-blends","16":"product_cat-vape-by-flavor-profile","17":"product_cat-vape-by-nicotine-strength","18":"product_cat-vape-by-puff-count","19":"product_cat-vape-by-feature-or-type","20":"product_cat-vapen","21":"product_cat-vapes-with-screens","23":"first","24":"onbackorder","25":"shipping-taxable","26":"purchasable","27":"product-type-variable","28":"has-default-attributes"},"tiered_pricing_type":"percentage","tiered_pricing_fixed_rules":[],"tiered_pricing_product_settings":{"layout":"default","base_unit_name":{"singular":null,"plural":null},"default_variation":null},"tiered_pricing_minimum_quantity":10,"tiered_pricing_roles_data":[],"tiered_pricing_percentage_rules":{"50":"35","100":"40","200":"44","500":"47","1000":"49"},"tiered_pricing_maximum_quantity":null,"tiered_pricing_quantity_step":"10","_links":{"self":[{"href":"https:\/\/agoravape.com\/ro\/wp-json\/wp\/v2\/product\/14615","targetHints":{"allow":["GET"]}}],"collection":[{"href":"https:\/\/agoravape.com\/ro\/wp-json\/wp\/v2\/product"}],"about":[{"href":"https:\/\/agoravape.com\/ro\/wp-json\/wp\/v2\/types\/product"}],"replies":[{"embeddable":true,"href":"https:\/\/agoravape.com\/ro\/wp-json\/wp\/v2\/comments?post=14615"}],"version-history":[{"count":0,"href":"https:\/\/agoravape.com\/ro\/wp-json\/wp\/v2\/product\/14615\/revisions"}],"wp:featuredmedia":[{"embeddable":true,"href":"https:\/\/agoravape.com\/ro\/wp-json\/wp\/v2\/media\/14638"}],"wp:attachment":[{"href":"https:\/\/agoravape.com\/ro\/wp-json\/wp\/v2\/media?parent=14615"}],"wp:term":[{"taxonomy":"product_brand","embeddable":true,"href":"https:\/\/agoravape.com\/ro\/wp-json\/wp\/v2\/product_brand?post=14615"},{"taxonomy":"product_cat","embeddable":true,"href":"https:\/\/agoravape.com\/ro\/wp-json\/wp\/v2\/product_cat?post=14615"},{"taxonomy":"product_tag","embeddable":true,"href":"https:\/\/agoravape.com\/ro\/wp-json\/wp\/v2\/product_tag?post=14615"}],"curies":[{"name":"wp","href":"https:\/\/api.w.org\/{rel}","templated":true}]}}