{"id":14671,"date":"2025-10-13T22:57:12","date_gmt":"2025-10-13T14:57:12","guid":{"rendered":"https:\/\/green-grasshopper-921422.hostingersite.com\/?post_type=product&#038;p=14671"},"modified":"2025-12-31T22:59:19","modified_gmt":"2025-12-31T14:59:19","slug":"vapen-titan-10000-pufuri-reincarcabila-vape","status":"publish","type":"product","link":"https:\/\/agoravape.com\/ro\/product\/vapen-titan-10000-puffs-refillable-vape\/","title":{"rendered":"Vapen Titan 10000 Puffs, re\u00eenc\u0103rcabil\u0103, de unic\u0103 folosin\u021b\u0103 | Capacitate mare, u\u0219or de utilizat"},"content":{"rendered":"<h2 data-v-md-heading=\"what-are-the-advantages-of-the-vapen-titan-10000-refillable-disposable-vape\" data-v-md-line=\"3\"><img loading=\"lazy\" decoding=\"async\" class=\"aligncenter size-full wp-image-14688\" src=\"https:\/\/agoravape.com\/wp-content\/uploads\/2025\/10\/Vapen-Titan-10000-Puffs-Refillable-Disposable-Vape_Agora_vape-1-scaled.webp\" alt=\"\" width=\"2560\" height=\"1707\" srcset=\"https:\/\/agoravape.com\/wp-content\/uploads\/2025\/10\/Vapen-Titan-10000-Puffs-Refillable-Disposable-Vape_Agora_vape-1-scaled.webp 2560w, https:\/\/agoravape.com\/wp-content\/uploads\/2025\/10\/Vapen-Titan-10000-Puffs-Refillable-Disposable-Vape_Agora_vape-1-scaled-1200x800.webp 1200w, https:\/\/agoravape.com\/wp-content\/uploads\/2025\/10\/Vapen-Titan-10000-Puffs-Refillable-Disposable-Vape_Agora_vape-1-300x200.webp 300w, https:\/\/agoravape.com\/wp-content\/uploads\/2025\/10\/Vapen-Titan-10000-Puffs-Refillable-Disposable-Vape_Agora_vape-1-1024x683.webp 1024w, https:\/\/agoravape.com\/wp-content\/uploads\/2025\/10\/Vapen-Titan-10000-Puffs-Refillable-Disposable-Vape_Agora_vape-1-768x512.webp 768w, https:\/\/agoravape.com\/wp-content\/uploads\/2025\/10\/Vapen-Titan-10000-Puffs-Refillable-Disposable-Vape_Agora_vape-1-1536x1024.webp 1536w, https:\/\/agoravape.com\/wp-content\/uploads\/2025\/10\/Vapen-Titan-10000-Puffs-Refillable-Disposable-Vape_Agora_vape-1-2048x1365.webp 2048w\" sizes=\"auto, (max-width: 2560px) 100vw, 2560px\" \/><\/h2>\n<h2 data-v-md-heading=\"what-are-the-advantages-of-the-vapen-titan-10000-refillable-disposable-vape\" data-v-md-line=\"3\">Care sunt avantajele \u021big\u0103rii electronice de unic\u0103 folosin\u021b\u0103 Vapen Titan 10000?<\/h2>\n<p data-v-md-line=\"4\">Dac\u0103 te-ai s\u0103turat s\u0103 schimbi dispozitivul la fiecare c\u00e2teva zile, Titan 10000 \u00ee\u021bi va \u00eemprosp\u0103ta cu siguran\u021b\u0103 mintea. Adopt\u0103 un design de ungere repetabil, special conceput pentru utilizare pe termen lung, care poate men\u021bine un gust de lung\u0103 durat\u0103 \u0219i reduce complexitatea func\u021bion\u0103rii. Injecteaz\u0103 ulei, \u00eencarc\u0103 \u0219i po\u021bi continua s\u0103 \u00eel utilizezi.<\/p>\n<p data-v-md-line=\"6\">Dac\u0103 \u00ee\u021bi dore\u0219ti o experien\u021b\u0103 de vaping u\u0219oar\u0103 \u0219i convenabil\u0103, f\u0103r\u0103 nicio operare manual\u0103, aceasta este alegerea ideal\u0103. Trage un fum pentru a activa. Bucur\u0103-te de experien\u021ba lin\u0103 oferit\u0103 de rezisten\u021ba tip plas\u0103. S-ar putea s\u0103 crezi c\u0103 un produs at\u00e2t de durabil ar fi complex, dar este simplu \u0219i u\u0219or de utilizat, convenabil pentru utilizarea zilnic\u0103.<\/p>\n<h2 data-v-md-heading=\"excellent-performance-without-any-complexity\" data-v-md-line=\"8\">Excellent performance without any complexity<\/h2>\n<p data-v-md-line=\"9\">Rezisten\u021ba tip plas\u0103 este nucleul lui Titan. De aceea, fiecare \u00eembuc\u0103tur\u0103 aduce un gust consistent, pur \u0219i fin. Bateria se \u00eencarc\u0103 prin interfa\u021ba Type-C, a\u0219a c\u0103 probabil folose\u0219ti acela\u0219i cablu de date ca \u0219i telefonul. Umple-\u021bi e-lichidul preferat \u0219i \u00eel po\u021bi continua s\u0103-l folose\u0219ti, lu\u00e2nd adio \u00eentreruperilor obi\u0219nuite.<\/p>\n<h2 data-v-md-heading=\"specification-overview\" data-v-md-line=\"11\">Prezentare general\u0103 a specifica\u021biilor<\/h2>\n<p data-v-md-line=\"12\"><strong>Num\u0103r de aspira\u021bii<\/strong>p\u00e2n\u0103 la 10000 de aspira\u021bii<br \/>\n<strong>Con\u021binutul de nicotin\u0103<\/strong>2% (20 mg\/ml) \u0219i 5% (50 mg\/ml) op\u021bional<br \/>\n<strong>capacitate e-lichid<\/strong>20 ml<br \/>\n<strong>Battery<\/strong>650mAh<br \/>\n<strong>Principiul de func\u021bionare<\/strong>Activat prin inhalare<br \/>\n<strong>Miez de atomizare<\/strong>Miez de atomizare cu plas\u0103<br \/>\n<strong>\u00cenc\u0103rcare<\/strong>Interfa\u021b\u0103 USB de tip C<br \/>\n<strong>Stare<\/strong>Dispozitivul este sigilat. \u00cen unele \u021b\u0103ri\/regiuni ale UE, acest produs este disponibil doar sub form\u0103 de hardware, a\u0219a c\u0103 v\u0103 rug\u0103m s\u0103 \u00eel umple\u021bi cu lichid electronic conform TPD \u00eenainte de prima utilizare.<\/p>\n<p data-v-md-line=\"21\">Declara\u021bie de conformitate: UE stipuleaz\u0103 c\u0103 capacitatea maxim\u0103 a dispozitivelor preumplute este de 2 mililitri, iar con\u021binutul maxim de nicotin\u0103 este de 20 de miligrame pe mililitru. 5% dintre op\u021biuni sunt aplicabile pie\u021belor din afara UE. Clien\u021bii din UE ar trebui s\u0103 aleag\u0103 op\u021biunea de 2% \u0219i s\u0103 utilizeze lichide electronice care \u00eendeplinesc standardele TPD.<\/p>\n<h2 data-v-md-heading=\"full-range-of-flavors\" data-v-md-line=\"23\">Gam\u0103 complet\u0103 de arome<\/h2>\n<ul data-v-md-line=\"24\">\n<li>Ghea\u021b\u0103 de pepene verde<\/li>\n<li>Domnul Ghea\u021b\u0103 Albastr\u0103<\/li>\n<li>Ghea\u021b\u0103 de piersic\u0103<\/li>\n<li>\u00cenghe\u021bat\u0103 de pepene verde cu c\u0103p\u0219uni<\/li>\n<li>Black Dragon Ice (Fruct de Dragon, L\u0103m\u00e2ie)<\/li>\n<li>Love 66 (fructul pasiunii, pepene galben, pepene verde, ment\u0103)<\/li>\n<li>Kiwi, fructul pasiunii, guava<\/li>\n<li>Red Bull Ice<\/li>\n<li>Suc de cire\u0219e<\/li>\n<li>Suc acidulat cu arom\u0103 de portocale<\/li>\n<li>Kiwi \u0219i c\u0103p\u0219uni<\/li>\n<li>Ghea\u021b\u0103 de zmeur\u0103 acid\u0103 albastr\u0103<\/li>\n<li>Piersic\u0103, Mango, \u00cenghe\u021bat\u0103 de Ananas<\/li>\n<li>Ghea\u021b\u0103 de plaj\u0103 sexy<\/li>\n<li>Ghea\u021b\u0103 rece cu mentol<\/li>\n<li>Coca-Cola Ice<\/li>\n<li>Cacao nebun (ananas, nuc\u0103 de cocos, lime, cocktail)<\/li>\n<li>Vis de var\u0103 (struguri, portocale, Red Bull)<\/li>\n<li>\u00cenghe\u021bat\u0103 cu piure de fructe de p\u0103dure<\/li>\n<li>Ghea\u021b\u0103 de c\u0103p\u0219uni<\/li>\n<\/ul>\n<h2 data-v-md-heading=\"for-you-for-your-business\" data-v-md-line=\"45\">Pentru tine, pentru afacerea ta<\/h2>\n<p data-v-md-line=\"46\">Po\u021bi alege unul pentru uz personal sau po\u021bi stoca pentru magazinul t\u0103u. Ambalajul en-gros este de 10 buc\u0103\u021bi per cutie de prezentare \u0219i 200 de buc\u0103\u021bi per cutie exterioar\u0103. U\u0219or de listat \u0219i de v\u00e2ndut.<\/p>\n<p data-v-md-line=\"48\">Colabor\u0103m cu parteneri de \u00eencredere precum UPS, DPD \u0219i DHL pentru a expedia cu respectarea principiului \u201eLivrare cu taxe vamale pl\u0103tite\u201d (DDP), asigur\u00e2nd livrarea rapid\u0103 \u0219i evit\u00e2nd accidentele vamale. Dosarul este clar, iar urm\u0103rirea este fiabil\u0103. De la finalizarea comenzii p\u00e2n\u0103 la livrarea la domiciliu, totul se face dintr-o dat\u0103.<\/p>\n<h2 data-v-md-heading=\"why-do-you-like-it\" data-v-md-line=\"50\">De ce \u00ee\u021bi place?<\/h2>\n<p data-v-md-line=\"51\"><strong>Capacitate super mare:<\/strong>\u00a0P\u00e2n\u0103 la 10000 de pufuri, ceea ce \u00eenseamn\u0103 mai pu\u021bini timpi de \u00eenlocuire, facilit\u00e2nd experien\u021ba de vaping<br \/>\n<strong>Selectarea concentra\u021biei de nicotin\u0103:<\/strong>\u00a0Alege\u021bi concentra\u021bia care se potrive\u0219te pie\u021bei sau preferin\u021belor dvs.<br \/>\n<strong>Re\u00eenc\u0103rcabil\u0103:<\/strong>\u00a0Po\u021bi folosi toate lichidele pentru \u021big\u0103ri electronice pe care le cumperi f\u0103r\u0103 a fi nevoie s\u0103 arunci jum\u0103tate din dispozitiv.<br \/>\n<strong>Miezul atomizorului cu plas\u0103:<\/strong>\u00a0Gust consistent \u0219i experien\u021b\u0103 de aspirare lin\u0103<br \/>\n<strong>Convenient Type-C interface:<\/strong>\u00a0\u00cenc\u0103rca\u021bi folosind cablul de date existent<\/p>\n<h2 data-v-md-heading=\"why-choose-to-collaborate-with-agoravape\" data-v-md-line=\"57\">De ce s\u0103 alegi s\u0103 colaborezi cu AgoraVape?<\/h2>\n<p data-v-md-line=\"58\">Vindem doar produse 100% originale \u0219i nu avem nicio \u00eendoial\u0103 \u00een privin\u021ba asta. Cu \u021big\u0103rile electronice de unic\u0103 folosin\u021b\u0103 Vapen Titan 10000, v\u0103 pute\u021bi bucura de pre\u021buri reduse en-gros, asisten\u021b\u0103 rapid\u0103 pentru clien\u021bi \u0219i servicii rapide de livrare DDP. Dori\u021bi s\u0103 v\u0103 aproviziona\u021bi cu echipamente pe care clien\u021bii fideli le viziteaz\u0103 des? V\u0103 rug\u0103m s\u0103 ne contacta\u021bi \u0219i vom aranja pentru dumneavoastr\u0103.<\/p>\n<p data-v-md-line=\"60\">Notificare privind conformitatea \u0219i siguran\u021ba: V\u0103 rug\u0103m s\u0103 verifica\u021bi reglement\u0103rile locale \u00eenainte de a cump\u0103ra. Dac\u0103 este necesar, v\u0103 rug\u0103m s\u0103 utiliza\u021bi lichid pentru \u021bigar\u0103 electronic\u0103 care respect\u0103 standardele TPD. V\u0103 rug\u0103m s\u0103 manipula\u021bi bateria \u00een mod corespunz\u0103tor. Plata este procesat\u0103 printr-o poart\u0103 de acces securizat\u0103, asigur\u00e2ndu-v\u0103 lini\u0219tea sufleteasc\u0103. Dac\u0103 ave\u021bi \u00eentreb\u0103ri, pute\u021bi returna sau schimba produsele conform politicii noastre standard.<\/p>","protected":false},"excerpt":{"rendered":"<p>&nbsp;<\/p>","protected":false},"featured_media":14701,"comment_status":"open","ping_status":"closed","template":"","meta":[],"product_brand":[214],"product_cat":[124,185,189,176,174,175,191,179,173,186,180,190,141],"product_tag":[],"class_list":{"0":"post-14671","1":"product","2":"type-product","3":"status-publish","4":"has-post-thumbnail","6":"product_brand-vapen","7":"product_cat-vape-by-brand","8":"product_cat-10000-puffs-high-capacity","9":"product_cat-20mg-standard-nicotine-vapes","10":"product_cat-beverage","11":"product_cat-fruit-flavors","12":"product_cat-icy-mint","13":"product_cat-rechargeable-disposables","14":"product_cat-unique-blends","15":"product_cat-vape-by-flavor-profile","16":"product_cat-vape-by-nicotine-strength","17":"product_cat-vape-by-puff-count","18":"product_cat-vape-by-feature-or-type","19":"product_cat-vapen","21":"first","22":"instock","23":"shipping-taxable","24":"purchasable","25":"product-type-variable","26":"has-default-attributes"},"tiered_pricing_type":"percentage","tiered_pricing_fixed_rules":[],"tiered_pricing_product_settings":{"layout":"default","base_unit_name":{"singular":null,"plural":null},"default_variation":null},"tiered_pricing_minimum_quantity":10,"tiered_pricing_roles_data":[],"tiered_pricing_percentage_rules":{"50":"35","100":"40","200":"44","500":"47","1000":"49"},"tiered_pricing_maximum_quantity":null,"tiered_pricing_quantity_step":"10","_links":{"self":[{"href":"https:\/\/agoravape.com\/ro\/wp-json\/wp\/v2\/product\/14671","targetHints":{"allow":["GET"]}}],"collection":[{"href":"https:\/\/agoravape.com\/ro\/wp-json\/wp\/v2\/product"}],"about":[{"href":"https:\/\/agoravape.com\/ro\/wp-json\/wp\/v2\/types\/product"}],"replies":[{"embeddable":true,"href":"https:\/\/agoravape.com\/ro\/wp-json\/wp\/v2\/comments?post=14671"}],"version-history":[{"count":0,"href":"https:\/\/agoravape.com\/ro\/wp-json\/wp\/v2\/product\/14671\/revisions"}],"wp:featuredmedia":[{"embeddable":true,"href":"https:\/\/agoravape.com\/ro\/wp-json\/wp\/v2\/media\/14701"}],"wp:attachment":[{"href":"https:\/\/agoravape.com\/ro\/wp-json\/wp\/v2\/media?parent=14671"}],"wp:term":[{"taxonomy":"product_brand","embeddable":true,"href":"https:\/\/agoravape.com\/ro\/wp-json\/wp\/v2\/product_brand?post=14671"},{"taxonomy":"product_cat","embeddable":true,"href":"https:\/\/agoravape.com\/ro\/wp-json\/wp\/v2\/product_cat?post=14671"},{"taxonomy":"product_tag","embeddable":true,"href":"https:\/\/agoravape.com\/ro\/wp-json\/wp\/v2\/product_tag?post=14671"}],"curies":[{"name":"wp","href":"https:\/\/api.w.org\/{rel}","templated":true}]}}