{"id":14773,"date":"2025-10-14T10:58:54","date_gmt":"2025-10-14T02:58:54","guid":{"rendered":"https:\/\/green-grasshopper-921422.hostingersite.com\/?post_type=product&#038;p=14773"},"modified":"2026-02-22T15:14:36","modified_gmt":"2026-02-22T14:14:36","slug":"vasy-boring-tiger-25k-puffs-3-mode-vape","status":"publish","type":"product","link":"https:\/\/agoravape.com\/ro\/product\/vasy-boring-tiger-25k-puffs-3-mode-vape\/","title":{"rendered":"Boring Tiger 25K Puffs 3-Mode Disposable Vape | Long-Running, Adjustable Flavour"},"content":{"rendered":"<h2 data-v-md-heading=\"what-are-the-advantages-of-a-disposable-vape-with-three-modes-in-the-born-tiger-25k\" data-v-md-line=\"3\"><img loading=\"lazy\" decoding=\"async\" class=\"aligncenter size-full wp-image-14810\" src=\"https:\/\/agoravape.com\/wp-content\/uploads\/2025\/10\/Boring-Tiger-25K-Puffs-3-Mode-Disposable-Vape_Agora_vape-18-scaled.webp\" alt=\"\" width=\"2560\" height=\"1440\" srcset=\"https:\/\/agoravape.com\/wp-content\/uploads\/2025\/10\/Boring-Tiger-25K-Puffs-3-Mode-Disposable-Vape_Agora_vape-18-scaled.webp 2560w, https:\/\/agoravape.com\/wp-content\/uploads\/2025\/10\/Boring-Tiger-25K-Puffs-3-Mode-Disposable-Vape_Agora_vape-18-scaled-1200x675.webp 1200w, https:\/\/agoravape.com\/wp-content\/uploads\/2025\/10\/Boring-Tiger-25K-Puffs-3-Mode-Disposable-Vape_Agora_vape-18-300x169.webp 300w, https:\/\/agoravape.com\/wp-content\/uploads\/2025\/10\/Boring-Tiger-25K-Puffs-3-Mode-Disposable-Vape_Agora_vape-18-1024x576.webp 1024w, https:\/\/agoravape.com\/wp-content\/uploads\/2025\/10\/Boring-Tiger-25K-Puffs-3-Mode-Disposable-Vape_Agora_vape-18-768x432.webp 768w, https:\/\/agoravape.com\/wp-content\/uploads\/2025\/10\/Boring-Tiger-25K-Puffs-3-Mode-Disposable-Vape_Agora_vape-18-1536x864.webp 1536w, https:\/\/agoravape.com\/wp-content\/uploads\/2025\/10\/Boring-Tiger-25K-Puffs-3-Mode-Disposable-Vape_Agora_vape-18-2048x1152.webp 2048w\" sizes=\"auto, (max-width: 2560px) 100vw, 2560px\" \/><\/h2>\n<h2 data-v-md-heading=\"what-are-the-advantages-of-a-disposable-vape-with-three-modes-in-the-born-tiger-25k\" data-v-md-line=\"3\">What are the advantages of a disposable vape with three modes in the Born Tiger 25K?<\/h2>\n<p data-v-md-line=\"4\">If you\u2019re tired of changing your vape every few days, this product will definitely meet your needs. The Boring Tiger 25K is designed for long-term use, with simple operation, stable taste, and not easy to lose its flavor.<\/p>\n<p data-v-md-line=\"6\">It is suitable for anyone who wants a simple, reliable, and easy to control disposable vape. You can choose from three modes based on your mood: \u201cgentle\u201d, \u201cnormal\u201d, and \u201cstrong\u201d. Easy to use during the day, if you want something explosive at night, you can increase the volume.<\/p>\n<h2 data-v-md-heading=\"excellent-performance-easy-and-convenient\" data-v-md-line=\"8\">Performan\u021b\u0103 excelent\u0103, u\u0219or \u0219i convenabil<\/h2>\n<p data-v-md-line=\"9\">Mesh coil design, easily handle everything. It guides oil quickly, ensuring that every bite has a pure taste, making your last bite as smooth as your first. When the battery is low, you can use Type-C for charging. Same cable as your phone. No need to worry. Three modes allow you to easily choose between light or strong suction without much consideration.<\/p>\n<h2 data-v-md-heading=\"specification-introduction\" data-v-md-line=\"11\">Introducere \u00een specifica\u021bii<\/h2>\n<ul data-v-md-line=\"12\">\n<li>Suction frequency: up to 25000 times<\/li>\n<li>Nicotine: 50mg nicotine salt<\/li>\n<li>Principiu de func\u021bionare: Activat prin inhalare<\/li>\n<li>\u00cenc\u0103rcare: Port USB standard de tip C<\/li>\n<li>Stare: Gata de utilizare imediat ce este scoas\u0103 din cutie<\/li>\n<\/ul>\n<h2 data-v-md-heading=\"full-range-of-flavors\" data-v-md-line=\"18\">Gam\u0103 complet\u0103 de arome<\/h2>\n<ul data-v-md-line=\"19\">\n<li>Green apple watermelon flavor<\/li>\n<li>Raspberry pomegranate flavor<\/li>\n<li>Strawberry and Mango Flavor<\/li>\n<li>Peach berry flavor<\/li>\n<li>Blueberry smoothie flavor<\/li>\n<li>Watermelon smoothie flavor<\/li>\n<li>Blueberry and marshmallow flavor<\/li>\n<li>Strawberry cheesecake flavor<\/li>\n<li>Arom\u0103 de gum\u0103 de ursule\u021b de plu\u0219<\/li>\n<li>Miami Mint Flavor<\/li>\n<li>Mango smoothie flavor<\/li>\n<li>Strawberry and raspberry flavor<\/li>\n<li>Grape smoothie flavor<\/li>\n<li>Alaska smoothie flavor<\/li>\n<li>Strawberry smoothie flavor<\/li>\n<li>Cool mint flavor<\/li>\n<li>Mint mint smoothie flavor<\/li>\n<\/ul>\n<h2 data-v-md-heading=\"tailored-for-you-and-your-business\" data-v-md-line=\"37\">Adaptat pentru tine \u0219i afacerea ta<\/h2>\n<p data-v-md-line=\"38\">You can purchase one for yourself or stock up for your store. Wholesale packaging: 5 pieces per display box and 200 pieces per outer box. Easy to put on shelves and transport.<\/p>\n<p data-v-md-line=\"40\">We provide DDP delivery services within Europe through trusted partners such as UPS, DPD, and DHL, so tariffs can be processed in advance and there will be no unexpected customs issues. Briefly explain the relevant regulations. High volume disposable vapes and 50mg nicotine salt are restricted in many EU countries\/regions. Please check the local TPD requirements before purchasing or reselling.<\/p>\n<h2 data-v-md-heading=\"why-do-you-like-it\" data-v-md-line=\"42\">De ce \u00ee\u021bi place?<\/h2>\n<ul data-v-md-line=\"43\">\n<li>Large suction capacity: up to 25000 mouthfuls, meaning fewer mid week replacements<\/li>\n<li>Three modes to meet your daily needs: gentle, normal, or strong, providing a lighter or stronger experience<\/li>\n<li>Rechargeable Type-C interface: Use all the e-liquids you purchase<\/li>\n<li>Mesh coil consistency: smooth and stable taste from start to finish<\/li>\n<li>Easy to use: can be inhaled and charged when needed<\/li>\n<\/ul>\n<h2 data-v-md-heading=\"why-choose-agoravape\" data-v-md-line=\"49\">De ce s\u0103 alegi AgoraVape?<\/h2>\n<p data-v-md-line=\"50\">Cump\u0103r\u0103m doar produse 100% originale pentru a v\u0103 asigura c\u0103 pute\u021bi cump\u0103ra \u00eentotdeauna bunuri originale la un pre\u021b rezonabil. Clien\u021bii companii se pot bucura de pre\u021buri en-gros corecte, comunicare clar\u0103 \u0219i servicii de distribu\u021bie DDP rapide \u0219i fiabile atunci c\u00e2nd achizi\u021bioneaz\u0103 \u021bigara electronic\u0103 de unic\u0103 folosin\u021b\u0103 Boring Tiger 25K Puffs cu trei moduri. Dori\u021bi s\u0103 lista\u021bi un produs de vape care a fost v\u00e2ndut pentru o lung\u0103 perioad\u0103 de timp \u0219i are o rat\u0103 ridicat\u0103 de returnare de c\u0103tre clien\u021bi? V\u0103 rug\u0103m s\u0103 ne contacta\u021bi \u0219i vom aranja rapid acest lucru pentru dvs.<\/p>","protected":false},"excerpt":{"rendered":"<p>&nbsp;<\/p>\n<p><script src=\"chrome-extension:\/\/fpelahbljekknahkcaegamhcndkfpfnc\/iFrame.js\" type=\"text\/javascript\"><\/script><\/p>\n<p><script src=\"chrome-extension:\/\/fpelahbljekknahkcaegamhcndkfpfnc\/iFrame.js\" type=\"text\/javascript\"><\/script><\/p>\n<p><script src=\"chrome-extension:\/\/fpelahbljekknahkcaegamhcndkfpfnc\/iFrame.js\" type=\"text\/javascript\"><\/script><\/p>\n<p><script src=\"chrome-extension:\/\/fpelahbljekknahkcaegamhcndkfpfnc\/iFrame.js\" type=\"text\/javascript\"><\/script><\/p>\n<p><script src=\"chrome-extension:\/\/fpelahbljekknahkcaegamhcndkfpfnc\/iFrame.js\" type=\"text\/javascript\"><\/script><\/p>\n<p><script src=\"chrome-extension:\/\/fpelahbljekknahkcaegamhcndkfpfnc\/iFrame.js\" type=\"text\/javascript\"><\/script><\/p>\n<p><script src=\"chrome-extension:\/\/fpelahbljekknahkcaegamhcndkfpfnc\/iFrame.js\" type=\"text\/javascript\"><\/script><\/p>","protected":false},"featured_media":14809,"comment_status":"open","ping_status":"closed","template":"","meta":[],"product_brand":[215],"product_cat":[124,185,177,174,175,193,191,173,186,180,190,192,142],"product_tag":[],"class_list":{"0":"post-14773","1":"product","2":"type-product","3":"status-publish","4":"has-post-thumbnail","6":"product_brand-vasy","7":"product_cat-vape-by-brand","8":"product_cat-10000-puffs-high-capacity","9":"product_cat-dessert-sweets","10":"product_cat-fruit-flavors","11":"product_cat-icy-mint","12":"product_cat-mesh-coil","13":"product_cat-rechargeable-disposables","14":"product_cat-vape-by-flavor-profile","15":"product_cat-vape-by-nicotine-strength","16":"product_cat-vape-by-puff-count","17":"product_cat-vape-by-feature-or-type","18":"product_cat-vapes-with-screens","19":"product_cat-vasy","21":"first","22":"onbackorder","23":"shipping-taxable","24":"purchasable","25":"product-type-variable","26":"has-default-attributes"},"tiered_pricing_type":"percentage","tiered_pricing_fixed_rules":[],"tiered_pricing_product_settings":{"layout":"default","base_unit_name":{"singular":null,"plural":null},"default_variation":null},"tiered_pricing_minimum_quantity":10,"tiered_pricing_roles_data":[],"tiered_pricing_percentage_rules":{"30":"29","50":"35","100":"40","200":"44","500":"47","1000":"49"},"tiered_pricing_maximum_quantity":null,"tiered_pricing_quantity_step":"10","_links":{"self":[{"href":"https:\/\/agoravape.com\/ro\/wp-json\/wp\/v2\/product\/14773","targetHints":{"allow":["GET"]}}],"collection":[{"href":"https:\/\/agoravape.com\/ro\/wp-json\/wp\/v2\/product"}],"about":[{"href":"https:\/\/agoravape.com\/ro\/wp-json\/wp\/v2\/types\/product"}],"replies":[{"embeddable":true,"href":"https:\/\/agoravape.com\/ro\/wp-json\/wp\/v2\/comments?post=14773"}],"version-history":[{"count":0,"href":"https:\/\/agoravape.com\/ro\/wp-json\/wp\/v2\/product\/14773\/revisions"}],"wp:featuredmedia":[{"embeddable":true,"href":"https:\/\/agoravape.com\/ro\/wp-json\/wp\/v2\/media\/14809"}],"wp:attachment":[{"href":"https:\/\/agoravape.com\/ro\/wp-json\/wp\/v2\/media?parent=14773"}],"wp:term":[{"taxonomy":"product_brand","embeddable":true,"href":"https:\/\/agoravape.com\/ro\/wp-json\/wp\/v2\/product_brand?post=14773"},{"taxonomy":"product_cat","embeddable":true,"href":"https:\/\/agoravape.com\/ro\/wp-json\/wp\/v2\/product_cat?post=14773"},{"taxonomy":"product_tag","embeddable":true,"href":"https:\/\/agoravape.com\/ro\/wp-json\/wp\/v2\/product_tag?post=14773"}],"curies":[{"name":"wp","href":"https:\/\/api.w.org\/{rel}","templated":true}]}}