{"id":14945,"date":"2025-10-14T13:15:51","date_gmt":"2025-10-14T05:15:51","guid":{"rendered":"https:\/\/green-grasshopper-921422.hostingersite.com\/?post_type=product&#038;p=14945"},"modified":"2026-03-27T06:21:39","modified_gmt":"2026-03-27T05:21:39","slug":"arymi-hookalit-40k-puffs-shisha-vape","status":"publish","type":"product","link":"https:\/\/agoravape.com\/ro\/product\/arymi-hookalit-40k-puffs-shisha-vape\/","title":{"rendered":"Arymi Hookalit 40K Puffs Shisha Hookah Vape | Long\u2011Lasting Shisha Flavour, Easy Type\u2011C Charging"},"content":{"rendered":"<h2 data-v-md-heading=\"what-about-the-arymi-hookalit-40k-drool-vape\" data-v-md-line=\"3\">What about the Arymi Hookalit 40K drool vape?<\/h2>\n<p data-v-md-line=\"4\">If you are tired of disposable vapes and feel that they are worth it every time you use them, then this vape will make your life easier. Arymi Hookalit has a capacity of up to 40000 puffs, delivering a rich hookah flavor that remains smooth from the first sip to the last.<\/p>\n<p data-v-md-line=\"6\">It is suitable for anyone who wants a large capacity but doesn\u2019t want trouble. You don\u2019t need to adjust settings or bring additional accessories, just enjoy it directly. You may think that high mouthcount devices will gradually lose their taste, but LIT mesh coils can maintain stability and deliciousness.<\/p>\n<h2 data-v-md-heading=\"excellent-performance-and-easy-operation\" data-v-md-line=\"8\">Performan\u021b\u0103 excelent\u0103 \u0219i utilizare u\u0219oar\u0103<\/h2>\n<p data-v-md-line=\"9\">Built in 0.6 \u03a9 LIT mesh atomizing core, evenly heated, every bite is as delicious as a first puff. No burnt edges, light taste. When the battery is low, it can be charged using a Type-C data cable. The data cable may be the same as the phone charging cable. Simple and convenient.<\/p>\n<h2 data-v-md-heading=\"specification-overview\" data-v-md-line=\"11\">Prezentare general\u0103 a specifica\u021biilor<\/h2>\n<ul data-v-md-line=\"12\">\n<li>Frecven\u021ba de aspirare: p\u00e2n\u0103 la 40000 de ori<\/li>\n<li>E-liquid capacity: 40 milliliters<\/li>\n<li>Nicotine content: 0.35% (optional)<\/li>\n<li>Principiu de func\u021bionare: Activat prin inhalare<\/li>\n<li>Atomization core: 0.6 \u03a9 LIT mesh atomization core<\/li>\n<li>Battery: 1300 mAh<\/li>\n<li>Metod\u0103 de \u00eenc\u0103rcare: Interfa\u021b\u0103 USB standard de tip C<\/li>\n<li>Size: 43.4 \u00d7 191.7 millimeters<\/li>\n<li>Stare: Gata de utilizare imediat ce este scoas\u0103 din cutie<\/li>\n<li>Packaging: 1 unit per small box | 100 units per box | Gross weight of approximately 21 kilograms per box<\/li>\n<\/ul>\n<h2 data-v-md-heading=\"full-range-of-flavors\" data-v-md-line=\"24\">Gam\u0103 complet\u0103 de arome<\/h2>\n<ul data-v-md-line=\"25\">\n<li>Watermelon, strawberry, and sweet melon flavor<\/li>\n<li>Arom\u0103 de piersic\u0103 \u0219i pepene verde<\/li>\n<li>Strawberry Strange Fruit Flavor<\/li>\n<li>Blueberry flavor<\/li>\n<li>Arom\u0103 de fructe de p\u0103dure mixte<\/li>\n<li>Passion fruit flavor<\/li>\n<li>Double apple flavor<\/li>\n<li>Brown ale flavor<\/li>\n<li>Cherry mint flavor<\/li>\n<li>Cool mint flavor<\/li>\n<li>Double apple hookah flavor<\/li>\n<li>Arom\u0103 de smoothie de piersici<\/li>\n<li>Arom\u0103 de ap\u0103 cu afine \u0219i l\u0103m\u00e2ie<\/li>\n<li>Cherry raspberry flavor<\/li>\n<li>66 Flavors of Love<\/li>\n<li>Arom\u0103 Lady Killer<\/li>\n<li>Lucid dream odor<\/li>\n<li>Magical Love Flavor<\/li>\n<li>Bubble gum flavor<\/li>\n<li>Lemon mint flavor<\/li>\n<\/ul>\n<h2 data-v-md-heading=\"for-you-for-your-business\" data-v-md-line=\"46\">Pentru tine, pentru afacerea ta<\/h2>\n<p data-v-md-line=\"47\">Do you want to purchase for yourself? Just add a few favorite products to your shopping basket and enjoy them for a long time. Want to stock up for your store? We provide packaging for 100 units per box, with each device individually packaged for easy and orderly display and inventory.<\/p>\n<p data-v-md-line=\"49\">We work with trusted partners such as UPS, DPD, and DHL to provide DDP delivery services across Europe, so tariffs can be processed in advance and customs will not encounter any unexpected situations. Fast, traceable, and secure packaging.<\/p>\n<h2 data-v-md-heading=\"why-do-you-like-it\" data-v-md-line=\"51\">De ce \u00ee\u021bi place?<\/h2>\n<ul data-v-md-line=\"52\">\n<li>Large capacity: up to 40000 ports, meaning fewer repeat orders and interruptions.<\/li>\n<li>Nicotine content optional: If you want a lighter taste, you can choose 0.35% nicotine.<\/li>\n<li>Re\u00eenc\u0103rcabil\u0103: \u00cenc\u0103rcarea de tip C v\u0103 ajut\u0103 s\u0103 consuma\u021bi fiecare pic\u0103tur\u0103 de lichid electronic.<\/li>\n<li>Mesh coil: Every use can bring a smooth and consistent taste.<\/li>\n<\/ul>\n<h2 data-v-md-heading=\"why-collaborate-with-agoravape\" data-v-md-line=\"57\">De ce s\u0103 colaborezi cu AgoraVape?<\/h2>\n<p data-v-md-line=\"58\">Oferim doar produse 100% originale de la m\u0103rcile noastre de \u00eencredere. <a class=\"wpil_keyword_link\" href=\"https:\/\/agoravape.com\/ro\/marca\/arymi\/\" target=\"_blank\" rel=\"noopener\" title=\"ARYMI\" data-wpil-keyword-link=\"linked\" data-wpil-monitor-id=\"7179\">Arymi<\/a> Hookalit 40, V\u0103 pute\u021bi bucura de pre\u021buri en-gros reduse, asisten\u021b\u0103 tehnic\u0103 cu r\u0103spuns rapid \u0219i servicii de livrare fiabile \u00een Uniunea European\u0103 pentru ap\u0103 \u0219i vape-uri din 000. V\u0103 invit\u0103m s\u0103 discuta\u021bi cu noi despre comenzi \u00een vrac \u0219i s\u0103 v\u0103 stabili\u021bi linia de produse returnate pentru clien\u021bi.<\/p>","protected":false},"excerpt":{"rendered":"<p>&nbsp;<\/p>","protected":false},"featured_media":14987,"comment_status":"open","ping_status":"closed","template":"","meta":[],"product_brand":[216],"product_cat":[124,185,143,176,174,175,193,191,179,173,186,180,190],"product_tag":[],"class_list":{"0":"post-14945","1":"product","2":"type-product","3":"status-publish","4":"has-post-thumbnail","6":"product_brand-arymi","7":"product_cat-vape-by-brand","8":"product_cat-10000-puffs-high-capacity","9":"product_cat-arymi","10":"product_cat-beverage","11":"product_cat-fruit-flavors","12":"product_cat-icy-mint","13":"product_cat-mesh-coil","14":"product_cat-rechargeable-disposables","15":"product_cat-unique-blends","16":"product_cat-vape-by-flavor-profile","17":"product_cat-vape-by-nicotine-strength","18":"product_cat-vape-by-puff-count","19":"product_cat-vape-by-feature-or-type","21":"first","22":"instock","23":"shipping-taxable","24":"purchasable","25":"product-type-variable","26":"has-default-attributes"},"tiered_pricing_type":"percentage","tiered_pricing_fixed_rules":[],"tiered_pricing_product_settings":{"layout":"default","base_unit_name":{"singular":null,"plural":null},"default_variation":null},"tiered_pricing_minimum_quantity":10,"tiered_pricing_roles_data":[],"tiered_pricing_percentage_rules":{"100":"40","200":"44","500":"47","1000":"49"},"tiered_pricing_maximum_quantity":null,"tiered_pricing_quantity_step":"10","_links":{"self":[{"href":"https:\/\/agoravape.com\/ro\/wp-json\/wp\/v2\/product\/14945","targetHints":{"allow":["GET"]}}],"collection":[{"href":"https:\/\/agoravape.com\/ro\/wp-json\/wp\/v2\/product"}],"about":[{"href":"https:\/\/agoravape.com\/ro\/wp-json\/wp\/v2\/types\/product"}],"replies":[{"embeddable":true,"href":"https:\/\/agoravape.com\/ro\/wp-json\/wp\/v2\/comments?post=14945"}],"version-history":[{"count":2,"href":"https:\/\/agoravape.com\/ro\/wp-json\/wp\/v2\/product\/14945\/revisions"}],"predecessor-version":[{"id":29836,"href":"https:\/\/agoravape.com\/ro\/wp-json\/wp\/v2\/product\/14945\/revisions\/29836"}],"wp:featuredmedia":[{"embeddable":true,"href":"https:\/\/agoravape.com\/ro\/wp-json\/wp\/v2\/media\/14987"}],"wp:attachment":[{"href":"https:\/\/agoravape.com\/ro\/wp-json\/wp\/v2\/media?parent=14945"}],"wp:term":[{"taxonomy":"product_brand","embeddable":true,"href":"https:\/\/agoravape.com\/ro\/wp-json\/wp\/v2\/product_brand?post=14945"},{"taxonomy":"product_cat","embeddable":true,"href":"https:\/\/agoravape.com\/ro\/wp-json\/wp\/v2\/product_cat?post=14945"},{"taxonomy":"product_tag","embeddable":true,"href":"https:\/\/agoravape.com\/ro\/wp-json\/wp\/v2\/product_tag?post=14945"}],"curies":[{"name":"wp","href":"https:\/\/api.w.org\/{rel}","templated":true}]}}