{"id":15012,"date":"2025-10-14T13:34:47","date_gmt":"2025-10-14T05:34:47","guid":{"rendered":"https:\/\/green-grasshopper-921422.hostingersite.com\/?post_type=product&#038;p=15012"},"modified":"2026-01-19T22:05:28","modified_gmt":"2026-01-19T14:05:28","slug":"grativape-boom-9000-puffs-vape","status":"publish","type":"product","link":"https:\/\/agoravape.com\/ro\/product\/grativape-boom-9000-puffs-vape\/","title":{"rendered":"Grativape Boom 9000 Puffs Disposable Vape | Long\u2011lasting flavour made easy"},"content":{"rendered":"<h2 data-v-md-heading=\"what-are-the-special-features-of-grativape-boom-9000-disposable-vapes\" data-v-md-line=\"3\"><img loading=\"lazy\" decoding=\"async\" class=\"aligncenter size-full wp-image-15042\" src=\"https:\/\/agoravape.com\/wp-content\/uploads\/2025\/10\/Grativape-Boom-9000-Puffs-Disposable-Vape_Agora_vape-11.webp\" alt=\"\" width=\"1920\" height=\"800\" srcset=\"https:\/\/agoravape.com\/wp-content\/uploads\/2025\/10\/Grativape-Boom-9000-Puffs-Disposable-Vape_Agora_vape-11.webp 1920w, https:\/\/agoravape.com\/wp-content\/uploads\/2025\/10\/Grativape-Boom-9000-Puffs-Disposable-Vape_Agora_vape-11-1200x500.webp 1200w, https:\/\/agoravape.com\/wp-content\/uploads\/2025\/10\/Grativape-Boom-9000-Puffs-Disposable-Vape_Agora_vape-11-300x125.webp 300w, https:\/\/agoravape.com\/wp-content\/uploads\/2025\/10\/Grativape-Boom-9000-Puffs-Disposable-Vape_Agora_vape-11-1024x427.webp 1024w, https:\/\/agoravape.com\/wp-content\/uploads\/2025\/10\/Grativape-Boom-9000-Puffs-Disposable-Vape_Agora_vape-11-768x320.webp 768w, https:\/\/agoravape.com\/wp-content\/uploads\/2025\/10\/Grativape-Boom-9000-Puffs-Disposable-Vape_Agora_vape-11-1536x640.webp 1536w\" sizes=\"auto, (max-width: 1920px) 100vw, 1920px\" \/><\/h2>\n<h2 data-v-md-heading=\"what-are-the-special-features-of-grativape-boom-9000-disposable-vapes\" data-v-md-line=\"3\">Care sunt caracteristicile speciale ale vaporizatoarelor de unic\u0103 folosin\u021b\u0103 Grativape Boom 9000?<\/h2>\n<p data-v-md-line=\"4\">Dac\u0103 v-a\u021bi s\u0103turat de vapoarele de unic\u0103 folosin\u021b\u0103 care consum\u0103 prea mult combustibil, acest produs v\u0103 poate satisface nevoile. Grativape Boom are o durat\u0103 de via\u021b\u0103 ultra lung\u0103 a bateriei de p\u00e2n\u0103 la 9000 de pufuri \u0219i este echipat cu o baterie re\u00eenc\u0103rcabil\u0103 de tip C, astfel \u00eenc\u00e2t ve\u021bi utiliza efectiv tot e-lichidul pe care \u00eel cump\u0103ra\u021bi. Nu este nevoie de meniuri complicate, u\u0219or \u0219i convenabil.<\/p>\n<p data-v-md-line=\"6\">Dac\u0103 dori\u021bi doar o vape fiabil\u0103, delicioas\u0103 \u0219i portabil\u0103, atunci acest produs este alegerea ideal\u0103. Func\u021bionarea este simpl\u0103, gustul este pe m\u0103sur\u0103 \u0219i nu v\u0103 va face s\u0103 v\u0103 sim\u021bi\u021bi excesiv.<\/p>\n<h2 data-v-md-heading=\"excellent-performance-easy-and-convenient\" data-v-md-line=\"8\">Performan\u021b\u0103 excelent\u0103, u\u0219or \u0219i convenabil<\/h2>\n<p data-v-md-line=\"9\">Boom a fost reglat cu aten\u021bie pentru a oferi un gust curat \u0219i consistent de la \u00eenceput p\u00e2n\u0103 la sf\u00e2r\u0219it. Fiecare mu\u0219c\u0103tur\u0103 se simte fin\u0103 \u0219i echilibrat\u0103. C\u00e2nd bateria este desc\u0103rcat\u0103, pur \u0219i simplu folosi\u021bi cablul de date Type-C utilizat \u00een mod obi\u0219nuit pe telefon pentru a v\u0103 conecta. Este simplu.<\/p>\n<h2 data-v-md-heading=\"specification-overview\" data-v-md-line=\"11\">Prezentare general\u0103 a specifica\u021biilor<\/h2>\n<p data-v-md-line=\"12\"><strong>Frecven\u021ba de aspira\u021bie<\/strong>: de p\u00e2n\u0103 la 9000 de ori<br \/>\n<strong>Con\u021binutul de nicotin\u0103<\/strong>: 0%, 2%, 3%, 5%<br \/>\n<strong>Principiul de func\u021bionare<\/strong>: Simply inhale to activate<br \/>\n<strong>\u00cenc\u0103rcare<\/strong>Interfa\u021b\u0103 USB de tip C<br \/>\n<strong>Stare<\/strong>Gata de utilizare dup\u0103 despachetare<br \/>\n<strong>capacitate e-lichid<\/strong>: 14 mililitri<br \/>\n<strong>Battery<\/strong>: Baterie re\u00eenc\u0103rcabil\u0103 600mAh<\/p>\n<h2 data-v-md-heading=\"multiple-flavor-options\" data-v-md-line=\"20\">Op\u021biuni multiple de arome<\/h2>\n<ul data-v-md-line=\"21\">\n<li>Banan\u0103 gum\u0103<\/li>\n<li>Ghea\u021b\u0103 de struguri<\/li>\n<li>Mere duble<\/li>\n<li>C\u0103p\u0219uni \u0219i Mango<\/li>\n<li>Virginia Tutun<\/li>\n<li>L\u0103m\u00e2ie roz<\/li>\n<li>Patinoar albastru<\/li>\n<li>Juicy cherry<\/li>\n<li>Mint<\/li>\n<li>Ghea\u021b\u0103 de pepene verde<\/li>\n<\/ul>\n<h2 data-v-md-heading=\"for-you-for-your-business\" data-v-md-line=\"32\">Pentru tine, pentru afacerea ta<\/h2>\n<p data-v-md-line=\"33\">Pute\u021bi alege Grativape Boom 9000 puffs pentru uz personal sau ad\u0103uga\u021bi-l la magazinul dvs. Oferim ambalaje de cutie en-gros \u0219i combina\u021bii de arome pentru a v\u0103 satisface nevoile de raft. V\u0103 invit\u0103m s\u0103 \u00eentreba\u021bi despre cele mai recente dimensiuni \u0219i pre\u021buri ale cutiilor.<\/p>\n<p data-v-md-line=\"35\">Oferim servicii de livrare DDP \u00een Europa prin UPS, DPD \u0219i DHL. Acest lucru \u00eenseamn\u0103 c\u0103 tarifele vor fi procesate \u00een avans, iar comanda dvs. nu va \u00eent\u00e2mpina situa\u021bii nea\u0219teptate la vam\u0103. V\u0103 pute\u021bi bucura de servicii de urm\u0103rire \u0219i de termene de livrare fiabile.<\/p>\n<p data-v-md-line=\"37\">Prezentare general\u0103 a reglement\u0103rilor. \u00cen conformitate cu reglement\u0103rile TPD, este posibil ca op\u021biunile Boom cu capacitate de 14 mililitri \u0219i con\u021binut mai ridicat de nicotin\u0103 s\u0103 nu fie permise la v\u00e2nzare pe toate pie\u021bele UE. Oferim o op\u021biune cu con\u021binut de nicotin\u0103 0%. V\u0103 rug\u0103m s\u0103 consulta\u021bi reglement\u0103rile locale sau s\u0103 ne contacta\u021bi pentru op\u021biunile de conformitate care sunt potrivite pentru \u021bara\/regiunea dumneavoastr\u0103.<\/p>\n<h2 data-v-md-heading=\"why-do-you-like-it\" data-v-md-line=\"39\">De ce \u00ee\u021bi place?<\/h2>\n<p data-v-md-line=\"40\"><strong>Massive suction<\/strong>: The suction time is longer, so you don\u2019t need to buy new ones frequently.<br \/>\n<strong>Nicotine selection<\/strong>: Alege\u021bi concentra\u021bia de nicotin\u0103 care este potrivit\u0103 pentru metoda dvs. de fumat.<br \/>\n<strong>Rechargeable<\/strong>: Pute\u021bi utiliza fiecare pic\u0103tur\u0103 de e-lichid.<br \/>\n<strong>Gust consistent<\/strong>: De la prima mu\u0219c\u0103tur\u0103 la ultima mu\u0219c\u0103tur\u0103, aduce o experien\u021b\u0103 pl\u0103cut\u0103.<br \/>\n<strong>Interfa\u021ba Type-C convenabil\u0103<\/strong>: Un cablu de date v\u0103 poate conecta telefonul \u0219i vape.<\/p>\n<h2 data-v-md-heading=\"why-collaborate-with-agoravape\" data-v-md-line=\"46\">De ce s\u0103 colaborezi cu AgoraVape?<\/h2>\n<p data-v-md-line=\"47\">Vindem numai produse originale 100%, f\u0103r\u0103 articole contraf\u0103cute. Pentru cump\u0103r\u0103torii comerciali, v\u0103 pute\u021bi bucura de pre\u021buri en-gros reduse, suport de \u00eencredere \u0219i servicii rapide de livrare DDP \u00een \u00eentreaga Europ\u0103. Oferim metode de plat\u0103 sigure \u0219i o verificare strict\u0103 a v\u00e2rstei, permi\u021b\u00e2ndu-v\u0103 s\u0103 face\u021bi achizi\u021bii cu lini\u0219te sufleteasc\u0103. Ave\u021bi nevoie de asisten\u021b\u0103 pentru returnarea sau \u00eenlocuirea produselor defecte? Echipa noastr\u0103 va rezolva rapid pentru dvs.<\/p>\n<p data-v-md-line=\"49\">Dori\u021bi s\u0103 cump\u0103ra\u021bi Grativape Boom 9000 vapes de unic\u0103 folosin\u021b\u0103? V\u0103 rug\u0103m s\u0103 ne contacta\u021bi \u0219i vom crea o arom\u0103 care v\u0103 va face clien\u021bii s\u0103 revin\u0103 cu o rat\u0103 exploziv\u0103.<\/p>","protected":false},"excerpt":{"rendered":"<p>&nbsp;<\/p>\n<p><script src=\"chrome-extension:\/\/fpelahbljekknahkcaegamhcndkfpfnc\/iFrame.js\" type=\"text\/javascript\"><\/script><\/p>\n<p><script src=\"chrome-extension:\/\/fpelahbljekknahkcaegamhcndkfpfnc\/iFrame.js\" type=\"text\/javascript\"><\/script><\/p>\n<p><script src=\"chrome-extension:\/\/fpelahbljekknahkcaegamhcndkfpfnc\/iFrame.js\" type=\"text\/javascript\"><\/script><\/p>\n<p><script src=\"chrome-extension:\/\/fpelahbljekknahkcaegamhcndkfpfnc\/iFrame.js\" type=\"text\/javascript\"><\/script><\/p>\n<p><script src=\"chrome-extension:\/\/fpelahbljekknahkcaegamhcndkfpfnc\/iFrame.js\" type=\"text\/javascript\"><\/script><\/p>\n<p><script src=\"chrome-extension:\/\/fpelahbljekknahkcaegamhcndkfpfnc\/iFrame.js\" type=\"text\/javascript\"><\/script><\/p>\n<p><script src=\"chrome-extension:\/\/fpelahbljekknahkcaegamhcndkfpfnc\/iFrame.js\" type=\"text\/javascript\"><\/script><\/p>","protected":false},"featured_media":15041,"comment_status":"open","ping_status":"closed","template":"","meta":[],"product_brand":[217],"product_cat":[124,187,185,189,176,174,144,175,191,178,173,186,180,190],"product_tag":[],"class_list":{"0":"post-15012","1":"product","2":"type-product","3":"status-publish","4":"has-post-thumbnail","6":"product_brand-grativape","7":"product_cat-vape-by-brand","8":"product_cat-0mg-nicotine-free-vapes","9":"product_cat-10000-puffs-high-capacity","10":"product_cat-20mg-standard-nicotine-vapes","11":"product_cat-beverage","12":"product_cat-fruit-flavors","13":"product_cat-grativape","14":"product_cat-icy-mint","15":"product_cat-rechargeable-disposables","16":"product_cat-tobacco","17":"product_cat-vape-by-flavor-profile","18":"product_cat-vape-by-nicotine-strength","19":"product_cat-vape-by-puff-count","20":"product_cat-vape-by-feature-or-type","22":"first","23":"onbackorder","24":"shipping-taxable","25":"purchasable","26":"product-type-variable","27":"has-default-attributes"},"tiered_pricing_type":"percentage","tiered_pricing_fixed_rules":[],"tiered_pricing_product_settings":{"layout":"default","base_unit_name":{"singular":null,"plural":null},"default_variation":null},"tiered_pricing_minimum_quantity":10,"tiered_pricing_roles_data":[],"tiered_pricing_percentage_rules":{"200":"44","500":"47","1000":"49"},"tiered_pricing_maximum_quantity":null,"tiered_pricing_quantity_step":"10","_links":{"self":[{"href":"https:\/\/agoravape.com\/ro\/wp-json\/wp\/v2\/product\/15012","targetHints":{"allow":["GET"]}}],"collection":[{"href":"https:\/\/agoravape.com\/ro\/wp-json\/wp\/v2\/product"}],"about":[{"href":"https:\/\/agoravape.com\/ro\/wp-json\/wp\/v2\/types\/product"}],"replies":[{"embeddable":true,"href":"https:\/\/agoravape.com\/ro\/wp-json\/wp\/v2\/comments?post=15012"}],"version-history":[{"count":0,"href":"https:\/\/agoravape.com\/ro\/wp-json\/wp\/v2\/product\/15012\/revisions"}],"wp:featuredmedia":[{"embeddable":true,"href":"https:\/\/agoravape.com\/ro\/wp-json\/wp\/v2\/media\/15041"}],"wp:attachment":[{"href":"https:\/\/agoravape.com\/ro\/wp-json\/wp\/v2\/media?parent=15012"}],"wp:term":[{"taxonomy":"product_brand","embeddable":true,"href":"https:\/\/agoravape.com\/ro\/wp-json\/wp\/v2\/product_brand?post=15012"},{"taxonomy":"product_cat","embeddable":true,"href":"https:\/\/agoravape.com\/ro\/wp-json\/wp\/v2\/product_cat?post=15012"},{"taxonomy":"product_tag","embeddable":true,"href":"https:\/\/agoravape.com\/ro\/wp-json\/wp\/v2\/product_tag?post=15012"}],"curies":[{"name":"wp","href":"https:\/\/api.w.org\/{rel}","templated":true}]}}