{"id":15081,"date":"2025-10-14T13:59:18","date_gmt":"2025-10-14T05:59:18","guid":{"rendered":"https:\/\/green-grasshopper-921422.hostingersite.com\/?post_type=product&#038;p=15081"},"modified":"2026-01-19T22:05:16","modified_gmt":"2026-01-19T14:05:16","slug":"grativape-gbot-10000-puffs-box-vape","status":"publish","type":"product","link":"https:\/\/agoravape.com\/ro\/product\/grativape-gbot-10000-puffs-box-vape\/","title":{"rendered":"Grativape Gbot 10000 Puffs Compact Box Vape | Num\u0103r mare de pufuri \u00eentr-o form\u0103 potrivit\u0103 pentru buzunar"},"content":{"rendered":"<h2 data-v-md-heading=\"what-exactly-is-the-grativape-gbot-10000-pack-compact-vape\" data-v-md-line=\"3\">Ce este mai exact \u021bigara electronic\u0103 compact\u0103 Grativape Gbot 10000 pack?<\/h2>\n<p data-v-md-line=\"4\">Dac\u0103 te-ai s\u0103turat s\u0103 schimbi lichidele de unic\u0103 folosin\u021b\u0103 la fiecare c\u00e2teva zile, merit\u0103 s\u0103 arunci o privire la Gbot. Este un vaporizator compact, \u00eentr-o cutie, cu o capacitate de p\u00e2n\u0103 la 10.000 de pufuri, permi\u021b\u00e2ndu-\u021bi s\u0103 ob\u021bii o durat\u0103 de via\u021b\u0103 adecvat\u0103 a bateriei f\u0103r\u0103 a transporta dispozitive voluminoase.<\/p>\n<p data-v-md-line=\"6\">Este potrivit pentru oricine \u00ee\u0219i dore\u0219te o \u021bigar\u0103 electronic\u0103 simpl\u0103, u\u0219or de utilizat, delicioas\u0103 \u0219i gata de utilizare. Nu este nevoie de butoane, nu este necesar efort, trebuie doar s\u0103 deschide\u021bi cutia \u0219i s\u0103 o utiliza\u021bi.<\/p>\n<h2 data-v-md-heading=\"excellent-performance-easy-and-convenient\" data-v-md-line=\"8\">Performan\u021b\u0103 excelent\u0103, u\u0219or \u0219i convenabil<\/h2>\n<p data-v-md-line=\"9\">Gbot a fost atent reglat pentru a men\u021bine un gust consistent. Designul compact are o senza\u021bie solid\u0103, dar poate \u00eenc\u0103pea cu u\u0219urin\u021b\u0103 \u00eentr-un buzunar. Baterie \u00eencorporat\u0103 de 650 mAh, permi\u021b\u00e2ndu-v\u0103 s\u0103 men\u021bine\u021bi suficient\u0103 putere pe tot parcursul zilei. Dac\u0103 dori\u021bi un produs simplu \u0219i u\u0219or de utilizat, care s\u0103 ofere \u00een acela\u0219i timp o experien\u021b\u0103 de aspirare curat\u0103 \u0219i satisf\u0103c\u0103toare, atunci acest produs este cea mai bun\u0103 alegere.<\/p>\n<h2 data-v-md-heading=\"specification-introduction\" data-v-md-line=\"11\">Introducere \u00een specifica\u021bii<\/h2>\n<ul data-v-md-line=\"12\">\n<li>Suction frequency: up to 10000 times<\/li>\n<li>Nicotine content: 5%<\/li>\n<li>Principiu de func\u021bionare: Activat prin inhalare<\/li>\n<li>\u00cenc\u0103rcare: Baterie \u00eencorporat\u0103 de 650 mAh (tipul de interfa\u021b\u0103 nu este specificat)<\/li>\n<li>Capacitate lichid electronic: 14 mililitri<\/li>\n<li>Dimensiune: 50 \u00d7 84 \u00d7 25 milimetri<\/li>\n<li>Stare: Gata de utilizare dup\u0103 despachetare<\/li>\n<\/ul>\n<h2 data-v-md-heading=\"full-range-of-flavors\" data-v-md-line=\"20\">Gam\u0103 complet\u0103 de arome<\/h2>\n<ul data-v-md-line=\"21\">\n<li>Blueberry smoothie<\/li>\n<li>Nisip albastru de ghea\u021b\u0103<\/li>\n<li>Smoothie de struguri<\/li>\n<li>Mint smoothie<\/li>\n<li>Smoothie cu c\u0103p\u0219uni \u0219i kiwi<\/li>\n<li>Smoothie de pepene verde cu zmeur\u0103 \u0219i pepene verde<\/li>\n<li>Ap\u0103 cu l\u0103m\u00e2ie roz \u0219i cire\u0219e<\/li>\n<li>C\u0103p\u0219uni parfumate \u0219i Nuci de cocos, Nisip \u00eenghe\u021bat<\/li>\n<li>Smoothie cu gum\u0103 de mestecat cu c\u0103p\u0219uni \u0219i pepene verde<\/li>\n<li>Smoothie cu pepene verde<\/li>\n<\/ul>\n<h2 data-v-md-heading=\"to-create-for-you-and-your-business\" data-v-md-line=\"32\">Pentru a crea pentru tine \u0219i afacerea ta<\/h2>\n<p data-v-md-line=\"33\">Dac\u0103 vrei s\u0103 \u00eencerci, po\u021bi cump\u0103ra unul sau po\u021bi face provizii pentru magazinul t\u0103u. Cutia de carton en-gros con\u021bine 200 de buc\u0103\u021bi, ceea ce \u00ee\u021bi permite s\u0103-\u021bi planifici spa\u021biul de pe raft cu u\u0219urin\u021b\u0103. Fiecare cutie c\u00e2nt\u0103re\u0219te aproximativ 19 kilograme, iar logistica poate fi prev\u0103zut\u0103.<\/p>\n<p data-v-md-line=\"35\">Colabor\u0103m cu parteneri de \u00eencredere precum UPS, DPD \u0219i DHL pentru a expedia folosind serviciul de livrare cu taxe vamale pl\u0103tite (DDP). Aceasta \u00eenseamn\u0103 c\u0103 nu trebuie s\u0103 pl\u0103ti\u021bi taxe vamale \u0219i nu ve\u021bi \u00eent\u00e2mpina accidente la vam\u0103.<\/p>\n<p data-v-md-line=\"37\">Aten\u021bie: \u00cenainte de a plasa o comand\u0103, v\u0103 rug\u0103m s\u0103 consulta\u021bi reglement\u0103rile privind concentra\u021bia de nicotin\u0103 din \u021bara\/regiunea dumneavoastr\u0103.<\/p>\n<h2 data-v-md-heading=\"why-do-you-like-it\" data-v-md-line=\"39\">De ce \u00ee\u021bi place?<\/h2>\n<ul data-v-md-line=\"40\">\n<li>Capacitate mare de aspirare: p\u00e2n\u0103 la 10000 de aspira\u021bii, ceea ce \u00eenseamn\u0103 mai pu\u021bini timpi de \u00eenlocuire \u0219i o rentabilitate mai mare.<\/li>\n<li>Selec\u021bie cu concentra\u021bie mare de nicotin\u0103: concentra\u021bia de 5% satisface clien\u021bii care prefer\u0103 arome mai puternice.<\/li>\n<li>Aspect portabil: Design compact al cutiei, u\u0219or de asortat cu jacheta sau blugi.<\/li>\n<li>Gata de utilizare: Nu este nevoie s\u0103 ap\u0103sa\u021bi butoane sau s\u0103 ajusta\u021bi set\u0103rile.<\/li>\n<\/ul>\n<h2 data-v-md-heading=\"why-choose-to-collaborate-with-agoravape\" data-v-md-line=\"45\">De ce s\u0103 alegi s\u0103 colaborezi cu AgoraVape?<\/h2>\n<p data-v-md-line=\"46\">Oferim doar produse 100% originale, sus\u021binute de servicii fiabile. Cump\u0103r\u0103torii comerciali se pot bucura de pre\u021buri reduse en-gros, asisten\u021b\u0103 fiabil\u0103 \u0219i servicii rapide de livrare DDP pentru \u021big\u0103rile electronice compacte Grativape Gbot 10000. Dori\u021bi un produs u\u0219or de v\u00e2ndut \u0219i apreciat de public? V\u0103 rug\u0103m s\u0103 ne contacta\u021bi, vom fi bucuro\u0219i s\u0103 v\u0103 servim.<\/p>","protected":false},"excerpt":{"rendered":"<p>&nbsp;<\/p>\n<p><script src=\"chrome-extension:\/\/fpelahbljekknahkcaegamhcndkfpfnc\/iFrame.js\" type=\"text\/javascript\"><\/script><\/p>\n<p><script src=\"chrome-extension:\/\/fpelahbljekknahkcaegamhcndkfpfnc\/iFrame.js\" type=\"text\/javascript\"><\/script><\/p>\n<p><script src=\"chrome-extension:\/\/fpelahbljekknahkcaegamhcndkfpfnc\/iFrame.js\" type=\"text\/javascript\"><\/script><\/p>\n<p><script src=\"chrome-extension:\/\/fpelahbljekknahkcaegamhcndkfpfnc\/iFrame.js\" type=\"text\/javascript\"><\/script><\/p>\n<p><script src=\"chrome-extension:\/\/fpelahbljekknahkcaegamhcndkfpfnc\/iFrame.js\" type=\"text\/javascript\"><\/script><\/p>\n<p><script src=\"chrome-extension:\/\/fpelahbljekknahkcaegamhcndkfpfnc\/iFrame.js\" type=\"text\/javascript\"><\/script><\/p>\n<p><script src=\"chrome-extension:\/\/fpelahbljekknahkcaegamhcndkfpfnc\/iFrame.js\" type=\"text\/javascript\"><\/script><\/p>","protected":false},"featured_media":15101,"comment_status":"open","ping_status":"closed","template":"","meta":[],"product_brand":[217],"product_cat":[124,185,174,144,175,191,173,186,180,190],"product_tag":[],"class_list":{"0":"post-15081","1":"product","2":"type-product","3":"status-publish","4":"has-post-thumbnail","6":"product_brand-grativape","7":"product_cat-vape-by-brand","8":"product_cat-10000-puffs-high-capacity","9":"product_cat-fruit-flavors","10":"product_cat-grativape","11":"product_cat-icy-mint","12":"product_cat-rechargeable-disposables","13":"product_cat-vape-by-flavor-profile","14":"product_cat-vape-by-nicotine-strength","15":"product_cat-vape-by-puff-count","16":"product_cat-vape-by-feature-or-type","18":"first","19":"onbackorder","20":"shipping-taxable","21":"purchasable","22":"product-type-variable","23":"has-default-attributes"},"tiered_pricing_type":"percentage","tiered_pricing_fixed_rules":[],"tiered_pricing_product_settings":{"layout":"default","base_unit_name":{"singular":null,"plural":null},"default_variation":null},"tiered_pricing_minimum_quantity":10,"tiered_pricing_roles_data":[],"tiered_pricing_percentage_rules":{"200":"44","500":"47","1000":"49"},"tiered_pricing_maximum_quantity":null,"tiered_pricing_quantity_step":"10","_links":{"self":[{"href":"https:\/\/agoravape.com\/ro\/wp-json\/wp\/v2\/product\/15081","targetHints":{"allow":["GET"]}}],"collection":[{"href":"https:\/\/agoravape.com\/ro\/wp-json\/wp\/v2\/product"}],"about":[{"href":"https:\/\/agoravape.com\/ro\/wp-json\/wp\/v2\/types\/product"}],"replies":[{"embeddable":true,"href":"https:\/\/agoravape.com\/ro\/wp-json\/wp\/v2\/comments?post=15081"}],"version-history":[{"count":0,"href":"https:\/\/agoravape.com\/ro\/wp-json\/wp\/v2\/product\/15081\/revisions"}],"wp:featuredmedia":[{"embeddable":true,"href":"https:\/\/agoravape.com\/ro\/wp-json\/wp\/v2\/media\/15101"}],"wp:attachment":[{"href":"https:\/\/agoravape.com\/ro\/wp-json\/wp\/v2\/media?parent=15081"}],"wp:term":[{"taxonomy":"product_brand","embeddable":true,"href":"https:\/\/agoravape.com\/ro\/wp-json\/wp\/v2\/product_brand?post=15081"},{"taxonomy":"product_cat","embeddable":true,"href":"https:\/\/agoravape.com\/ro\/wp-json\/wp\/v2\/product_cat?post=15081"},{"taxonomy":"product_tag","embeddable":true,"href":"https:\/\/agoravape.com\/ro\/wp-json\/wp\/v2\/product_tag?post=15081"}],"curies":[{"name":"wp","href":"https:\/\/api.w.org\/{rel}","templated":true}]}}