{"id":15154,"date":"2025-10-16T08:21:03","date_gmt":"2025-10-16T00:21:03","guid":{"rendered":"https:\/\/green-grasshopper-921422.hostingersite.com\/?post_type=product&#038;p=15154"},"modified":"2026-01-19T22:04:38","modified_gmt":"2026-01-19T14:04:38","slug":"scoala-veche-12k-puffs-piele-vape","status":"publish","type":"product","link":"https:\/\/agoravape.com\/ro\/product\/old-school-12k-puffs-leather-vape\/","title":{"rendered":"Vape din piele Old School 12K Puffs cu afi\u0219aj dublu | Pufuri de lung\u0103 durat\u0103 \u0219i afi\u0219aje clare"},"content":{"rendered":"<h2 data-v-md-heading=\"what-is-special-about-the-old-school-12k-dual-screen-genuine-leather-vape\" data-v-md-line=\"3\">Ce este special la \u021bigara electronic\u0103 din piele natural\u0103 cu ecran dublu Old School 12K?<\/h2>\n<p data-v-md-line=\"4\">Dac\u0103 te-ai s\u0103turat de \u021big\u0103rile electronice de unic\u0103 folosin\u021b\u0103 care se termin\u0103 de fiecare dat\u0103 c\u00e2nd ai nevoie de ele, poate vrei s\u0103 arunci o privire la acest produs. Old School 12K este fabricat din piele de \u00eenalt\u0103 calitate \u0219i este echipat cu un afi\u0219aj dublu, ceea ce face ca nivelurile bateriei \u0219i ale e-lichidului s\u0103 fie clare dintr-o privire. Nu trebuie s\u0103 ghice\u0219ti, nu exist\u0103 surprize.<\/p>\n<p data-v-md-line=\"6\">Pentru cei care \u00ee\u0219i doresc o utilizare zilnic\u0103 fiabil\u0103, f\u0103r\u0103 \u00eenlocuirea frecvent\u0103 a e-lichidului, acest produs este alegerea ideal\u0103. Reumplerea de 18 ml \u0219i bateria re\u00eenc\u0103rcabil\u0103 de 480 mAh pot oferi p\u00e2n\u0103 la 12000 de trageri de ulei, permi\u021b\u00e2ndu-v\u0103 s\u0103 consuma\u021bi complet e-lichidul achizi\u021bionat.<\/p>\n<h2 data-v-md-heading=\"excellent-performance-without-any-problems\" data-v-md-line=\"8\">Performan\u021b\u0103 excelent\u0103 f\u0103r\u0103 probleme<\/h2>\n<p data-v-md-line=\"9\">Componenta principal\u0103 a acestui dispozitiv este o spiral\u0103 tip plas\u0103, astfel \u00eenc\u00e2t fiecare aspira\u021bie este la fel de delicioas\u0103 ca prima. Gustul r\u0103m\u00e2ne consistent. C\u00e2nd bateria este desc\u0103rcat\u0103, o pute\u021bi \u00eenc\u0103rca prin intermediul unui cablu Type-C, deci probabil utiliza\u021bi acela\u0219i cablu de date ca telefonul. Ecranul dual v\u0103 permite s\u0103 urm\u0103ri\u021bi nivelurile bateriei \u0219i ale e-lichidului \u00een orice moment, astfel \u00eenc\u00e2t s\u0103 fi\u021bi gata s\u0103 le utiliza\u021bi oric\u00e2nd.<\/p>\n<h2 data-v-md-heading=\"specification-overview\" data-v-md-line=\"11\">Prezentare general\u0103 a specifica\u021biilor<\/h2>\n<ul data-v-md-line=\"12\">\n<li>Frecven\u021ba de aspirare: p\u00e2n\u0103 la 12000 de ori<\/li>\n<li>Nicotin\u0103: concentra\u021bie 0%, 2%, 3%, 5%<\/li>\n<li>Principiu de func\u021bionare: Activat prin inhalare<\/li>\n<li>\u00cenc\u0103rcare: Port USB standard de tip C<\/li>\n<li>Stare: Gata de utilizare dup\u0103 despachetare<\/li>\n<\/ul>\n<h2 data-v-md-heading=\"multiple-flavor-options\" data-v-md-line=\"18\">Op\u021biuni multiple de arome<\/h2>\n<ul data-v-md-line=\"19\">\n<li>Smoothie de piersici<\/li>\n<li>Smoothie cu pepene verde<\/li>\n<li>Smoothie de piersici \u0219i mango<\/li>\n<li>Smoothie de struguri<\/li>\n<li>Smoothie gumos ursule\u021b<\/li>\n<li>Smoothie r\u0103coritor de ment\u0103<\/li>\n<li>Smoothie cu c\u0103p\u0219uni \u0219i kiwi<\/li>\n<li>Smoothie cu c\u0103p\u0219uni \u0219i banane<\/li>\n<li>Smoothie cu afine \u0219i l\u0103m\u00e2ie<\/li>\n<li>Nisip de ghea\u021b\u0103 Litchi<\/li>\n<\/ul>\n<h2 data-v-md-heading=\"for-you-and-for-your-business-as-well\" data-v-md-line=\"30\">Pentru tine, dar \u0219i pentru afacerea ta<\/h2>\n<p data-v-md-line=\"31\">Pute\u021bi achizi\u021biona Old School 12K pentru uz personal sau pentru magazinul dvs. Fiecare cutie en-gros con\u021bine 10 buc\u0103\u021bi, ceea ce v\u0103 faciliteaz\u0103 organizarea inventarului. Cutia standard poate g\u0103zdui 200 de buc\u0103\u021bi, cu o greutate brut\u0103 de 20 de kilograme \u0219i o dimensiune a cutiei de carton de 520 \u00d7 276 \u00d7 222 milimetri.<\/p>\n<p data-v-md-line=\"33\">Colabor\u0103m cu parteneri de \u00eencredere precum UPS, DPD \u0219i DHL pentru a oferi servicii de livrare DDP \u00een toat\u0103 Europa, asigur\u00e2ndu-v\u0103 c\u0103 primi\u021bi costuri clare la destina\u021bie \u0219i evit\u00e2nd accidentele vamale. Livrarea rapid\u0103 \u0219i urm\u0103rirea fiabil\u0103 simplific\u0103 totul.<\/p>\n<h2 data-v-md-heading=\"why-do-you-like-it\" data-v-md-line=\"35\">De ce \u00ee\u021bi place?<\/h2>\n<ul data-v-md-line=\"36\">\n<li>Fumat masiv: Durabil \u0219i de lung\u0103 durat\u0103, nu este nevoie s\u0103 cump\u0103ra\u021bi frecvent \u021big\u0103ri noi.<\/li>\n<li>Selec\u021bia nicotinei: Pute\u021bi alege concentra\u021bia care vi se potrive\u0219te.<\/li>\n<li>Re\u00eenc\u0103rcabil: \u00eenseamn\u0103 c\u0103 po\u021bi folosi toate lichidele electronice achizi\u021bionate.<\/li>\n<li>Spir\u0103 de plas\u0103: Poate aduce un gust consistent \u0219i bogat de fiecare dat\u0103.<\/li>\n<\/ul>\n<h2 data-v-md-heading=\"why-choose-agoravape\" data-v-md-line=\"41\">De ce s\u0103 alegi AgoraVape?<\/h2>\n<p data-v-md-line=\"42\">Vindem doar produse 100% originale \u0219i suntem responsabili pentru produsele pe care le expediem. Pentru cump\u0103r\u0103torii corporativi, aceasta \u00eenseamn\u0103 c\u0103 \u021big\u0103rile electronice Old School 12K Puffs cu ecran dublu din piele au pre\u021buri reduse en-gros, asisten\u021b\u0103 fiabil\u0103 \u0219i livrare rapid\u0103 DDP. V\u0103 rug\u0103m s\u0103 ne contacta\u021bi pentru a v\u0103 aproviziona cu un dispozitiv care merit\u0103 returnat pentru clien\u021bii dvs.<\/p>\n<p><script src=\"chrome-extension:\/\/fpelahbljekknahkcaegamhcndkfpfnc\/iFrame.js\" type=\"text\/javascript\"><\/script><\/p>","protected":false},"excerpt":{"rendered":"<p>&nbsp;<\/p>\n<p><script src=\"chrome-extension:\/\/fpelahbljekknahkcaegamhcndkfpfnc\/iFrame.js\" type=\"text\/javascript\"><\/script><\/p>\n<p><script src=\"chrome-extension:\/\/fpelahbljekknahkcaegamhcndkfpfnc\/iFrame.js\" type=\"text\/javascript\"><\/script><\/p>\n<p><script src=\"chrome-extension:\/\/fpelahbljekknahkcaegamhcndkfpfnc\/iFrame.js\" type=\"text\/javascript\"><\/script><\/p>\n<p><script src=\"chrome-extension:\/\/fpelahbljekknahkcaegamhcndkfpfnc\/iFrame.js\" type=\"text\/javascript\"><\/script><\/p>\n<p><script src=\"chrome-extension:\/\/fpelahbljekknahkcaegamhcndkfpfnc\/iFrame.js\" type=\"text\/javascript\"><\/script><\/p>\n<p><script src=\"chrome-extension:\/\/fpelahbljekknahkcaegamhcndkfpfnc\/iFrame.js\" type=\"text\/javascript\"><\/script><\/p>\n<p><script src=\"chrome-extension:\/\/fpelahbljekknahkcaegamhcndkfpfnc\/iFrame.js\" type=\"text\/javascript\"><\/script><\/p>\n<p><script src=\"chrome-extension:\/\/fpelahbljekknahkcaegamhcndkfpfnc\/iFrame.js\" type=\"text\/javascript\"><\/script><\/p>","protected":false},"featured_media":15168,"comment_status":"open","ping_status":"closed","template":"","meta":[],"product_brand":[219],"product_cat":[124,187,185,1634,189,174,175,193,146,191,178,173,186,180,190,192],"product_tag":[],"class_list":{"0":"post-15154","1":"product","2":"type-product","3":"status-publish","4":"has-post-thumbnail","6":"product_brand-old-school","7":"product_cat-vape-by-brand","8":"product_cat-0mg-nicotine-free-vapes","9":"product_cat-10000-puffs-high-capacity","10":"product_cat-12000-puffs","11":"product_cat-20mg-standard-nicotine-vapes","12":"product_cat-fruit-flavors","13":"product_cat-icy-mint","14":"product_cat-mesh-coil","15":"product_cat-old-school","16":"product_cat-rechargeable-disposables","17":"product_cat-tobacco","18":"product_cat-vape-by-flavor-profile","19":"product_cat-vape-by-nicotine-strength","20":"product_cat-vape-by-puff-count","21":"product_cat-vape-by-feature-or-type","22":"product_cat-vapes-with-screens","24":"first","25":"onbackorder","26":"shipping-taxable","27":"purchasable","28":"product-type-variable","29":"has-default-attributes"},"tiered_pricing_type":"percentage","tiered_pricing_fixed_rules":[],"tiered_pricing_product_settings":{"layout":"default","base_unit_name":{"singular":null,"plural":null},"default_variation":null},"tiered_pricing_minimum_quantity":10,"tiered_pricing_roles_data":[],"tiered_pricing_percentage_rules":{"30":"29","50":"35","100":"40","200":"44","500":"47","1000":"49"},"tiered_pricing_maximum_quantity":null,"tiered_pricing_quantity_step":"10","_links":{"self":[{"href":"https:\/\/agoravape.com\/ro\/wp-json\/wp\/v2\/product\/15154","targetHints":{"allow":["GET"]}}],"collection":[{"href":"https:\/\/agoravape.com\/ro\/wp-json\/wp\/v2\/product"}],"about":[{"href":"https:\/\/agoravape.com\/ro\/wp-json\/wp\/v2\/types\/product"}],"replies":[{"embeddable":true,"href":"https:\/\/agoravape.com\/ro\/wp-json\/wp\/v2\/comments?post=15154"}],"version-history":[{"count":0,"href":"https:\/\/agoravape.com\/ro\/wp-json\/wp\/v2\/product\/15154\/revisions"}],"wp:featuredmedia":[{"embeddable":true,"href":"https:\/\/agoravape.com\/ro\/wp-json\/wp\/v2\/media\/15168"}],"wp:attachment":[{"href":"https:\/\/agoravape.com\/ro\/wp-json\/wp\/v2\/media?parent=15154"}],"wp:term":[{"taxonomy":"product_brand","embeddable":true,"href":"https:\/\/agoravape.com\/ro\/wp-json\/wp\/v2\/product_brand?post=15154"},{"taxonomy":"product_cat","embeddable":true,"href":"https:\/\/agoravape.com\/ro\/wp-json\/wp\/v2\/product_cat?post=15154"},{"taxonomy":"product_tag","embeddable":true,"href":"https:\/\/agoravape.com\/ro\/wp-json\/wp\/v2\/product_tag?post=15154"}],"curies":[{"name":"wp","href":"https:\/\/api.w.org\/{rel}","templated":true}]}}