{"id":15244,"date":"2025-10-16T10:37:06","date_gmt":"2025-10-16T02:37:06","guid":{"rendered":"https:\/\/green-grasshopper-921422.hostingersite.com\/?post_type=product&#038;p=15244"},"modified":"2026-03-31T04:20:54","modified_gmt":"2026-03-31T02:20:54","slug":"breze-stiik-bs8500-8500-puffs-vape","status":"publish","type":"product","link":"https:\/\/agoravape.com\/ro\/product\/breze-stiik-bs8500-8500-puffs-vape\/","title":{"rendered":"Breze Stick BS8500 8500 Puffs Vape re\u00eenc\u0103rcabil\u0103 | Pufuri mari. Re\u00eenc\u0103rcare simpl\u0103"},"content":{"rendered":"<h2 data-v-md-heading=\"what-is-special-about-the-breze-stiik-bs8500-8500-rechargeable-vape\" data-v-md-line=\"3\"><img loading=\"lazy\" decoding=\"async\" class=\"aligncenter size-full wp-image-15242\" src=\"https:\/\/agoravape.com\/wp-content\/uploads\/2025\/10\/Breze-Stiik-BS8500-8500-Puffs-Rechargeable-Vape_Agora_vape-1-scaled.webp\" alt=\"\" width=\"2560\" height=\"1901\" srcset=\"https:\/\/agoravape.com\/wp-content\/uploads\/2025\/10\/Breze-Stiik-BS8500-8500-Puffs-Rechargeable-Vape_Agora_vape-1-scaled.webp 2560w, https:\/\/agoravape.com\/wp-content\/uploads\/2025\/10\/Breze-Stiik-BS8500-8500-Puffs-Rechargeable-Vape_Agora_vape-1-scaled-1200x891.webp 1200w, https:\/\/agoravape.com\/wp-content\/uploads\/2025\/10\/Breze-Stiik-BS8500-8500-Puffs-Rechargeable-Vape_Agora_vape-1-300x223.webp 300w, https:\/\/agoravape.com\/wp-content\/uploads\/2025\/10\/Breze-Stiik-BS8500-8500-Puffs-Rechargeable-Vape_Agora_vape-1-1024x760.webp 1024w, https:\/\/agoravape.com\/wp-content\/uploads\/2025\/10\/Breze-Stiik-BS8500-8500-Puffs-Rechargeable-Vape_Agora_vape-1-768x570.webp 768w, https:\/\/agoravape.com\/wp-content\/uploads\/2025\/10\/Breze-Stiik-BS8500-8500-Puffs-Rechargeable-Vape_Agora_vape-1-1536x1140.webp 1536w, https:\/\/agoravape.com\/wp-content\/uploads\/2025\/10\/Breze-Stiik-BS8500-8500-Puffs-Rechargeable-Vape_Agora_vape-1-2048x1521.webp 2048w\" sizes=\"auto, (max-width: 2560px) 100vw, 2560px\" \/><\/h2>\n<h2 data-v-md-heading=\"what-is-special-about-the-breze-stiik-bs8500-8500-rechargeable-vape\" data-v-md-line=\"3\">Ce este special la Breze Stiik BS8500 8500 vape re\u00eenc\u0103rcabil\u0103?<\/h2>\n<p data-v-md-line=\"4\">Dac\u0103 v-a\u021bi s\u0103turat de vapoarele de unic\u0103 folosin\u021b\u0103 care sunt aruncate \u00eenainte ca e-lichidul s\u0103 se epuizeze, a\u021bi putea dori s\u0103 arunca\u021bi o privire la Breze Stiik BS8500. Aceasta este o vape de unic\u0103 folosin\u021b\u0103 re\u00eenc\u0103rcabil\u0103 cu o capacitate de p\u00e2n\u0103 la 8500 de pufuri \u0219i 17 mililitri de e-lichid, oferindu-v\u0103 valoare pentru bani.<\/p>\n<p data-v-md-line=\"6\">Este potrivit pentru orice utilizator de vape care dore\u0219te fiabilitate, deliciozitate \u0219i func\u021bionare f\u0103r\u0103 efort. Carcasa din r\u0103\u0219in\u0103 asem\u0103n\u0103toare cauciucului are o prindere confortabil\u0103 \u0219i nu va aluneca. Duza de aspira\u021bie transparent\u0103 colorat\u0103 este simpl\u0103 \u0219i \u00eengrijit\u0103, iar corpul compact poate intra cu u\u0219urin\u021b\u0103 \u00eentr-un buzunar. A\u021bi putea crede c\u0103 o vape cu o capacitate at\u00e2t de mare ar fi voluminoas\u0103, dar ve\u021bi fi surprin\u0219i de c\u00e2t de u\u0219oar\u0103 \u0219i portabil\u0103 este.<\/p>\n<h2 data-v-md-heading=\"excellent-performance-easy-and-convenient\" data-v-md-line=\"8\">Performan\u021b\u0103 excelent\u0103, u\u0219or \u0219i convenabil<\/h2>\n<p data-v-md-line=\"9\">Miezul BS8500 utilizeaz\u0103 bobine mesh pentru a se asigura c\u0103 fiecare mu\u0219c\u0103tur\u0103 este la fel de delicioas\u0103 ca prima \u00eenghi\u021bitur\u0103. Gustul r\u0103m\u00e2ne constant, f\u0103r\u0103 nicio \u00eentrerupere. C\u00e2nd bateria este desc\u0103rcat\u0103, o pute\u021bi \u00eenc\u0103rca prin interfa\u021ba Type-C, care este aceea\u0219i cu cablul de \u00eenc\u0103rcare utilizat \u00een majoritatea telefoanelor din prezent. Nu este nevoie de \u00eenc\u0103rc\u0103toare speciale, u\u0219or \u0219i convenabil.<\/p>\n<h2 data-v-md-heading=\"specification-introduction\" data-v-md-line=\"11\">Introducere \u00een specifica\u021bii<\/h2>\n<ul data-v-md-line=\"12\">\n<li>Frecven\u021ba de aspirare: p\u00e2n\u0103 la 8500 de ori<\/li>\n<li>Con\u021binut de nicotin\u0103: 2% sau 5%<\/li>\n<li>Capacitate E-Lichid: 17 mililitri<\/li>\n<li>Miez de atomizare: plas\u0103 de 1,2 \u03a9<\/li>\n<li>Baterie: baterie re\u00eenc\u0103rcabil\u0103 de 600 mAh<\/li>\n<li>Principiu de func\u021bionare: Se activeaz\u0103 cu o singur\u0103 pufnire<\/li>\n<li>\u00cenc\u0103rcare: Interfa\u021b\u0103 USB standard de tip C<\/li>\n<li>Stare: Gata de utilizare dup\u0103 despachetare<\/li>\n<\/ul>\n<h2 data-v-md-heading=\"full-range-of-flavors\" data-v-md-line=\"21\">Gam\u0103 complet\u0103 de arome<\/h2>\n<ul data-v-md-line=\"22\">\n<li>Suc de portocale<\/li>\n<li>Afine, zmeur\u0103, l\u0103m\u00e2i<\/li>\n<li>Soda de struguri<\/li>\n<li>Ananas, m\u0103r, par\u0103<\/li>\n<li>Mango, Piersic\u0103, Pepene verde<\/li>\n<li>Ghea\u021b\u0103 de pepene verde<\/li>\n<li>Crem\u0103 de c\u0103p\u0219uni<\/li>\n<li>Rainbow candy<\/li>\n<li>\u00cemi place \u00cemi place<\/li>\n<li>Kiwi \u0219i c\u0103p\u0219uni<\/li>\n<li>Delicioase<\/li>\n<li>Cranberry Lemon Mint<\/li>\n<li>Cola cu cire\u0219e<\/li>\n<li>Parfum Coconut Grove<\/li>\n<li>Mint chewing gum<\/li>\n<li>C\u0103p\u0219uni \u0219i banane<\/li>\n<\/ul>\n<h2 data-v-md-heading=\"for-you-and-your-business\" data-v-md-line=\"39\">Pentru tine \u0219i afacerea ta<\/h2>\n<p data-v-md-line=\"40\">Pute\u021bi achizi\u021biona Breze Stiik aici, adaptat la standardul dvs. BS8500. Dac\u0103 de\u021bine\u021bi un magazin de vape sau un magazin online, pute\u021bi achizi\u021biona pachete de 10 \u00een vrac. Comenzile \u00een vrac sunt expediate \u00een cutii de carton 200 pentru o reaprovizionare u\u0219oar\u0103.<\/p>\n<p data-v-md-line=\"42\">Lucr\u0103m cu parteneri de \u00eencredere precum UPS, DPD \u0219i DHL pentru a oferi servicii de livrare DDP, astfel \u00eenc\u00e2t tarifele pot fi pl\u0103tite \u00een avans pentru a evita accidentele vamale. Vitez\u0103 rapid\u0103 de transport \u0219i livrare rapid\u0103.<\/p>\n<h2 data-v-md-heading=\"why-do-you-like-it\" data-v-md-line=\"44\">De ce \u00ee\u021bi place?<\/h2>\n<ul data-v-md-line=\"45\">\n<li>Capacitate mare de fumat: durabil\u0103 \u0219i de lung\u0103 durat\u0103, nu este nevoie s\u0103 cump\u0103ra\u021bi frecvent \u021big\u0103ri noi.<\/li>\n<li>Selec\u021bia con\u021binutului de nicotin\u0103: Alege\u021bi 2% sau 5% \u00een func\u021bie de preferin\u021be.<\/li>\n<li>Re\u00eenc\u0103rcabil\u0103: Utiliza\u021bi toate e-lichidurile f\u0103r\u0103 a arunca echipamentul pe jum\u0103tate folosit.<\/li>\n<li>Miezul atomizorului Mesh: Gust consistent, neted \u0219i fluid de la \u00eenceput p\u00e2n\u0103 la sf\u00e2r\u0219it.<\/li>\n<li>\u00cenc\u0103rcare convenabil\u0103: Interfa\u021ba Type-C face \u00eenc\u0103rcarea rapid\u0103 \u0219i convenabil\u0103.<\/li>\n<\/ul>\n<h2 data-v-md-heading=\"why-choose-to-collaborate-with-agoravape\" data-v-md-line=\"51\">De ce s\u0103 alegi s\u0103 colaborezi cu AgoraVape?<\/h2>\n<p data-v-md-line=\"52\">Vindem numai produse originale 100% \u0219i garant\u0103m calitatea livr\u0103rilor noastre. Pentru clien\u021bii comerciali, acest lucru \u00eenseamn\u0103 c\u0103 Breze Stiik BS8500 8500 vape re\u00eenc\u0103rcabil\u0103 are pre\u021buri cu ridicata extrem de competitive, suport de \u00eencredere \u0219i logistic\u0103 DDP fiabil\u0103. Contacta\u021bi-ne pentru a preg\u0103ti un dispozitiv la care merit\u0103 s\u0103 v\u0103 \u00eentoarce\u021bi pentru clien\u021bii dvs.<\/p>","protected":false},"excerpt":{"rendered":"<p>&nbsp;<\/p>","protected":false},"featured_media":15266,"comment_status":"open","ping_status":"closed","template":"","meta":[],"product_brand":[220],"product_cat":[124,185,176,147,177,174,175,193,191,173,186,180,190],"product_tag":[],"class_list":{"0":"post-15244","1":"product","2":"type-product","3":"status-publish","4":"has-post-thumbnail","6":"product_brand-breze-stiik","7":"product_cat-vape-by-brand","8":"product_cat-10000-puffs-high-capacity","9":"product_cat-beverage","10":"product_cat-breze-stiik","11":"product_cat-dessert-sweets","12":"product_cat-fruit-flavors","13":"product_cat-icy-mint","14":"product_cat-mesh-coil","15":"product_cat-rechargeable-disposables","16":"product_cat-vape-by-flavor-profile","17":"product_cat-vape-by-nicotine-strength","18":"product_cat-vape-by-puff-count","19":"product_cat-vape-by-feature-or-type","21":"first","22":"onbackorder","23":"shipping-taxable","24":"purchasable","25":"product-type-variable","26":"has-default-attributes"},"tiered_pricing_type":"percentage","tiered_pricing_fixed_rules":[],"tiered_pricing_product_settings":{"layout":"default","base_unit_name":{"singular":null,"plural":null},"default_variation":null},"tiered_pricing_minimum_quantity":10,"tiered_pricing_roles_data":[],"tiered_pricing_percentage_rules":{"30":"29","50":"35","100":"40","200":"44","500":"47","1000":"49"},"tiered_pricing_maximum_quantity":null,"tiered_pricing_quantity_step":"10","_links":{"self":[{"href":"https:\/\/agoravape.com\/ro\/wp-json\/wp\/v2\/product\/15244","targetHints":{"allow":["GET"]}}],"collection":[{"href":"https:\/\/agoravape.com\/ro\/wp-json\/wp\/v2\/product"}],"about":[{"href":"https:\/\/agoravape.com\/ro\/wp-json\/wp\/v2\/types\/product"}],"replies":[{"embeddable":true,"href":"https:\/\/agoravape.com\/ro\/wp-json\/wp\/v2\/comments?post=15244"}],"version-history":[{"count":1,"href":"https:\/\/agoravape.com\/ro\/wp-json\/wp\/v2\/product\/15244\/revisions"}],"predecessor-version":[{"id":29823,"href":"https:\/\/agoravape.com\/ro\/wp-json\/wp\/v2\/product\/15244\/revisions\/29823"}],"wp:featuredmedia":[{"embeddable":true,"href":"https:\/\/agoravape.com\/ro\/wp-json\/wp\/v2\/media\/15266"}],"wp:attachment":[{"href":"https:\/\/agoravape.com\/ro\/wp-json\/wp\/v2\/media?parent=15244"}],"wp:term":[{"taxonomy":"product_brand","embeddable":true,"href":"https:\/\/agoravape.com\/ro\/wp-json\/wp\/v2\/product_brand?post=15244"},{"taxonomy":"product_cat","embeddable":true,"href":"https:\/\/agoravape.com\/ro\/wp-json\/wp\/v2\/product_cat?post=15244"},{"taxonomy":"product_tag","embeddable":true,"href":"https:\/\/agoravape.com\/ro\/wp-json\/wp\/v2\/product_tag?post=15244"}],"curies":[{"name":"wp","href":"https:\/\/api.w.org\/{rel}","templated":true}]}}