{"id":15287,"date":"2025-10-16T10:51:17","date_gmt":"2025-10-16T02:51:17","guid":{"rendered":"https:\/\/green-grasshopper-921422.hostingersite.com\/?post_type=product&#038;p=15287"},"modified":"2026-03-31T04:20:54","modified_gmt":"2026-03-31T02:20:54","slug":"breze-stiik-king-max-10k-dtl-vape","status":"publish","type":"product","link":"https:\/\/agoravape.com\/ro\/product\/breze-stiik-king-max-10k-dtl-vape\/","title":{"rendered":"Breze Stiik King Max 10K Puffs DTL Flux de aer reglabil | Arom\u0103 DTL de lung\u0103 durat\u0103 cu \u00eenc\u0103rcare u\u0219oar\u0103 Type-C"},"content":{"rendered":"<h2 data-v-md-heading=\"what-is-special-about-breze-stiik-king-max-10k-caliber-adjustable-dtl-e-liquid\" data-v-md-line=\"3\"><img loading=\"lazy\" decoding=\"async\" class=\"aligncenter size-full wp-image-15286\" src=\"https:\/\/agoravape.com\/wp-content\/uploads\/2025\/10\/Breze-Stiik-King-Max-10K-Puffs-DTL-Adjustable-Airflow_Agora_vape-3.webp\" alt=\"\" width=\"1000\" height=\"1000\" srcset=\"https:\/\/agoravape.com\/wp-content\/uploads\/2025\/10\/Breze-Stiik-King-Max-10K-Puffs-DTL-Adjustable-Airflow_Agora_vape-3.webp 1000w, https:\/\/agoravape.com\/wp-content\/uploads\/2025\/10\/Breze-Stiik-King-Max-10K-Puffs-DTL-Adjustable-Airflow_Agora_vape-3-600x600.webp 600w, https:\/\/agoravape.com\/wp-content\/uploads\/2025\/10\/Breze-Stiik-King-Max-10K-Puffs-DTL-Adjustable-Airflow_Agora_vape-3-300x300.webp 300w, https:\/\/agoravape.com\/wp-content\/uploads\/2025\/10\/Breze-Stiik-King-Max-10K-Puffs-DTL-Adjustable-Airflow_Agora_vape-3-150x150.webp 150w, https:\/\/agoravape.com\/wp-content\/uploads\/2025\/10\/Breze-Stiik-King-Max-10K-Puffs-DTL-Adjustable-Airflow_Agora_vape-3-768x768.webp 768w\" sizes=\"auto, (max-width: 1000px) 100vw, 1000px\" \/><\/h2>\n<h2 data-v-md-heading=\"what-is-special-about-breze-stiik-king-max-10k-caliber-adjustable-dtl-e-liquid\" data-v-md-line=\"3\">Ce este special la e-lichidul Breze Stiik King Max 10K calibru reglabil DTL?<\/h2>\n<p data-v-md-line=\"4\">Dac\u0103 v-a\u021bi s\u0103turat de e-lichidul de unic\u0103 folosin\u021b\u0103 care se termin\u0103 atunci c\u00e2nd \u00eencepe\u021bi s\u0103 fuma\u021bi, atunci acest produs merit\u0103 o privire. Breze Stiik King Max este conceput special pentru aspirarea pulmonar\u0103 profund\u0103, cu admisie reglabil\u0103 \u0219i rezerve ample de e-lichid. \u00ce\u0219i poate men\u021bine gustul pentru o perioad\u0103 lung\u0103 de timp, f\u0103r\u0103 a fi nevoie de set\u0103ri complicate.<\/p>\n<p data-v-md-line=\"6\">Este potrivit pentru oricine \u00eei place un gust mai transparent, afumat \u0219i neted. Este posibil ca dispozitivul e-lichid DTL de calibru 10K s\u0103 vi se par\u0103 voluminos, dar acest produs poate \u00eenc\u0103pea \u00een buzunarul unei jachete \u0219i v\u0103 poate satisface cu u\u0219urin\u021b\u0103 nevoile zilnice prin \u00eenc\u0103rcarea Type-C.<\/p>\n<h2 data-v-md-heading=\"excellent-performance-no-need-for-complex-operations\" data-v-md-line=\"8\">Excellent performance, no need for complex operations<\/h2>\n<p data-v-md-line=\"9\">Bobina de plas\u0103 poart\u0103 responsabilitatea grea, ceea ce \u00eenseamn\u0103 c\u0103 poate fi \u00eenc\u0103lzit\u0103 uniform de la prima la ultima mu\u0219c\u0103tur\u0103, iar gustul este consistent. Deschide\u021bi admisia pentru a v\u0103 bucura de o experien\u021b\u0103 de aspira\u021bie u\u0219oar\u0103 \u0219i fin\u0103; Dac\u0103 prefera\u021bi o rezisten\u021b\u0103 mai mare, pute\u021bi, de asemenea, s\u0103 reduce\u021bi admisia. C\u00e2nd bateria este desc\u0103rcat\u0103, pur \u0219i simplu utiliza\u021bi cablul de date standard Type-C pentru a o \u00eenc\u0103rca. Acesta este acela\u0219i cablu ca cel pe care \u00eel utiliza\u021bi pe telefon. U\u0219or de utilizat.<\/p>\n<h2 data-v-md-heading=\"specification-introduction\" data-v-md-line=\"11\">Introducere \u00een specifica\u021bii<\/h2>\n<ul data-v-md-line=\"12\">\n<li>Suction frequency: up to 10000 times<\/li>\n<li>Con\u021binut de nicotin\u0103: 0 miligrame sau 1% (10 miligrame\/mililitru)<\/li>\n<li>Principiu de func\u021bionare: Activat prin inhalare<\/li>\n<li>\u00cenc\u0103rcare: Interfa\u021b\u0103 USB standard de tip C<\/li>\n<li>Stare: Gata de utilizare imediat ce este scoas\u0103 din cutie<\/li>\n<li>Capacitate lichid electronic: 20 mililitri<\/li>\n<li>Baterie: baterie re\u00eenc\u0103rcabil\u0103 de 850 mAh<\/li>\n<\/ul>\n<h2 data-v-md-heading=\"full-range-of-flavors\" data-v-md-line=\"20\">Gam\u0103 complet\u0103 de arome<\/h2>\n<ul data-v-md-line=\"21\">\n<li>Ap\u0103 cu l\u0103m\u00e2ie \u0219i afine<\/li>\n<li>Cotton candy<\/li>\n<li>M\u0103r piersic\u0103<\/li>\n<li>Ghea\u021b\u0103 de pepene verde<\/li>\n<li>Ghea\u021b\u0103 de mentol<\/li>\n<li>\u00cenghe\u021bat\u0103 de c\u0103p\u0219uni<\/li>\n<li>Afine \u0219i zmeur\u0103<\/li>\n<li>Piersic\u0103 \u0219i Mango<\/li>\n<li>Soda de struguri<\/li>\n<li>Portocale, mango, pepeni verzi<\/li>\n<li>Gume de ursule\u021b<\/li>\n<li>Kiwi \u0219i c\u0103p\u0219uni<\/li>\n<\/ul>\n<h2 data-v-md-heading=\"for-you-and-for-your-business-as-well\" data-v-md-line=\"34\">Pentru tine, dar \u0219i pentru afacerea ta<\/h2>\n<p data-v-md-line=\"35\">Cumperi pentru tine? Ve\u021bi primi o \u021bigar\u0103 electronic\u0103 DTL durabil\u0103 care este u\u0219or de utilizat \u0219i de \u00eenc\u0103rcat. Nu este nevoie de meniu, nu este nevoie de butoane. Gust neted, admisie de aer reglabil\u0103, liber la alegere.<\/p>\n<p data-v-md-line=\"37\">Stocurile sunt limitate? Oferim cutii en-gros de Breze Stiik King Max, cu 6 buc\u0103\u021bi pe cutie \u0219i 180 de buc\u0103\u021bi pe cutie. Oferim servicii de livrare DDP prin parteneri de \u00eencredere precum UPS DPD \u0219i DHL, astfel \u00eenc\u00e2t tarifele pot fi procesate \u00een avans pentru a evita accidentele vamale. Livrarea fiabil\u0103 \u00eenseamn\u0103 c\u0103 pute\u021bi promite nevoile clien\u021bilor dvs. \u0219i pute\u021bi livra cu adev\u0103rat.<\/p>\n<h2 data-v-md-heading=\"why-do-you-like-it\" data-v-md-line=\"39\">De ce \u00ee\u021bi place?<\/h2>\n<ul data-v-md-line=\"40\">\n<li>Capacitate mare de fumat: p\u00e2n\u0103 la 10000 de pufuri, nu este nevoie s\u0103 cump\u0103ra\u021bi frecvent \u021big\u0103ri noi.<\/li>\n<li>Op\u021biuni de con\u021binut de nicotin\u0103: 0 miligrame sau 1%, pute\u021bi alege cel mai potrivit con\u021binut de nicotin\u0103 pentru dvs.<\/li>\n<li>Re\u00eenc\u0103rcabil\u0103: \u00cenc\u0103rcarea de tip C v\u0103 permite s\u0103 utiliza\u021bi la maximum fiecare pic\u0103tur\u0103 de e-lichid.<\/li>\n<li>Bobin\u0103 Mesh: Gust consistent, delicat \u0219i neted Experien\u021b\u0103 de aspirare DTL.<\/li>\n<li>admisie reglabil\u0103: deschiderea poate genera fum, str\u00e2ngerea poate cre\u0219te rezisten\u021ba.<\/li>\n<\/ul>\n<h2 data-v-md-heading=\"why-choose-to-collaborate-with-agoravape\" data-v-md-line=\"46\">De ce s\u0103 alegi s\u0103 colaborezi cu AgoraVape?<\/h2>\n<p data-v-md-line=\"47\">Vindem numai produse originale 100% \u0219i garant\u0103m calitatea acestora. Clien\u021bii Enterprise care achizi\u021bioneaz\u0103 Breze Stiik King Max 10K Puffs DTL bombe de fum cu admisie reglabil\u0103 se pot bucura de pre\u021buri en-gros reduse, suport profesional \u0219i servicii de livrare rapide \u0219i fiabile. Bine a\u021bi venit s\u0103 ne contacta\u021bi pentru a afla cum s\u0103 crea\u021bi un dispozitiv de client repetat pentru clien\u021bii dvs.<\/p>","protected":false},"excerpt":{"rendered":"<p>&nbsp;<\/p>","protected":false},"featured_media":15306,"comment_status":"open","ping_status":"closed","template":"","meta":[],"product_brand":[220],"product_cat":[124,187,185,188,194,176,147,177,174,175,193,191,173,186,180,190],"product_tag":[],"class_list":{"0":"post-15287","1":"product","2":"type-product","3":"status-publish","4":"has-post-thumbnail","6":"product_brand-breze-stiik","7":"product_cat-vape-by-brand","8":"product_cat-0mg-nicotine-free-vapes","9":"product_cat-10000-puffs-high-capacity","10":"product_cat-10mg-low-nicotine-vapes","11":"product_cat-adjustable-airflow","12":"product_cat-beverage","13":"product_cat-breze-stiik","14":"product_cat-dessert-sweets","15":"product_cat-fruit-flavors","16":"product_cat-icy-mint","17":"product_cat-mesh-coil","18":"product_cat-rechargeable-disposables","19":"product_cat-vape-by-flavor-profile","20":"product_cat-vape-by-nicotine-strength","21":"product_cat-vape-by-puff-count","22":"product_cat-vape-by-feature-or-type","24":"first","25":"onbackorder","26":"shipping-taxable","27":"purchasable","28":"product-type-variable","29":"has-default-attributes"},"tiered_pricing_type":"percentage","tiered_pricing_fixed_rules":[],"tiered_pricing_product_settings":{"layout":"default","base_unit_name":{"singular":null,"plural":null},"default_variation":null},"tiered_pricing_minimum_quantity":10,"tiered_pricing_roles_data":[],"tiered_pricing_percentage_rules":{"30":"29","50":"35","100":"40","200":"44","500":"47","1000":"49"},"tiered_pricing_maximum_quantity":null,"tiered_pricing_quantity_step":"10","_links":{"self":[{"href":"https:\/\/agoravape.com\/ro\/wp-json\/wp\/v2\/product\/15287","targetHints":{"allow":["GET"]}}],"collection":[{"href":"https:\/\/agoravape.com\/ro\/wp-json\/wp\/v2\/product"}],"about":[{"href":"https:\/\/agoravape.com\/ro\/wp-json\/wp\/v2\/types\/product"}],"replies":[{"embeddable":true,"href":"https:\/\/agoravape.com\/ro\/wp-json\/wp\/v2\/comments?post=15287"}],"version-history":[{"count":1,"href":"https:\/\/agoravape.com\/ro\/wp-json\/wp\/v2\/product\/15287\/revisions"}],"predecessor-version":[{"id":29822,"href":"https:\/\/agoravape.com\/ro\/wp-json\/wp\/v2\/product\/15287\/revisions\/29822"}],"wp:featuredmedia":[{"embeddable":true,"href":"https:\/\/agoravape.com\/ro\/wp-json\/wp\/v2\/media\/15306"}],"wp:attachment":[{"href":"https:\/\/agoravape.com\/ro\/wp-json\/wp\/v2\/media?parent=15287"}],"wp:term":[{"taxonomy":"product_brand","embeddable":true,"href":"https:\/\/agoravape.com\/ro\/wp-json\/wp\/v2\/product_brand?post=15287"},{"taxonomy":"product_cat","embeddable":true,"href":"https:\/\/agoravape.com\/ro\/wp-json\/wp\/v2\/product_cat?post=15287"},{"taxonomy":"product_tag","embeddable":true,"href":"https:\/\/agoravape.com\/ro\/wp-json\/wp\/v2\/product_tag?post=15287"}],"curies":[{"name":"wp","href":"https:\/\/api.w.org\/{rel}","templated":true}]}}