{"id":15323,"date":"2025-10-16T11:01:40","date_gmt":"2025-10-16T03:01:40","guid":{"rendered":"https:\/\/green-grasshopper-921422.hostingersite.com\/?post_type=product&#038;p=15323"},"modified":"2026-03-31T04:20:53","modified_gmt":"2026-03-31T02:20:53","slug":"breze-stiik-box-pro-5k-puffs-vape","status":"publish","type":"product","link":"https:\/\/agoravape.com\/ro\/product\/breze-stiik-box-pro-5k-puffs-vape\/","title":{"rendered":"Breze Stiik Box Pro 5K Puffs Adjustable Airflow Vape | Long\u2011Lasting Flavour, Made Easy"},"content":{"rendered":"<h2 data-v-md-heading=\"what-is-special-about-the-breze-stiik-box-pro-5k-adjustable-intake-vape\" data-v-md-line=\"3\"><img loading=\"lazy\" decoding=\"async\" class=\"aligncenter size-full wp-image-15346\" src=\"https:\/\/agoravape.com\/wp-content\/uploads\/2025\/10\/Breze-Stiik-Box-Pro-5K-Puffs-Adjustable-Airflow-Vape_Agora_vape-10.webp\" alt=\"\" width=\"1000\" height=\"1000\" srcset=\"https:\/\/agoravape.com\/wp-content\/uploads\/2025\/10\/Breze-Stiik-Box-Pro-5K-Puffs-Adjustable-Airflow-Vape_Agora_vape-10.webp 1000w, https:\/\/agoravape.com\/wp-content\/uploads\/2025\/10\/Breze-Stiik-Box-Pro-5K-Puffs-Adjustable-Airflow-Vape_Agora_vape-10-600x600.webp 600w, https:\/\/agoravape.com\/wp-content\/uploads\/2025\/10\/Breze-Stiik-Box-Pro-5K-Puffs-Adjustable-Airflow-Vape_Agora_vape-10-300x300.webp 300w, https:\/\/agoravape.com\/wp-content\/uploads\/2025\/10\/Breze-Stiik-Box-Pro-5K-Puffs-Adjustable-Airflow-Vape_Agora_vape-10-150x150.webp 150w, https:\/\/agoravape.com\/wp-content\/uploads\/2025\/10\/Breze-Stiik-Box-Pro-5K-Puffs-Adjustable-Airflow-Vape_Agora_vape-10-768x768.webp 768w\" sizes=\"auto, (max-width: 1000px) 100vw, 1000px\" \/><\/h2>\n<h2 data-v-md-heading=\"what-is-special-about-the-breze-stiik-box-pro-5k-adjustable-intake-vape\" data-v-md-line=\"3\">Ce este special la Breze Stiik Box Pro 5K cu admisie reglabil\u0103?<\/h2>\n<p data-v-md-line=\"4\">Dac\u0103 v-a\u021bi s\u0103turat de vapurile de unic\u0103 folosin\u021b\u0103, acestea se vor epuiza rapid sau \u00eenainte de a termina s\u0103 le utiliza\u021bi, atunci acest produs v\u0103 va face via\u021ba mai u\u0219oar\u0103. Breze Stiik Box Pro ofer\u0103 p\u00e2n\u0103 la 5000 de prize reglabile, astfel \u00eenc\u00e2t s\u0103 pute\u021bi regla cu u\u0219urin\u021b\u0103 volumul de admisie, fie c\u0103 este mic sau mare, f\u0103r\u0103 niciun efort.<\/p>\n<p data-v-md-line=\"6\">Este potrivit pentru oricine urm\u0103re\u0219te gustul fiabil, func\u021bionarea simpl\u0103 \u0219i set\u0103rile re\u00eenc\u0103rcabile, permi\u021b\u00e2ndu-v\u0103 s\u0103 v\u0103 bucura\u021bi pe deplin de fiecare pic\u0103tur\u0103. Este u\u0219or, c\u00e2nt\u0103rind aproximativ 75 de grame, \u0219i poate \u00eenc\u0103pea cu u\u0219urin\u021b\u0103 \u00eentr-un buzunar f\u0103r\u0103 a provoca nicio povar\u0103.<\/p>\n<h2 data-v-md-heading=\"excellent-performance-worry-free\" data-v-md-line=\"8\">Excellent performance, worry free<\/h2>\n<p data-v-md-line=\"9\">Bobina mesh poart\u0103 responsabilitatea grea, astfel \u00eenc\u00e2t fiecare mu\u0219c\u0103tur\u0103 poate men\u021bine un gust pur \u0219i consistent de la \u00eenceput p\u00e2n\u0103 la sf\u00e2r\u0219it. C\u00e2nd bateria este desc\u0103rcat\u0103, introducerea cablului de date Type-C o poate restabili rapid. Nu este nevoie s\u0103 \u00eenv\u0103\u021ba\u021bi butoanele sau s\u0103 parcurge\u021bi meniurile. Doar seta\u021bi fluxul de aer \u0219i pute\u021bi inhala.<\/p>\n<h2 data-v-md-heading=\"specification-overview\" data-v-md-line=\"11\">Prezentare general\u0103 a specifica\u021biilor<\/h2>\n<ul data-v-md-line=\"12\">\n<li>Frecven\u021ba de aspira\u021bie: de p\u00e2n\u0103 la 5000 de ori<\/li>\n<li>Con\u021binut de nicotin\u0103: 2% sau 5% (oferta variaz\u0103 \u00een func\u021bie de regiune)<\/li>\n<li>Principiu de func\u021bionare: Activare prin inhalare<\/li>\n<li>Metod\u0103 de \u00eenc\u0103rcare: Interfa\u021b\u0103 USB de tip C<\/li>\n<li>Baterie: 950 mAh baterie re\u00eenc\u0103rcabil\u0103<\/li>\n<li>E-liquid: 12 mililitri preinstalat<\/li>\n<li>Flux de aer: Reglabil<\/li>\n<li>Miez de atomizare: tip plas\u0103<\/li>\n<li>Stare: Gata de utilizare imediat ce este scoas\u0103 din cutie<\/li>\n<\/ul>\n<p data-v-md-line=\"22\">Aten\u021bie: Situa\u021bia aprovizion\u0103rii \u0219i concentra\u021bia de nicotin\u0103 pot varia \u00een func\u021bie de \u021bar\u0103\/regiune, iar noi trimitem numai configura\u021biile care sunt permise pe pia\u021ba dumneavoastr\u0103.<\/p>\n<h2 data-v-md-heading=\"full-range-of-flavors\" data-v-md-line=\"24\">Gam\u0103 complet\u0103 de arome<\/h2>\n<ul data-v-md-line=\"25\">\n<li>Blueberry smoothie<\/li>\n<li>\u00cenghe\u021bat\u0103 de c\u0103p\u0219uni<\/li>\n<li>Piersic\u0103 \u0219i Mango<\/li>\n<li>Smoothie de struguri<\/li>\n<li>Smoothie de banane<\/li>\n<li>Smoothie cu pepene verde<\/li>\n<li>Mint smoothie<\/li>\n<li>Pink Lemon Water<\/li>\n<\/ul>\n<p data-v-md-line=\"34\">Pentru comenzile comerciale, putem sus\u021bine arome suplimentare sau personalizarea OEM.<\/p>\n<h2 data-v-md-heading=\"for-you-for-your-business\" data-v-md-line=\"36\">Pentru tine, pentru afacerea ta<\/h2>\n<p data-v-md-line=\"37\">Pute\u021bi achizi\u021biona cu u\u0219urin\u021b\u0103 un dispozitiv pentru utilizarea zilnic\u0103 sau stoca\u021bi pentru magazinul dvs. Ambalajul en-gros este de 5 buc\u0103\u021bi pe cutie interioar\u0103 \u0219i 200 de buc\u0103\u021bi pe cutie. Fiecare cutie are o greutate brut\u0103 de aproximativ 17 kilograme \u0219i dimensiuni de 28 x 33 x 44 centimetri.<\/p>\n<p data-v-md-line=\"39\">Lucr\u0103m cu parteneri de \u00eencredere precum UPS, DPD \u0219i DHL pentru a expedia \u00een \u00eentreaga Europ\u0103 prin DDP, astfel \u00eenc\u00e2t s\u0103 nu existe incidente nea\u0219teptate la vam\u0103. Comanda a fost impozitat\u0103 \u0219i poate fi v\u00e2ndut\u0103 imediat.<\/p>\n<h2 data-v-md-heading=\"why-do-you-like-it\" data-v-md-line=\"41\">De ce \u00ee\u021bi place?<\/h2>\n<ul data-v-md-line=\"42\">\n<li>Aspira\u021bie mare: P\u00e2n\u0103 la 5000 de aspira\u021bii \u00eenseamn\u0103 mai pu\u021bine reaprovizion\u0103ri \u0219i comenzi repetate.<\/li>\n<li>Selectarea nicotinei: Alege\u021bi o concentra\u021bie de nicotin\u0103 care este potrivit\u0103 pentru obiceiurile dvs. zilnice \u0219i pentru reglement\u0103rile locale.<\/li>\n<li>Re\u00eenc\u0103rcabil\u0103: Pute\u021bi \u00eenc\u0103rca bateria, astfel \u00eenc\u00e2t s\u0103 pute\u021bi utiliza toate e-lichidurile pe care le achizi\u021biona\u021bi.<\/li>\n<li>Bobin\u0103 Mesh: De la prima la ultima mu\u0219c\u0103tur\u0103, gustul este neted \u0219i stabil.<\/li>\n<li>Aspira\u021bie reglabil\u0103: Fie c\u0103 este o aspira\u021bie str\u00e2ns\u0103 sau transparent\u0103, o pute\u021bi seta dup\u0103 cum dori\u021bi.<\/li>\n<\/ul>\n<h2 data-v-md-heading=\"why-collaborate-with-agoravape\" data-v-md-line=\"48\">De ce s\u0103 colaborezi cu AgoraVape?<\/h2>\n<p data-v-md-line=\"49\">Noi vindem numai produse originale 100% \u0219i suntem responsabili pentru produsele pe care le vindem. Cump\u0103r\u0103torii Enterprise care achizi\u021bioneaz\u0103 Breze Stiik Box Pro 5K vapes cu admisie reglabil\u0103 se pot bucura de pre\u021buri en-gros reduse, asisten\u021b\u0103 rapid\u0103 pentru clien\u021bi \u0219i servicii rapide de livrare DDP \u00een Europa. Bine a\u021bi venit s\u0103 discuta\u021bi combina\u021biile de gust \u0219i actualiz\u0103rile regulate cu noi, f\u0103c\u00e2nd clien\u021bii dvs. clien\u021bi repeta\u021bi.<\/p>","protected":false},"excerpt":{"rendered":"<p>&nbsp;<\/p>","protected":false},"featured_media":15345,"comment_status":"open","ping_status":"closed","template":"","meta":[],"product_brand":[220],"product_cat":[124,189,184,194,147,174,175,193,191,173,186,180,190],"product_tag":[],"class_list":{"0":"post-15323","1":"product","2":"type-product","3":"status-publish","4":"has-post-thumbnail","6":"product_brand-breze-stiik","7":"product_cat-vape-by-brand","8":"product_cat-20mg-standard-nicotine-vapes","9":"product_cat-5000-8000-puffs","10":"product_cat-adjustable-airflow","11":"product_cat-breze-stiik","12":"product_cat-fruit-flavors","13":"product_cat-icy-mint","14":"product_cat-mesh-coil","15":"product_cat-rechargeable-disposables","16":"product_cat-vape-by-flavor-profile","17":"product_cat-vape-by-nicotine-strength","18":"product_cat-vape-by-puff-count","19":"product_cat-vape-by-feature-or-type","21":"first","22":"onbackorder","23":"shipping-taxable","24":"purchasable","25":"product-type-variable","26":"has-default-attributes"},"tiered_pricing_type":"percentage","tiered_pricing_fixed_rules":[],"tiered_pricing_product_settings":{"layout":"default","base_unit_name":{"singular":null,"plural":null},"default_variation":null},"tiered_pricing_minimum_quantity":10,"tiered_pricing_roles_data":[],"tiered_pricing_percentage_rules":{"30":"29","50":"35","100":"40","200":"44","500":"47","1000":"49"},"tiered_pricing_maximum_quantity":null,"tiered_pricing_quantity_step":"10","_links":{"self":[{"href":"https:\/\/agoravape.com\/ro\/wp-json\/wp\/v2\/product\/15323","targetHints":{"allow":["GET"]}}],"collection":[{"href":"https:\/\/agoravape.com\/ro\/wp-json\/wp\/v2\/product"}],"about":[{"href":"https:\/\/agoravape.com\/ro\/wp-json\/wp\/v2\/types\/product"}],"replies":[{"embeddable":true,"href":"https:\/\/agoravape.com\/ro\/wp-json\/wp\/v2\/comments?post=15323"}],"version-history":[{"count":1,"href":"https:\/\/agoravape.com\/ro\/wp-json\/wp\/v2\/product\/15323\/revisions"}],"predecessor-version":[{"id":29821,"href":"https:\/\/agoravape.com\/ro\/wp-json\/wp\/v2\/product\/15323\/revisions\/29821"}],"wp:featuredmedia":[{"embeddable":true,"href":"https:\/\/agoravape.com\/ro\/wp-json\/wp\/v2\/media\/15345"}],"wp:attachment":[{"href":"https:\/\/agoravape.com\/ro\/wp-json\/wp\/v2\/media?parent=15323"}],"wp:term":[{"taxonomy":"product_brand","embeddable":true,"href":"https:\/\/agoravape.com\/ro\/wp-json\/wp\/v2\/product_brand?post=15323"},{"taxonomy":"product_cat","embeddable":true,"href":"https:\/\/agoravape.com\/ro\/wp-json\/wp\/v2\/product_cat?post=15323"},{"taxonomy":"product_tag","embeddable":true,"href":"https:\/\/agoravape.com\/ro\/wp-json\/wp\/v2\/product_tag?post=15323"}],"curies":[{"name":"wp","href":"https:\/\/api.w.org\/{rel}","templated":true}]}}