{"id":15417,"date":"2025-10-16T13:10:46","date_gmt":"2025-10-16T05:10:46","guid":{"rendered":"https:\/\/green-grasshopper-921422.hostingersite.com\/?post_type=product&#038;p=15417"},"modified":"2026-03-31T04:20:53","modified_gmt":"2026-03-31T02:20:53","slug":"myde-haven-18000-puffs-dual-mesh-vape","status":"publish","type":"product","link":"https:\/\/agoravape.com\/ro\/product\/myde-haven-18000-puffs-dual-mesh-vape\/","title":{"rendered":"Vape Myde Haven 18000 Puffs cu rezisten\u021b\u0103 dubl\u0103 \u00een plas\u0103 | Num\u0103r mare de pufuri, arom\u0103 fin\u0103"},"content":{"rendered":"<h2 data-v-md-heading=\"what-is-special-about-the-myrde-haven-18000-dual-mesh-coil-vape\" data-v-md-line=\"3\">Ce este special la \u021bigara electronic\u0103 Myrde Haven 18000 cu rezisten\u021b\u0103 dubl\u0103?<\/h2>\n<p data-v-md-line=\"4\">Dac\u0103 te-ai s\u0103turat de \u021big\u0103rile electronice de unic\u0103 folosin\u021b\u0103 \u0219i bateria se descarc\u0103 prea devreme, poate vrei s\u0103 arunci o privire la acest produs. MyDe Haven folose\u0219te rezisten\u021be cu plas\u0103 dubl\u0103 care pot oferi o capacitate de p\u00e2n\u0103 la 18000 de \u00eenghi\u021bituri, men\u021bin\u00e2nd un gust stabil de la prima p\u00e2n\u0103 la ultima \u00eenghi\u021bitur\u0103. Nu este nevoie de opera\u021biuni plictisitoare, po\u021bi ob\u021bine performan\u021be fiabile zi de zi.<\/p>\n<p data-v-md-line=\"6\">Este potrivit\u0103 pentru orice utilizator care \u00ee\u0219i dore\u0219te o durat\u0103 lung\u0103 de via\u021b\u0103, utilizare convenabil\u0103 \u0219i f\u0103r\u0103 a fi nevoie de set\u0103ri complicate. A\u021bi putea crede c\u0103 o \u021bigar\u0103 electronic\u0103 cu un num\u0103r at\u00e2t de mare de \u021big\u0103ri ar fi voluminoas\u0103, dar aceast\u0103 \u021bigar\u0103 electronic\u0103 este foarte portabil\u0103. Corpul este robust \u0219i u\u0219or, fiind u\u0219or de \u00eencadrat \u00eentr-o jachet\u0103 sau geant\u0103.<\/p>\n<h2 data-v-md-heading=\"excellent-performance-worry-free\" data-v-md-line=\"8\">Excellent performance, worry free<\/h2>\n<p data-v-md-line=\"9\">Rezisten\u021ba dubl\u0103 cu plas\u0103 de 1,1 \u03a9 poart\u0103 marea responsabilitate. Se \u00eenc\u0103lze\u0219te uniform, f\u0103c\u00e2nd fiecare \u00eembuc\u0103tur\u0103 la fel de pur\u0103 ca prima. Arom\u0103 bogat\u0103 \u0219i miez durabil. C\u00e2nd bateria este desc\u0103rcat\u0103, pur \u0219i simplu o \u00eenc\u0103rca\u021bi pentru a continua utilizarea. Simplu \u0219i convenabil. Pute\u021bi utiliza cei 15 mililitri de e-lichid complet achizi\u021biona\u021bi.<\/p>\n<h2 data-v-md-heading=\"specification-overview\" data-v-md-line=\"11\">Prezentare general\u0103 a specifica\u021biilor<\/h2>\n<ul data-v-md-line=\"12\">\n<li>Suction frequency: up to 18000 times<\/li>\n<li>Bobin\u0103: plas\u0103 dubl\u0103 de 1,1 \u03a9<\/li>\n<li>Capacitate lichid electronic: 15 mililitri<\/li>\n<li>Baterie: baterie re\u00eenc\u0103rcabil\u0103 de 600 mAh<\/li>\n<li>Principiu de func\u021bionare: Activare prin inhalare<\/li>\n<li>\u00cenc\u0103rcare: Port de \u00eenc\u0103rcare USB<\/li>\n<li>Dimensiune: 99,6 \u00d7 45 \u00d7 22,5 milimetri<\/li>\n<li>Greutate: 72 de grame<\/li>\n<li>Stare: Gata de utilizare imediat ce este scoas\u0103 din cutie<\/li>\n<li>Nicotin\u0103: Op\u021biunile variaz\u0103 \u00een func\u021bie de pia\u021b\u0103. Contacta\u021bi-ne pentru a confirma avantajele produsului existent \u00een \u021bara\/regiunea dvs.<\/li>\n<\/ul>\n<h2 data-v-md-heading=\"full-flavor-series\" data-v-md-line=\"23\">Serie cu arom\u0103 complet\u0103<\/h2>\n<ul data-v-md-line=\"24\">\n<li>Ghea\u021b\u0103 de c\u0103p\u0219uni<\/li>\n<li>Ghea\u021b\u0103 de struguri<\/li>\n<li>\u00cenghe\u021bat\u0103 de fructe de dragon cu mure<\/li>\n<li>\u00cenghe\u021bat\u0103 cu trei fructe de p\u0103dure<\/li>\n<li>\u00cenghe\u021bat\u0103 de pepene verde cu c\u0103p\u0219uni<\/li>\n<li>Patinoar albastru<\/li>\n<li>Ghea\u021b\u0103 de cire\u0219e \u0219i l\u0103m\u00e2ie<\/li>\n<li>Ghea\u021b\u0103 de pepene verde<\/li>\n<li>Ghea\u021b\u0103 de c\u0103p\u0219uni \u0219i zmeur\u0103<\/li>\n<li>\u00cenghe\u021bat\u0103 de guava cu fructul pasiunii \u0219i kiwi<\/li>\n<li>Ghea\u021b\u0103 de mentol<\/li>\n<li>C\u0103p\u0219uni Meri\u0219oare Cire\u0219e \u00cenghe\u021bat\u0103<\/li>\n<li>Ghea\u021b\u0103 de struguri \u0219i fructe de p\u0103dure<\/li>\n<li>\u00cenghe\u021bat\u0103 de pepene verde cu piersici<\/li>\n<li>\u00cenghe\u021bat\u0103 de kiwi \u0219i c\u0103p\u0219uni<\/li>\n<li>Piersic\u0103, Mango, Pepene Verde, Ghea\u021b\u0103<\/li>\n<li>Piersic\u0103, Mango, \u00cenghe\u021bat\u0103 de Ananas<\/li>\n<li>Grozav (arom\u0103 de tutun)<\/li>\n<li>\u00cenghe\u021bat\u0103 de gum\u0103 de mestecat cu c\u0103p\u0219uni \u0219i pepene verde<\/li>\n<li>Domnul Ghea\u021b\u0103 Albastr\u0103<\/li>\n<\/ul>\n<h2 data-v-md-heading=\"for-you-and-your-business\" data-v-md-line=\"45\">Pentru tine \u0219i afacerea ta<\/h2>\n<p data-v-md-line=\"46\">Pute\u021bi alege articole pentru dvs. sau pute\u021bi face stocuri pentru magazinul dvs. Oferim ambalaje sigilate pentru v\u00e2nzare cu am\u0103nuntul \u0219i cutii mari de ambalare pentru angrosi\u0219ti. Num\u0103rul de cutii de ambalare variaz\u0103 \u00een func\u021bie de lot. V\u0103 rug\u0103m s\u0103 ne contacta\u021bi pentru dimensiunile actuale ale ambalajelor \u0219i informa\u021bii despre pale\u021bi.<\/p>\n<p data-v-md-line=\"48\">Colabor\u0103m cu parteneri de \u00eencredere precum UPS, DPD \u0219i DHL pentru a oferi servicii de livrare DDP \u00een Uniunea European\u0103. Pre-procesare a tarifelor pentru a evita incidentele vamale nea\u0219teptate. \u00centregul proces poate fi urm\u0103rit pentru livrare. O metod\u0103 de plat\u0103 securizat\u0103. De la finalizarea comenzii p\u00e2n\u0103 la livrarea la domiciliu, fiecare proces este meticulos.<\/p>\n<p data-v-md-line=\"50\">Notificare de conformitate: Situa\u021bia aprovizion\u0103rii \u0219i concentra\u021bia de nicotin\u0103 pot varia \u00een diferite \u021b\u0103ri\/regiuni. Oferim modele care respect\u0103 standardele UE. V\u0103 rug\u0103m s\u0103 consulta\u021bi furnizorii de pe pia\u021ba dumneavoastr\u0103.<\/p>\n<h2 data-v-md-heading=\"why-do-you-like-it\" data-v-md-line=\"52\">De ce \u00ee\u021bi place?<\/h2>\n<ul data-v-md-line=\"53\">\n<li>Capacitate mare de aspirare: durabil \u0219i de lung\u0103 durat\u0103, nu este nevoie de cump\u0103r\u0103turi frecvente<\/li>\n<li>Miez de atomizor cu plas\u0103 dubl\u0103: Gust consistent, aspira\u021bie lin\u0103 de fiecare dat\u0103<\/li>\n<li>Re\u00eenc\u0103rcabil\u0103: Utilizeaz\u0103 complet 15 mililitri de capacitate f\u0103r\u0103 risip\u0103<\/li>\n<li>Portabil \u0219i u\u0219or de transportat: capacitate mare, f\u0103r\u0103 senza\u021bie de lag<\/li>\n<li>U\u0219or de utilizat: F\u0103r\u0103 butoane sau meniuri, doar o aspirare u\u0219oar\u0103<\/li>\n<\/ul>\n<h2 data-v-md-heading=\"why-choose-to-collaborate-with-agoravape\" data-v-md-line=\"59\">De ce s\u0103 alegi s\u0103 colaborezi cu AgoraVape?<\/h2>\n<p data-v-md-line=\"60\">Vindem doar produse 100% originale din surse de \u00eencredere. Fiind unul dintre cei mai de \u00eencredere distribuitori de \u021big\u0103ri electronice din Europa, oferim pre\u021buri en-gros reduse, asisten\u021b\u0103 tehnic\u0103 de \u00eenalt\u0103 calitate \u0219i servicii de livrare rapide \u0219i fiabile \u00een UE. <a class=\"wpil_keyword_link\" href=\"https:\/\/agoravape.com\/ro\/vape-de-brand\/mrvi\/\" target=\"_blank\" rel=\"noopener\" title=\"MIC\" data-wpil-keyword-link=\"linked\" data-wpil-monitor-id=\"7168\">MyDe<\/a> \u021aig\u0103ri electronice Haven 18000 cu bobin\u0103 dubl\u0103. Vrei s\u0103 le cumperi? Contacteaz\u0103-ne \u0219i vom crea un produs care s\u0103 atrag\u0103 cu adev\u0103rat clien\u021bii t\u0103i.<\/p>","protected":false},"excerpt":{"rendered":"<p>&nbsp;<\/p>","protected":false},"featured_media":15462,"comment_status":"open","ping_status":"closed","template":"","meta":[],"product_brand":[221],"product_cat":[124,185,174,175,193,148,191,178,179,173,186,180,190],"product_tag":[],"class_list":{"0":"post-15417","1":"product","2":"type-product","3":"status-publish","4":"has-post-thumbnail","6":"product_brand-myde","7":"product_cat-vape-by-brand","8":"product_cat-10000-puffs-high-capacity","9":"product_cat-fruit-flavors","10":"product_cat-icy-mint","11":"product_cat-mesh-coil","12":"product_cat-myde","13":"product_cat-rechargeable-disposables","14":"product_cat-tobacco","15":"product_cat-unique-blends","16":"product_cat-vape-by-flavor-profile","17":"product_cat-vape-by-nicotine-strength","18":"product_cat-vape-by-puff-count","19":"product_cat-vape-by-feature-or-type","21":"first","22":"onbackorder","23":"shipping-taxable","24":"purchasable","25":"product-type-variable","26":"has-default-attributes"},"tiered_pricing_type":"percentage","tiered_pricing_fixed_rules":[],"tiered_pricing_product_settings":{"layout":"default","base_unit_name":{"singular":null,"plural":null},"default_variation":null},"tiered_pricing_minimum_quantity":10,"tiered_pricing_roles_data":[],"tiered_pricing_percentage_rules":{"100":"40","200":"44","500":"47","1000":"49"},"tiered_pricing_maximum_quantity":null,"tiered_pricing_quantity_step":"10","_links":{"self":[{"href":"https:\/\/agoravape.com\/ro\/wp-json\/wp\/v2\/product\/15417","targetHints":{"allow":["GET"]}}],"collection":[{"href":"https:\/\/agoravape.com\/ro\/wp-json\/wp\/v2\/product"}],"about":[{"href":"https:\/\/agoravape.com\/ro\/wp-json\/wp\/v2\/types\/product"}],"replies":[{"embeddable":true,"href":"https:\/\/agoravape.com\/ro\/wp-json\/wp\/v2\/comments?post=15417"}],"version-history":[{"count":1,"href":"https:\/\/agoravape.com\/ro\/wp-json\/wp\/v2\/product\/15417\/revisions"}],"predecessor-version":[{"id":29820,"href":"https:\/\/agoravape.com\/ro\/wp-json\/wp\/v2\/product\/15417\/revisions\/29820"}],"wp:featuredmedia":[{"embeddable":true,"href":"https:\/\/agoravape.com\/ro\/wp-json\/wp\/v2\/media\/15462"}],"wp:attachment":[{"href":"https:\/\/agoravape.com\/ro\/wp-json\/wp\/v2\/media?parent=15417"}],"wp:term":[{"taxonomy":"product_brand","embeddable":true,"href":"https:\/\/agoravape.com\/ro\/wp-json\/wp\/v2\/product_brand?post=15417"},{"taxonomy":"product_cat","embeddable":true,"href":"https:\/\/agoravape.com\/ro\/wp-json\/wp\/v2\/product_cat?post=15417"},{"taxonomy":"product_tag","embeddable":true,"href":"https:\/\/agoravape.com\/ro\/wp-json\/wp\/v2\/product_tag?post=15417"}],"curies":[{"name":"wp","href":"https:\/\/api.w.org\/{rel}","templated":true}]}}