{"id":15486,"date":"2025-10-16T15:52:49","date_gmt":"2025-10-16T07:52:49","guid":{"rendered":"https:\/\/green-grasshopper-921422.hostingersite.com\/?post_type=product&#038;p=15486"},"modified":"2026-03-31T04:20:52","modified_gmt":"2026-03-31T02:20:52","slug":"myde-ak80000-80k-puffs-dtl-vape","status":"publish","type":"product","link":"https:\/\/agoravape.com\/ro\/product\/myde-ak80000-80k-puffs-dtl-vape\/","title":{"rendered":"Myde AK80000 80K Puffs Vape DTL de mare putere | Nori mari, \u00eenc\u0103rcare f\u0103r\u0103 probleme"},"content":{"rendered":"<h2 data-v-md-heading=\"how-about-the-myde-ak80000-80k-high-power-dtl-vape\" data-v-md-line=\"3\"><img loading=\"lazy\" decoding=\"async\" class=\"aligncenter size-full wp-image-15485\" src=\"https:\/\/agoravape.com\/wp-content\/uploads\/2025\/10\/Myde-AK80000-80K-Puffs-High-Power-DTL-Vape_Agora_vape-1.webp\" alt=\"\" width=\"1280\" height=\"1659\" srcset=\"https:\/\/agoravape.com\/wp-content\/uploads\/2025\/10\/Myde-AK80000-80K-Puffs-High-Power-DTL-Vape_Agora_vape-1.webp 1280w, https:\/\/agoravape.com\/wp-content\/uploads\/2025\/10\/Myde-AK80000-80K-Puffs-High-Power-DTL-Vape_Agora_vape-1-1200x1555.webp 1200w, https:\/\/agoravape.com\/wp-content\/uploads\/2025\/10\/Myde-AK80000-80K-Puffs-High-Power-DTL-Vape_Agora_vape-1-231x300.webp 231w, https:\/\/agoravape.com\/wp-content\/uploads\/2025\/10\/Myde-AK80000-80K-Puffs-High-Power-DTL-Vape_Agora_vape-1-790x1024.webp 790w, https:\/\/agoravape.com\/wp-content\/uploads\/2025\/10\/Myde-AK80000-80K-Puffs-High-Power-DTL-Vape_Agora_vape-1-768x995.webp 768w, https:\/\/agoravape.com\/wp-content\/uploads\/2025\/10\/Myde-AK80000-80K-Puffs-High-Power-DTL-Vape_Agora_vape-1-1185x1536.webp 1185w\" sizes=\"auto, (max-width: 1280px) 100vw, 1280px\" \/><\/h2>\n<h2 data-v-md-heading=\"how-about-the-myde-ak80000-80k-high-power-dtl-vape\" data-v-md-line=\"3\">Ce zici de \u021bigara electronic\u0103 Myde AK80000 80K cu DTL de mare putere?<\/h2>\n<p data-v-md-line=\"4\">Dac\u0103 te-ai s\u0103turat s\u0103 \u00eenlocuie\u0219ti \u021big\u0103rile electronice de unic\u0103 folosin\u021b\u0103 la fiecare c\u00e2teva zile, poate vrei s\u0103 arunci o privire la acest produs. Myde AK80000 este conceput special pentru pasiona\u021bii de vaping cu aspira\u021bie direct\u0103 care urm\u0103resc un volum mare de fum, un gust stabil \u0219i f\u0103r\u0103 a fi nevoie de set\u0103ri complicate.<\/p>\n<p data-v-md-line=\"6\">Acesta este un vaporizator de unic\u0103 folosin\u021b\u0103 de mare putere, echipat cu o rezisten\u021b\u0103 tip plas\u0103 \u0219i o interfa\u021b\u0103 Type-C, capabil s\u0103 transmit\u0103 p\u00e2n\u0103 la 80000 de porturi. S-ar putea s\u0103 g\u0103si\u021bi acest vaporizator de lung\u0103 durat\u0103 voluminos, dar \u00een ceea ce prive\u0219te puterea sa puternic\u0103, este surprinz\u0103tor de accesibil. Textur\u0103 solid\u0103 \u0219i u\u0219or de transportat.<\/p>\n<h2 data-v-md-heading=\"excellent-performance-worry-free\" data-v-md-line=\"8\">Excellent performance, worry free<\/h2>\n<p data-v-md-line=\"9\">Rezistenta tip plas\u0103 men\u021bine fumul fin \u0219i gustul consistent, f\u0103c\u00e2nd prima \u00eembuc\u0103tur\u0103 la fel de delicioas\u0103 ca a mia. Bateria de 1300 mAh suport\u0103 o putere de ie\u0219ire de 30 W, oferind o experien\u021b\u0103 DTL fluid\u0103. C\u00e2nd bateria este desc\u0103rcat\u0103, pute\u021bi utiliza cablul de date Type-C utilizat \u00een mod obi\u0219nuit pe telefon pentru \u00eenc\u0103rcare. U\u0219or de utilizat.<\/p>\n<h2 data-v-md-heading=\"specification-overview\" data-v-md-line=\"11\">Prezentare general\u0103 a specifica\u021biilor<\/h2>\n<ul data-v-md-line=\"12\">\n<li>Frecven\u021ba de aspirare: p\u00e2n\u0103 la 80000 de ori<\/li>\n<li>Con\u021binut de nicotin\u0103: Aprovizionarea poate varia \u00een func\u021bie de \u021bar\u0103\/regiune. Vede\u021bi op\u021biunile la finalizarea comenzii.<\/li>\n<li>Principiu de func\u021bionare: plug and play, utilizare direct\u0103<\/li>\n<li>\u00cenc\u0103rcare: Interfa\u021b\u0103 USB standard de tip C<\/li>\n<li>Capacitate lichid electronic: 45 mililitri<\/li>\n<li>Miez de atomizare: tip plas\u0103<\/li>\n<li>Putere de ie\u0219ire: 30 wa\u021bi<\/li>\n<li>Rezisten\u021b\u0103: 0,4 \u03a9<\/li>\n<li>Material: Aliaj + PCTG<\/li>\n<li>Dimensiune: 157 \u00d7 36,3 \u00d7 36,3 milimetri<\/li>\n<li>Greutate: 135 grame<\/li>\n<li>Stare: Gata de utilizare dup\u0103 despachetare<\/li>\n<\/ul>\n<h2 data-v-md-heading=\"full-range-of-flavors\" data-v-md-line=\"25\">Gam\u0103 complet\u0103 de arome<\/h2>\n<ul data-v-md-line=\"26\">\n<li>Favorit al femeilor<\/li>\n<li>Ghea\u021b\u0103 de struguri<\/li>\n<li>Suli\u021b\u0103 de ment\u0103<\/li>\n<li>L\u0103m\u00e2ie \u0219i lime<\/li>\n<li>Ghea\u021b\u0103 de pepene verde<\/li>\n<li>Bule de cola cu cire\u0219e<\/li>\n<li>Kiwi \u0219i c\u0103p\u0219uni<\/li>\n<li>Pistol cu \u200b\u200bpepeni<\/li>\n<li>Pepene verde cu c\u0103p\u0219uni<\/li>\n<li>Pistol cu \u200b\u200bbule de pepene verde<\/li>\n<\/ul>\n<h2 data-v-md-heading=\"for-you-for-your-business\" data-v-md-line=\"37\">Pentru tine, pentru afacerea ta<\/h2>\n<p data-v-md-line=\"38\">Po\u021bi alege <a class=\"wpil_keyword_link\" href=\"https:\/\/agoravape.com\/ro\/vape-de-brand\/mrvi\/\" target=\"_blank\" rel=\"noopener\" title=\"MIC\" data-wpil-keyword-link=\"linked\" data-wpil-monitor-id=\"7167\">Myde<\/a> AK80000 pentru uz personal sau pentru stocarea \u00een magazinul dvs. Oferim cutii de carton en-gros pentru confortul dvs. \u00een comenzi \u00een vrac. Dimensiunea cutiei de carton este de 325 \u00d7 545 \u00d7 310 milimetri, ceea ce v\u0103 permite s\u0103 planifica\u021bi cu u\u0219urin\u021b\u0103 rafturile \u0219i depozitarea.<\/p>\n<p data-v-md-line=\"40\">Oferim servicii de livrare DDP \u00een Europa prin intermediul unor parteneri de \u00eencredere precum UPS, DPD \u0219i DHL, astfel \u00eenc\u00e2t tarifele pot fi procesate \u00een avans, iar comanda dumneavoastr\u0103 nu va \u00eent\u00e2mpina situa\u021bii neprev\u0103zute la sosirea \u00een vam\u0103.<\/p>\n<h2 data-v-md-heading=\"why-do-you-like-it\" data-v-md-line=\"42\">De ce \u00ee\u021bi place?<\/h2>\n<ul data-v-md-line=\"43\">\n<li>Mai multe pufuri: durat\u0103 de via\u021b\u0103 mai lung\u0103 a bateriei, nu trebuie s\u0103 \u00eenlocuie\u0219ti frecvent vaporizatoarele<\/li>\n<li>DTL de mare putere: ie\u0219ire de 30 W, fum mai intens, aspira\u021bie mai lin\u0103<\/li>\n<li>Re\u00eenc\u0103rcabil\u0103: \u00cenc\u0103rcarea de tip C v\u0103 permite s\u0103 consuma\u021bi tot lichidul electronic achizi\u021bionat<\/li>\n<li>Miez de atomizare cu plas\u0103: ofer\u0103 un gust stabil \u0219i bogat de la \u00eenceput p\u00e2n\u0103 la sf\u00e2r\u0219it<\/li>\n<li>Durabil \u0219i robust: corp din aliaj + PCTG, durabil \u0219i u\u0219or de depozitat<\/li>\n<li>Rezervor de stocare de mare capacitate: capacitate de 45 ml, permite aspirarea pe termen lung<\/li>\n<\/ul>\n<h2 data-v-md-heading=\"why-choose-to-collaborate-with-agoravape\" data-v-md-line=\"50\">De ce s\u0103 alegi s\u0103 colaborezi cu AgoraVape?<\/h2>\n<p data-v-md-line=\"51\">Vindem doar echipamente originale de la furnizori certifica\u021bi. Clien\u021bii comerciali se pot bucura de pre\u021buri en-gros reduse, comunicare clar\u0103 \u0219i servicii rapide de livrare DDP pentru \u021bigara electronic\u0103 Myde AK80000 80K de mare putere DTL. Contacta\u021bi-ne pentru a v\u0103 aproviziona cu un dispozitiv care merit\u0103 r\u0103scump\u0103rat pentru clien\u021bii dumneavoastr\u0103.<\/p>","protected":false},"excerpt":{"rendered":"<p>&nbsp;<\/p>","protected":false},"featured_media":15517,"comment_status":"open","ping_status":"closed","template":"","meta":[],"product_brand":[221],"product_cat":[124,185,176,174,175,193,148,191,173,186,180,190],"product_tag":[],"class_list":{"0":"post-15486","1":"product","2":"type-product","3":"status-publish","4":"has-post-thumbnail","6":"product_brand-myde","7":"product_cat-vape-by-brand","8":"product_cat-10000-puffs-high-capacity","9":"product_cat-beverage","10":"product_cat-fruit-flavors","11":"product_cat-icy-mint","12":"product_cat-mesh-coil","13":"product_cat-myde","14":"product_cat-rechargeable-disposables","15":"product_cat-vape-by-flavor-profile","16":"product_cat-vape-by-nicotine-strength","17":"product_cat-vape-by-puff-count","18":"product_cat-vape-by-feature-or-type","20":"first","21":"onbackorder","22":"shipping-taxable","23":"purchasable","24":"product-type-variable","25":"has-default-attributes"},"tiered_pricing_type":"percentage","tiered_pricing_fixed_rules":[],"tiered_pricing_product_settings":{"layout":"default","base_unit_name":{"singular":null,"plural":null},"default_variation":null},"tiered_pricing_minimum_quantity":10,"tiered_pricing_roles_data":[],"tiered_pricing_percentage_rules":{"100":"40","200":"44","500":"47","1000":"49"},"tiered_pricing_maximum_quantity":null,"tiered_pricing_quantity_step":"10","_links":{"self":[{"href":"https:\/\/agoravape.com\/ro\/wp-json\/wp\/v2\/product\/15486","targetHints":{"allow":["GET"]}}],"collection":[{"href":"https:\/\/agoravape.com\/ro\/wp-json\/wp\/v2\/product"}],"about":[{"href":"https:\/\/agoravape.com\/ro\/wp-json\/wp\/v2\/types\/product"}],"replies":[{"embeddable":true,"href":"https:\/\/agoravape.com\/ro\/wp-json\/wp\/v2\/comments?post=15486"}],"version-history":[{"count":1,"href":"https:\/\/agoravape.com\/ro\/wp-json\/wp\/v2\/product\/15486\/revisions"}],"predecessor-version":[{"id":29819,"href":"https:\/\/agoravape.com\/ro\/wp-json\/wp\/v2\/product\/15486\/revisions\/29819"}],"wp:featuredmedia":[{"embeddable":true,"href":"https:\/\/agoravape.com\/ro\/wp-json\/wp\/v2\/media\/15517"}],"wp:attachment":[{"href":"https:\/\/agoravape.com\/ro\/wp-json\/wp\/v2\/media?parent=15486"}],"wp:term":[{"taxonomy":"product_brand","embeddable":true,"href":"https:\/\/agoravape.com\/ro\/wp-json\/wp\/v2\/product_brand?post=15486"},{"taxonomy":"product_cat","embeddable":true,"href":"https:\/\/agoravape.com\/ro\/wp-json\/wp\/v2\/product_cat?post=15486"},{"taxonomy":"product_tag","embeddable":true,"href":"https:\/\/agoravape.com\/ro\/wp-json\/wp\/v2\/product_tag?post=15486"}],"curies":[{"name":"wp","href":"https:\/\/api.w.org\/{rel}","templated":true}]}}