{"id":15611,"date":"2025-10-16T17:25:29","date_gmt":"2025-10-16T09:25:29","guid":{"rendered":"https:\/\/green-grasshopper-921422.hostingersite.com\/?post_type=product&#038;p=15611"},"modified":"2026-01-19T22:03:20","modified_gmt":"2026-01-19T14:03:20","slug":"jnr-radiance-31000-puffs-vape","status":"publish","type":"product","link":"https:\/\/agoravape.com\/ro\/product\/jnr-radiance-31000-puffs-vape\/","title":{"rendered":"JNR Radiance 31K Puffs Vape cu ecran animat | Arom\u0103 de lung\u0103 durat\u0103 cu \u00eenc\u0103rcare simpl\u0103 de tip C"},"content":{"rendered":"<h2 data-v-md-heading=\"jnr-radiance-31k-suction-capacity-with-animated-screen-what-s-special-about-it\" data-v-md-line=\"3\"><img loading=\"lazy\" decoding=\"async\" class=\"aligncenter size-full wp-image-15632\" src=\"https:\/\/agoravape.com\/wp-content\/uploads\/2025\/10\/JNR-Radiance-31K-Puffs-Vape-with-Animation-Screen_Blue-Razz-Cherry_Agora_vape-11.webp\" alt=\"\" width=\"1920\" height=\"1080\" srcset=\"https:\/\/agoravape.com\/wp-content\/uploads\/2025\/10\/JNR-Radiance-31K-Puffs-Vape-with-Animation-Screen_Blue-Razz-Cherry_Agora_vape-11.webp 1920w, https:\/\/agoravape.com\/wp-content\/uploads\/2025\/10\/JNR-Radiance-31K-Puffs-Vape-with-Animation-Screen_Blue-Razz-Cherry_Agora_vape-11-1200x675.webp 1200w, https:\/\/agoravape.com\/wp-content\/uploads\/2025\/10\/JNR-Radiance-31K-Puffs-Vape-with-Animation-Screen_Blue-Razz-Cherry_Agora_vape-11-300x169.webp 300w, https:\/\/agoravape.com\/wp-content\/uploads\/2025\/10\/JNR-Radiance-31K-Puffs-Vape-with-Animation-Screen_Blue-Razz-Cherry_Agora_vape-11-1024x576.webp 1024w, https:\/\/agoravape.com\/wp-content\/uploads\/2025\/10\/JNR-Radiance-31K-Puffs-Vape-with-Animation-Screen_Blue-Razz-Cherry_Agora_vape-11-768x432.webp 768w, https:\/\/agoravape.com\/wp-content\/uploads\/2025\/10\/JNR-Radiance-31K-Puffs-Vape-with-Animation-Screen_Blue-Razz-Cherry_Agora_vape-11-1536x864.webp 1536w\" sizes=\"auto, (max-width: 1920px) 100vw, 1920px\" \/><\/h2>\n<h2 data-v-md-heading=\"jnr-radiance-31k-suction-capacity-with-animated-screen-what-s-special-about-it\" data-v-md-line=\"3\">JNR Radiance 31K capacitate de aspirare cu ecran animat, ce este special la el?<\/h2>\n<p data-v-md-line=\"4\">Dac\u0103 v-a\u021bi s\u0103turat de vapurile de unic\u0103 folosin\u021b\u0103 care consum\u0103 prea mult\u0103 energie, poate dori\u021bi s\u0103 arunca\u021bi o privire la acest produs. JNR Radiance are o capacitate de aspira\u021bie de p\u00e2n\u0103 la 31000 \u0219i este echipat cu un ecran animat inteligent, ad\u0103ug\u00e2nd o not\u0103 de distrac\u021bie aspira\u021biei tale. Este conceput pentru utilizatorii care urm\u0103resc o durat\u0103 lung\u0103 de via\u021b\u0103 a bateriei \u0219i un gust stabil, f\u0103r\u0103 a avea nevoie de set\u0103ri sau butoane complicate.<\/p>\n<p data-v-md-line=\"6\">Este echipat cu baterii re\u00eenc\u0103rcabile \u0219i e-lichid de capacitate mare, permi\u021b\u00e2ndu-v\u0103 s\u0103 v\u0103 bucura\u021bi de aromele preferate pentru o perioad\u0103 mai lung\u0103 de timp cu lini\u0219te. Este potrivit pentru utilizatorii zilnici de vape care nu doresc s\u0103 \u00eencarce la fiecare c\u00e2teva ore sau s\u0103 \u00ee\u0219i \u00eenlocuiasc\u0103 dispozitivele \u00een zilele lucr\u0103toare.<\/p>\n<h2 data-v-md-heading=\"excellent-performance-easy-and-convenient\" data-v-md-line=\"8\">Performan\u021b\u0103 excelent\u0103, u\u0219or \u0219i convenabil<\/h2>\n<p data-v-md-line=\"9\">Miezul Radiance utilizeaz\u0103 bobine cu plas\u0103 dubl\u0103 pentru a se asigura c\u0103 fiecare mu\u0219c\u0103tur\u0103 are un gust pur \u0219i complet. De la prima la ultima mu\u0219c\u0103tur\u0103, gustul r\u0103m\u00e2ne constant. C\u00e2nd bateria este desc\u0103rcat\u0103, aceasta poate fi \u00eenc\u0103rcat\u0103 utiliz\u00e2nd un cablu de date Type-C. Poate fi la fel ca utilizarea telefonului. Este simplu.<\/p>\n<h2 data-v-md-heading=\"specification-overview\" data-v-md-line=\"11\">Prezentare general\u0103 a specifica\u021biilor<\/h2>\n<p data-v-md-line=\"12\"><strong>Num\u0103r de aspira\u021bii<\/strong>: p\u00e2n\u0103 la 31000 de aspira\u021bii<br \/>\n<strong>Nicotine<\/strong>: 0%, 2% \u0219i 5% op\u021bional (furnizarea specific\u0103 poate varia \u00een func\u021bie de \u021bar\u0103\/regiune)<br \/>\n<strong>Miez de atomizare<\/strong>: Double mesh<br \/>\n<strong>Battery<\/strong>: Baterie re\u00eenc\u0103rcabil\u0103 950mAh<br \/>\n<strong>capacitate e-lichid<\/strong>: 28 mililitri<br \/>\n<strong>\u00cenc\u0103rcare<\/strong>Interfa\u021b\u0103 USB standard de tip C<br \/>\n<strong>Stare<\/strong>Gata de utilizare dup\u0103 despachetare<\/p>\n<h2 data-v-md-heading=\"full-range-of-flavors\" data-v-md-line=\"20\">Gam\u0103 complet\u0103 de arome<\/h2>\n<ul data-v-md-line=\"21\">\n<li>Arom\u0103 de afine \u0219i cire\u0219e<\/li>\n<li>Blueberry smoothie flavor<\/li>\n<li>Arom\u0103 de fructe de p\u0103dure de cire\u0219e<\/li>\n<li>Arom\u0103 dubl\u0103 de m\u0103r<\/li>\n<li>Arom\u0103 de sifon Cherry Cola<\/li>\n<li>Arom\u0103 hawaian\u0103<\/li>\n<li>Arom\u0103 de fructe de p\u0103dure mixte<\/li>\n<li>Strawberry Strange Fruit Flavor<\/li>\n<li>Arom\u0103 de afine \u0219i zmeur\u0103 acr\u0103<\/li>\n<li>Fructul pasiunii Arom\u0103 ciudat\u0103 de fructe<\/li>\n<li>Peach and Pineapple Flavor<\/li>\n<li>C\u0103p\u0219uni, zmeur\u0103, cire\u0219e arom\u0103 de smoothie<\/li>\n<li>Smoothie de var\u0103 cu piersici<\/li>\n<li>Smoothie cu pepene verde<\/li>\n<li>Smoothie de c\u0103p\u0219uni<\/li>\n<\/ul>\n<h2 data-v-md-heading=\"for-you-for-your-business\" data-v-md-line=\"37\">Pentru tine, pentru afacerea ta<\/h2>\n<p data-v-md-line=\"38\">Pute\u021bi achizi\u021biona un dispozitiv pentru uz personal sau pute\u021bi face stocuri pentru magazinul dumneavoastr\u0103. Oferim ambalaje en-gros, astfel \u00eenc\u00e2t s\u0103 pute\u021bi plasa comenzi \u00een vrac cu aprovizionare fiabil\u0103. Oferim servicii de livrare DDP prin parteneri de \u00eencredere precum UPS, DPD \u0219i DHL, astfel \u00eenc\u00e2t tarifele pot fi procesate \u00een avans pentru a evita situa\u021biile neprev\u0103zute la vam\u0103.<\/p>\n<p data-v-md-line=\"40\">Reglement\u0103rile variaz\u0103 \u00een Europa. Concentra\u021bia de nicotin\u0103 \u0219i oferta pot varia \u00een func\u021bie de \u021bar\u0103\/regiune. V\u0103 rug\u0103m s\u0103 verifica\u021bi reglement\u0103rile locale \u00eenainte de cump\u0103rare. Dac\u0103 ave\u021bi \u00eentreb\u0103ri, v\u0103 rug\u0103m s\u0103 ne contacta\u021bi.<\/p>\n<h2 data-v-md-heading=\"why-do-you-like-it\" data-v-md-line=\"42\">De ce \u00ee\u021bi place?<\/h2>\n<p data-v-md-line=\"43\"><strong>Calibru mare:<\/strong>\u00a0Cartu\u0219ele de fum dureaz\u0103 mai mult \u0219i nu necesit\u0103 achizi\u021bionarea frecvent\u0103 de cartu\u0219e noi.<br \/>\n<strong>Selectarea concentra\u021biei de nicotin\u0103:<\/strong>\u00a0Alege\u021bi o concentra\u021bie de 0%, 2% sau 5% \u00een func\u021bie de preferin\u021b\u0103.<br \/>\n<strong>Baterie re\u00eenc\u0103rcabil\u0103:<\/strong>\u00a0Use up all purchased e-liquid in one go.<br \/>\n<strong>Miez de atomizare cu plas\u0103 dubl\u0103:<\/strong>\u00a0Men\u021bine\u021bi \u00eentotdeauna un gust consistent.<br \/>\n<strong>\u00cenc\u0103rcare tip C:<\/strong>\u00a0Cu un singur cablu de date, v\u0103 pute\u021bi ocupa cu u\u0219urin\u021b\u0103 de toate \u0219i v\u0103 pute\u021bi face via\u021ba mai u\u0219oar\u0103.<br \/>\n<strong>Ecran animat:<\/strong>\u00a0Efectele vizuale inteligente fac fiecare utilizare mai atractiv\u0103.<\/p>\n<h2 data-v-md-heading=\"why-collaborate-with-agoravape\" data-v-md-line=\"50\">De ce s\u0103 colaborezi cu AgoraVape?<\/h2>\n<p data-v-md-line=\"51\">Vindem numai produse originale 100% de la furnizori de renume. Clien\u021bii Enterprise se pot bucura de pre\u021buri en-gros reduse, asisten\u021b\u0103 fiabil\u0103 pentru clien\u021bi \u0219i servicii de livrare rapide \u0219i fiabile \u00een Europa. Bine a\u021bi venit s\u0103 ne contacta\u021bi pentru a afla mai multe despre produsele de vape JNR Radiance 31K cu ecrane animate, oferind clien\u021bilor dvs. un dispozitiv care merit\u0103 r\u0103scump\u0103rat.<\/p>\n<p><script src=\"chrome-extension:\/\/fpelahbljekknahkcaegamhcndkfpfnc\/iFrame.js\" type=\"text\/javascript\"><\/script><\/p>\n<p><script src=\"chrome-extension:\/\/fpelahbljekknahkcaegamhcndkfpfnc\/iFrame.js\" type=\"text\/javascript\"><\/script><\/p>\n<p><script src=\"chrome-extension:\/\/fpelahbljekknahkcaegamhcndkfpfnc\/iFrame.js\" type=\"text\/javascript\"><\/script><\/p>","protected":false},"excerpt":{"rendered":"<p>&nbsp;<\/p>\n<p><script src=\"chrome-extension:\/\/fpelahbljekknahkcaegamhcndkfpfnc\/iFrame.js\" type=\"text\/javascript\"><\/script><\/p>\n<p><script src=\"chrome-extension:\/\/fpelahbljekknahkcaegamhcndkfpfnc\/iFrame.js\" type=\"text\/javascript\"><\/script><\/p>\n<p><script src=\"chrome-extension:\/\/fpelahbljekknahkcaegamhcndkfpfnc\/iFrame.js\" type=\"text\/javascript\"><\/script><\/p>\n<p><script src=\"chrome-extension:\/\/fpelahbljekknahkcaegamhcndkfpfnc\/iFrame.js\" type=\"text\/javascript\"><\/script><\/p>\n<p><script src=\"chrome-extension:\/\/fpelahbljekknahkcaegamhcndkfpfnc\/iFrame.js\" type=\"text\/javascript\"><\/script><\/p>\n<p><script src=\"chrome-extension:\/\/fpelahbljekknahkcaegamhcndkfpfnc\/iFrame.js\" type=\"text\/javascript\"><\/script><\/p>\n<p><script src=\"chrome-extension:\/\/fpelahbljekknahkcaegamhcndkfpfnc\/iFrame.js\" type=\"text\/javascript\"><\/script><\/p>\n<p><script src=\"chrome-extension:\/\/fpelahbljekknahkcaegamhcndkfpfnc\/iFrame.js\" type=\"text\/javascript\"><\/script><\/p>\n<p><script src=\"chrome-extension:\/\/fpelahbljekknahkcaegamhcndkfpfnc\/iFrame.js\" type=\"text\/javascript\"><\/script><\/p>\n<p><script src=\"chrome-extension:\/\/fpelahbljekknahkcaegamhcndkfpfnc\/iFrame.js\" type=\"text\/javascript\"><\/script><\/p>\n<p><script src=\"chrome-extension:\/\/fpelahbljekknahkcaegamhcndkfpfnc\/iFrame.js\" type=\"text\/javascript\"><\/script><\/p>\n<p><script src=\"chrome-extension:\/\/fpelahbljekknahkcaegamhcndkfpfnc\/iFrame.js\" type=\"text\/javascript\"><\/script><\/p>","protected":false},"featured_media":15637,"comment_status":"open","ping_status":"closed","template":"","meta":[],"product_brand":[225],"product_cat":[124,187,185,189,176,177,174,175,152,193,191,179,173,186,180,190,192],"product_tag":[],"class_list":{"0":"post-15611","1":"product","2":"type-product","3":"status-publish","4":"has-post-thumbnail","6":"product_brand-jnr","7":"product_cat-vape-by-brand","8":"product_cat-0mg-nicotine-free-vapes","9":"product_cat-10000-puffs-high-capacity","10":"product_cat-20mg-standard-nicotine-vapes","11":"product_cat-beverage","12":"product_cat-dessert-sweets","13":"product_cat-fruit-flavors","14":"product_cat-icy-mint","15":"product_cat-jnr","16":"product_cat-mesh-coil","17":"product_cat-rechargeable-disposables","18":"product_cat-unique-blends","19":"product_cat-vape-by-flavor-profile","20":"product_cat-vape-by-nicotine-strength","21":"product_cat-vape-by-puff-count","22":"product_cat-vape-by-feature-or-type","23":"product_cat-vapes-with-screens","25":"first","26":"onbackorder","27":"shipping-taxable","28":"purchasable","29":"product-type-variable","30":"has-default-attributes"},"tiered_pricing_type":"percentage","tiered_pricing_fixed_rules":[],"tiered_pricing_product_settings":{"layout":"default","base_unit_name":{"singular":null,"plural":null},"default_variation":null},"tiered_pricing_minimum_quantity":10,"tiered_pricing_roles_data":[],"tiered_pricing_percentage_rules":{"50":"35","100":"40","200":"44","500":"47","1000":"49"},"tiered_pricing_maximum_quantity":null,"tiered_pricing_quantity_step":"10","_links":{"self":[{"href":"https:\/\/agoravape.com\/ro\/wp-json\/wp\/v2\/product\/15611","targetHints":{"allow":["GET"]}}],"collection":[{"href":"https:\/\/agoravape.com\/ro\/wp-json\/wp\/v2\/product"}],"about":[{"href":"https:\/\/agoravape.com\/ro\/wp-json\/wp\/v2\/types\/product"}],"replies":[{"embeddable":true,"href":"https:\/\/agoravape.com\/ro\/wp-json\/wp\/v2\/comments?post=15611"}],"version-history":[{"count":0,"href":"https:\/\/agoravape.com\/ro\/wp-json\/wp\/v2\/product\/15611\/revisions"}],"wp:featuredmedia":[{"embeddable":true,"href":"https:\/\/agoravape.com\/ro\/wp-json\/wp\/v2\/media\/15637"}],"wp:attachment":[{"href":"https:\/\/agoravape.com\/ro\/wp-json\/wp\/v2\/media?parent=15611"}],"wp:term":[{"taxonomy":"product_brand","embeddable":true,"href":"https:\/\/agoravape.com\/ro\/wp-json\/wp\/v2\/product_brand?post=15611"},{"taxonomy":"product_cat","embeddable":true,"href":"https:\/\/agoravape.com\/ro\/wp-json\/wp\/v2\/product_cat?post=15611"},{"taxonomy":"product_tag","embeddable":true,"href":"https:\/\/agoravape.com\/ro\/wp-json\/wp\/v2\/product_tag?post=15611"}],"curies":[{"name":"wp","href":"https:\/\/api.w.org\/{rel}","templated":true}]}}