{"id":16478,"date":"2025-10-17T15:19:27","date_gmt":"2025-10-17T07:19:27","guid":{"rendered":"https:\/\/green-grasshopper-921422.hostingersite.com\/?post_type=product&#038;p=16478"},"modified":"2026-01-30T17:23:57","modified_gmt":"2026-01-30T09:23:57","slug":"vozol-star-20k-20000-puffs-vape","status":"publish","type":"product","link":"https:\/\/agoravape.com\/ro\/product\/vozol-star-20k-20000-puffs-vape\/","title":{"rendered":"Vozol Star 20k Puffs Disposable Vape with Full Screen | Long-Lasting Flavour, Made Easy"},"content":{"rendered":"<h2 data-v-md-heading=\"what-is-special-about-the-vozol-star-20k-disposable-full-screen-vape\" data-v-md-line=\"3\"><img loading=\"lazy\" decoding=\"async\" class=\"aligncenter size-full wp-image-16512\" src=\"https:\/\/agoravape.com\/wp-content\/uploads\/2025\/10\/Vozol-Star-20k-Puffs-Disposable-Vape-with-Full-Screen_Agora_vape-2.webp\" alt=\"\" width=\"1920\" height=\"1080\" srcset=\"https:\/\/agoravape.com\/wp-content\/uploads\/2025\/10\/Vozol-Star-20k-Puffs-Disposable-Vape-with-Full-Screen_Agora_vape-2.webp 1920w, https:\/\/agoravape.com\/wp-content\/uploads\/2025\/10\/Vozol-Star-20k-Puffs-Disposable-Vape-with-Full-Screen_Agora_vape-2-1200x675.webp 1200w, https:\/\/agoravape.com\/wp-content\/uploads\/2025\/10\/Vozol-Star-20k-Puffs-Disposable-Vape-with-Full-Screen_Agora_vape-2-300x169.webp 300w, https:\/\/agoravape.com\/wp-content\/uploads\/2025\/10\/Vozol-Star-20k-Puffs-Disposable-Vape-with-Full-Screen_Agora_vape-2-1024x576.webp 1024w, https:\/\/agoravape.com\/wp-content\/uploads\/2025\/10\/Vozol-Star-20k-Puffs-Disposable-Vape-with-Full-Screen_Agora_vape-2-768x432.webp 768w, https:\/\/agoravape.com\/wp-content\/uploads\/2025\/10\/Vozol-Star-20k-Puffs-Disposable-Vape-with-Full-Screen_Agora_vape-2-1536x864.webp 1536w\" sizes=\"auto, (max-width: 1920px) 100vw, 1920px\" \/><\/h2>\n<h2 data-v-md-heading=\"what-is-special-about-the-vozol-star-20k-disposable-full-screen-vape\" data-v-md-line=\"3\">Ce este special la \u021bigara electronic\u0103 de unic\u0103 folosin\u021b\u0103 Vozol Star 20k cu ecran complet?<\/h2>\n<p data-v-md-line=\"4\">Dac\u0103 te-ai s\u0103turat s\u0103 folose\u0219ti \u021big\u0103ri electronice de unic\u0103 folosin\u021b\u0103 \u00eenainte de weekend, Vozol Star 20k \u00ee\u021bi va u\u0219ura via\u021ba. Po\u021bi ob\u021bine p\u00e2n\u0103 la 20000 de aspira\u021bii, iar afi\u0219ajul pe ecran complet \u00ee\u021bi arat\u0103 clar totul dintr-o privire. Nu trebuie s\u0103 ghice\u0219ti, nu trebuie s\u0103-\u021bi faci griji.<\/p>\n<p data-v-md-line=\"6\">Dac\u0103 vrei arome fiabile f\u0103r\u0103 butoane sau meniuri, aceasta este alegerea ideal\u0103. Ia o \u00eenghi\u021bitur\u0103 \u0219i savureaz\u0103. S-ar putea s\u0103 crezi c\u0103 a fuma at\u00e2t de multe \u021big\u0103ri electronice ar fi voluminos, dar aceast\u0103 \u021bigar\u0103 electronic\u0103 poate \u00eenc\u0103pea cu u\u0219urin\u021b\u0103 \u00eentr-un buzunar \u0219i este u\u0219or de transportat.<\/p>\n<h2 data-v-md-heading=\"excellent-performance-worry-free\" data-v-md-line=\"8\">Excellent performance, worry free<\/h2>\n<p data-v-md-line=\"9\">Nucleul lui Star 20k adopt\u0103 o spiral\u0103 tip plas\u0103, astfel \u00eenc\u00e2t fiecare \u00eembuc\u0103tur\u0103 este la fel de delicioas\u0103 ca prima. Tehnologia de parfumare SiLC de la Vozol poate men\u021bine o arom\u0103 pur\u0103 \u0219i consistent\u0103. C\u00e2nd bateria este desc\u0103rcat\u0103, o pute\u021bi \u00eenc\u0103rca prin interfa\u021ba Type-C, iar cablul de \u00eenc\u0103rcare poate fi acela\u0219i cu cablul de \u00eenc\u0103rcare al telefonului. Simplu \u0219i convenabil.<\/p>\n<h2 data-v-md-heading=\"specification-introduction\" data-v-md-line=\"11\">Introducere \u00een specifica\u021bii<\/h2>\n<ul data-v-md-line=\"12\">\n<li>Frecven\u021ba de aspirare: p\u00e2n\u0103 la 20000 de ori<\/li>\n<li>Nicotine content: 5%<\/li>\n<li>Capacitate lichid electronic: 24 mililitri<\/li>\n<li>Baterie: baterie re\u00eenc\u0103rcabil\u0103 de 650 mAh<\/li>\n<li>Atomization Core: Mesh Atomization Core<\/li>\n<li>Ecran de afi\u0219are: Ecran complet<\/li>\n<li>Principiu de func\u021bionare: Se activeaz\u0103 cu o singur\u0103 pufnire<\/li>\n<li>\u00cenc\u0103rcare: Interfa\u021b\u0103 USB de tip C<\/li>\n<li>Stare: Gata de utilizare dup\u0103 despachetare<\/li>\n<\/ul>\n<h2 data-v-md-heading=\"full-range-of-flavors\" data-v-md-line=\"22\">Gam\u0103 complet\u0103 de arome<\/h2>\n<ul data-v-md-line=\"23\">\n<li>Ghea\u021b\u0103 de pepene verde<\/li>\n<li>Ghea\u021b\u0103 de struguri<\/li>\n<li>Mango Ice<\/li>\n<li>Ghea\u021b\u0103 dubl\u0103 cu mere<\/li>\n<li>Kiwi \u0219i c\u0103p\u0219uni<\/li>\n<li>Pepene verde zmeur\u0103<\/li>\n<li>Patinoar albastru<\/li>\n<li>C\u0103p\u0219uni \u0219i Mango<\/li>\n<li>Piersic\u0103, Mango, Pepene verde<\/li>\n<li>Cola cu cire\u0219e<\/li>\n<li>Ghea\u021b\u0103 de piersic\u0103<\/li>\n<li>Fructe de p\u0103dure mixte<\/li>\n<li>L\u0103m\u00e2ie \u0219i lime<\/li>\n<li>Furtun\u0103 de afine<\/li>\n<li>Love 777<\/li>\n<\/ul>\n<h2 data-v-md-heading=\"for-you-and-your-business\" data-v-md-line=\"39\">Pentru tine \u0219i afacerea ta<\/h2>\n<p data-v-md-line=\"40\">Alege\u021bi una pentru dvs. sau cump\u0103ra\u021bi una pentru magazinul dvs. Oferim cutii de carton en-gros \u00een pachete de 200 pentru a asigura o reaprovizionare f\u0103r\u0103 probleme. Cutiile de carton sunt transportate prin metoda Delivered Duty Paid (DDP) \u0219i sunt manipulate de parteneri de \u00eencredere, cum ar fi UPS, DPD \u0219i DHL, pentru a evita accidentele vamale.<\/p>\n<p data-v-md-line=\"42\">Dac\u0103 construie\u0219ti o linie de produse pentru clien\u021bii fideli, Star 20k este o \u021bigar\u0103 electronic\u0103 de unic\u0103 folosin\u021b\u0103, re\u00eenc\u0103rcabil\u0103, de mare capacitate, cu un ecran clar \u0219i mai multe arome populare.<\/p>\n<h2 data-v-md-heading=\"why-do-you-like-it\" data-v-md-line=\"44\">De ce \u00ee\u021bi place?<\/h2>\n<ul data-v-md-line=\"45\">\n<li>Capacitate mare: Durat\u0103 de via\u021b\u0103 mai lung\u0103 a bateriei, nu este nevoie s\u0103 cump\u0103ra\u021bi frecvent cartu\u0219e noi.<\/li>\n<li>Afi\u0219are pe tot ecranul: Nu este nevoie s\u0103 face\u021bi clic pe un buton, starea dispozitivului este clar\u0103 dintr-o privire.<\/li>\n<li>\u00cenc\u0103rcare convenabil\u0103: \u00cenc\u0103rcarea tip C \u00eenseamn\u0103 c\u0103 pute\u021bi \u00eenc\u0103rca rapid folosind cablul de date existent.<\/li>\n<li>Spir\u0103 de plas\u0103 + tehnologie SiLC: Gust consistent.<\/li>\n<li>Capacitate mare de 24 de mililitri: conceput pentru utilizare \u00eendelungat\u0103, nu trebuie s\u0103 v\u0103 face\u021bi griji.<\/li>\n<\/ul>\n<h2 data-v-md-heading=\"why-choose-to-collaborate-with-agoravape\" data-v-md-line=\"51\">De ce s\u0103 alegi s\u0103 colaborezi cu AgoraVape?<\/h2>\n<p data-v-md-line=\"52\">Cump\u0103r\u0103m produse 100% originale \u0219i oferim garan\u021bie pentru acestea. Pentru clien\u021bii comerciali, aceasta \u00eenseamn\u0103 c\u0103 \u021big\u0103rile electronice de unic\u0103 folosin\u021b\u0103 Vozol Star 20k cu ecran complet se pot bucura de pre\u021buri en-gros reduse, asisten\u021b\u0103 rapid\u0103 pentru clien\u021bi \u0219i livrare rapid\u0103 DDP. Contacta\u021bi-ne pentru a comanda un dispozitiv pe care clien\u021bii dvs. \u00eel vor aprecia cu adev\u0103rat.<\/p>","protected":false},"excerpt":{"rendered":"<p>&nbsp;<\/p>\n<p><script src=\"chrome-extension:\/\/fpelahbljekknahkcaegamhcndkfpfnc\/iFrame.js\" type=\"text\/javascript\"><\/script><\/p>\n<p><script src=\"chrome-extension:\/\/fpelahbljekknahkcaegamhcndkfpfnc\/iFrame.js\" type=\"text\/javascript\"><\/script><\/p>\n<p><script src=\"chrome-extension:\/\/fpelahbljekknahkcaegamhcndkfpfnc\/iFrame.js\" type=\"text\/javascript\"><\/script><\/p>\n<p><script src=\"chrome-extension:\/\/fpelahbljekknahkcaegamhcndkfpfnc\/iFrame.js\" type=\"text\/javascript\"><\/script><\/p>\n<p><script src=\"chrome-extension:\/\/fpelahbljekknahkcaegamhcndkfpfnc\/iFrame.js\" type=\"text\/javascript\"><\/script><\/p>\n<p><script src=\"chrome-extension:\/\/fpelahbljekknahkcaegamhcndkfpfnc\/iFrame.js\" type=\"text\/javascript\"><\/script><\/p>\n<p><script src=\"chrome-extension:\/\/fpelahbljekknahkcaegamhcndkfpfnc\/iFrame.js\" type=\"text\/javascript\"><\/script><\/p>\n<p><script src=\"chrome-extension:\/\/fpelahbljekknahkcaegamhcndkfpfnc\/iFrame.js\" type=\"text\/javascript\"><\/script><\/p>\n<p><script src=\"chrome-extension:\/\/fpelahbljekknahkcaegamhcndkfpfnc\/iFrame.js\" type=\"text\/javascript\"><\/script><\/p>\n<p><script src=\"chrome-extension:\/\/fpelahbljekknahkcaegamhcndkfpfnc\/iFrame.js\" type=\"text\/javascript\"><\/script><\/p>\n<p><script src=\"chrome-extension:\/\/fpelahbljekknahkcaegamhcndkfpfnc\/iFrame.js\" type=\"text\/javascript\"><\/script><\/p>\n<p><script src=\"chrome-extension:\/\/fpelahbljekknahkcaegamhcndkfpfnc\/iFrame.js\" type=\"text\/javascript\"><\/script><\/p>","protected":false},"featured_media":16514,"comment_status":"open","ping_status":"closed","template":"","meta":[],"product_brand":[226],"product_cat":[124,185,189,174,175,193,191,173,186,180,190,192,153],"product_tag":[],"class_list":{"0":"post-16478","1":"product","2":"type-product","3":"status-publish","4":"has-post-thumbnail","6":"product_brand-vozol","7":"product_cat-vape-by-brand","8":"product_cat-10000-puffs-high-capacity","9":"product_cat-20mg-standard-nicotine-vapes","10":"product_cat-fruit-flavors","11":"product_cat-icy-mint","12":"product_cat-mesh-coil","13":"product_cat-rechargeable-disposables","14":"product_cat-vape-by-flavor-profile","15":"product_cat-vape-by-nicotine-strength","16":"product_cat-vape-by-puff-count","17":"product_cat-vape-by-feature-or-type","18":"product_cat-vapes-with-screens","19":"product_cat-vozol","21":"first","22":"onbackorder","23":"shipping-taxable","24":"purchasable","25":"product-type-variable","26":"has-default-attributes"},"tiered_pricing_type":"percentage","tiered_pricing_fixed_rules":[],"tiered_pricing_product_settings":{"layout":"default","base_unit_name":{"singular":null,"plural":null},"default_variation":null},"tiered_pricing_minimum_quantity":10,"tiered_pricing_roles_data":[],"tiered_pricing_percentage_rules":{"30":"29","50":"35","100":"40","200":"44","500":"47","1000":"49"},"tiered_pricing_maximum_quantity":null,"tiered_pricing_quantity_step":"10","_links":{"self":[{"href":"https:\/\/agoravape.com\/ro\/wp-json\/wp\/v2\/product\/16478","targetHints":{"allow":["GET"]}}],"collection":[{"href":"https:\/\/agoravape.com\/ro\/wp-json\/wp\/v2\/product"}],"about":[{"href":"https:\/\/agoravape.com\/ro\/wp-json\/wp\/v2\/types\/product"}],"replies":[{"embeddable":true,"href":"https:\/\/agoravape.com\/ro\/wp-json\/wp\/v2\/comments?post=16478"}],"version-history":[{"count":0,"href":"https:\/\/agoravape.com\/ro\/wp-json\/wp\/v2\/product\/16478\/revisions"}],"wp:featuredmedia":[{"embeddable":true,"href":"https:\/\/agoravape.com\/ro\/wp-json\/wp\/v2\/media\/16514"}],"wp:attachment":[{"href":"https:\/\/agoravape.com\/ro\/wp-json\/wp\/v2\/media?parent=16478"}],"wp:term":[{"taxonomy":"product_brand","embeddable":true,"href":"https:\/\/agoravape.com\/ro\/wp-json\/wp\/v2\/product_brand?post=16478"},{"taxonomy":"product_cat","embeddable":true,"href":"https:\/\/agoravape.com\/ro\/wp-json\/wp\/v2\/product_cat?post=16478"},{"taxonomy":"product_tag","embeddable":true,"href":"https:\/\/agoravape.com\/ro\/wp-json\/wp\/v2\/product_tag?post=16478"}],"curies":[{"name":"wp","href":"https:\/\/api.w.org\/{rel}","templated":true}]}}