{"id":16575,"date":"2025-10-17T15:39:59","date_gmt":"2025-10-17T07:39:59","guid":{"rendered":"https:\/\/green-grasshopper-921422.hostingersite.com\/?post_type=product&#038;p=16575"},"modified":"2026-01-13T01:09:17","modified_gmt":"2026-01-12T17:09:17","slug":"vhill-dazzle-50000-puffs-vape","status":"publish","type":"product","link":"https:\/\/agoravape.com\/ro\/product\/vhill-dazzle-50000-puffs-vape\/","title":{"rendered":"Vhill Dazzle 50K Puffs cu ecran LCD \u0219i plas\u0103 dubl\u0103 | Arom\u0103 de lung\u0103 durat\u0103, simpl\u0103"},"content":{"rendered":"<h2 data-v-md-heading=\"what-are-the-special-features-of-vhill-dazzle-50k-suction-lcd-screen-dual-mesh-vape\" data-v-md-line=\"3\">Care sunt caracteristicile speciale ale Vhill Dazzle 50K aspira\u021bie LCD ecran dual mesh vape?<\/h2>\n<p data-v-md-line=\"4\">Dac\u0103 v-a\u021bi s\u0103turat s\u0103 \u00eenlocui\u021bi \u021big\u0103rile electronice de unic\u0103 folosin\u021b\u0103 la fiecare c\u00e2teva zile, acest produs v\u0103 poate salva o mul\u021bime de probleme. Vhill Dazzle este echipat cu baterii re\u00eenc\u0103rcabile \u0219i un ecran LCD, care poate realiza p\u00e2n\u0103 la 50000 de aspira\u021bii \u0219i este u\u0219or de utilizat.<\/p>\n<p data-v-md-line=\"6\">Dac\u0103 dori\u021bi o experien\u021b\u0103 de vapare u\u0219oar\u0103 \u0219i convenabil\u0103, men\u021bin\u00e2nd \u00een acela\u0219i timp un gust excelent, atunci acest produs este alegerea dvs. ideal\u0103. Alege\u021bi concentra\u021bia de nicotin\u0103 \u0219i aroma preferat\u0103 \u0219i apoi \u00eencepe\u021bi s\u0103 fuma\u021bi. Nu este nevoie de butoane, nu este nevoie de meniuri. Gust consistent, u\u0219or de \u00eenc\u0103rcat.<\/p>\n<h2 data-v-md-heading=\"excellent-performance-easy-and-convenient\" data-v-md-line=\"8\">Performan\u021b\u0103 excelent\u0103, u\u0219or \u0219i convenabil<\/h2>\n<p data-v-md-line=\"9\">Bobina cu ochiuri duble este nucleul acestui produs. Se \u00eenc\u0103lze\u0219te uniform, chiar \u0219i dup\u0103 mai multe s\u0103pt\u0103m\u00e2ni de utilizare, fiecare mu\u0219c\u0103tur\u0103 este la fel de pur\u0103 ca primul gust. Ecranele LCD ofer\u0103 informa\u021bii clare dintr-o privire, f\u0103c\u00e2nd utilizarea zilnic\u0103 mai convenabil\u0103. C\u00e2nd bateria este desc\u0103rcat\u0103, utiliza\u021bi pur \u0219i simplu cablul de date Type-C pe care \u00eel pute\u021bi avea deja pentru a v\u0103 conecta. U\u0219or de utilizat.<\/p>\n<h2 data-v-md-heading=\"specification-introduction\" data-v-md-line=\"11\">Introducere \u00een specifica\u021bii<\/h2>\n<ul data-v-md-line=\"12\">\n<li>Frecven\u021ba de aspirare: p\u00e2n\u0103 la 50000 de ori<\/li>\n<li>Concentra\u021bie de nicotin\u0103: 2% \u0219i 5% op\u021bional<\/li>\n<li>Principiu de func\u021bionare: Activat prin inhalare<\/li>\n<li>\u00cenc\u0103rcare: Port USB standard de tip C<\/li>\n<li>Stare: Gata de utilizare imediat ce este scoas\u0103 din cutie<\/li>\n<li>Miez de atomizare: plas\u0103 dubl\u0103 de 1,0 \u03a9<\/li>\n<li>Baterie: baterie re\u00eenc\u0103rcabil\u0103 de 850 mAh<\/li>\n<li>Capacitate E-liquid: aproximativ 40 mililitri<\/li>\n<li>Ecran de afi\u0219are: ecran LCD<\/li>\n<li>Admisie de aer: reglabil\u0103<\/li>\n<\/ul>\n<h2 data-v-md-heading=\"full-flavor-series\" data-v-md-line=\"23\">Serie cu arom\u0103 complet\u0103<\/h2>\n<p data-v-md-line=\"24\">Nicotin\u0103 2%:<\/p>\n<ul data-v-md-line=\"25\">\n<li>Arom\u0103 de piersic\u0103 \u0219i pepene verde<\/li>\n<li>Black Dragon Ice Fire Dragon Fruit Strawberry Flavor<\/li>\n<li>Arom\u0103 de aloe \u0219i struguri<\/li>\n<li>Arom\u0103 de fructe de p\u0103dure mixte<\/li>\n<li>Ghea\u021b\u0103 de piersic\u0103<\/li>\n<li>C\u0103p\u0219uni Zmeur\u0103 Cire\u0219e \u00cenghe\u021bat\u0103<\/li>\n<li>Red Bull Ice<\/li>\n<li>Arom\u0103 de kiwi, fructul pasiunii, guava<\/li>\n<li>Lemon and lime flavor<\/li>\n<li>Strawberry and watermelon flavor<\/li>\n<li>Ghea\u021b\u0103 de pepene verde<\/li>\n<li>Blueberry and raspberry flavor<\/li>\n<\/ul>\n<p data-v-md-line=\"38\">5% Nicotin\u0103:<\/p>\n<ul data-v-md-line=\"39\">\n<li>Lemon and lime flavor<\/li>\n<li>Black Dragon Ice Fire Dragon Fruit Strawberry Flavor<\/li>\n<li>Arom\u0103 de fructe de p\u0103dure mixte<\/li>\n<li>Red Bull Ice<\/li>\n<li>Strawberry and watermelon flavor<\/li>\n<li>Blueberry and raspberry flavor<\/li>\n<li>C\u0103p\u0219uni Zmeur\u0103 Cire\u0219e \u00cenghe\u021bat\u0103<\/li>\n<li>Arom\u0103 de aloe \u0219i struguri<\/li>\n<li>Arom\u0103 de piersic\u0103 \u0219i pepene verde<\/li>\n<\/ul>\n<h2 data-v-md-heading=\"for-you-and-your-business\" data-v-md-line=\"49\">Pentru tine \u0219i afacerea ta<\/h2>\n<p data-v-md-line=\"50\">Dac\u0103 dori\u021bi doar un vaporizator fiabil \u0219i durabil, pute\u021bi alege <a class=\"wpil_keyword_link\" title=\"Vhill\" href=\"https:\/\/agoravape.com\/ro\/marca\/vhill\/\" data-wpil-keyword-link=\"linked\" data-wpil-monitor-id=\"35\">Vhill<\/a> Dazzle 50K pentru uz personal. Dac\u0103 de\u021bine\u021bi un magazin, pute\u021bi achizi\u021biona cutii de carton en gros, con\u021bin\u00e2nd 200 de buc\u0103\u021bi fiecare, ceea ce poate simplifica procesul de reaprovizionare \u0219i cre\u0219te profiturile.<\/p>\n<p data-v-md-line=\"52\">Oferim servicii de livrare DDP \u00een \u00eentreaga Europ\u0103 prin parteneri de \u00eencredere precum UPS, DPD \u0219i DHL, asigur\u00e2nd o livrare rapid\u0103 \u0219i evit\u00e2nd accidentele vamale. Pentru confortul planific\u0103rii \u0219i depozit\u0103rii, dimensiunea principal\u0103 a cutiei de carton este de 645 \u00d7 335 \u00d7 256 milimetri, cu o greutate brut\u0103 de aproximativ 22 de kilograme.<\/p>\n<h2 data-v-md-heading=\"why-do-you-like-it\" data-v-md-line=\"54\">De ce \u00ee\u021bi place?<\/h2>\n<ul data-v-md-line=\"55\">\n<li>Capacitate mare de fumat: durabil\u0103 \u0219i de lung\u0103 durat\u0103, nu este nevoie s\u0103 cump\u0103ra\u021bi frecvent \u021big\u0103ri noi.<\/li>\n<li>Selectarea con\u021binutului de nicotin\u0103: Alege\u021bi un con\u021binut de nicotin\u0103 de 2% sau 5% \u00een func\u021bie de preferin\u021bele dvs.<\/li>\n<li>Re\u00eenc\u0103rcabil\u0103: Pute\u021bi utiliza e-lichidul achizi\u021bionat f\u0103r\u0103 a-l arunca \u00een avans.<\/li>\n<li>Bobin\u0103 cu plas\u0103: Bobina de plas\u0103 cu dou\u0103 straturi asigur\u0103 un gust constant \u00een orice moment.<\/li>\n<li>Ecran de afi\u0219are LCD convenabil: Informa\u021bii clare \u0219i rapide dintr-o privire, care v\u0103 permit s\u0103 controla\u021bi totul.<\/li>\n<li>Flux de aer reglabil: Regla\u021bi cu u\u0219urin\u021b\u0103 aspira\u021bia.<\/li>\n<li>\u00cenc\u0103rcare de tip C: \u00cen majoritatea cazurilor, utiliza\u021bi acela\u0219i cablu de date ca \u0219i telefonul.<\/li>\n<\/ul>\n<h2 data-v-md-heading=\"why-choose-to-collaborate-with-agoravape\" data-v-md-line=\"63\">De ce s\u0103 alegi s\u0103 colaborezi cu AgoraVape?<\/h2>\n<p data-v-md-line=\"64\">Oferim numai produse autentice 100% \u0219i oferim suport de \u00eencredere \u0219i pre\u021buri en-gros reduse. Logistica noastr\u0103 este rapid\u0103 \u0219i fiabil\u0103, ceea ce \u00eenseamn\u0103 c\u0103 Vhill Dazzle 50K LCD screen dual mesh vape poate fi livrat la timp \u0219i v\u00e2ndut imediat. Dori\u021bi s\u0103 \u00eel lista\u021bi imediat? V\u0103 rug\u0103m s\u0103 furniza\u021bi SKU vhill-Dazzle-50000-puffs pentru a ne contacta \u0219i v\u0103 vom procesa comanda c\u00e2t mai cur\u00e2nd posibil.<\/p>","protected":false},"excerpt":{"rendered":"<p>&nbsp;<\/p>\n<p><script src=\"chrome-extension:\/\/fpelahbljekknahkcaegamhcndkfpfnc\/iFrame.js\" type=\"text\/javascript\"><\/script><\/p>\n<p><script src=\"chrome-extension:\/\/fpelahbljekknahkcaegamhcndkfpfnc\/iFrame.js\" type=\"text\/javascript\"><\/script><\/p>\n<p><script src=\"chrome-extension:\/\/fpelahbljekknahkcaegamhcndkfpfnc\/iFrame.js\" type=\"text\/javascript\"><\/script><\/p>\n<p><script src=\"chrome-extension:\/\/fpelahbljekknahkcaegamhcndkfpfnc\/iFrame.js\" type=\"text\/javascript\"><\/script><\/p>\n<p><script src=\"chrome-extension:\/\/fpelahbljekknahkcaegamhcndkfpfnc\/iFrame.js\" type=\"text\/javascript\"><\/script><\/p>\n<p><script src=\"chrome-extension:\/\/fpelahbljekknahkcaegamhcndkfpfnc\/iFrame.js\" type=\"text\/javascript\"><\/script><\/p>\n<p><script src=\"chrome-extension:\/\/fpelahbljekknahkcaegamhcndkfpfnc\/iFrame.js\" type=\"text\/javascript\"><\/script><\/p>\n<p><script src=\"chrome-extension:\/\/fpelahbljekknahkcaegamhcndkfpfnc\/iFrame.js\" type=\"text\/javascript\"><\/script><\/p>\n<p><script src=\"chrome-extension:\/\/fpelahbljekknahkcaegamhcndkfpfnc\/iFrame.js\" type=\"text\/javascript\"><\/script><\/p>\n<p><script src=\"chrome-extension:\/\/fpelahbljekknahkcaegamhcndkfpfnc\/iFrame.js\" type=\"text\/javascript\"><\/script><\/p>\n<p><script src=\"chrome-extension:\/\/fpelahbljekknahkcaegamhcndkfpfnc\/iFrame.js\" type=\"text\/javascript\"><\/script><\/p>\n<p><script src=\"chrome-extension:\/\/fpelahbljekknahkcaegamhcndkfpfnc\/iFrame.js\" type=\"text\/javascript\"><\/script><\/p>","protected":false},"featured_media":16607,"comment_status":"open","ping_status":"closed","template":"","meta":[],"product_brand":[227],"product_cat":[124,185,189,1641,194,174,175,193,191,173,186,180,190,192,154],"product_tag":[],"class_list":{"0":"post-16575","1":"product","2":"type-product","3":"status-publish","4":"has-post-thumbnail","6":"product_brand-vhill","7":"product_cat-vape-by-brand","8":"product_cat-10000-puffs-high-capacity","9":"product_cat-20mg-standard-nicotine-vapes","10":"product_cat-50000-puffs","11":"product_cat-adjustable-airflow","12":"product_cat-fruit-flavors","13":"product_cat-icy-mint","14":"product_cat-mesh-coil","15":"product_cat-rechargeable-disposables","16":"product_cat-vape-by-flavor-profile","17":"product_cat-vape-by-nicotine-strength","18":"product_cat-vape-by-puff-count","19":"product_cat-vape-by-feature-or-type","20":"product_cat-vapes-with-screens","21":"product_cat-vhill","23":"first","24":"instock","25":"shipping-taxable","26":"purchasable","27":"product-type-variable","28":"has-default-attributes"},"tiered_pricing_type":"percentage","tiered_pricing_fixed_rules":[],"tiered_pricing_product_settings":{"layout":"default","base_unit_name":{"singular":null,"plural":null},"default_variation":null},"tiered_pricing_minimum_quantity":20,"tiered_pricing_roles_data":[],"tiered_pricing_percentage_rules":{"50":"35","100":"40","200":"44","500":"47","1000":"49"},"tiered_pricing_maximum_quantity":null,"tiered_pricing_quantity_step":"10","_links":{"self":[{"href":"https:\/\/agoravape.com\/ro\/wp-json\/wp\/v2\/product\/16575","targetHints":{"allow":["GET"]}}],"collection":[{"href":"https:\/\/agoravape.com\/ro\/wp-json\/wp\/v2\/product"}],"about":[{"href":"https:\/\/agoravape.com\/ro\/wp-json\/wp\/v2\/types\/product"}],"replies":[{"embeddable":true,"href":"https:\/\/agoravape.com\/ro\/wp-json\/wp\/v2\/comments?post=16575"}],"version-history":[{"count":0,"href":"https:\/\/agoravape.com\/ro\/wp-json\/wp\/v2\/product\/16575\/revisions"}],"wp:featuredmedia":[{"embeddable":true,"href":"https:\/\/agoravape.com\/ro\/wp-json\/wp\/v2\/media\/16607"}],"wp:attachment":[{"href":"https:\/\/agoravape.com\/ro\/wp-json\/wp\/v2\/media?parent=16575"}],"wp:term":[{"taxonomy":"product_brand","embeddable":true,"href":"https:\/\/agoravape.com\/ro\/wp-json\/wp\/v2\/product_brand?post=16575"},{"taxonomy":"product_cat","embeddable":true,"href":"https:\/\/agoravape.com\/ro\/wp-json\/wp\/v2\/product_cat?post=16575"},{"taxonomy":"product_tag","embeddable":true,"href":"https:\/\/agoravape.com\/ro\/wp-json\/wp\/v2\/product_tag?post=16575"}],"curies":[{"name":"wp","href":"https:\/\/api.w.org\/{rel}","templated":true}]}}