{"id":16622,"date":"2025-10-17T15:58:55","date_gmt":"2025-10-17T07:58:55","guid":{"rendered":"https:\/\/green-grasshopper-921422.hostingersite.com\/?post_type=product&#038;p=16622"},"modified":"2026-01-12T19:22:29","modified_gmt":"2026-01-12T11:22:29","slug":"vhill-ecran-complet-32000-puffs-vape","status":"publish","type":"product","link":"https:\/\/agoravape.com\/ro\/product\/vhill-full-screen-32000-puffs-vape\/","title":{"rendered":"Vhill Full Screen 32K Puffs Boost Mode Vape | Control pe ecran mare, gust de lung\u0103 durat\u0103"},"content":{"rendered":"<h2 data-v-md-heading=\"what-are-the-special-features-of-vhill-s-full-screen-32k-port-boost-mode-vape\" data-v-md-line=\"3\">Care sunt caracteristicile speciale ale \u021big\u0103rii electronice Vhill cu ecran complet \u0219i mod boost de 32K porturi?<\/h2>\n<p data-v-md-line=\"4\">Dac\u0103 te-ai s\u0103turat de \u021big\u0103rile electronice de unic\u0103 folosin\u021b\u0103 care pot fi consumate \u00eentr-o s\u0103pt\u0103m\u00e2n\u0103, merit\u0103 cu siguran\u021b\u0103 s\u0103 iei \u00een considerare aceast\u0103 \u021bigar\u0103 electronic\u0103. \u021aigara electronic\u0103 Vhill 32K cu ecran complet are o durat\u0103 de via\u021b\u0103 extrem de lung\u0103 a bateriei \u0219i este echipat\u0103 cu ecrane duble clare, permi\u021b\u00e2ndu-\u021bi s\u0103 verifici cu u\u0219urin\u021b\u0103 nivelul lichidului \u0219i al bateriei dintr-o privire. Nu este nevoie s\u0103 ghice\u0219ti, este u\u0219oar\u0103 \u0219i convenabil\u0103.<\/p>\n<p data-v-md-line=\"6\">Dac\u0103 preferi un gust fiabil \u0219i o utilizare zilnic\u0103 simpl\u0103, acest vaporizator este alegerea ideal\u0103. Dac\u0103 preferi o experien\u021b\u0103 de aspirare puternic\u0103, po\u021bi alege modul boost; dac\u0103 dore\u0219ti o experien\u021b\u0103 de aspirare lin\u0103 \u0219i stabil\u0103, po\u021bi alege modul normal.<\/p>\n<h2 data-v-md-heading=\"excellent-performance-easy-and-convenient\" data-v-md-line=\"8\">Performan\u021b\u0103 excelent\u0103, u\u0219or \u0219i convenabil<\/h2>\n<p data-v-md-line=\"9\">Rezistenta de 1,0 \u03a9 men\u021bine un gust consistent, f\u0103c\u00e2nd prima \u00eembuc\u0103tur\u0103 la fel de fin\u0103 ca a mia. C\u00e2nd bateria este desc\u0103rcat\u0103, pute\u021bi utiliza cablul de date Type-C existent pentru \u00eenc\u0103rcare, ceea ce \u00eel face mai convenabil de utilizat. Fluxul de aer reglabil v\u0103 permite s\u0103 ajusta\u021bi aspira\u021bia \u00een func\u021bie de preferin\u021be \u0219i s\u0103 afi\u0219a\u021bi informa\u021bii importante pe ecran complet \u00een timp real.<\/p>\n<h2 data-v-md-heading=\"specification-introduction\" data-v-md-line=\"11\">Introducere \u00een specifica\u021bii<\/h2>\n<ul data-v-md-line=\"12\">\n<li>Frecven\u021ba de aspirare: p\u00e2n\u0103 la 32000 de ori<\/li>\n<li>Capacitate lichid electronic: 35 mililitri<\/li>\n<li>Con\u021binut de nicotin\u0103: 2% sau 5% (oferta specific\u0103 poate varia \u00een func\u021bie de \u021bar\u0103\/regiune)<\/li>\n<li>Atomizing core: 1.0 \u03a9 mesh<\/li>\n<li>Moduri: Mod \u00cembun\u0103t\u0103\u021bit \u0219i Mod Normal<\/li>\n<li>Flux de aer: Reglabil<\/li>\n<li>Ecran de afi\u0219are: ecran dublu pentru e-lichid \u0219i nivelul bateriei<\/li>\n<li>\u00cenc\u0103rcare: Interfa\u021b\u0103 USB de tip C<\/li>\n<li>Principiu de func\u021bionare: Dispozitivul are un control al modului \u00eencorporat, u\u0219or de utilizat<\/li>\n<li>Stare: Gata de utilizare imediat ce este scoas\u0103 din cutie<\/li>\n<\/ul>\n<h2 data-v-md-heading=\"full-range-of-flavors\" data-v-md-line=\"23\">Gam\u0103 complet\u0103 de arome<\/h2>\n<ul data-v-md-line=\"24\">\n<li>Arom\u0103 de fructe de p\u0103dure mixte<\/li>\n<li>Arom\u0103 de s\u0103rb\u0103toare de mango<\/li>\n<li>Smoothie cu arom\u0103 de c\u0103p\u0219uni \u0219i zmeur\u0103<\/li>\n<li>Arom\u0103 de pepene verde cu zmeur\u0103<\/li>\n<li>Arom\u0103 de m\u0103r albastru<\/li>\n<li>Arom\u0103 de cire\u0219e, lime, zmeur\u0103<\/li>\n<li>Arom\u0103 de aloe \u0219i struguri<\/li>\n<li>Arom\u0103 de s\u00e2nge de dragon negru<\/li>\n<\/ul>\n<h2 data-v-md-heading=\"for-you-and-your-business\" data-v-md-line=\"33\">Pentru tine \u0219i afacerea ta<\/h2>\n<p data-v-md-line=\"34\">\u00cel po\u021bi folosi pentru uz personal sau po\u021bi achizi\u021biona un dispozitiv pentru magazin. \u00cel putem oferi <a class=\"wpil_keyword_link\" title=\"Vhill\" href=\"https:\/\/agoravape.com\/ro\/marca\/vhill\/\" data-wpil-keyword-link=\"linked\" data-wpil-monitor-id=\"34\">Vhill<\/a> Cutii de carton en-gros cu ecran complet de 32K \u0219i v\u0103 ajut\u0103 s\u0103 \u00een\u021belege\u021bi cantitatea \u0219i pre\u021bul actual al cutiilor de carton.<\/p>\n<p data-v-md-line=\"36\">Oferim servicii de livrare DDP pentru UPS, DPD \u0219i DHL, care sunt rapide \u0219i fiabile, permi\u021b\u00e2ndu-v\u0103 s\u0103 v\u0103 bucura\u021bi de servicii de livrare cu taxe pl\u0103tite \u0219i s\u0103 evita\u021bi accidentele vamale. Vom verifica vechimea produsului la finalizarea comenzii \u0219i vom respecta reglement\u0103rile locale, ceea ce \u00eenseamn\u0103 c\u0103 anumite concentra\u021bii de nicotin\u0103 sau arome pot varia \u00een func\u021bie de \u021bar\u0103\/regiune.<\/p>\n<h2 data-v-md-heading=\"why-do-you-like-it\" data-v-md-line=\"38\">De ce \u00ee\u021bi place?<\/h2>\n<ul data-v-md-line=\"39\">\n<li>Capacitate mare de aspirare: mai pu\u021bine \u00eenlocuiri, economisind timp \u0219i probleme.<\/li>\n<li>Selectarea concentra\u021biei de nicotin\u0103: Alege\u021bi 2% sau 5% \u00een func\u021bie de preferin\u021be.<\/li>\n<li>Re\u00eenc\u0103rcabil\u0103: Ceea ce folose\u0219ti de fapt este e-lichidul pentru care ai pl\u0103tit.<\/li>\n<li>Miez de atomizor tip plas\u0103: Gust consistent de la \u00eenceput p\u00e2n\u0103 la sf\u00e2r\u0219it.<\/li>\n<li>Informa\u021bii pe ecran complet: \u0218tii mereu nivelul r\u0103mas al bateriei \u0219i al lichidului pentru \u021bigara electronic\u0103.<\/li>\n<li>Mod \u00eembun\u0103t\u0103\u021bit \u0219i control al fluxului de aer: Pute\u021bi alege \u00eentre o for\u021b\u0103 de aspirare mai puternic\u0103 sau o experien\u021b\u0103 de aspirare mai lin\u0103.<\/li>\n<\/ul>\n<h2 data-v-md-heading=\"why-collaborate-with-agoravape\" data-v-md-line=\"46\">De ce s\u0103 colaborezi cu AgoraVape?<\/h2>\n<p data-v-md-line=\"47\">Vindem doar produse 100% originale \u0219i nu avem nicio \u00eendoial\u0103 \u00een privin\u021ba asta. Clien\u021bii companii care achizi\u021bioneaz\u0103 \u021big\u0103ri electronice Vhill full screen 32K Boost Mode se pot bucura de pre\u021buri en-gros reduse, asisten\u021b\u0103 fiabil\u0103 \u0219i servicii rapide de livrare DDP \u00een toat\u0103 Europa. V\u0103 rug\u0103m s\u0103 contacta\u021bi echipa noastr\u0103 pentru a rezerva un dispozitiv care merit\u0103 r\u0103scump\u0103rat pentru clien\u021bii dumneavoastr\u0103.<\/p>","protected":false},"excerpt":{"rendered":"<p>&nbsp;<\/p>\n<p><script src=\"chrome-extension:\/\/fpelahbljekknahkcaegamhcndkfpfnc\/iFrame.js\" type=\"text\/javascript\"><\/script><\/p>\n<p><script src=\"chrome-extension:\/\/fpelahbljekknahkcaegamhcndkfpfnc\/iFrame.js\" type=\"text\/javascript\"><\/script><\/p>\n<p><script src=\"chrome-extension:\/\/fpelahbljekknahkcaegamhcndkfpfnc\/iFrame.js\" type=\"text\/javascript\"><\/script><\/p>\n<p><script src=\"chrome-extension:\/\/fpelahbljekknahkcaegamhcndkfpfnc\/iFrame.js\" type=\"text\/javascript\"><\/script><\/p>\n<p><script src=\"chrome-extension:\/\/fpelahbljekknahkcaegamhcndkfpfnc\/iFrame.js\" type=\"text\/javascript\"><\/script><\/p>\n<p><script src=\"chrome-extension:\/\/fpelahbljekknahkcaegamhcndkfpfnc\/iFrame.js\" type=\"text\/javascript\"><\/script><\/p>\n<p><script src=\"chrome-extension:\/\/fpelahbljekknahkcaegamhcndkfpfnc\/iFrame.js\" type=\"text\/javascript\"><\/script><\/p>\n<p><script src=\"chrome-extension:\/\/fpelahbljekknahkcaegamhcndkfpfnc\/iFrame.js\" type=\"text\/javascript\"><\/script><\/p>\n<p><script src=\"chrome-extension:\/\/fpelahbljekknahkcaegamhcndkfpfnc\/iFrame.js\" type=\"text\/javascript\"><\/script><\/p>\n<p><script src=\"chrome-extension:\/\/fpelahbljekknahkcaegamhcndkfpfnc\/iFrame.js\" type=\"text\/javascript\"><\/script><\/p>\n<p><script src=\"chrome-extension:\/\/fpelahbljekknahkcaegamhcndkfpfnc\/iFrame.js\" type=\"text\/javascript\"><\/script><\/p>\n<p><script src=\"chrome-extension:\/\/fpelahbljekknahkcaegamhcndkfpfnc\/iFrame.js\" type=\"text\/javascript\"><\/script><\/p>","protected":false},"featured_media":16645,"comment_status":"open","ping_status":"closed","template":"","meta":[],"product_brand":[227],"product_cat":[124,185,189,194,174,175,193,191,173,186,180,190,192,154],"product_tag":[],"class_list":{"0":"post-16622","1":"product","2":"type-product","3":"status-publish","4":"has-post-thumbnail","6":"product_brand-vhill","7":"product_cat-vape-by-brand","8":"product_cat-10000-puffs-high-capacity","9":"product_cat-20mg-standard-nicotine-vapes","10":"product_cat-adjustable-airflow","11":"product_cat-fruit-flavors","12":"product_cat-icy-mint","13":"product_cat-mesh-coil","14":"product_cat-rechargeable-disposables","15":"product_cat-vape-by-flavor-profile","16":"product_cat-vape-by-nicotine-strength","17":"product_cat-vape-by-puff-count","18":"product_cat-vape-by-feature-or-type","19":"product_cat-vapes-with-screens","20":"product_cat-vhill","22":"first","23":"instock","24":"shipping-taxable","25":"purchasable","26":"product-type-variable","27":"has-default-attributes"},"tiered_pricing_type":"percentage","tiered_pricing_fixed_rules":[],"tiered_pricing_product_settings":{"layout":"default","base_unit_name":{"singular":null,"plural":null},"default_variation":null},"tiered_pricing_minimum_quantity":20,"tiered_pricing_roles_data":[],"tiered_pricing_percentage_rules":{"50":"35","100":"40","200":"44","500":"47","1000":"49"},"tiered_pricing_maximum_quantity":null,"tiered_pricing_quantity_step":"10","_links":{"self":[{"href":"https:\/\/agoravape.com\/ro\/wp-json\/wp\/v2\/product\/16622","targetHints":{"allow":["GET"]}}],"collection":[{"href":"https:\/\/agoravape.com\/ro\/wp-json\/wp\/v2\/product"}],"about":[{"href":"https:\/\/agoravape.com\/ro\/wp-json\/wp\/v2\/types\/product"}],"replies":[{"embeddable":true,"href":"https:\/\/agoravape.com\/ro\/wp-json\/wp\/v2\/comments?post=16622"}],"version-history":[{"count":0,"href":"https:\/\/agoravape.com\/ro\/wp-json\/wp\/v2\/product\/16622\/revisions"}],"wp:featuredmedia":[{"embeddable":true,"href":"https:\/\/agoravape.com\/ro\/wp-json\/wp\/v2\/media\/16645"}],"wp:attachment":[{"href":"https:\/\/agoravape.com\/ro\/wp-json\/wp\/v2\/media?parent=16622"}],"wp:term":[{"taxonomy":"product_brand","embeddable":true,"href":"https:\/\/agoravape.com\/ro\/wp-json\/wp\/v2\/product_brand?post=16622"},{"taxonomy":"product_cat","embeddable":true,"href":"https:\/\/agoravape.com\/ro\/wp-json\/wp\/v2\/product_cat?post=16622"},{"taxonomy":"product_tag","embeddable":true,"href":"https:\/\/agoravape.com\/ro\/wp-json\/wp\/v2\/product_tag?post=16622"}],"curies":[{"name":"wp","href":"https:\/\/api.w.org\/{rel}","templated":true}]}}