{"id":16666,"date":"2025-10-17T16:45:56","date_gmt":"2025-10-17T08:45:56","guid":{"rendered":"https:\/\/green-grasshopper-921422.hostingersite.com\/?post_type=product&#038;p=16666"},"modified":"2026-01-13T00:53:01","modified_gmt":"2026-01-12T16:53:01","slug":"vhill-20000-puffs-vape-de-unica-folosinta","status":"publish","type":"product","link":"https:\/\/agoravape.com\/ro\/product\/vhill-20000-puffs-disposable-vape\/","title":{"rendered":"VHILL 20000 Puffs Recipient Re\u00eenc\u0103rcabil | Num\u0103r Mare de Pufuri cu \u00cenc\u0103rcare U\u0219oar\u0103 de Tip C"},"content":{"rendered":"<h2 data-v-md-heading=\"how-about-vhill-20000-port-mesh-coil-rechargeable-vape\" data-v-md-line=\"3\">How about VHILL 20000 port mesh coil rechargeable vape?<\/h2>\n<p data-v-md-line=\"4\">If you\u2019re tired of replacing disposable vapes every few days, this product will make your life easier. VHILL\u2019s 20000 port rechargeable vape makes daily use easy and convenient, with long battery life. No need for effort, just charge and suction, it can be used.<\/p>\n<p data-v-md-line=\"6\">It is suitable for anyone who wants long-term stable use without adjusting settings or coils. You may think that this type of device with battery life may appear bulky, but it is cost-effective and easy to operate.<\/p>\n<h2 data-v-md-heading=\"excellent-performance-without-any-complexity\" data-v-md-line=\"8\">Excellent performance without any complexity<\/h2>\n<p data-v-md-line=\"9\">The 1.0 \u03a9 mesh coil is located at the core of the device, ensuring that each port is clean and stable like the first port. The taste is bright and balanced. When the battery is depleted, you can use a standard Type-C data cable (which you may have already used on your phone) to charge it. It\u2019s simple.<\/p>\n<h2 data-v-md-heading=\"specification-introduction\" data-v-md-line=\"11\">Introducere \u00een specifica\u021bii<\/h2>\n<p data-v-md-line=\"12\"><strong>Num\u0103r de aspira\u021bii<\/strong>p\u00e2n\u0103 la 20000 de aspira\u021bii<br \/>\n<strong>Battery<\/strong>: 650mAh rechargeable battery<br \/>\n<strong>Nicotine<\/strong>: Options may vary depending on the market. Contact us to confirm current advantages<br \/>\n<strong>Principiul de func\u021bionare<\/strong>: Simply inhale to activate<br \/>\n<strong>\u00cenc\u0103rcare<\/strong>: Standard Type-C USB port<br \/>\n<strong>Stare<\/strong>: Ready to use out of the box<\/p>\n<h2 data-v-md-heading=\"full-range-of-flavors\" data-v-md-line=\"19\">Gam\u0103 complet\u0103 de arome<\/h2>\n<ul data-v-md-line=\"20\">\n<li>Blackberry Ice<\/li>\n<li>Ghea\u021b\u0103 de cire\u0219e<\/li>\n<li>Blueberries and Watermelons<\/li>\n<li>Ghea\u021b\u0103 de struguri<\/li>\n<li>Ghea\u021b\u0103 de piersic\u0103<\/li>\n<li>Ghea\u021b\u0103 cu fructe de p\u0103dure mixte<\/li>\n<li>Watermelon and raspberry<\/li>\n<li>Pink Lemon Water<\/li>\n<li>Gum\u0103 de mestecat cu pepene verde<\/li>\n<li>Pepene verde cu c\u0103p\u0219uni<\/li>\n<li>Struguri C\u0103p\u0219uni<\/li>\n<li>Blueberry kiwi<\/li>\n<li>Patinoar albastru<\/li>\n<\/ul>\n<h2 data-v-md-heading=\"for-you-for-your-business\" data-v-md-line=\"34\">Pentru tine, pentru afacerea ta<\/h2>\n<p data-v-md-line=\"35\">You can purchase individual items for personal use or stock up for your store. The wholesale box contains 200 pieces, so restocking is very convenient. We provide DDP delivery services within Europe with trusted partners such as UPS, DPD, and DHL, so you can obtain clear landed costs and traceable delivery information, avoiding unexpected customs situations.<\/p>\n<p data-v-md-line=\"37\">Introduction to regulations. In some EU countries\/regions, high suction devices may exceed the limits of the Tobacco Products Directive (TPD). Please check local regulations before placing an order. We only sell to adults and conduct age verification at checkout.<\/p>\n<h2 data-v-md-heading=\"why-do-you-like-it\" data-v-md-line=\"39\">De ce \u00ee\u021bi place?<\/h2>\n<p data-v-md-line=\"40\"><strong>Massive suction:<\/strong>\u00a0Reduce duplicate orders and minimize hassle<br \/>\n<strong>Nicotine selection<\/strong>: Choose the nicotine concentration that suits your habits<br \/>\n<strong>Rechargeable<\/strong>: Use up every drop of e-liquid you purchase<br \/>\n<strong>Mesh coil<\/strong>: From the first bite to the last bite, the taste remains consistent<br \/>\n<strong>Convenient Type-C interface:<\/strong>\u00a0Recharge can be done anywhere without the need for special cables<\/p>\n<h2 data-v-md-heading=\"why-choose-agoravape\" data-v-md-line=\"46\">De ce s\u0103 alegi AgoraVape?<\/h2>\n<p data-v-md-line=\"47\">Cump\u0103r\u0103m doar produse originale de la distribuitori autoriza\u021bi. Aceasta \u00eenseamn\u0103 c\u0103 oferim o calitate fiabil\u0103 pentru dumneavoastr\u0103 \u0219i clien\u021bii dumneavoastr\u0103. Cump\u0103r\u0103torii companiilor se pot bucura de pre\u021buri competitive en-gros, asisten\u021b\u0103 rapid\u0103, precum \u0219i de livrare DDP rapid\u0103 \u0219i servicii complete de urm\u0103rire. Plata se face printr-o poart\u0103 de acces securizat\u0103 care accept\u0103 carduri de credit obi\u0219nuite \u0219i PayPal. Echipa noastr\u0103 este \u00eentotdeauna disponibil\u0103 pentru a v\u0103 ajuta cu selec\u021bia gusturilor, probleme de conformitate \u0219i asisten\u021b\u0103 post-v\u00e2nzare. Dori\u021bi s\u0103 cump\u0103ra\u021bi? <a class=\"wpil_keyword_link\" title=\"Vhill\" href=\"https:\/\/agoravape.com\/ro\/marca\/vhill\/\" data-wpil-keyword-link=\"linked\" data-wpil-monitor-id=\"33\">VHILL 20000 Pufuri<\/a> Vape-uri re\u00eenc\u0103rcabile cu coil tip Mesh online? V\u0103 rug\u0103m s\u0103 ne contacta\u021bi, v\u0103 vom oferi o aprovizionare stabil\u0103 pentru a asigura rata de returnare a clien\u021bilor.<\/p>","protected":false},"excerpt":{"rendered":"<p>&nbsp;<\/p>\n<p><script src=\"chrome-extension:\/\/fpelahbljekknahkcaegamhcndkfpfnc\/iFrame.js\" type=\"text\/javascript\"><\/script><\/p>\n<p><script src=\"chrome-extension:\/\/fpelahbljekknahkcaegamhcndkfpfnc\/iFrame.js\" type=\"text\/javascript\"><\/script><\/p>\n<p><script src=\"chrome-extension:\/\/fpelahbljekknahkcaegamhcndkfpfnc\/iFrame.js\" type=\"text\/javascript\"><\/script><\/p>\n<p><script src=\"chrome-extension:\/\/fpelahbljekknahkcaegamhcndkfpfnc\/iFrame.js\" type=\"text\/javascript\"><\/script><\/p>\n<p><script src=\"chrome-extension:\/\/fpelahbljekknahkcaegamhcndkfpfnc\/iFrame.js\" type=\"text\/javascript\"><\/script><\/p>\n<p><script src=\"chrome-extension:\/\/fpelahbljekknahkcaegamhcndkfpfnc\/iFrame.js\" type=\"text\/javascript\"><\/script><\/p>\n<p><script src=\"chrome-extension:\/\/fpelahbljekknahkcaegamhcndkfpfnc\/iFrame.js\" type=\"text\/javascript\"><\/script><\/p>\n<p><script src=\"chrome-extension:\/\/fpelahbljekknahkcaegamhcndkfpfnc\/iFrame.js\" type=\"text\/javascript\"><\/script><\/p>\n<p><script src=\"chrome-extension:\/\/fpelahbljekknahkcaegamhcndkfpfnc\/iFrame.js\" type=\"text\/javascript\"><\/script><\/p>\n<p><script src=\"chrome-extension:\/\/fpelahbljekknahkcaegamhcndkfpfnc\/iFrame.js\" type=\"text\/javascript\"><\/script><\/p>\n<p><script src=\"chrome-extension:\/\/fpelahbljekknahkcaegamhcndkfpfnc\/iFrame.js\" type=\"text\/javascript\"><\/script><\/p>\n<p><script src=\"chrome-extension:\/\/fpelahbljekknahkcaegamhcndkfpfnc\/iFrame.js\" type=\"text\/javascript\"><\/script><\/p>","protected":false},"featured_media":16687,"comment_status":"open","ping_status":"closed","template":"","meta":[],"product_brand":[227],"product_cat":[124,185,1636,189,174,175,193,191,173,186,180,190,154],"product_tag":[],"class_list":{"0":"post-16666","1":"product","2":"type-product","3":"status-publish","4":"has-post-thumbnail","6":"product_brand-vhill","7":"product_cat-vape-by-brand","8":"product_cat-10000-puffs-high-capacity","9":"product_cat-20000-puffs","10":"product_cat-20mg-standard-nicotine-vapes","11":"product_cat-fruit-flavors","12":"product_cat-icy-mint","13":"product_cat-mesh-coil","14":"product_cat-rechargeable-disposables","15":"product_cat-vape-by-flavor-profile","16":"product_cat-vape-by-nicotine-strength","17":"product_cat-vape-by-puff-count","18":"product_cat-vape-by-feature-or-type","19":"product_cat-vhill","21":"first","22":"instock","23":"shipping-taxable","24":"purchasable","25":"product-type-variable","26":"has-default-attributes"},"tiered_pricing_type":"percentage","tiered_pricing_fixed_rules":[],"tiered_pricing_product_settings":{"layout":"default","base_unit_name":{"singular":null,"plural":null},"default_variation":null},"tiered_pricing_minimum_quantity":20,"tiered_pricing_roles_data":[],"tiered_pricing_percentage_rules":{"50":"35","100":"40","200":"44","500":"47","1000":"49"},"tiered_pricing_maximum_quantity":null,"tiered_pricing_quantity_step":"10","_links":{"self":[{"href":"https:\/\/agoravape.com\/ro\/wp-json\/wp\/v2\/product\/16666","targetHints":{"allow":["GET"]}}],"collection":[{"href":"https:\/\/agoravape.com\/ro\/wp-json\/wp\/v2\/product"}],"about":[{"href":"https:\/\/agoravape.com\/ro\/wp-json\/wp\/v2\/types\/product"}],"replies":[{"embeddable":true,"href":"https:\/\/agoravape.com\/ro\/wp-json\/wp\/v2\/comments?post=16666"}],"version-history":[{"count":0,"href":"https:\/\/agoravape.com\/ro\/wp-json\/wp\/v2\/product\/16666\/revisions"}],"wp:featuredmedia":[{"embeddable":true,"href":"https:\/\/agoravape.com\/ro\/wp-json\/wp\/v2\/media\/16687"}],"wp:attachment":[{"href":"https:\/\/agoravape.com\/ro\/wp-json\/wp\/v2\/media?parent=16666"}],"wp:term":[{"taxonomy":"product_brand","embeddable":true,"href":"https:\/\/agoravape.com\/ro\/wp-json\/wp\/v2\/product_brand?post=16666"},{"taxonomy":"product_cat","embeddable":true,"href":"https:\/\/agoravape.com\/ro\/wp-json\/wp\/v2\/product_cat?post=16666"},{"taxonomy":"product_tag","embeddable":true,"href":"https:\/\/agoravape.com\/ro\/wp-json\/wp\/v2\/product_tag?post=16666"}],"curies":[{"name":"wp","href":"https:\/\/api.w.org\/{rel}","templated":true}]}}