{"id":16701,"date":"2025-10-17T17:04:25","date_gmt":"2025-10-17T09:04:25","guid":{"rendered":"https:\/\/green-grasshopper-921422.hostingersite.com\/?post_type=product&#038;p=16701"},"modified":"2026-01-19T22:02:23","modified_gmt":"2026-01-19T14:02:23","slug":"crazyace-b15000-puffs-dual-tank-vape","status":"publish","type":"product","link":"https:\/\/agoravape.com\/ro\/product\/crazyace-b15000-puffs-dual-tank-vape\/","title":{"rendered":"CRAZYACE B15000 Puffs Dual Tank Disposable Vape | Long\u2011Lasting Flavour with Easy Type\u2011C Charging"},"content":{"rendered":"<h2 data-v-md-heading=\"what-are-the-special-features-of-crazyace-b15000-disposable-vapes-with-dual-oil-storage-compartments\" data-v-md-line=\"3\">Care sunt caracteristicile speciale ale vapoarelor de unic\u0103 folosin\u021b\u0103 CRAZYACE B15000 cu compartimente duble de stocare a uleiului?<\/h2>\n<p data-v-md-line=\"4\">Dac\u0103 v-a\u021bi s\u0103turat de acele vapuri care r\u0103m\u00e2n f\u0103r\u0103 baterie la jum\u0103tatea unei s\u0103pt\u0103m\u00e2ni, ar fi bine s\u0103 arunca\u021bi o privire la acest produs. CRAZYACE B15000 este echipat cu o baterie re\u00eenc\u0103rcabil\u0103 care poate stoca p\u00e2n\u0103 la 15000 de e-lichide, permi\u021b\u00e2ndu-v\u0103 s\u0103 v\u0103 bucura\u021bi cu u\u0219urin\u021b\u0103 de e-lichidele pe care le cump\u0103ra\u021bi. Dac\u0103 dori\u021bi o vape de mare capacitate, delicioas\u0103 \u0219i f\u0103r\u0103 efort, acest produs este alegerea ideal\u0103.<\/p>\n<p data-v-md-line=\"6\">A\u021bi putea crede c\u0103 o vape cu o capacitate at\u00e2t de mare ar fi voluminoas\u0103, dar ve\u021bi fi surprin\u0219i. Are o senza\u021bie solid\u0103, dar este, de asemenea, u\u0219or de transportat, cu un design cu compartiment dublu de stocare a uleiului care men\u021bine gustul proasp\u0103t \u00een orice moment.<\/p>\n<h2 data-v-md-heading=\"excellent-performance-worry-free\" data-v-md-line=\"8\">Excellent performance, worry free<\/h2>\n<p data-v-md-line=\"9\">Bobinele cu plas\u0103 dubl\u0103 de 1,0 \u03a9 \u00eencorporate fac ca fiecare mu\u0219c\u0103tur\u0103 s\u0103 fie la fel de delicioas\u0103 ca primul gust. Flux de aer neted, aspira\u021bie curat\u0103, nu este nevoie s\u0103 manipula\u021bi niciun buton. C\u00e2nd bateria este desc\u0103rcat\u0103, introduce\u021bi pur \u0219i simplu un cablu de date Type-C, care poate fi acela\u0219i cu cablul de date de pe telefon. Este simplu.<\/p>\n<h2 data-v-md-heading=\"specification-overview\" data-v-md-line=\"11\">Prezentare general\u0103 a specifica\u021biilor<\/h2>\n<ul data-v-md-line=\"12\">\n<li>Frecven\u021ba de aspirare: p\u00e2n\u0103 la 15000 de ori<\/li>\n<li>Con\u021binut de nicotin\u0103: Oferta variaz\u0103 \u00een func\u021bie de pia\u021b\u0103. Contacta\u021bi-ne pentru a afla despre specifica\u021biile \u0219i op\u021biunile actuale care respect\u0103 standardele UE TPD<\/li>\n<li>Principiu de func\u021bionare: Activat prin inhalare<\/li>\n<li>\u00cenc\u0103rcare: Interfa\u021b\u0103 USB de tip C<\/li>\n<li>Baterie: baterie re\u00eenc\u0103rcabil\u0103 de 900 mAh<\/li>\n<li>Capacitate E-liquid: Compartimente duble de stocare 10 ml+10 ml<\/li>\n<li>Miez de atomizare: Plas\u0103 dubl\u0103 1.0 \u03a9<\/li>\n<li>Dimensiuni: 48 \u00d7 24,5 \u00d7 104 mm<\/li>\n<li>Material: PC<\/li>\n<li>Greutate: 83 grame<\/li>\n<li>Stare: Gata de utilizare dup\u0103 despachetare<\/li>\n<\/ul>\n<h2 data-v-md-heading=\"full-range-of-flavors\" data-v-md-line=\"24\">Gam\u0103 complet\u0103 de arome<\/h2>\n<ul data-v-md-line=\"25\">\n<li>Ghea\u021b\u0103 de banan\u0103<\/li>\n<li>Ment\u0103 proasp\u0103t\u0103<\/li>\n<li>Gum\u0103 de mestecat cu pepene verde<\/li>\n<li>Ghea\u021b\u0103 groas\u0103<\/li>\n<li>Fructe de p\u0103dure mixte<\/li>\n<li>Ap\u0103 cu cire\u0219e \u0219i l\u0103m\u00e2ie<\/li>\n<li>\u00cenghe\u021bat\u0103 de afine \u0219i zmeur\u0103<\/li>\n<li>Ment\u0103 hawaiian\u0103<\/li>\n<li>Pepene verde cu c\u0103p\u0219uni<\/li>\n<li>Ap\u0103 de c\u0103p\u0219uni \u0219i l\u0103m\u00e2ie<\/li>\n<li>Kiwi \u0219i c\u0103p\u0219uni<\/li>\n<li>Explozie de curcubeu<\/li>\n<li>Pepene verde zmeur\u0103<\/li>\n<\/ul>\n<h2 data-v-md-heading=\"for-you-for-your-business\" data-v-md-line=\"39\">Pentru tine, pentru afacerea ta<\/h2>\n<p data-v-md-line=\"40\">Pute\u021bi cump\u0103ra <a class=\"wpil_keyword_link\" title=\"NEBUN\u0102\" href=\"https:\/\/agoravape.com\/ro\/marca\/crazyace\/\" data-wpil-keyword-link=\"linked\" data-wpil-monitor-id=\"32\">NEBUN\u0102<\/a> Vape-uri de unic\u0103 folosin\u021b\u0103 cu dou\u0103 canistre B15000 pentru uz personal sau pentru stocarea \u00een magazinul dvs. V\u00e2nzarea en gros se face sub form\u0103 de 10 cutii medii \u0219i 200 de cutii mari pentru a simplifica gestionarea stocurilor.<\/p>\n<p data-v-md-line=\"42\">Oferim o op\u021biune DDP f\u0103r\u0103 taxe \u00een \u00eentreaga Europ\u0103 prin parteneri precum UPS, DPD \u0219i DHL, permi\u021b\u00e2ndu-v\u0103 s\u0103 ob\u021bine\u021bi pre\u021buri clare \u0219i s\u0103 evita\u021bi surprizele vamale. Dac\u0103 trebuie s\u0103 amesteca\u021bi arome sau s\u0103 personaliza\u021bi combina\u021bii, v\u0103 rug\u0103m s\u0103 consulta\u021bi echipa noastr\u0103.<\/p>\n<p data-v-md-line=\"44\">Scurt\u0103 explica\u021bie privind conformitatea: Cele dou\u0103 rezervoare de stocare ale B15000 au un volum total de 20 mililitri. Regulamentul UE TPD2 stipuleaz\u0103 c\u0103 capacitatea maxim\u0103 a rezervoarelor de stocare a uleiului de unic\u0103 folosin\u021b\u0103 este de 2 mililitri, iar con\u021binutul maxim de nicotin\u0103 este de 20 miligrame pe mililitru. V\u0103 rug\u0103m s\u0103 verifica\u021bi reglement\u0103rile locale \u00eenainte de v\u00e2nzarea cu am\u0103nuntul. Echipa noastr\u0103 poate oferi recomand\u0103ri pentru solu\u021bii alternative conforme, adaptate pie\u021belor specifice.<\/p>\n<h2 data-v-md-heading=\"why-do-you-like-it\" data-v-md-line=\"46\">De ce \u00ee\u021bi place?<\/h2>\n<ul data-v-md-line=\"47\">\n<li>Capacitate mare: Durabil \u0219i de lung\u0103 durat\u0103, nu este nevoie de achizi\u021bii frecvente<\/li>\n<li>Selectarea nicotinei: Situa\u021bia aprovizion\u0103rii variaz\u0103 \u00een diferite regiuni, astfel \u00eenc\u00e2t s\u0103 pute\u021bi alege cea mai potrivit\u0103 nicotin\u0103<\/li>\n<li>Re\u00eenc\u0103rcabil\u0103: Pute\u021bi utiliza tot e-lichidul f\u0103r\u0103 a arunca dispozitivul \u00een avans<\/li>\n<li>Miezul atomizorului Mesh: Gust consistent \u0219i experien\u021b\u0103 de aspira\u021bie satisf\u0103c\u0103toare<\/li>\n<\/ul>\n<h2 data-v-md-heading=\"why-choose-to-collaborate-with-agoravape\" data-v-md-line=\"52\">De ce s\u0103 alegi s\u0103 colaborezi cu AgoraVape?<\/h2>\n<p data-v-md-line=\"53\">Achizi\u021bion\u0103m produse originale 100% \u0219i oferim garan\u021bii pentru acestea. Prin achizi\u021bionarea <a class=\"wpil_keyword_link\" title=\"NEBUN\u0102\" href=\"https:\/\/agoravape.com\/ro\/vape-de-brand\/crazyace\/\" data-wpil-keyword-link=\"linked\" data-wpil-monitor-id=\"55\">NEBUN\u0102<\/a> Vaporizatoare de unic\u0103 folosin\u021b\u0103 B15000 Puffs, ve\u021bi beneficia de pre\u021buri en-gros extrem de competitive, asisten\u021b\u0103 fiabil\u0103 \u0219i servicii de livrare rapide \u0219i fiabile. Dac\u0103 ave\u021bi nevoie de asisten\u021b\u0103, cum ar fi ad\u0103ugarea de etichete conforme cu normele UE \u00een magazinul dvs. sau efectuarea verific\u0103rii v\u00e2rstei, v\u0103 putem satisface nevoile. Contacta\u021bi-ne pentru a achizi\u021biona un dispozitiv de mare capacitate, care merit\u0103 s\u0103 fie returnat clientului dvs.<\/p>","protected":false},"excerpt":{"rendered":"<p>Care sunt caracteristicile speciale ale vaporizatoarelor de unic\u0103 folosin\u021b\u0103 CRAZYACE B15000 cu compartimente duble de stocare a uleiului? Dac\u0103 v-a\u021bi s\u0103turat de acele<\/p>","protected":false},"featured_media":16723,"comment_status":"open","ping_status":"closed","template":"","meta":[],"product_brand":[229],"product_cat":[124,185,1635,189,156,174,175,193,191,173,186,180,190],"product_tag":[],"class_list":{"0":"post-16701","1":"product","2":"type-product","3":"status-publish","4":"has-post-thumbnail","6":"product_brand-crazyace","7":"product_cat-vape-by-brand","8":"product_cat-10000-puffs-high-capacity","9":"product_cat-15000-puffs","10":"product_cat-20mg-standard-nicotine-vapes","11":"product_cat-crazyace","12":"product_cat-fruit-flavors","13":"product_cat-icy-mint","14":"product_cat-mesh-coil","15":"product_cat-rechargeable-disposables","16":"product_cat-vape-by-flavor-profile","17":"product_cat-vape-by-nicotine-strength","18":"product_cat-vape-by-puff-count","19":"product_cat-vape-by-feature-or-type","21":"first","22":"onbackorder","23":"shipping-taxable","24":"purchasable","25":"product-type-variable","26":"has-default-attributes"},"tiered_pricing_type":"percentage","tiered_pricing_fixed_rules":[],"tiered_pricing_product_settings":{"layout":"default","base_unit_name":{"singular":null,"plural":null},"default_variation":null},"tiered_pricing_minimum_quantity":10,"tiered_pricing_roles_data":[],"tiered_pricing_percentage_rules":{"30":"29","50":"35","100":"40","200":"44","500":"47","1000":"49"},"tiered_pricing_maximum_quantity":null,"tiered_pricing_quantity_step":"10","_links":{"self":[{"href":"https:\/\/agoravape.com\/ro\/wp-json\/wp\/v2\/product\/16701","targetHints":{"allow":["GET"]}}],"collection":[{"href":"https:\/\/agoravape.com\/ro\/wp-json\/wp\/v2\/product"}],"about":[{"href":"https:\/\/agoravape.com\/ro\/wp-json\/wp\/v2\/types\/product"}],"replies":[{"embeddable":true,"href":"https:\/\/agoravape.com\/ro\/wp-json\/wp\/v2\/comments?post=16701"}],"version-history":[{"count":0,"href":"https:\/\/agoravape.com\/ro\/wp-json\/wp\/v2\/product\/16701\/revisions"}],"wp:featuredmedia":[{"embeddable":true,"href":"https:\/\/agoravape.com\/ro\/wp-json\/wp\/v2\/media\/16723"}],"wp:attachment":[{"href":"https:\/\/agoravape.com\/ro\/wp-json\/wp\/v2\/media?parent=16701"}],"wp:term":[{"taxonomy":"product_brand","embeddable":true,"href":"https:\/\/agoravape.com\/ro\/wp-json\/wp\/v2\/product_brand?post=16701"},{"taxonomy":"product_cat","embeddable":true,"href":"https:\/\/agoravape.com\/ro\/wp-json\/wp\/v2\/product_cat?post=16701"},{"taxonomy":"product_tag","embeddable":true,"href":"https:\/\/agoravape.com\/ro\/wp-json\/wp\/v2\/product_tag?post=16701"}],"curies":[{"name":"wp","href":"https:\/\/api.w.org\/{rel}","templated":true}]}}