{"id":16740,"date":"2025-10-17T17:26:17","date_gmt":"2025-10-17T09:26:17","guid":{"rendered":"https:\/\/green-grasshopper-921422.hostingersite.com\/?post_type=product&#038;p=16740"},"modified":"2026-01-19T22:02:16","modified_gmt":"2026-01-19T14:02:16","slug":"bug-monkey-12000-puffs-vape","status":"publish","type":"product","link":"https:\/\/agoravape.com\/ro\/product\/bug-monkey-12000-puffs-vape\/","title":{"rendered":"Vape de unic\u0103 folosin\u021b\u0103 BUG Monkey 12K Puffs Mesh Coil | Arom\u0103 de lung\u0103 durat\u0103, re\u00eenc\u0103rcare u\u0219oar\u0103"},"content":{"rendered":"<h2 data-v-md-heading=\"what-is-special-about-the-bug-monkey-12k-mesh-coil-disposable-vape\" data-v-md-line=\"3\">Ce este special la \u021bigara electronic\u0103 de unic\u0103 folosin\u021b\u0103 BUG Monkey cu rezisten\u021b\u0103 mesh de 12K?<\/h2>\n<p data-v-md-line=\"4\">Dac\u0103 te-ai s\u0103turat de acele \u021big\u0103ri electronice aruncate \u00een timpul s\u0103pt\u0103m\u00e2nii, cu siguran\u021b\u0103 vei dori s\u0103 arunci o privire la acest produs. BUG Monkey 12K este o \u021bigar\u0103 electronic\u0103 de unic\u0103 folosin\u021b\u0103 de mare capacitate, echipat\u0103 cu o rezisten\u021b\u0103 cu plas\u0103 fin\u0103 \u0219i o interfa\u021b\u0103 simpl\u0103 de \u00eenc\u0103rcare Type-C, oferind p\u00e2n\u0103 la 12000 de pufuri. Poate con\u021bine 18 mililitri de e-lichid cu un con\u021binut de nicotin\u0103 de 2%, oferindu-\u021bi o experien\u021b\u0103 de fumat stabil\u0103 \u0219i satisf\u0103c\u0103toare.<\/p>\n<p data-v-md-line=\"6\">S-ar putea s\u0103 crezi c\u0103 o \u021bigar\u0103 electronic\u0103 cu o capacitate de fumat at\u00e2t de mare ar fi voluminoas\u0103, dar dimensiunea sa compact\u0103 te va surprinde. Forma sa este foarte confortabil\u0103 de \u021binut \u00een m\u00e2n\u0103 \u0219i poate fi u\u0219or pus\u0103 \u00een buzunar.<\/p>\n<h2 data-v-md-heading=\"excellent-performance-without-any-complexity\" data-v-md-line=\"8\">Excellent performance without any complexity<\/h2>\n<p data-v-md-line=\"9\">Spirala tip plas\u0103 poart\u0103 marea responsabilitate. Se \u00eenc\u0103lze\u0219te uniform, iar fiecare \u00eembuc\u0103tur\u0103 este la fel de delicioas\u0103 ca prima. Func\u021bia de activare a aspira\u021biei simplific\u0103 totul. Nu este nevoie s\u0103 manevra\u021bi niciun buton. C\u00e2nd bateria este desc\u0103rcat\u0103, pur \u0219i simplu utiliza\u021bi un cablu de date Type-C (poate c\u0103 utiliza\u021bi deja un cablu de date pentru telefon) pentru a o \u00eenc\u0103rca. Este simplu.<\/p>\n<h2 data-v-md-heading=\"specification-introduction\" data-v-md-line=\"11\">Introducere \u00een specifica\u021bii<\/h2>\n<ul data-v-md-line=\"12\">\n<li>Frecven\u021ba de aspirare: p\u00e2n\u0103 la 12000 de ori<\/li>\n<li>Con\u021binut de nicotin\u0103: 2% (20 mg\/ml)<\/li>\n<li>E-liquid capacity: 18 milliliters<\/li>\n<li>Miez de atomizare: bobin\u0103 cu ochiuri de 1,1 \u03a9<\/li>\n<li>Baterie: baterie re\u00eenc\u0103rcabil\u0103 de 800 mAh<\/li>\n<li>Principiu de func\u021bionare: Se activeaz\u0103 cu o singur\u0103 pufnire<\/li>\n<li>\u00cenc\u0103rcare: Interfa\u021b\u0103 USB standard de tip C<\/li>\n<li>Dimensiune: 91 \u00d7 27 \u00d7 47 milimetri<\/li>\n<li>Greutate: 82 de grame<\/li>\n<li>Stare: Gata de utilizare dup\u0103 despachetare<\/li>\n<\/ul>\n<h2 data-v-md-heading=\"multiple-flavor-options\" data-v-md-line=\"23\">Op\u021biuni multiple de arome<\/h2>\n<ul data-v-md-line=\"24\">\n<li>Ghea\u021b\u0103 de pepene verde<\/li>\n<li>Suc de c\u0103p\u0219uni<\/li>\n<li>Jeleu de struguri<\/li>\n<li>Ghea\u021b\u0103 de piersic\u0103<\/li>\n<li>Blackberry Ice<\/li>\n<li>Ananas acru<\/li>\n<li>L\u0103m\u00e2ie \u0219i lime<\/li>\n<li>Patinoar albastru<\/li>\n<li>Fructul pasiunii, portocal\u0103, rodie<\/li>\n<li>B\u0103uturi energizante<\/li>\n<li>Patinoar albastru<\/li>\n<li>Afine \u0219i zmeur\u0103<\/li>\n<\/ul>\n<h2 data-v-md-heading=\"to-create-for-you-and-your-business\" data-v-md-line=\"37\">Pentru a crea pentru tine \u0219i afacerea ta<\/h2>\n<p data-v-md-line=\"38\">Pute\u021bi achizi\u021biona o unitate sau pute\u021bi achizi\u021biona produse \u00een vrac, \u00een cutii, pentru a le ad\u0103uga la rafturi. Livr\u0103m 10 buc\u0103\u021bi per cutie \u0219i 200 de buc\u0103\u021bi per cutie principal\u0103, astfel \u00eenc\u00e2t s\u0103 pute\u021bi extinde cu u\u0219urin\u021b\u0103 comanda. Oferim servicii de livrare DDP \u00een Uniunea European\u0103 prin intermediul unor parteneri de \u00eencredere, cum ar fi UPS, DPD \u0219i DHL, astfel \u00eenc\u00e2t tarifele sunt pl\u0103tite \u00eenainte de sosire \u0219i nu vor exista incidente nea\u0219teptate la vam\u0103.<\/p>\n<p data-v-md-line=\"40\">Cump\u0103r\u0103m doar dispozitive BUG Monkey originale \u0219i oferim livrare rapid\u0103 \u0219i servicii complete de urm\u0103rire. Notificare pentru comerciant: Acest dispozitiv con\u021bine 18 mililitri de e-lichid cu un con\u021binut de nicotin\u0103 de 2%, a\u0219a c\u0103 ar trebui s\u0103 verifica\u021bi reglement\u0103rile locale TPD \u0219i s\u0103 \u00eel lista\u021bi doar \u00een locurile permise.<\/p>\n<h2 data-v-md-heading=\"why-do-you-like-it\" data-v-md-line=\"42\">De ce \u00ee\u021bi place?<\/h2>\n<ul data-v-md-line=\"43\">\n<li>Aspira\u021bie masiv\u0103: p\u00e2n\u0103 la 12000 de puf\u0103ri, ceea ce \u00eenseamn\u0103 mai pu\u021bine \u00eenlocuiri per dispozitiv \u0219i o valoare mai mare.<\/li>\n<li>2% nicotin\u0103: o concentra\u021bie familiar\u0103 fum\u0103torilor adul\u021bi de \u021big\u0103ri electronice din Europa.<\/li>\n<li>Re\u00eenc\u0103rcabil\u0103: \u00cenc\u0103rcarea de tip C v\u0103 poate ajuta s\u0103 utiliza\u021bi 18 mililitri de e-lichid p\u00e2n\u0103 la ultima pic\u0103tur\u0103.<\/li>\n<li>Spir\u0103 de plas\u0103: \u00eenc\u0103lzit\u0103 uniform, de la prima p\u00e2n\u0103 la ultima \u00eembuc\u0103tur\u0103, cu un gust consistent.<\/li>\n<li>Portabilitate \u00een buzunar: Dimensiune compact\u0103, convenabil\u0103 pentru transportul zilnic.<\/li>\n<\/ul>\n<h2 data-v-md-heading=\"why-collaborate-with-agoravape\" data-v-md-line=\"49\">De ce s\u0103 colaborezi cu AgoraVape?<\/h2>\n<p data-v-md-line=\"50\">Suntem unul dintre cei mai de \u00eencredere distribuitori de \u021big\u0103ri electronice din Europa \u0219i vindem doar produse 100% originale. Achizi\u021bion\u00e2nd \u021big\u0103ri electronice de unic\u0103 folosin\u021b\u0103 BUG Monkey 12K cu rezisten\u021be tip plas\u0103, v\u0103 pute\u021bi bucura de pre\u021buri en-gros reduse, asisten\u021b\u0103 tehnic\u0103 rapid\u0103 \u0219i servicii rapide de livrare DDP. Contacta\u021bi-ne pentru a ne aproviziona pentru clien\u021bii dvs. \u0219i pentru a-i face ferici\u021bi s\u0103 ne viziteze din nou.<\/p>","protected":false},"excerpt":{"rendered":"<p>&nbsp;<\/p>\n<p><script src=\"chrome-extension:\/\/fpelahbljekknahkcaegamhcndkfpfnc\/iFrame.js\" type=\"text\/javascript\"><\/script><\/p>\n<p><script src=\"chrome-extension:\/\/fpelahbljekknahkcaegamhcndkfpfnc\/iFrame.js\" type=\"text\/javascript\"><\/script><\/p>\n<p><script src=\"chrome-extension:\/\/fpelahbljekknahkcaegamhcndkfpfnc\/iFrame.js\" type=\"text\/javascript\"><\/script><\/p>\n<p><script src=\"chrome-extension:\/\/fpelahbljekknahkcaegamhcndkfpfnc\/iFrame.js\" type=\"text\/javascript\"><\/script><\/p>\n<p><script src=\"chrome-extension:\/\/fpelahbljekknahkcaegamhcndkfpfnc\/iFrame.js\" type=\"text\/javascript\"><\/script><\/p>\n<p><script src=\"chrome-extension:\/\/fpelahbljekknahkcaegamhcndkfpfnc\/iFrame.js\" type=\"text\/javascript\"><\/script><\/p>\n<p><script src=\"chrome-extension:\/\/fpelahbljekknahkcaegamhcndkfpfnc\/iFrame.js\" type=\"text\/javascript\"><\/script><\/p>\n<p><script src=\"chrome-extension:\/\/fpelahbljekknahkcaegamhcndkfpfnc\/iFrame.js\" type=\"text\/javascript\"><\/script><\/p>\n<p><script src=\"chrome-extension:\/\/fpelahbljekknahkcaegamhcndkfpfnc\/iFrame.js\" type=\"text\/javascript\"><\/script><\/p>\n<p><script src=\"chrome-extension:\/\/fpelahbljekknahkcaegamhcndkfpfnc\/iFrame.js\" type=\"text\/javascript\"><\/script><\/p>\n<p><script src=\"chrome-extension:\/\/fpelahbljekknahkcaegamhcndkfpfnc\/iFrame.js\" type=\"text\/javascript\"><\/script><\/p>\n<p><script src=\"chrome-extension:\/\/fpelahbljekknahkcaegamhcndkfpfnc\/iFrame.js\" type=\"text\/javascript\"><\/script><\/p>","protected":false},"featured_media":16765,"comment_status":"open","ping_status":"closed","template":"","meta":[],"product_brand":[230],"product_cat":[124,185,189,157,174,175,193,191,173,186,180,190],"product_tag":[],"class_list":{"0":"post-16740","1":"product","2":"type-product","3":"status-publish","4":"has-post-thumbnail","6":"product_brand-bug","7":"product_cat-vape-by-brand","8":"product_cat-10000-puffs-high-capacity","9":"product_cat-20mg-standard-nicotine-vapes","10":"product_cat-bug","11":"product_cat-fruit-flavors","12":"product_cat-icy-mint","13":"product_cat-mesh-coil","14":"product_cat-rechargeable-disposables","15":"product_cat-vape-by-flavor-profile","16":"product_cat-vape-by-nicotine-strength","17":"product_cat-vape-by-puff-count","18":"product_cat-vape-by-feature-or-type","20":"first","21":"onbackorder","22":"shipping-taxable","23":"purchasable","24":"product-type-variable","25":"has-default-attributes"},"tiered_pricing_type":"percentage","tiered_pricing_fixed_rules":[],"tiered_pricing_product_settings":{"layout":"default","base_unit_name":{"singular":null,"plural":null},"default_variation":null},"tiered_pricing_minimum_quantity":10,"tiered_pricing_roles_data":[],"tiered_pricing_percentage_rules":{"30":"29","50":"35","100":"40","200":"44","500":"47","1000":"49"},"tiered_pricing_maximum_quantity":null,"tiered_pricing_quantity_step":"10","_links":{"self":[{"href":"https:\/\/agoravape.com\/ro\/wp-json\/wp\/v2\/product\/16740","targetHints":{"allow":["GET"]}}],"collection":[{"href":"https:\/\/agoravape.com\/ro\/wp-json\/wp\/v2\/product"}],"about":[{"href":"https:\/\/agoravape.com\/ro\/wp-json\/wp\/v2\/types\/product"}],"replies":[{"embeddable":true,"href":"https:\/\/agoravape.com\/ro\/wp-json\/wp\/v2\/comments?post=16740"}],"version-history":[{"count":0,"href":"https:\/\/agoravape.com\/ro\/wp-json\/wp\/v2\/product\/16740\/revisions"}],"wp:featuredmedia":[{"embeddable":true,"href":"https:\/\/agoravape.com\/ro\/wp-json\/wp\/v2\/media\/16765"}],"wp:attachment":[{"href":"https:\/\/agoravape.com\/ro\/wp-json\/wp\/v2\/media?parent=16740"}],"wp:term":[{"taxonomy":"product_brand","embeddable":true,"href":"https:\/\/agoravape.com\/ro\/wp-json\/wp\/v2\/product_brand?post=16740"},{"taxonomy":"product_cat","embeddable":true,"href":"https:\/\/agoravape.com\/ro\/wp-json\/wp\/v2\/product_cat?post=16740"},{"taxonomy":"product_tag","embeddable":true,"href":"https:\/\/agoravape.com\/ro\/wp-json\/wp\/v2\/product_tag?post=16740"}],"curies":[{"name":"wp","href":"https:\/\/api.w.org\/{rel}","templated":true}]}}