{"id":16783,"date":"2025-10-17T17:48:41","date_gmt":"2025-10-17T09:48:41","guid":{"rendered":"https:\/\/green-grasshopper-921422.hostingersite.com\/?post_type=product&#038;p=16783"},"modified":"2026-02-22T15:15:14","modified_gmt":"2026-02-22T14:15:14","slug":"bug-15000-puffs-led-display-vape","status":"publish","type":"product","link":"https:\/\/agoravape.com\/ro\/product\/bug-15000-puffs-led-display-vape\/","title":{"rendered":"Stilou re\u00eenc\u0103rcabil BUG 15K Puffs cu afi\u0219aj LED | Capacitate mare, afi\u0219aj clar"},"content":{"rendered":"<h2 data-v-md-heading=\"what-are-the-special-features-of-the-15k-suction-led-display-rechargeable-vape\" data-v-md-line=\"3\">Care sunt caracteristicile speciale ale \u021big\u0103rii electronice re\u00eenc\u0103rcabile cu afi\u0219aj LED \u0219i aspira\u021bie de 15K?<\/h2>\n<p data-v-md-line=\"4\">Dac\u0103 te-ai s\u0103turat s\u0103 \u00eenlocuie\u0219ti \u021big\u0103rile electronice de unic\u0103 folosin\u021b\u0103 la fiecare c\u00e2teva zile, acest produs \u00ee\u021bi va u\u0219ura via\u021ba. BUG 15K are o autonomie mare a bateriei, de p\u00e2n\u0103 la 15000 de pufuri, \u0219i este echipat cu un ecran LED convenabil, ceea ce \u00ee\u021bi permite s\u0103 vezi totul dintr-o privire.<\/p>\n<p data-v-md-line=\"6\">Este potrivit pentru oricine \u00ee\u0219i dore\u0219te un gust de lung\u0103 durat\u0103 \u0219i f\u0103r\u0103 efort. Prin \u00eenc\u0103rcarea cu Type-C \u0219i pornirea aspira\u021biei, datorit\u0103 rezisten\u021bei tip plas\u0103, ve\u021bi beneficia de performan\u021be constante. Este at\u00e2t de simplu.<\/p>\n<h2 data-v-md-heading=\"excellent-performance-worry-free\" data-v-md-line=\"8\">Excellent performance, worry free<\/h2>\n<p data-v-md-line=\"9\">Rezisten\u021ba tip plas\u0103 este nucleul lui BUG 15K, astfel \u00eenc\u00e2t fiecare aspirare poate men\u021bine un gust curat \u0219i uniform de la \u00eenceput p\u00e2n\u0103 la sf\u00e2r\u0219it. Bateria de 800 mAh este re\u00eenc\u0103rcabil\u0103, a\u0219a c\u0103 po\u021bi folosi efectiv to\u021bi 20 ml de lichid \u00een loc s\u0103 arunci lichidul achizi\u021bionat. C\u00e2nd bateria este desc\u0103rcat\u0103, po\u021bi utiliza acela\u0219i cablu de date Type-C ca \u0219i telefonul pentru a-l \u00eenc\u0103rca. Este simplu.<\/p>\n<p data-v-md-line=\"11\">Cu at\u00e2t de multe pufuri de vapori \u0219i un volum imens, este totu\u0219i u\u0219or de transportat \u0219i confortabil de \u021binut \u00een m\u00e2n\u0103.<\/p>\n<h2 data-v-md-heading=\"specification-overview\" data-v-md-line=\"13\">Prezentare general\u0103 a specifica\u021biilor<\/h2>\n<p data-v-md-line=\"14\"><strong>Num\u0103r de porturi<\/strong>p\u00e2n\u0103 la 15000 de porturi<br \/>\n<strong>Con\u021binut de nicotin\u0103<\/strong>2% Nicotin\u0103<br \/>\n<strong>Principiul de func\u021bionare<\/strong>Activat prin inhalare<br \/>\n<strong>\u00cenc\u0103rcare<\/strong>: Standard Type-C USB port<br \/>\n<strong>Stare<\/strong>Gata de utilizare dup\u0103 despachetare<br \/>\n*Alte detalii:<br \/>\n-Rezisten\u021b\u0103 la plas\u0103 1.1 \u03a9<br \/>\nCapacitate lichid pentru \u021bigar\u0103 electronic\u0103: 20 mililitri<br \/>\n- Baterie re\u00eenc\u0103rcabil\u0103 de 800 mAh<br \/>\n-Ecran de afi\u0219are LED<br \/>\n-Dimensiune 125 \u00d7 32 mm<br \/>\n-Greutate 100 grame<\/p>\n<h2 data-v-md-heading=\"for-you-and-your-business\" data-v-md-line=\"27\">Pentru tine \u0219i afacerea ta<\/h2>\n<p data-v-md-line=\"28\">Alege\u021bi unul pentru dvs. sau ad\u0103uga\u021bi-l \u00een magazinul dvs. Vindem en-gros de 200 de unit\u0103\u021bi per cutie pentru a v\u0103 asigura c\u0103 rafturile dvs. sunt \u00eentotdeauna pline \u0219i c\u0103 satisfacem clien\u021bii. De asemenea, oferim servicii de livrare DDP fiabile cu parteneri precum UPS, DPD \u0219i DHL, asigur\u00e2ndu-ne c\u0103 tarifele \u0219i taxele sunt pre-procesate pentru a evita situa\u021biile neprev\u0103zute la vam\u0103.<\/p>\n<p data-v-md-line=\"30\">Situa\u021bia aprovizion\u0103rii poate varia \u00een func\u021bie de \u021bar\u0103\/regiune. Dac\u0103 sunte\u021bi un cump\u0103r\u0103tor B2B, v\u0103 rug\u0103m s\u0103 consulta\u021bi reglement\u0103rile locale \u0219i cerin\u021bele TPD \u00eenainte de a plasa o comand\u0103.<\/p>\n<h2 data-v-md-heading=\"why-do-you-like-it\" data-v-md-line=\"32\">De ce \u00ee\u021bi place?<\/h2>\n<p data-v-md-line=\"33\"><strong>Capacitate mare de aspirare:<\/strong>\u00a0Mai pu\u021bine re\u00eenc\u0103rc\u0103ri \u0219i mai pu\u021bine comenzi repetate.<br \/>\n<strong>Nicotin\u0103 2%:<\/strong>\u00a0Concentra\u021bie stabil\u0103 \u0219i familiar\u0103, potrivit\u0103 pentru utilizare zilnic\u0103.<br \/>\n<strong>Re\u00eenc\u0103rcabil\u0103:<\/strong>\u00a0Folose\u0219te to\u021bi cei 20 de mililitri de e-lichid f\u0103r\u0103 risip\u0103.<br \/>\n<strong>Miez de atomizare cu plas\u0103<\/strong>Gust consistent \u0219i aspira\u021bie lin\u0103.<br \/>\n<strong>Ecran de afi\u0219are LED:<\/strong>\u00a0Informa\u021bii rapide \u0219i clare dintr-o privire.<br \/>\n<strong>\u00cenc\u0103rcare tip C:<\/strong>\u00a0\u00cenc\u0103rcarea se poate face folosind un cablu de date obi\u0219nuit.<\/p>\n<h2 data-v-md-heading=\"why-choose-to-collaborate-with-agoravape\" data-v-md-line=\"40\">De ce s\u0103 alegi s\u0103 colaborezi cu AgoraVape?<\/h2>\n<p data-v-md-line=\"41\">Vindem doar produse 100% originale. Cu stiloul vape re\u00eenc\u0103rcabil BUG 15K Puffs cu afi\u0219aj LED, v\u0103 pute\u021bi bucura de pre\u021buri en-gros reduse, asisten\u021b\u0103 clien\u021bi prietenoas\u0103 \u0219i servicii de livrare rapid\u0103 \u0219i trasabil\u0103 \u00een Europa. Respect\u0103m regulile de verificare a v\u00e2rstei \u0219i asigur\u0103m securitatea pl\u0103\u021bilor, permi\u021b\u00e2ndu-v\u0103 s\u0103 v\u0103 concentra\u021bi pe servirea clien\u021bilor. Dori\u021bi un produs durabil \u0219i popular? Suntem \u00eentotdeauna gata s\u0103 ne aprovizion\u0103m pentru dumneavoastr\u0103.<\/p>","protected":false},"excerpt":{"rendered":"<p>&nbsp;<\/p>\n<p><script src=\"chrome-extension:\/\/fpelahbljekknahkcaegamhcndkfpfnc\/iFrame.js\" type=\"text\/javascript\"><\/script><\/p>\n<p><script src=\"chrome-extension:\/\/fpelahbljekknahkcaegamhcndkfpfnc\/iFrame.js\" type=\"text\/javascript\"><\/script><\/p>\n<p><script src=\"chrome-extension:\/\/fpelahbljekknahkcaegamhcndkfpfnc\/iFrame.js\" type=\"text\/javascript\"><\/script><\/p>\n<p><script src=\"chrome-extension:\/\/fpelahbljekknahkcaegamhcndkfpfnc\/iFrame.js\" type=\"text\/javascript\"><\/script><\/p>\n<p><script src=\"chrome-extension:\/\/fpelahbljekknahkcaegamhcndkfpfnc\/iFrame.js\" type=\"text\/javascript\"><\/script><\/p>\n<p><script src=\"chrome-extension:\/\/fpelahbljekknahkcaegamhcndkfpfnc\/iFrame.js\" type=\"text\/javascript\"><\/script><\/p>\n<p><script src=\"chrome-extension:\/\/fpelahbljekknahkcaegamhcndkfpfnc\/iFrame.js\" type=\"text\/javascript\"><\/script><\/p>\n<p><script src=\"chrome-extension:\/\/fpelahbljekknahkcaegamhcndkfpfnc\/iFrame.js\" type=\"text\/javascript\"><\/script><\/p>\n<p><script src=\"chrome-extension:\/\/fpelahbljekknahkcaegamhcndkfpfnc\/iFrame.js\" type=\"text\/javascript\"><\/script><\/p>\n<p><script src=\"chrome-extension:\/\/fpelahbljekknahkcaegamhcndkfpfnc\/iFrame.js\" type=\"text\/javascript\"><\/script><\/p>\n<p><script src=\"chrome-extension:\/\/fpelahbljekknahkcaegamhcndkfpfnc\/iFrame.js\" type=\"text\/javascript\"><\/script><\/p>\n<p><script src=\"chrome-extension:\/\/fpelahbljekknahkcaegamhcndkfpfnc\/iFrame.js\" type=\"text\/javascript\"><\/script><\/p>","protected":false},"featured_media":16806,"comment_status":"open","ping_status":"closed","template":"","meta":[],"product_brand":[230],"product_cat":[124,185,189,157,174,175,193,191,173,186,180,190,192],"product_tag":[],"class_list":{"0":"post-16783","1":"product","2":"type-product","3":"status-publish","4":"has-post-thumbnail","6":"product_brand-bug","7":"product_cat-vape-by-brand","8":"product_cat-10000-puffs-high-capacity","9":"product_cat-20mg-standard-nicotine-vapes","10":"product_cat-bug","11":"product_cat-fruit-flavors","12":"product_cat-icy-mint","13":"product_cat-mesh-coil","14":"product_cat-rechargeable-disposables","15":"product_cat-vape-by-flavor-profile","16":"product_cat-vape-by-nicotine-strength","17":"product_cat-vape-by-puff-count","18":"product_cat-vape-by-feature-or-type","19":"product_cat-vapes-with-screens","21":"first","22":"onbackorder","23":"shipping-taxable","24":"purchasable","25":"product-type-variable","26":"has-default-attributes"},"tiered_pricing_type":"percentage","tiered_pricing_fixed_rules":[],"tiered_pricing_product_settings":{"layout":"default","base_unit_name":{"singular":null,"plural":null},"default_variation":null},"tiered_pricing_minimum_quantity":10,"tiered_pricing_roles_data":[],"tiered_pricing_percentage_rules":{"30":"29","50":"35","100":"40","200":"44","500":"47","1000":"49"},"tiered_pricing_maximum_quantity":null,"tiered_pricing_quantity_step":"10","_links":{"self":[{"href":"https:\/\/agoravape.com\/ro\/wp-json\/wp\/v2\/product\/16783","targetHints":{"allow":["GET"]}}],"collection":[{"href":"https:\/\/agoravape.com\/ro\/wp-json\/wp\/v2\/product"}],"about":[{"href":"https:\/\/agoravape.com\/ro\/wp-json\/wp\/v2\/types\/product"}],"replies":[{"embeddable":true,"href":"https:\/\/agoravape.com\/ro\/wp-json\/wp\/v2\/comments?post=16783"}],"version-history":[{"count":0,"href":"https:\/\/agoravape.com\/ro\/wp-json\/wp\/v2\/product\/16783\/revisions"}],"wp:featuredmedia":[{"embeddable":true,"href":"https:\/\/agoravape.com\/ro\/wp-json\/wp\/v2\/media\/16806"}],"wp:attachment":[{"href":"https:\/\/agoravape.com\/ro\/wp-json\/wp\/v2\/media?parent=16783"}],"wp:term":[{"taxonomy":"product_brand","embeddable":true,"href":"https:\/\/agoravape.com\/ro\/wp-json\/wp\/v2\/product_brand?post=16783"},{"taxonomy":"product_cat","embeddable":true,"href":"https:\/\/agoravape.com\/ro\/wp-json\/wp\/v2\/product_cat?post=16783"},{"taxonomy":"product_tag","embeddable":true,"href":"https:\/\/agoravape.com\/ro\/wp-json\/wp\/v2\/product_tag?post=16783"}],"curies":[{"name":"wp","href":"https:\/\/api.w.org\/{rel}","templated":true}]}}