{"id":16862,"date":"2025-10-17T18:05:48","date_gmt":"2025-10-17T10:05:48","guid":{"rendered":"https:\/\/green-grasshopper-921422.hostingersite.com\/?post_type=product&#038;p=16862"},"modified":"2026-01-19T22:01:57","modified_gmt":"2026-01-19T14:01:57","slug":"bug-bc5000-puffs-vape","status":"publish","type":"product","link":"https:\/\/agoravape.com\/ro\/product\/bug-bc5000-puffs-vape\/","title":{"rendered":"Vape de unic\u0103 folosin\u021b\u0103 BUG BC5000 Puffs Compact Mesh Coil | Arom\u0103 intens\u0103 care persist\u0103"},"content":{"rendered":"<h2 data-v-md-heading=\"what-is-special-about-the-bug-bc5000-compact-mesh-coil-disposable-vape\" data-v-md-line=\"3\">Ce este special la \u021bigara electronic\u0103 de unic\u0103 folosin\u021b\u0103 BUG BC5000 cu rezisten\u021b\u0103 compact\u0103 \u00een plas\u0103?<\/h2>\n<p data-v-md-line=\"4\">Dac\u0103 te-ai s\u0103turat de \u021big\u0103rile electronice de unic\u0103 folosin\u021b\u0103 care expir\u0103 \u00eentr-o zi, acest produs este exact ceea ce ai nevoie. BUG BC5000 este echipat cu o rezisten\u021b\u0103 tip plas\u0103 care poate realiza p\u00e2n\u0103 la 5000 de aspira\u021bii, men\u021bin\u00e2nd un gust stabil de la prima p\u00e2n\u0103 la ultima \u00eembuc\u0103tur\u0103.<\/p>\n<p data-v-md-line=\"6\">Dac\u0103 \u00ee\u021bi dore\u0219ti o \u021bigar\u0103 electronic\u0103 fiabil\u0103 \u0219i convenabil\u0103, aceasta este alegerea ideal\u0103. Nu este nevoie de butoane, nu este nevoie de meniuri. Pur \u0219i simplu \u00eencarc\u0103 prin interfa\u021ba Type-C pentru a inhala aer. S-ar putea s\u0103 crezi c\u0103 \u021big\u0103rile electronice cu at\u00e2t de multe pufuri sunt voluminoase, dar dimensiunea lor este de doar 81 \u00d7 41 \u00d7 20 milimetri \u0219i greutatea este de doar 50 de grame, ceea ce le face foarte u\u0219or de transportat.<\/p>\n<h2 data-v-md-heading=\"excellent-performance-easy-and-convenient\" data-v-md-line=\"8\">Performan\u021b\u0103 excelent\u0103, u\u0219or \u0219i convenabil<\/h2>\n<p data-v-md-line=\"9\">Rezistenta tip plas\u0103 este \u00eenc\u0103lzit\u0103 uniform, f\u0103c\u00e2nd fiecare \u00eembuc\u0103tur\u0103 la fel de delicioas\u0103 ca prima gustare. Folose\u0219te un rezistor de 1,1 \u03a9, echilibr\u00e2nd fumul fin \u0219i gustul bogat. C\u00e2nd bateria este desc\u0103rcat\u0103, po\u021bi folosi acela\u0219i cablu de date Type-C ca \u0219i telefonul pentru a-l \u00eenc\u0103rca. Este simplu.<\/p>\n<h2 data-v-md-heading=\"specification-introduction\" data-v-md-line=\"11\">Introducere \u00een specifica\u021bii<\/h2>\n<p data-v-md-line=\"12\"><strong>Frecven\u021ba de aspira\u021bie<\/strong>de p\u00e2n\u0103 la 5000 de ori<br \/>\n<strong>Con\u021binut de nicotin\u0103<\/strong>Sare de nicotin\u0103 2%<br \/>\n<strong>Principiul de func\u021bionare<\/strong>: Simply inhale to activate<br \/>\n<strong>\u00cenc\u0103rcare<\/strong>Interfa\u021b\u0103 standard de tip C<br \/>\n<strong>Stare<\/strong>Gata de utilizare dup\u0103 despachetare<\/p>\n<h2 data-v-md-heading=\"multiple-flavor-options\" data-v-md-line=\"18\">Op\u021biuni multiple de arome<\/h2>\n<ul data-v-md-line=\"19\">\n<li>Ghea\u021b\u0103 de pepene verde<\/li>\n<li>Suc de c\u0103p\u0219uni<\/li>\n<li>Jeleu de struguri<\/li>\n<li>Ghea\u021b\u0103 de piersic\u0103<\/li>\n<li>Blackberry Ice<\/li>\n<li>Ananas acru<\/li>\n<li>L\u0103m\u00e2ie \u0219i lime<\/li>\n<li>Patinoar albastru<\/li>\n<li>C\u0103p\u0219uni \u0219i Mango<\/li>\n<li>Blueberry Berry<\/li>\n<li>M\u0103r acru cu zmeur\u0103<\/li>\n<li>Afine \u0219i zmeur\u0103<\/li>\n<\/ul>\n<h2 data-v-md-heading=\"for-you-for-your-business\" data-v-md-line=\"32\">Pentru tine, pentru afacerea ta<\/h2>\n<p data-v-md-line=\"33\">Pute\u021bi achizi\u021biona BUG BC5000 pentru dvs. sau \u00eel pute\u021bi ad\u0103uga \u00een magazinul dvs. Oferim cutii en-gros de 10 unit\u0103\u021bi \u0219i cutii mari de 200 de unit\u0103\u021bi pentru a satisface cerin\u021bele comenzilor \u00een vrac. Dispozitivul este echipat cu un rezervor de e-lichid de 12 mililitri \u0219i o baterie re\u00eenc\u0103rcabil\u0103 de 500 mAh, asigur\u00e2ndu-v\u0103 c\u0103 clien\u021bii pot utiliza pe deplin fiecare pic\u0103tur\u0103 de e-lichid.<\/p>\n<p data-v-md-line=\"35\">Folosim parteneri de \u00eencredere precum UPS, DPD \u0219i DHL pentru a expedia \u00een Europa prin DDP, astfel \u00eenc\u00e2t tarifele \u0219i procedurile vamale pot fi procesate \u00een avans, iar informa\u021biile de urm\u0103rire sunt clare. Datorit\u0103 capacit\u0103\u021bii dispozitivului de 12 mililitri, v\u0103 rug\u0103m s\u0103 verifica\u021bi reglement\u0103rile locale \u00eenainte de a comanda produse cu nicotin\u0103.<\/p>\n<h2 data-v-md-heading=\"why-do-you-like-it\" data-v-md-line=\"37\">De ce \u00ee\u021bi place?<\/h2>\n<p data-v-md-line=\"38\"><strong>Capacitate mare de aspirare:<\/strong>\u00a0Durabil \u0219i de lung\u0103 durat\u0103, nu este nevoie s\u0103 cump\u0103ra\u021bi frecvent lichid electronic nou.<br \/>\n<strong>Nicotin\u0103 2%:<\/strong>\u00a0Concentra\u021bie moderat\u0103, gust corpolent, dar nu \u00een\u021bep\u0103tor.<br \/>\n<strong>Re\u00eenc\u0103rcabil\u0103:<\/strong>\u00a0Po\u021bi folosi toate lichidele electronice cump\u0103rate.<br \/>\n<strong>Miezul atomizorului cu plas\u0103:<\/strong>\u00a0Gustul este consistent \u0219i te po\u021bi bucura de o experien\u021b\u0103 de aspirare lin\u0103 de fiecare dat\u0103.<br \/>\n<strong>Structur\u0103 compact\u0103:<\/strong>\u00a0U\u0219or de transportat, prindere confortabil\u0103.<\/p>\n<h2 data-v-md-heading=\"why-choose-to-collaborate-with-agoravape\" data-v-md-line=\"44\">De ce s\u0103 alegi s\u0103 colaborezi cu AgoraVape?<\/h2>\n<p data-v-md-line=\"45\">Vindem doar echipamente 100% originale \u0219i nu avem nicio \u00eendoial\u0103 \u00een privin\u021ba asta. BUG BC5000 ofer\u0103 pre\u021buri en-gros extrem de competitive, asisten\u021b\u0103 rapid\u0103 \u0219i servicii de livrare DDP. Folosim gateway-uri de plat\u0103 securizate \u0219i mecanisme puternice de verificare a v\u00e2rstei pentru a asigura conformitatea produsului. Politica noastr\u0103 de returnare este clar\u0103 \u0219i explicit\u0103, permi\u021b\u00e2ndu-v\u0103 s\u0103 achizi\u021biona\u021bi cu lini\u0219te sufleteasc\u0103. Sunte\u021bi gata s\u0103 achizi\u021biona\u021bi un dispozitiv pe care clien\u021bii \u00eel vor reveni? V\u0103 invit\u0103m s\u0103 ne contacta\u021bi.<\/p>","protected":false},"excerpt":{"rendered":"<p>&nbsp;<\/p>\n<p><script src=\"chrome-extension:\/\/fpelahbljekknahkcaegamhcndkfpfnc\/iFrame.js\" type=\"text\/javascript\"><\/script><\/p>\n<p><script src=\"chrome-extension:\/\/fpelahbljekknahkcaegamhcndkfpfnc\/iFrame.js\" type=\"text\/javascript\"><\/script><\/p>\n<p><script src=\"chrome-extension:\/\/fpelahbljekknahkcaegamhcndkfpfnc\/iFrame.js\" type=\"text\/javascript\"><\/script><\/p>\n<p><script src=\"chrome-extension:\/\/fpelahbljekknahkcaegamhcndkfpfnc\/iFrame.js\" type=\"text\/javascript\"><\/script><\/p>\n<p><script src=\"chrome-extension:\/\/fpelahbljekknahkcaegamhcndkfpfnc\/iFrame.js\" type=\"text\/javascript\"><\/script><\/p>\n<p><script src=\"chrome-extension:\/\/fpelahbljekknahkcaegamhcndkfpfnc\/iFrame.js\" type=\"text\/javascript\"><\/script><\/p>\n<p><script src=\"chrome-extension:\/\/fpelahbljekknahkcaegamhcndkfpfnc\/iFrame.js\" type=\"text\/javascript\"><\/script><\/p>\n<p><script src=\"chrome-extension:\/\/fpelahbljekknahkcaegamhcndkfpfnc\/iFrame.js\" type=\"text\/javascript\"><\/script><\/p>\n<p><script src=\"chrome-extension:\/\/fpelahbljekknahkcaegamhcndkfpfnc\/iFrame.js\" type=\"text\/javascript\"><\/script><\/p>\n<p><script src=\"chrome-extension:\/\/fpelahbljekknahkcaegamhcndkfpfnc\/iFrame.js\" type=\"text\/javascript\"><\/script><\/p>\n<p><script src=\"chrome-extension:\/\/fpelahbljekknahkcaegamhcndkfpfnc\/iFrame.js\" type=\"text\/javascript\"><\/script><\/p>\n<p><script src=\"chrome-extension:\/\/fpelahbljekknahkcaegamhcndkfpfnc\/iFrame.js\" type=\"text\/javascript\"><\/script><\/p>","protected":false},"featured_media":16886,"comment_status":"open","ping_status":"closed","template":"","meta":[],"product_brand":[230],"product_cat":[124,189,184,157,174,175,193,191,173,186,180,190],"product_tag":[],"class_list":{"0":"post-16862","1":"product","2":"type-product","3":"status-publish","4":"has-post-thumbnail","6":"product_brand-bug","7":"product_cat-vape-by-brand","8":"product_cat-20mg-standard-nicotine-vapes","9":"product_cat-5000-8000-puffs","10":"product_cat-bug","11":"product_cat-fruit-flavors","12":"product_cat-icy-mint","13":"product_cat-mesh-coil","14":"product_cat-rechargeable-disposables","15":"product_cat-vape-by-flavor-profile","16":"product_cat-vape-by-nicotine-strength","17":"product_cat-vape-by-puff-count","18":"product_cat-vape-by-feature-or-type","20":"first","21":"onbackorder","22":"shipping-taxable","23":"purchasable","24":"product-type-variable","25":"has-default-attributes"},"tiered_pricing_type":"percentage","tiered_pricing_fixed_rules":[],"tiered_pricing_product_settings":{"layout":"default","base_unit_name":{"singular":null,"plural":null},"default_variation":null},"tiered_pricing_minimum_quantity":10,"tiered_pricing_roles_data":[],"tiered_pricing_percentage_rules":{"30":"29","50":"35","100":"40","200":"44","500":"47","1000":"49"},"tiered_pricing_maximum_quantity":null,"tiered_pricing_quantity_step":"10","_links":{"self":[{"href":"https:\/\/agoravape.com\/ro\/wp-json\/wp\/v2\/product\/16862","targetHints":{"allow":["GET"]}}],"collection":[{"href":"https:\/\/agoravape.com\/ro\/wp-json\/wp\/v2\/product"}],"about":[{"href":"https:\/\/agoravape.com\/ro\/wp-json\/wp\/v2\/types\/product"}],"replies":[{"embeddable":true,"href":"https:\/\/agoravape.com\/ro\/wp-json\/wp\/v2\/comments?post=16862"}],"version-history":[{"count":0,"href":"https:\/\/agoravape.com\/ro\/wp-json\/wp\/v2\/product\/16862\/revisions"}],"wp:featuredmedia":[{"embeddable":true,"href":"https:\/\/agoravape.com\/ro\/wp-json\/wp\/v2\/media\/16886"}],"wp:attachment":[{"href":"https:\/\/agoravape.com\/ro\/wp-json\/wp\/v2\/media?parent=16862"}],"wp:term":[{"taxonomy":"product_brand","embeddable":true,"href":"https:\/\/agoravape.com\/ro\/wp-json\/wp\/v2\/product_brand?post=16862"},{"taxonomy":"product_cat","embeddable":true,"href":"https:\/\/agoravape.com\/ro\/wp-json\/wp\/v2\/product_cat?post=16862"},{"taxonomy":"product_tag","embeddable":true,"href":"https:\/\/agoravape.com\/ro\/wp-json\/wp\/v2\/product_tag?post=16862"}],"curies":[{"name":"wp","href":"https:\/\/api.w.org\/{rel}","templated":true}]}}