{"id":16942,"date":"2025-10-18T10:26:29","date_gmt":"2025-10-18T02:26:29","guid":{"rendered":"https:\/\/green-grasshopper-921422.hostingersite.com\/?post_type=product&#038;p=16942"},"modified":"2026-03-31T04:20:48","modified_gmt":"2026-03-31T02:20:48","slug":"bangbox-80000-puffs-tripla-aroma-vape","status":"publish","type":"product","link":"https:\/\/agoravape.com\/ro\/product\/bangbox-80000-puffs-triple-flavor-vape\/","title":{"rendered":"BANGBOX 80K Puffs Triple Flavor &amp; Triple Coil Vape | Capacitate mare, utilizare zilnic\u0103 u\u0219oar\u0103"},"content":{"rendered":"<h2 data-v-md-heading=\"what-is-the-bangbox-80k-triple-flavored-three-coil-vape-like\" data-v-md-line=\"3\"><img loading=\"lazy\" decoding=\"async\" class=\"aligncenter size-full wp-image-16961\" src=\"https:\/\/agoravape.com\/wp-content\/uploads\/2025\/10\/BANGBOX-80K-Puffs-Triple-Flavor-Triple-Coil-Vape_Agora_vape-6.webp\" alt=\"\" width=\"800\" height=\"1605\" srcset=\"https:\/\/agoravape.com\/wp-content\/uploads\/2025\/10\/BANGBOX-80K-Puffs-Triple-Flavor-Triple-Coil-Vape_Agora_vape-6.webp 800w, https:\/\/agoravape.com\/wp-content\/uploads\/2025\/10\/BANGBOX-80K-Puffs-Triple-Flavor-Triple-Coil-Vape_Agora_vape-6-150x300.webp 150w, https:\/\/agoravape.com\/wp-content\/uploads\/2025\/10\/BANGBOX-80K-Puffs-Triple-Flavor-Triple-Coil-Vape_Agora_vape-6-510x1024.webp 510w, https:\/\/agoravape.com\/wp-content\/uploads\/2025\/10\/BANGBOX-80K-Puffs-Triple-Flavor-Triple-Coil-Vape_Agora_vape-6-768x1541.webp 768w, https:\/\/agoravape.com\/wp-content\/uploads\/2025\/10\/BANGBOX-80K-Puffs-Triple-Flavor-Triple-Coil-Vape_Agora_vape-6-766x1536.webp 766w\" sizes=\"auto, (max-width: 800px) 100vw, 800px\" \/><\/h2>\n<h2 data-v-md-heading=\"what-is-the-bangbox-80k-triple-flavored-three-coil-vape-like\" data-v-md-line=\"3\">Cum este \u021bigara electronic\u0103 BANGBOX 80K cu arom\u0103 tripl\u0103 \u0219i trei rezisten\u021be?<\/h2>\n<p data-v-md-line=\"4\">Dac\u0103 te-ai s\u0103turat de \u021big\u0103rile electronice de unic\u0103 folosin\u021b\u0103 care consum\u0103 prea mult combustibil, poate vrei s\u0103 arunci o privire la acest produs. BANGBOX 80K are o capacitate de p\u00e2n\u0103 la 80000 de pufuri \u0219i este echipat cu 60 de mililitri de e-lichid de capacitate ultra-mare, permi\u021b\u00e2ndu-\u021bi s\u0103 te bucuri cu u\u0219urin\u021b\u0103 de o durat\u0103 lung\u0103 de via\u021b\u0103 a bateriei. Combin\u0103 trei arome \u00eentr-una singur\u0103, fiind perfect pentru persoanele c\u0103rora le place s\u0103 le amestece \u00een timpul zilei.<\/p>\n<p data-v-md-line=\"6\">Pentru cei care \u00ee\u0219i doresc performan\u021b\u0103 fiabil\u0103 \u0219i o arom\u0103 bogat\u0103 f\u0103r\u0103 a-\u0219i face griji cu privire la configurare, este o alegere ideal\u0103. Afi\u0219ajul clar al lichidului electronic \u0219i al nivelului bateriei v\u0103 permite s\u0103 urm\u0103ri\u021bi starea \u021big\u0103rii \u00een orice moment, f\u0103r\u0103 a ghici.<\/p>\n<h2 data-v-md-heading=\"excellent-performance-easy-and-convenient\" data-v-md-line=\"8\">Performan\u021b\u0103 excelent\u0103, u\u0219or \u0219i convenabil<\/h2>\n<p data-v-md-line=\"9\">Tehnologia cu rezisten\u021b\u0103 tripl\u0103 este nucleul acestui dispozitiv. De aceea, gustul e-lichidului r\u0103m\u00e2ne consistent de la prima p\u00e2n\u0103 la ultima \u00eenghi\u021bitur\u0103. C\u00e2nd bateria este desc\u0103rcat\u0103, o pute\u021bi \u00eenc\u0103rca prin interfa\u021ba standard Type-C, care este acela\u0219i cablu folosit de majoritatea telefoanelor. Este foarte u\u0219or de utilizat.<\/p>\n<h2 data-v-md-heading=\"specification-introduction\" data-v-md-line=\"11\">Introducere \u00een specifica\u021bii<\/h2>\n<ul data-v-md-line=\"12\">\n<li>Frecven\u021ba de aspirare: p\u00e2n\u0103 la 80000 de ori<\/li>\n<li>Con\u021binut de nicotin\u0103: 0%, 2%, 3%, 5%<\/li>\n<li>Principiu de func\u021bionare: Se activeaz\u0103 cu o singur\u0103 pufnire<\/li>\n<li>\u00cenc\u0103rcare: Interfa\u021b\u0103 USB de tip C<\/li>\n<li>Stare: Gata de utilizare imediat ce este scoas\u0103 din cutie<\/li>\n<li>Afi\u0219aj pentru lichidul electronic \u0219i baterie: indicator luminos \u00eencorporat \u00een dispozitiv<\/li>\n<li>Capacitate lichid electronic: 60 mililitri<\/li>\n<li>Nucleu de atomizare: Nucleu de atomizare cu tripl\u0103 plas\u0103, 0,8 ohmi<\/li>\n<li>Baterie: 17350 celule, 850mAh, baterie cu cobalt pur, desc\u0103rcare 5A<\/li>\n<li>Dimensiuni \u0219i greutate: 46 \u00d7 46 \u00d7 128 milimetri, 135 grame<\/li>\n<\/ul>\n<h2 data-v-md-heading=\"full-flavor-series\" data-v-md-line=\"23\">Serie cu arom\u0103 complet\u0103<\/h2>\n<p data-v-md-line=\"24\">Fiecare arom\u0103 poate oferi trei combina\u021bii de arome:<\/p>\n<ul data-v-md-line=\"25\">\n<li>C\u0103p\u0219uni Banan\u0103+Zmeur\u0103 Pepene Verde+Dragoste 666<\/li>\n<li>Fructe tropicale + c\u0103p\u0219uni pepene verde + l\u0103m\u00e2ie piersic\u0103<\/li>\n<li>Cola cu c\u0103p\u0219uni \u0219i vanilie + m\u0103r acru, zmeur\u0103 + l\u0103m\u00e2ie \u0219i lime<\/li>\n<li>\u00cenghe\u021bat\u0103 dubl\u0103 de struguri+c\u0103p\u0219uni mango+afine zmeur\u0103 acr\u0103<\/li>\n<li>\u00cenghe\u021bat\u0103 de pepene verde + \u00cenghe\u021bat\u0103 de c\u0103p\u0219uni + Pepene triplu<\/li>\n<li>Suc de cola cu l\u0103m\u00e2ie + gum\u0103 de mestecat cu pepene verde + ghea\u021b\u0103 Black Dragon<\/li>\n<li>\u00cenghe\u021bat\u0103 Triple Berry + Mango Piersic\u0103 + C\u0103p\u0219uni Kiwi<\/li>\n<li>\u00cenghe\u021bat\u0103 de c\u0103p\u0219uni + C\u0103p\u0219uni + Pepene verde + Ananas + Mango + Piersic\u0103<\/li>\n<li>Ananas \u0219i nuc\u0103 de cocos + \u00cenghe\u021bat\u0103 de c\u0103p\u0219uni + \u00cenghe\u021bat\u0103 de afine<\/li>\n<li>\u00cenghe\u021bat\u0103 de l\u0103m\u00e2ie, lime, mango, piersic\u0103, pepene verde \u0219i afine<\/li>\n<li>\u00cenghe\u021bat\u0103 de pepene verde + Red Bull + Kiwi cu c\u0103p\u0219uni<\/li>\n<li>Kiwi \u0219i c\u0103p\u0219uni + Ananas acru + Red Bull cu c\u0103p\u0219uni<\/li>\n<\/ul>\n<h2 data-v-md-heading=\"for-you-and-your-business\" data-v-md-line=\"38\">Pentru tine \u0219i afacerea ta<\/h2>\n<p data-v-md-line=\"39\">Pute\u021bi cump\u0103ra <a class=\"wpil_keyword_link\" href=\"https:\/\/agoravape.com\/ro\/produs\/bangbox-50000-puffs-dual-aroma-vape\/\" target=\"_blank\" rel=\"noopener\" title=\"BANGBOX 50K Puffs Dual Flavor Dual Coil Vape Online | Dou\u0103 arome. Num\u0103r mare de pufuri. \u00cenc\u0103rcare u\u0219oar\u0103.\" data-wpil-keyword-link=\"linked\" data-wpil-monitor-id=\"7166\">BANGBOX<\/a> 80K pentru uz personal sau stoca\u021bi pentru magazinul dvs. Ambalaj cu ridicata de 10 buc\u0103\u021bi pe cutie, convenabil pentru rafturi de v\u00e2nzare cu am\u0103nuntul \u0219i livrare online. Pentru un volum mai mare de livrare, pute\u021bi alege \u00eentre cutii mici de carton de 100 de buc\u0103\u021bi pe cutie sau cutii mari de carton de 200 de buc\u0103\u021bi pe cutie.<\/p>\n<p data-v-md-line=\"41\">Expediem prin intermediul unor parteneri de \u00eencredere, precum UPS, DPD \u0219i DHL, \u00een \u00eentreaga Europ\u0103, cu sistemul Delivered Duty Paid (DDP), astfel \u00eenc\u00e2t tarifele pot fi procesate \u00een avans \u0219i nu vor exista probleme vamale nea\u0219teptate. Comenzile pot fi urm\u0103rite \u0219i livrate \u00een siguran\u021b\u0103.<\/p>\n<h2 data-v-md-heading=\"why-do-you-like-it\" data-v-md-line=\"43\">De ce \u00ee\u021bi place?<\/h2>\n<ul data-v-md-line=\"44\">\n<li>Fumat masiv: Pute\u021bi reduce num\u0103rul de reumpleri cu cartu\u0219e de fum, economisind timp \u0219i energie.<\/li>\n<li>Nicotine content selection: Choose 0%, 2%, 3%, or 5% according to your preference.<\/li>\n<li>Re\u00eenc\u0103rcabil\u0103: \u00cenc\u0103rcarea de tip C v\u0103 permite s\u0103 utiliza\u021bi complet 60 ml de e-lichid f\u0103r\u0103 a-l irosi.<\/li>\n<li>Spir\u0103 de plas\u0103: Design cu tripl\u0103 plas\u0103, men\u021bin\u00e2nd un gust stabil \u0219i satisf\u0103c\u0103tor.<\/li>\n<li>Indicatori lumino\u0219i clari: Ecranul de afi\u0219are a bateriei \u0219i a lichidului pentru \u021bigara electronic\u0103 v\u0103 va spune c\u00e2nd trebuie \u00eenc\u0103rcat\u0103 sau \u00eenlocuit\u0103.<\/li>\n<li>Trei arome \u00eentr-una: Bucur\u0103-te de mai multe arome f\u0103r\u0103 a avea mai multe dispozitive la tine.<\/li>\n<\/ul>\n<h2 data-v-md-heading=\"why-choose-to-collaborate-with-agoravape\" data-v-md-line=\"51\">De ce s\u0103 alegi s\u0103 colaborezi cu AgoraVape?<\/h2>\n<p data-v-md-line=\"52\">Cump\u0103r\u0103m \u0219i vindem echipamente 100% originale \u0219i oferim asisten\u021b\u0103 tehnic\u0103 solid\u0103. Clien\u021bii comerciali se pot bucura de pre\u021buri en-gros reduse, livrare rapid\u0103 cu taxe pl\u0103tite \u0219i servicii fiabile pentru \u021big\u0103rile electronice BANGBOX 80K Puffs cu arom\u0103 tripl\u0103 \u0219i trei rezisten\u021be. Dac\u0103 dori\u021bi s\u0103 achizi\u021biona\u021bi un dispozitiv de mare capacitate cu o rat\u0103 ridicat\u0103 de returnare de c\u0103tre clien\u021bi, v\u0103 rug\u0103m s\u0103 ne contacta\u021bi.<\/p>","protected":false},"excerpt":{"rendered":"<p>&nbsp;<\/p>","protected":false},"featured_media":16960,"comment_status":"open","ping_status":"closed","template":"","meta":[],"product_brand":[231],"product_cat":[124,187,185,189,158,195,174,175,193,191,173,186,180,190,192],"product_tag":[],"class_list":{"0":"post-16942","1":"product","2":"type-product","3":"status-publish","4":"has-post-thumbnail","6":"product_brand-bang-box","7":"product_cat-vape-by-brand","8":"product_cat-0mg-nicotine-free-vapes","9":"product_cat-10000-puffs-high-capacity","10":"product_cat-20mg-standard-nicotine-vapes","11":"product_cat-bang-box","12":"product_cat-dual-flavor-switch","13":"product_cat-fruit-flavors","14":"product_cat-icy-mint","15":"product_cat-mesh-coil","16":"product_cat-rechargeable-disposables","17":"product_cat-vape-by-flavor-profile","18":"product_cat-vape-by-nicotine-strength","19":"product_cat-vape-by-puff-count","20":"product_cat-vape-by-feature-or-type","21":"product_cat-vapes-with-screens","23":"first","24":"instock","25":"shipping-taxable","26":"purchasable","27":"product-type-variable","28":"has-default-attributes"},"tiered_pricing_type":"percentage","tiered_pricing_fixed_rules":[],"tiered_pricing_product_settings":{"layout":"default","base_unit_name":{"singular":null,"plural":null},"default_variation":null},"tiered_pricing_minimum_quantity":10,"tiered_pricing_roles_data":[],"tiered_pricing_percentage_rules":{"30":"29","50":"35","100":"40","200":"44","500":"47","1000":"49"},"tiered_pricing_maximum_quantity":null,"tiered_pricing_quantity_step":"10","_links":{"self":[{"href":"https:\/\/agoravape.com\/ro\/wp-json\/wp\/v2\/product\/16942","targetHints":{"allow":["GET"]}}],"collection":[{"href":"https:\/\/agoravape.com\/ro\/wp-json\/wp\/v2\/product"}],"about":[{"href":"https:\/\/agoravape.com\/ro\/wp-json\/wp\/v2\/types\/product"}],"replies":[{"embeddable":true,"href":"https:\/\/agoravape.com\/ro\/wp-json\/wp\/v2\/comments?post=16942"}],"version-history":[{"count":1,"href":"https:\/\/agoravape.com\/ro\/wp-json\/wp\/v2\/product\/16942\/revisions"}],"predecessor-version":[{"id":29818,"href":"https:\/\/agoravape.com\/ro\/wp-json\/wp\/v2\/product\/16942\/revisions\/29818"}],"wp:featuredmedia":[{"embeddable":true,"href":"https:\/\/agoravape.com\/ro\/wp-json\/wp\/v2\/media\/16960"}],"wp:attachment":[{"href":"https:\/\/agoravape.com\/ro\/wp-json\/wp\/v2\/media?parent=16942"}],"wp:term":[{"taxonomy":"product_brand","embeddable":true,"href":"https:\/\/agoravape.com\/ro\/wp-json\/wp\/v2\/product_brand?post=16942"},{"taxonomy":"product_cat","embeddable":true,"href":"https:\/\/agoravape.com\/ro\/wp-json\/wp\/v2\/product_cat?post=16942"},{"taxonomy":"product_tag","embeddable":true,"href":"https:\/\/agoravape.com\/ro\/wp-json\/wp\/v2\/product_tag?post=16942"}],"curies":[{"name":"wp","href":"https:\/\/api.w.org\/{rel}","templated":true}]}}