{"id":17050,"date":"2025-10-18T11:22:24","date_gmt":"2025-10-18T03:22:24","guid":{"rendered":"https:\/\/green-grasshopper-921422.hostingersite.com\/?post_type=product&#038;p=17050"},"modified":"2026-03-31T04:20:45","modified_gmt":"2026-03-31T02:20:45","slug":"bangbox-20000-puffs-vape","status":"publish","type":"product","link":"https:\/\/agoravape.com\/ro\/product\/bangbox-20000-puffs-vape\/","title":{"rendered":"BANGBOX 20000 Puffs Mesh Coil Vape de unic\u0103 folosin\u021b\u0103 UE | Arom\u0103 de lung\u0103 durat\u0103, re\u00eenc\u0103rcare u\u0219oar\u0103"},"content":{"rendered":"<h2 data-v-md-heading=\"what-are-the-special-features-of-bangbox-20000-port-mesh-coil-disposable-vape-european-standard\" data-v-md-line=\"3\"><img loading=\"lazy\" decoding=\"async\" class=\"aligncenter size-full wp-image-17049\" src=\"https:\/\/agoravape.com\/wp-content\/uploads\/2025\/10\/BANGBOX-20000-Puffs-Mesh-Coil-Disposable-Vape-EU_Agora_vape-1.webp\" alt=\"\" width=\"2560\" height=\"1440\" srcset=\"https:\/\/agoravape.com\/wp-content\/uploads\/2025\/10\/BANGBOX-20000-Puffs-Mesh-Coil-Disposable-Vape-EU_Agora_vape-1.webp 2560w, https:\/\/agoravape.com\/wp-content\/uploads\/2025\/10\/BANGBOX-20000-Puffs-Mesh-Coil-Disposable-Vape-EU_Agora_vape-1-1200x675.webp 1200w, https:\/\/agoravape.com\/wp-content\/uploads\/2025\/10\/BANGBOX-20000-Puffs-Mesh-Coil-Disposable-Vape-EU_Agora_vape-1-300x169.webp 300w, https:\/\/agoravape.com\/wp-content\/uploads\/2025\/10\/BANGBOX-20000-Puffs-Mesh-Coil-Disposable-Vape-EU_Agora_vape-1-1024x576.webp 1024w, https:\/\/agoravape.com\/wp-content\/uploads\/2025\/10\/BANGBOX-20000-Puffs-Mesh-Coil-Disposable-Vape-EU_Agora_vape-1-768x432.webp 768w, https:\/\/agoravape.com\/wp-content\/uploads\/2025\/10\/BANGBOX-20000-Puffs-Mesh-Coil-Disposable-Vape-EU_Agora_vape-1-1536x864.webp 1536w, https:\/\/agoravape.com\/wp-content\/uploads\/2025\/10\/BANGBOX-20000-Puffs-Mesh-Coil-Disposable-Vape-EU_Agora_vape-1-2048x1152.webp 2048w\" sizes=\"auto, (max-width: 2560px) 100vw, 2560px\" \/><\/h2>\n<h2 data-v-md-heading=\"what-are-the-special-features-of-bangbox-20000-port-mesh-coil-disposable-vape-european-standard\" data-v-md-line=\"3\">Care sunt caracteristicile speciale ale BANGBOX 20000 port mesh coil de unic\u0103 folosin\u021b\u0103 vape (standard european)?<\/h2>\n<p data-v-md-line=\"4\">Dac\u0103 v-a\u021bi s\u0103turat de vapoarele de unic\u0103 folosin\u021b\u0103 folosite \u00een zilele lucr\u0103toare, poate dori\u021bi s\u0103 arunca\u021bi o privire la acest produs. BANGBOX are o capacitate de p\u00e2n\u0103 la 20000 de porturi \u0219i este echipat cu un afi\u0219aj clar al bateriei, permi\u021b\u00e2ndu-v\u0103 s\u0103 \u00een\u021belege\u021bi cu exactitate c\u00e2nd trebuie s\u0103 \u00eenc\u0103rca\u021bi. Nu este nevoie s\u0103 ghici\u021bi, u\u0219or \u0219i convenabil.<\/p>\n<p data-v-md-line=\"6\">Dac\u0103 dori\u021bi o vape fiabil\u0103, delicioas\u0103 \u0219i gata de utilizare, atunci acest produs este alegerea ideal\u0103. S-ar putea s\u0103 crede\u021bi c\u0103 av\u00e2nd un dispozitiv cu o capacitate at\u00e2t de mare ar face-o voluminoas\u0103, dar dimensiunea BANGBOX este surprinz\u0103tor de mic\u0103, doar 142 \u00d7 33 \u00d7 33 milimetri. C\u00e2nt\u0103re\u0219te aproximativ 105 grame, se simte solid, dar nu v\u0103 va face s\u0103 v\u0103 sim\u021bi\u021bi greu.<\/p>\n<h2 data-v-md-heading=\"excellent-performance-and-easy-operation\" data-v-md-line=\"8\">Performan\u021b\u0103 excelent\u0103 \u0219i utilizare u\u0219oar\u0103<\/h2>\n<p data-v-md-line=\"9\">Nucleul acestui dispozitiv este bobina cu ochiuri, asigur\u00e2nd un gust consistent de la prima la ultima mu\u0219c\u0103tur\u0103. Trebuie doar s\u0103 trage\u021bi un fum pentru a activa. C\u00e2nd bateria este desc\u0103rcat\u0103, pute\u021bi conecta cablul de date Type-C \u0219i pute\u021bi utiliza un \u00eenc\u0103rc\u0103tor de telefon pentru a o \u00eenc\u0103rca. Ecranul mic afi\u0219eaz\u0103 starea bateriei, permi\u021b\u00e2ndu-v\u0103 s\u0103 ave\u021bi control asupra tuturor lucrurilor.<\/p>\n<h2 data-v-md-heading=\"specification-introduction\" data-v-md-line=\"11\">Introducere \u00een specifica\u021bii<\/h2>\n<p data-v-md-line=\"12\"><strong>Frecven\u021ba de aspira\u021bie<\/strong>: p\u00e2n\u0103 la 20000 de ori<br \/>\n<strong>Con\u021binutul de nicotin\u0103<\/strong>: 0%, 2%, 3%, 5%<br \/>\n<strong>Principiul de func\u021bionare<\/strong>: Simply inhale to activate<br \/>\n<strong>\u00cenc\u0103rcare<\/strong>Interfa\u021b\u0103 USB standard de tip C<br \/>\n<strong>Stare<\/strong>Gata de utilizare dup\u0103 despachetare<\/p>\n<h2 data-v-md-heading=\"full-range-of-flavors\" data-v-md-line=\"18\">Gam\u0103 complet\u0103 de arome<\/h2>\n<ul data-v-md-line=\"19\">\n<li>Kiwi \u0219i c\u0103p\u0219uni<\/li>\n<li>Kiwi, fructul pasiunii, guava<\/li>\n<li>Pepene verde cu c\u0103p\u0219uni<\/li>\n<li>Pepene verde zmeur\u0103<\/li>\n<li>Blueberry Sour Raspberry Ice<\/li>\n<li>Ghea\u021b\u0103 de pepene verde<\/li>\n<li>Ghea\u021b\u0103 de banan\u0103<\/li>\n<li>Mango and Peach<\/li>\n<li>Patinoar albastru<\/li>\n<li>Mr. Blueberry (Red Bull+Mixed Berry)<\/li>\n<li>Ghea\u021b\u0103 de struguri<\/li>\n<li>Mango Ice<\/li>\n<\/ul>\n<p><img loading=\"lazy\" decoding=\"async\" class=\"aligncenter size-full wp-image-17076\" src=\"https:\/\/agoravape.com\/wp-content\/uploads\/2025\/10\/BANGBOX-20000-Puffs-Mesh-Coil-Disposable-Vape-EU_Agora_vape-14.webp\" alt=\"\" width=\"2269\" height=\"1276\" srcset=\"https:\/\/agoravape.com\/wp-content\/uploads\/2025\/10\/BANGBOX-20000-Puffs-Mesh-Coil-Disposable-Vape-EU_Agora_vape-14.webp 2269w, https:\/\/agoravape.com\/wp-content\/uploads\/2025\/10\/BANGBOX-20000-Puffs-Mesh-Coil-Disposable-Vape-EU_Agora_vape-14-1200x675.webp 1200w, https:\/\/agoravape.com\/wp-content\/uploads\/2025\/10\/BANGBOX-20000-Puffs-Mesh-Coil-Disposable-Vape-EU_Agora_vape-14-300x169.webp 300w, https:\/\/agoravape.com\/wp-content\/uploads\/2025\/10\/BANGBOX-20000-Puffs-Mesh-Coil-Disposable-Vape-EU_Agora_vape-14-1024x576.webp 1024w, https:\/\/agoravape.com\/wp-content\/uploads\/2025\/10\/BANGBOX-20000-Puffs-Mesh-Coil-Disposable-Vape-EU_Agora_vape-14-768x432.webp 768w, https:\/\/agoravape.com\/wp-content\/uploads\/2025\/10\/BANGBOX-20000-Puffs-Mesh-Coil-Disposable-Vape-EU_Agora_vape-14-1536x864.webp 1536w, https:\/\/agoravape.com\/wp-content\/uploads\/2025\/10\/BANGBOX-20000-Puffs-Mesh-Coil-Disposable-Vape-EU_Agora_vape-14-2048x1152.webp 2048w\" sizes=\"auto, (max-width: 2269px) 100vw, 2269px\" \/><\/p>\n<h2 data-v-md-heading=\"for-you-and-your-business\" data-v-md-line=\"32\">Pentru tine \u0219i afacerea ta<\/h2>\n<p data-v-md-line=\"33\">Pute\u021bi achizi\u021biona un BANGBOX 20000 pentru uz personal sau pentru a v\u0103 aproviziona magazinul. Ambalajul en-gros este de 10 buc\u0103\u021bi pe cutie, 100 sau 200 de buc\u0103\u021bi pe cutie (dac\u0103 dori\u021bi s\u0103 achizi\u021biona\u021bi \u00een cantit\u0103\u021bi mari). SKU-ul care este convenabil pentru comand\u0103 este BANG-BOX-20000-puff.<\/p>\n<p data-v-md-line=\"35\">Folosim parteneri de \u00eencredere precum UPS, DPD \u0219i DHL pentru a expedia produsele c\u0103tre multe destina\u021bii din UE prin DDP pentru a gestiona corect taxele vamale \u0219i a evita orice incidente nea\u0219teptate la vam\u0103. Reglement\u0103rile variaz\u0103 \u00een diferite pie\u021be ale Uniunii Europene, deci este important s\u0103 verifica\u021bi reglement\u0103rile locale \u00eenainte de import, mai ales c\u0103 acest dispozitiv con\u021bine doar 35 mililitri de e-lichid.<\/p>\n<h2 data-v-md-heading=\"why-do-you-like-it\" data-v-md-line=\"37\">De ce \u00ee\u021bi place?<\/h2>\n<p data-v-md-line=\"38\"><strong>Aspira\u021bie puternic\u0103<\/strong>: Rezist\u0103 mai mult, deci nu trebuie s\u0103 cump\u0103ra\u021bi frecvent e-lichid nou.<br \/>\n<strong>Nicotine selection<\/strong>: Alege concentra\u021bia de nicotin\u0103 potrivit\u0103 pentru ziua ta.<br \/>\n<strong>Rechargeable<\/strong>: Ve\u021bi utiliza tot e-lichidul pe care \u00eel achizi\u021biona\u021bi.<br \/>\n<strong>Mesh coil<\/strong>: Bucura\u021bi-v\u0103 de o textur\u0103 neted\u0103 \u0219i consistent\u0103 cu fiecare aspira\u021bie.<br \/>\n<strong>Afi\u0219area nivelului bateriei<\/strong>: Ob\u021bine\u021bi o \u00een\u021belegere clar\u0103 a nivelului bateriei dintr-o privire.<\/p>\n<h2 data-v-md-heading=\"why-collaborate-with-agoravape\" data-v-md-line=\"44\">De ce s\u0103 colaborezi cu AgoraVape?<\/h2>\n<p data-v-md-line=\"45\">Vindem numai produse originale 100% cu surse clare. Pentru cump\u0103r\u0103torii comerciali, acest lucru \u00eenseamn\u0103 pre\u021buri en-gros reduse, suport de \u00eencredere \u0219i livrare rapid\u0103 DDP \u00een \u00eentreaga Europ\u0103. Verific\u0103m anul produsului, respect\u0103m standardele industriei \u0219i men\u021binem transparen\u021ba comunic\u0103rii. Contacta\u021bi-ne imediat pentru a comanda BANGBOX 20000 vapori de unic\u0103 folosin\u021b\u0103 cu bobine mesh (versiunea UE), oferind clien\u021bilor dvs. un produs de returnare durabil \u0219i de \u00eencredere.<\/p>","protected":false},"excerpt":{"rendered":"<p>Care sunt caracteristicile speciale ale BANGBOX 20000 port mesh coil de unic\u0103 folosin\u021b\u0103 vape (standard european)? Dac\u0103 sunte\u021bi obosit de<\/p>","protected":false},"featured_media":17075,"comment_status":"open","ping_status":"closed","template":"","meta":[],"product_brand":[231],"product_cat":[124,187,185,1636,189,158,174,175,193,191,173,186,180,190,192],"product_tag":[],"class_list":{"0":"post-17050","1":"product","2":"type-product","3":"status-publish","4":"has-post-thumbnail","6":"product_brand-bang-box","7":"product_cat-vape-by-brand","8":"product_cat-0mg-nicotine-free-vapes","9":"product_cat-10000-puffs-high-capacity","10":"product_cat-20000-puffs","11":"product_cat-20mg-standard-nicotine-vapes","12":"product_cat-bang-box","13":"product_cat-fruit-flavors","14":"product_cat-icy-mint","15":"product_cat-mesh-coil","16":"product_cat-rechargeable-disposables","17":"product_cat-vape-by-flavor-profile","18":"product_cat-vape-by-nicotine-strength","19":"product_cat-vape-by-puff-count","20":"product_cat-vape-by-feature-or-type","21":"product_cat-vapes-with-screens","23":"first","24":"onbackorder","25":"shipping-taxable","26":"purchasable","27":"product-type-variable","28":"has-default-attributes"},"tiered_pricing_type":"percentage","tiered_pricing_fixed_rules":[],"tiered_pricing_product_settings":{"layout":"default","base_unit_name":{"singular":null,"plural":null},"default_variation":null},"tiered_pricing_minimum_quantity":10,"tiered_pricing_roles_data":[],"tiered_pricing_percentage_rules":{"30":"29","50":"35","100":"40","200":"44","500":"47","1000":"49"},"tiered_pricing_maximum_quantity":null,"tiered_pricing_quantity_step":"10","_links":{"self":[{"href":"https:\/\/agoravape.com\/ro\/wp-json\/wp\/v2\/product\/17050","targetHints":{"allow":["GET"]}}],"collection":[{"href":"https:\/\/agoravape.com\/ro\/wp-json\/wp\/v2\/product"}],"about":[{"href":"https:\/\/agoravape.com\/ro\/wp-json\/wp\/v2\/types\/product"}],"replies":[{"embeddable":true,"href":"https:\/\/agoravape.com\/ro\/wp-json\/wp\/v2\/comments?post=17050"}],"version-history":[{"count":1,"href":"https:\/\/agoravape.com\/ro\/wp-json\/wp\/v2\/product\/17050\/revisions"}],"predecessor-version":[{"id":29815,"href":"https:\/\/agoravape.com\/ro\/wp-json\/wp\/v2\/product\/17050\/revisions\/29815"}],"wp:featuredmedia":[{"embeddable":true,"href":"https:\/\/agoravape.com\/ro\/wp-json\/wp\/v2\/media\/17075"}],"wp:attachment":[{"href":"https:\/\/agoravape.com\/ro\/wp-json\/wp\/v2\/media?parent=17050"}],"wp:term":[{"taxonomy":"product_brand","embeddable":true,"href":"https:\/\/agoravape.com\/ro\/wp-json\/wp\/v2\/product_brand?post=17050"},{"taxonomy":"product_cat","embeddable":true,"href":"https:\/\/agoravape.com\/ro\/wp-json\/wp\/v2\/product_cat?post=17050"},{"taxonomy":"product_tag","embeddable":true,"href":"https:\/\/agoravape.com\/ro\/wp-json\/wp\/v2\/product_tag?post=17050"}],"curies":[{"name":"wp","href":"https:\/\/api.w.org\/{rel}","templated":true}]}}